{"id":1466,"date":"2022-09-23T07:50:16","date_gmt":"2022-09-23T07:50:16","guid":{"rendered":"https:\/\/intl.wrts.dev\/?page_id=1466"},"modified":"2025-03-25T17:22:17","modified_gmt":"2025-03-25T17:22:17","slug":"how-to-import-quizlet-study-sets","status":"publish","type":"page","link":"https:\/\/studygo.com\/de\/how-to-import-quizlet-study-sets\/","title":{"rendered":"How to import Quizlet study sets"},"content":{"rendered":"<section class=\"header-block detail-header\" style=\"color: #ffffff\">\n        <div class=\"header-block-bg\" style=\"background-color: #652ea3;\">\n                    <\/div>\n        <div class=\"carrier\">\n            <div class=\"tier content-row\">\n                <div class=\"col m-6 m-offset-0 last-m header-img-col\" >\n                                                                <div class=\"header-img\">\n                                                                                                                            <img decoding=\"async\" class=\"img\" src=\"https:\/\/www-media.studygo.com\/wp-content\/uploads\/2022\/09\/Floating-800x696.png\"\n                                    aria-hidden=\"true\">\n                                                    <\/div>\n                                    <\/div>\n                <div class=\"col m-6\">\n                    <div class=\"header-info\">\n                        <h1 class=\"page-title animated\">Quizlet-Lerneinheiten in StudyGo importieren<\/h1>                        <div class=\"section-desc animated\">\n                            <p class=\"section-desc\">\n                                    <p class=\"section-desc\">Keine Lust mehr auf Quizlet? In nur wenigen einfachen Schritten kannst du deine Quizlet-Lerneinheiten in StudyGo importieren! Erstelle jetzt ein kostenloses Konto oder melde dich bei deinem bestehenden Konto an, um es selbst auszuprobieren.<\/p>\n\n                            <\/p>\n                            <div class=\"knob-block-row\">\n                                                        <div class=\"knob-block\">\n                <a href=\"\/de\/learn\/sign-up\/?last_page_slug=%252Fde%252Fwp-json%252Fwp%252Fv2%252Fpages%252F1466\"\n                   id=\"how-to-import-quizlet-study-sets_header-1351_order-button\"\n                   class=\"knob order-knob large\"\n                   aria-label=\"Kostenlos registrieren\"\n                     style=''>\n                    <span class=\"visual\">\n                        Kostenlos registrieren                    <\/span>\n                <\/a>\n                                                                <\/div>\n                                                    <div class=\"knob-block\">\n                <a href=\"https:\/\/studygo.com\/de\/how-to-import-quizlet-study-sets\/\"\n                   id=\"how-to-import-quizlet-study-sets_header-1351_text-button\"\n                   class=\"simple-knob blue with-icon\"\n                   aria-label=\"Die sieben Schritte anzeigen\"\n                   >\n                    <span class=\"text\">Die sieben Schritte anzeigen<\/span>\n                    <span class=\"icon icon-arrow-large-right\"><\/span>\n                <\/a>\n            <\/div>\n                                    <\/div>\n                        <\/div>\n                    <\/div>\n                <\/div>\n            <\/div>\n        <\/div>\n    <\/section><section class=\"page-section media-block reverse\"\n    >\n    <div class=\"carrier\">\n        <div class=\"tier middle-m content-row\">\n            <div class=\"col m-6 media-preview-col\">\n                                            <div class=\"media-preview img-fit\"\n                     style=\"background-image: url(https:\/\/www-media.studygo.com\/wp-content\/uploads\/2022\/09\/Create_a_list-800x599.png)\"\n                     aria-hidden=\"true\">\n                                                        <\/div>\n                                        <\/div>\n            <div class=\"media-info-col col m-5 m-offset-1\">\n                <div class=\"media-info\">\n                                        <h2 class=\"section-title animated\">1. Auf Lerneinheit erstellen klicken<\/h2>\n                    <div class=\"section-desc animated\">\n                            <p class=\"section-desc\">Sobald du eingeloggt bist, siehst du oben links die gr\u00fcne Schaltfl\u00e4che \u201eLerneinheit erstellen\u201c.<\/p>\n\n                                            <\/div>\n                <\/div>\n            <\/div>\n        <\/div>\n    <\/div>\n<\/section><section class=\"page-section media-block reverse\"\n    >\n    <div class=\"carrier\">\n        <div class=\"tier middle-m content-row\">\n            <div class=\"col m-6 media-preview-col\">\n                                            <div class=\"media-preview img-fit\"\n                     style=\"background-image: url(https:\/\/www-media.studygo.com\/wp-content\/uploads\/2022\/09\/Description_and_import-800x599.png)\"\n                     aria-hidden=\"true\">\n                                                        <\/div>\n                                        <\/div>\n            <div class=\"media-info-col col m-5 m-offset-1\">\n                <div class=\"media-info\">\n                                        <h2 class=\"section-title animated\">2. Auf Importieren klicken<\/h2>\n                    <div class=\"section-desc animated\">\n                            <p class=\"section-desc\">Im Bearbeitungsmodus findest du die Importfunktion unter dem Titel und der Beschreibung deiner Lerneinheit.<\/p>\n\n                                            <\/div>\n                <\/div>\n            <\/div>\n        <\/div>\n    <\/div>\n<\/section><section class=\"page-section media-block reverse\"\n    >\n    <div class=\"carrier\">\n        <div class=\"tier middle-m content-row\">\n            <div class=\"col m-6 media-preview-col\">\n                                            <div class=\"media-preview img-fit\"\n                     style=\"background-image: url(https:\/\/www-media.studygo.com\/wp-content\/uploads\/2022\/09\/import_modal-800x599.png)\"\n                     aria-hidden=\"true\">\n                                                        <\/div>\n                                        <\/div>\n            <div class=\"media-info-col col m-5 m-offset-1\">\n                <div class=\"media-info\">\n                                        <h2 class=\"section-title animated\">3. Importfunktion auf StudyGo<\/h2>\n                    <div class=\"section-desc animated\">\n                            <p class=\"section-desc\">Vokabeln k\u00f6nnen im Registerkarten- oder im Gleichheitsmodus \u201e=\u201c kopiert werden. Der Registerkarten-Modus dient haupts\u00e4chlich dem Import von Vokabeln aus Excel und Quizlet.<\/p>\n\n                                            <\/div>\n                <\/div>\n            <\/div>\n        <\/div>\n    <\/div>\n<\/section><section class=\"page-section media-block reverse\"\n    >\n    <div class=\"carrier\">\n        <div class=\"tier middle-m content-row\">\n            <div class=\"col m-6 media-preview-col\">\n                                            <div class=\"media-preview img-fit\"\n                     style=\"background-image: url(https:\/\/www-media.studygo.com\/wp-content\/uploads\/2022\/09\/Screenshot-2022-09-29-at-11.34.23-800x610.png)\"\n                     aria-hidden=\"true\">\n                                                        <\/div>\n                                        <\/div>\n            <div class=\"media-info-col col m-5 m-offset-1\">\n                <div class=\"media-info\">\n                                        <h2 class=\"section-title animated\">4. Gehe zu einer Lerneinheit in Quizlet<\/h2>\n                    <div class=\"section-desc animated\">\n                            <p class=\"section-desc\">Logge dich bei deinem Quizlet-Konto ein und suche die Lerneinheit, die du in StudyGo importieren m\u00f6chtest. Klicke auf das Symbol mit den drei Punkten am unteren Rand deiner Lerneinheit.<\/p>\n\n                                            <\/div>\n                <\/div>\n            <\/div>\n        <\/div>\n    <\/div>\n<\/section><section class=\"page-section media-block reverse\"\n    >\n    <div class=\"carrier\">\n        <div class=\"tier middle-m content-row\">\n            <div class=\"col m-6 media-preview-col\">\n                                            <div class=\"media-preview img-fit\"\n                     style=\"background-image: url(https:\/\/www-media.studygo.com\/wp-content\/uploads\/2022\/09\/Screenshot-2022-09-29-at-11.35.57.png)\"\n                     aria-hidden=\"true\">\n                                                        <\/div>\n                                        <\/div>\n            <div class=\"media-info-col col m-5 m-offset-1\">\n                <div class=\"media-info\">\n                                        <h2 class=\"section-title animated\">5. W\u00e4hle \u201eExportieren\u201c<\/h2>\n                    <div class=\"section-desc animated\">\n                            <p class=\"section-desc\">Fahre dann mit dem n\u00e4chsten Schritt fort. <\/p>\n\n                                            <\/div>\n                <\/div>\n            <\/div>\n        <\/div>\n    <\/div>\n<\/section><section class=\"page-section media-block reverse\"\n    >\n    <div class=\"carrier\">\n        <div class=\"tier middle-m content-row\">\n            <div class=\"col m-6 media-preview-col\">\n                                            <div class=\"media-preview img-fit\"\n                     style=\"background-image: url(https:\/\/www-media.studygo.com\/wp-content\/uploads\/2022\/09\/Screenshot-2022-09-29-at-11.36.50-800x899.png)\"\n                     aria-hidden=\"true\">\n                                                        <\/div>\n                                        <\/div>\n            <div class=\"media-info-col col m-5 m-offset-1\">\n                <div class=\"media-info\">\n                                        <h2 class=\"section-title animated\">6. W\u00e4hle Registerkarte &amp; Neue Zeile<\/h2>\n                    <div class=\"section-desc animated\">\n                            <p class=\"section-desc\">Achte darauf, dass diese beiden Einstellungen ausgew\u00e4hlt sind:<br>Zwischen Begriff und Definition -&gt; <em>Registerkarte<\/em><br>Zwischen Zeilen -&gt;<em> Neue Zeile<\/em><br><br>M\u00f6chtest du deine Lerneinheit in alphabetischer Reihenfolge \u00fcben?<br>Wenn ja, w\u00e4hle bitte auch diese Option:<em> \u201eIn alphabetische Reihenfolge bringen\u201c. <\/em><\/p>\n\n                                            <\/div>\n                <\/div>\n            <\/div>\n        <\/div>\n    <\/div>\n<\/section><section class=\"page-section media-block reverse\"\n    >\n    <div class=\"carrier\">\n        <div class=\"tier middle-m content-row\">\n            <div class=\"col m-6 media-preview-col\">\n                                            <div class=\"media-preview img-fit\"\n                     style=\"background-image: url(https:\/\/www-media.studygo.com\/wp-content\/uploads\/2022\/09\/import_modal_filled-800x599.png)\"\n                     aria-hidden=\"true\">\n                                                        <\/div>\n                                        <\/div>\n            <div class=\"media-info-col col m-5 m-offset-1\">\n                <div class=\"media-info\">\n                                        <h2 class=\"section-title animated\">7. Kopieren und Einf\u00fcgen der Vokabeln in StudyGo<\/h2>\n                    <div class=\"section-desc animated\">\n                            <p class=\"section-desc\">Kopiere die Vokabeln und f\u00fcge sie in den Registerkarten-Modus in der Importfunktion von StudyGo ein.<br>Gl\u00fcckwunsch! Deine Quizlet-Lerneinheit ist jetzt auf StudyGo verf\u00fcgbar!<\/p>\n\n                                                <div class=\"knob-block\">\n                <a href=\"https:\/\/studygo.com\/de\/learn\/sign-up\/?last_page_slug=%252Fde%252Fwp-json%252Fwp%252Fv2%252Fpages%252F1466\"\n                   id=\"how-to-import-quizlet-study-sets_text-media-1358_order-button\"\n                   class=\"knob order-knob large\"\n                   aria-label=\"Mit dem \u00dcben beginnen\"\n                     style=''>\n                    <span class=\"visual\">\n                        Mit dem \u00dcben beginnen                    <\/span>\n                <\/a>\n                                                                <\/div>\n                            <\/div>\n                <\/div>\n            <\/div>\n        <\/div>\n    <\/div>\n<\/section><section class=\"title-block\"\n    >\n    <div class=\"carrier\">\n        <div class=\"tier center-xs\">\n            <div class=\"col s-10 l-8 animated\">\n                <h2 class=\"section-title\">Warum zu StudyGo wechseln?<\/h2>\n                            <\/div>\n            <div class=\"col s-8 l-6 animated\">\n                \n                            <\/div>\n        <\/div>\n    <\/div>\n<\/section><section class=\"page-section usp-block\">\n    <div class=\"carrier\">\n                    <div class=\"tier content-row\">\n                                    <div class=\"col m-4\">\n                        <div class=\"usp-card\">\n                            <div class=\"image-wrap\">\n                                                                                                        <img decoding=\"async\" class=\"img\" src=\"https:\/\/www-media.studygo.com\/wp-content\/uploads\/2022\/09\/Gliding-Arrow-360x240.png\"\n                                        aria-hidden=\"true\">\n                                                            <\/div>\n                            <div class=\"info-block\">\n                                <div class=\"block-title\">Kostenlose Plattform<\/div>\n                                <p class=\"section-desc\">Bei StudyGo kannst du in wenigen einfachen Schritten ein kostenloses Konto erstellen!<\/p>\n                            <\/div>\n                        <\/div>\n                    <\/div>\n                                    <div class=\"col m-4\">\n                        <div class=\"usp-card\">\n                            <div class=\"image-wrap\">\n                                                                                                        <img decoding=\"async\" class=\"img\" src=\"https:\/\/www-media.studygo.com\/wp-content\/uploads\/2022\/09\/Teacher-1-360x360.png\"\n                                        aria-hidden=\"true\">\n                                                            <\/div>\n                            <div class=\"info-block\">\n                                <div class=\"block-title\">Lehrer empfehlen StudyGo<\/div>\n                                <p class=\"section-desc\">1.000.000 Sch\u00fcler und 10.000 Lehrer verwenden bereits StudyGo! Lehrer k\u00f6nnen ganz einfach Lerneinheiten erstellen und diese als Hausaufgaben aufgeben.<\/p>\n                            <\/div>\n                        <\/div>\n                    <\/div>\n                                    <div class=\"col m-4\">\n                        <div class=\"usp-card\">\n                            <div class=\"image-wrap\">\n                                                                                                        <img decoding=\"async\" class=\"img\" src=\"https:\/\/www-media.studygo.com\/wp-content\/uploads\/2022\/09\/Ad-Free-2-1-360x360.png\"\n                                        aria-hidden=\"true\">\n                                                            <\/div>\n                            <div class=\"info-block\">\n                                <div class=\"block-title\">Werbefrei<\/div>\n                                <p class=\"section-desc\">Bei StudyGo gibt es keine Werbung, damit du dich voll und ganz auf das \u00dcben konzentrieren kannst!<\/p>\n                            <\/div>\n                        <\/div>\n                    <\/div>\n                            <\/div>\n                        <\/div>\n<\/section>","protected":false},"excerpt":{"rendered":"","protected":false},"author":7,"featured_media":0,"parent":0,"menu_order":0,"comment_status":"closed","ping_status":"closed","template":"","meta":{"inline_featured_image":false,"footnotes":""},"class_list":["post-1466","page","type-page","status-publish","hentry"],"yoast_head":"<!-- This site is optimized with the Yoast SEO plugin v26.9 - https:\/\/yoast.com\/product\/yoast-seo-wordpress\/ -->\n<title>Quizlet study sets importeren \u2013 Zo werkt het! | StudyGo<\/title>\n<meta name=\"description\" content=\"Leer hoe je eenvoudig Quizlet study sets importeert en je leerproces optimaliseert. Snel en effectief studeren!\" \/>\n<meta name=\"robots\" content=\"index, follow, max-snippet:-1, max-image-preview:large, max-video-preview:-1\" \/>\n<link rel=\"canonical\" href=\"https:\/\/studygo.com\/de\/how-to-import-quizlet-study-sets\/\" \/>\n<meta property=\"og:locale\" content=\"de_DE\" \/>\n<meta property=\"og:type\" content=\"article\" \/>\n<meta property=\"og:title\" content=\"Quizlet study sets importeren \u2013 Zo werkt het! | StudyGo\" \/>\n<meta property=\"og:description\" content=\"Leer hoe je eenvoudig Quizlet study sets importeert en je leerproces optimaliseert. Snel en effectief studeren!\" \/>\n<meta property=\"og:url\" content=\"https:\/\/studygo.com\/de\/how-to-import-quizlet-study-sets\/\" \/>\n<meta property=\"og:site_name\" content=\"StudyGo\" \/>\n<meta property=\"article:publisher\" content=\"https:\/\/www.facebook.com\/studygoNL\/\" \/>\n<meta property=\"article:modified_time\" content=\"2025-03-25T17:22:17+00:00\" \/>\n<meta property=\"og:image\" content=\"https:\/\/www-media.studygo.com\/wp-content\/uploads\/2025\/02\/Listening-Test.png\" \/>\n\t<meta property=\"og:image:width\" content=\"1201\" \/>\n\t<meta property=\"og:image:height\" content=\"801\" \/>\n\t<meta property=\"og:image:type\" content=\"image\/png\" \/>\n<meta name=\"twitter:card\" content=\"summary_large_image\" \/>\n<script type=\"application\/ld+json\" class=\"yoast-schema-graph\">{\"@context\":\"https:\/\/schema.org\",\"@graph\":[{\"@type\":\"Article\",\"@id\":\"https:\/\/studygo.com\/how-to-import-quizlet-study-sets\/#article\",\"isPartOf\":{\"@id\":\"https:\/\/studygo.com\/how-to-import-quizlet-study-sets\/\"},\"author\":{\"name\":\"kitty\",\"@id\":\"https:\/\/studygo.com\/#\/schema\/person\/91678521c25c40197aa94315b51e4d1e\"},\"headline\":\"How to import Quizlet study sets\",\"datePublished\":\"2022-09-23T07:50:16+00:00\",\"dateModified\":\"2025-03-25T17:22:17+00:00\",\"mainEntityOfPage\":{\"@id\":\"https:\/\/studygo.com\/how-to-import-quizlet-study-sets\/\"},\"wordCount\":6,\"publisher\":{\"@id\":\"https:\/\/studygo.com\/#organization\"},\"inLanguage\":\"de\"},{\"@type\":\"WebPage\",\"@id\":\"https:\/\/studygo.com\/how-to-import-quizlet-study-sets\/\",\"url\":\"https:\/\/studygo.com\/how-to-import-quizlet-study-sets\/\",\"name\":\"Quizlet study sets importeren \u2013 Zo werkt het! | StudyGo\",\"isPartOf\":{\"@id\":\"https:\/\/studygo.com\/#website\"},\"datePublished\":\"2022-09-23T07:50:16+00:00\",\"dateModified\":\"2025-03-25T17:22:17+00:00\",\"description\":\"Leer hoe je eenvoudig Quizlet study sets importeert en je leerproces optimaliseert. Snel en effectief studeren!\",\"breadcrumb\":{\"@id\":\"https:\/\/studygo.com\/how-to-import-quizlet-study-sets\/#breadcrumb\"},\"inLanguage\":\"de\",\"potentialAction\":[{\"@type\":\"ReadAction\",\"target\":[\"https:\/\/studygo.com\/how-to-import-quizlet-study-sets\/\"]}]},{\"@type\":\"BreadcrumbList\",\"@id\":\"https:\/\/studygo.com\/how-to-import-quizlet-study-sets\/#breadcrumb\",\"itemListElement\":[{\"@type\":\"ListItem\",\"position\":1,\"name\":\"Home\",\"item\":\"https:\/\/studygo.com\/\"},{\"@type\":\"ListItem\",\"position\":2,\"name\":\"How to import Quizlet study sets\"}]},{\"@type\":\"WebSite\",\"@id\":\"https:\/\/studygo.com\/#website\",\"url\":\"https:\/\/studygo.com\/\",\"name\":\"StudyGo\",\"description\":\"\",\"publisher\":{\"@id\":\"https:\/\/studygo.com\/#organization\"},\"potentialAction\":[{\"@type\":\"SearchAction\",\"target\":{\"@type\":\"EntryPoint\",\"urlTemplate\":\"https:\/\/studygo.com\/?s={search_term_string}\"},\"query-input\":{\"@type\":\"PropertyValueSpecification\",\"valueRequired\":true,\"valueName\":\"search_term_string\"}}],\"inLanguage\":\"de\"},{\"@type\":\"Organization\",\"@id\":\"https:\/\/studygo.com\/#organization\",\"name\":\"StudyGo\",\"url\":\"https:\/\/studygo.com\/\",\"logo\":{\"@type\":\"ImageObject\",\"inLanguage\":\"de\",\"@id\":\"https:\/\/studygo.com\/#\/schema\/logo\/image\/\",\"url\":\"https:\/\/www-media.studygo.com\/wp-content\/uploads\/2025\/06\/studygo-logo.png\",\"contentUrl\":\"https:\/\/www-media.studygo.com\/wp-content\/uploads\/2025\/06\/studygo-logo.png\",\"width\":1244,\"height\":858,\"caption\":\"StudyGo\"},\"image\":{\"@id\":\"https:\/\/studygo.com\/#\/schema\/logo\/image\/\"},\"sameAs\":[\"https:\/\/www.facebook.com\/studygoNL\/\",\"https:\/\/www.youtube.com\/@StudyGoNL\/videos\",\"https:\/\/www.instagram.com\/studygonl\"]},{\"@type\":\"Person\",\"@id\":\"https:\/\/studygo.com\/#\/schema\/person\/91678521c25c40197aa94315b51e4d1e\",\"name\":\"kitty\",\"image\":{\"@type\":\"ImageObject\",\"inLanguage\":\"de\",\"@id\":\"https:\/\/studygo.com\/#\/schema\/person\/image\/\",\"url\":\"https:\/\/secure.gravatar.com\/avatar\/95f50a5be5acd9fbb307bcd1f46ecfd6b4593c5aa1de03c3ac9ec36b068cf2b2?s=96&d=mm&r=g\",\"contentUrl\":\"https:\/\/secure.gravatar.com\/avatar\/95f50a5be5acd9fbb307bcd1f46ecfd6b4593c5aa1de03c3ac9ec36b068cf2b2?s=96&d=mm&r=g\",\"caption\":\"kitty\"},\"url\":\"https:\/\/studygo.com\/de\/author\/kitty\/\"}]}<\/script>\n<!-- \/ Yoast SEO plugin. -->","yoast_head_json":{"title":"Quizlet study sets importeren \u2013 Zo werkt het! | StudyGo","description":"Leer hoe je eenvoudig Quizlet study sets importeert en je leerproces optimaliseert. Snel en effectief studeren!","robots":{"index":"index","follow":"follow","max-snippet":"max-snippet:-1","max-image-preview":"max-image-preview:large","max-video-preview":"max-video-preview:-1"},"canonical":"https:\/\/studygo.com\/de\/how-to-import-quizlet-study-sets\/","og_locale":"de_DE","og_type":"article","og_title":"Quizlet study sets importeren \u2013 Zo werkt het! | StudyGo","og_description":"Leer hoe je eenvoudig Quizlet study sets importeert en je leerproces optimaliseert. Snel en effectief studeren!","og_url":"https:\/\/studygo.com\/de\/how-to-import-quizlet-study-sets\/","og_site_name":"StudyGo","article_publisher":"https:\/\/www.facebook.com\/studygoNL\/","article_modified_time":"2025-03-25T17:22:17+00:00","og_image":[{"width":1201,"height":801,"url":"https:\/\/www-media.studygo.com\/wp-content\/uploads\/2025\/02\/Listening-Test.png","type":"image\/png"}],"twitter_card":"summary_large_image","schema":{"@context":"https:\/\/schema.org","@graph":[{"@type":"Article","@id":"https:\/\/studygo.com\/how-to-import-quizlet-study-sets\/#article","isPartOf":{"@id":"https:\/\/studygo.com\/how-to-import-quizlet-study-sets\/"},"author":{"name":"kitty","@id":"https:\/\/studygo.com\/#\/schema\/person\/91678521c25c40197aa94315b51e4d1e"},"headline":"How to import Quizlet study sets","datePublished":"2022-09-23T07:50:16+00:00","dateModified":"2025-03-25T17:22:17+00:00","mainEntityOfPage":{"@id":"https:\/\/studygo.com\/how-to-import-quizlet-study-sets\/"},"wordCount":6,"publisher":{"@id":"https:\/\/studygo.com\/#organization"},"inLanguage":"de"},{"@type":"WebPage","@id":"https:\/\/studygo.com\/how-to-import-quizlet-study-sets\/","url":"https:\/\/studygo.com\/how-to-import-quizlet-study-sets\/","name":"Quizlet study sets importeren \u2013 Zo werkt het! | StudyGo","isPartOf":{"@id":"https:\/\/studygo.com\/#website"},"datePublished":"2022-09-23T07:50:16+00:00","dateModified":"2025-03-25T17:22:17+00:00","description":"Leer hoe je eenvoudig Quizlet study sets importeert en je leerproces optimaliseert. Snel en effectief studeren!","breadcrumb":{"@id":"https:\/\/studygo.com\/how-to-import-quizlet-study-sets\/#breadcrumb"},"inLanguage":"de","potentialAction":[{"@type":"ReadAction","target":["https:\/\/studygo.com\/how-to-import-quizlet-study-sets\/"]}]},{"@type":"BreadcrumbList","@id":"https:\/\/studygo.com\/how-to-import-quizlet-study-sets\/#breadcrumb","itemListElement":[{"@type":"ListItem","position":1,"name":"Home","item":"https:\/\/studygo.com\/"},{"@type":"ListItem","position":2,"name":"How to import Quizlet study sets"}]},{"@type":"WebSite","@id":"https:\/\/studygo.com\/#website","url":"https:\/\/studygo.com\/","name":"StudyGo","description":"","publisher":{"@id":"https:\/\/studygo.com\/#organization"},"potentialAction":[{"@type":"SearchAction","target":{"@type":"EntryPoint","urlTemplate":"https:\/\/studygo.com\/?s={search_term_string}"},"query-input":{"@type":"PropertyValueSpecification","valueRequired":true,"valueName":"search_term_string"}}],"inLanguage":"de"},{"@type":"Organization","@id":"https:\/\/studygo.com\/#organization","name":"StudyGo","url":"https:\/\/studygo.com\/","logo":{"@type":"ImageObject","inLanguage":"de","@id":"https:\/\/studygo.com\/#\/schema\/logo\/image\/","url":"https:\/\/www-media.studygo.com\/wp-content\/uploads\/2025\/06\/studygo-logo.png","contentUrl":"https:\/\/www-media.studygo.com\/wp-content\/uploads\/2025\/06\/studygo-logo.png","width":1244,"height":858,"caption":"StudyGo"},"image":{"@id":"https:\/\/studygo.com\/#\/schema\/logo\/image\/"},"sameAs":["https:\/\/www.facebook.com\/studygoNL\/","https:\/\/www.youtube.com\/@StudyGoNL\/videos","https:\/\/www.instagram.com\/studygonl"]},{"@type":"Person","@id":"https:\/\/studygo.com\/#\/schema\/person\/91678521c25c40197aa94315b51e4d1e","name":"kitty","image":{"@type":"ImageObject","inLanguage":"de","@id":"https:\/\/studygo.com\/#\/schema\/person\/image\/","url":"https:\/\/secure.gravatar.com\/avatar\/95f50a5be5acd9fbb307bcd1f46ecfd6b4593c5aa1de03c3ac9ec36b068cf2b2?s=96&d=mm&r=g","contentUrl":"https:\/\/secure.gravatar.com\/avatar\/95f50a5be5acd9fbb307bcd1f46ecfd6b4593c5aa1de03c3ac9ec36b068cf2b2?s=96&d=mm&r=g","caption":"kitty"},"url":"https:\/\/studygo.com\/de\/author\/kitty\/"}]}},"_links":{"self":[{"href":"https:\/\/studygo.com\/de\/wp-json\/wp\/v2\/pages\/1466","targetHints":{"allow":["GET"]}}],"collection":[{"href":"https:\/\/studygo.com\/de\/wp-json\/wp\/v2\/pages"}],"about":[{"href":"https:\/\/studygo.com\/de\/wp-json\/wp\/v2\/types\/page"}],"author":[{"embeddable":true,"href":"https:\/\/studygo.com\/de\/wp-json\/wp\/v2\/users\/7"}],"replies":[{"embeddable":true,"href":"https:\/\/studygo.com\/de\/wp-json\/wp\/v2\/comments?post=1466"}],"version-history":[{"count":35,"href":"https:\/\/studygo.com\/de\/wp-json\/wp\/v2\/pages\/1466\/revisions"}],"predecessor-version":[{"id":1920,"href":"https:\/\/studygo.com\/de\/wp-json\/wp\/v2\/pages\/1466\/revisions\/1920"}],"wp:attachment":[{"href":"https:\/\/studygo.com\/de\/wp-json\/wp\/v2\/media?parent=1466"}],"curies":[{"name":"wp","href":"https:\/\/api.w.org\/{rel}","templated":true}]}}