{"id":495,"date":"2022-09-07T09:47:17","date_gmt":"2022-09-07T09:47:17","guid":{"rendered":"https:\/\/intl.wrts.dev\/?page_id=495"},"modified":"2025-03-25T16:59:58","modified_gmt":"2025-03-25T16:59:58","slug":"studygo-live","status":"publish","type":"page","link":"https:\/\/studygo.com\/de\/studygo-live\/","title":{"rendered":"StudyGo Live (INT)"},"content":{"rendered":"<section class=\"header-block detail-header\" style=\"color: #ffffff\">\n        <div class=\"header-block-bg\" style=\"background-color: #652ea3;\">\n                    <\/div>\n        <div class=\"carrier\">\n            <div class=\"tier content-row\">\n                <div class=\"col m-6 m-offset-0 last-m header-img-col\" >\n                                                                <div class=\"header-img\">\n                                                                                                                            <img decoding=\"async\" class=\"img\" src=\"https:\/\/www-media.studygo.com\/wp-content\/uploads\/2022\/09\/Astronaut-800x533.png\"\n                                    aria-hidden=\"true\">\n                                                    <\/div>\n                                    <\/div>\n                <div class=\"col m-6\">\n                    <div class=\"header-info\">\n                        <h1 class=\"page-title animated\">StudyGo Live<\/h1>                        <div class=\"section-desc animated\">\n                            <p class=\"section-desc\">\n                                    <p class=\"section-desc\">StudyGo Live ist ein unterhaltsames Spiel f\u00fcr das Klassenzimmer. Mache deine Sch\u00fcler mit dem Lernstoff vertraut und sorge daf\u00fcr, dass der Lernprozess Spa\u00df macht und spannend bleibt.<\/p>\n\n                            <\/p>\n                            <div class=\"knob-block-row\">\n                                                        <div class=\"knob-block\">\n                <a href=\"https:\/\/studygo.com\/de\/learn\/sign-up\/?last_page_slug=%252Fde%252Fwp-json%252Fwp%252Fv2%252Fpages%252F495\"\n                   id=\"studygo-live_header-1168_order-button\"\n                   class=\"knob order-knob large\"\n                   aria-label=\"Kostenlos registrieren\"\n                     style=''>\n                    <span class=\"visual\">\n                        Kostenlos registrieren                    <\/span>\n                <\/a>\n                                                                <\/div>\n                                                                    <\/div>\n                        <\/div>\n                    <\/div>\n                <\/div>\n            <\/div>\n        <\/div>\n    <\/section><section class=\"page-section media-block white-section\"\n    >\n    <div class=\"carrier\">\n        <div class=\"tier middle-m content-row\">\n            <div class=\"col m-6 media-preview-col\">\n                                            <div class=\"media-preview img-fit\"\n                     style=\"background-image: url(https:\/\/www-media.studygo.com\/wp-content\/uploads\/2022\/09\/Sitting-Laptop-Guy-800x808.png)\"\n                     aria-hidden=\"true\">\n                                                        <\/div>\n                                        <\/div>\n            <div class=\"media-info-col col m-5 m-offset-1\">\n                <div class=\"media-info\">\n                                        <h2 class=\"section-title animated\">Beziehe deine Sch\u00fcler in jeden Lernstoff ein<\/h2>\n                    <div class=\"section-desc animated\">\n                            <p class=\"section-desc\">W\u00e4hle eine Lerneinheit oder ein Quiz auf StudyGo. Klicke auf die Schaltfl\u00e4che <em>In der Klasse spielen <\/em>und StudyGo erstellt aus jeder \u00dcbung ein Spiel. Lade deine Sch\u00fcler \u00fcber den Teilnahmecode ein und lasse den Wettstreit beginnen!<\/p>\n\n                                            <\/div>\n                <\/div>\n            <\/div>\n        <\/div>\n    <\/div>\n<\/section><section class=\"page-section media-block reverse white-section\"\n    >\n    <div class=\"carrier\">\n        <div class=\"tier middle-m content-row\">\n            <div class=\"col m-6 media-preview-col\">\n                                            <div class=\"media-preview img-fit\"\n                     style=\"background-image: url(https:\/\/www-media.studygo.com\/wp-content\/uploads\/2022\/09\/Mixer-800x800.png)\"\n                     aria-hidden=\"true\">\n                                                        <\/div>\n                                        <\/div>\n            <div class=\"media-info-col col m-5 m-offset-1\">\n                <div class=\"media-info\">\n                                        <h2 class=\"section-title animated\">Tritt um einen Platz auf dem Siegertreppchen an<\/h2>\n                    <div class=\"section-desc animated\">\n                            <p class=\"section-desc\">Deine Sch\u00fcler bleiben w\u00e4hrend des gesamten Wettstreits motiviert. Tritt um die schnellste richtige Antwort, einen Platz auf dem Siegertreppchen oder besondere Erfolge an.<\/p>\n\n                                            <\/div>\n                <\/div>\n            <\/div>\n        <\/div>\n    <\/div>\n<\/section><section class=\"page-section media-block white-section\"\n    >\n    <div class=\"carrier\">\n        <div class=\"tier middle-m content-row\">\n            <div class=\"col m-6 media-preview-col\">\n                                            <div class=\"media-preview img-fit\"\n                     style=\"background-image: url(https:\/\/www-media.studygo.com\/wp-content\/uploads\/2022\/09\/Practice-Questions-800x800.png)\"\n                     aria-hidden=\"true\">\n                                                        <\/div>\n                                        <\/div>\n            <div class=\"media-info-col col m-5 m-offset-1\">\n                <div class=\"media-info\">\n                                        <h2 class=\"section-title animated\">Detaillierte Berichtserstellung<\/h2>\n                    <div class=\"section-desc animated\">\n                            <p class=\"section-desc\">Am Ende des Quizzes wird ein detaillierter Bericht erstellt, der zeigt, mit welchen Fragen die Sch\u00fcler Schwierigkeiten hatten. Erhalte genauere Einblicke in die Antwort und verfolge genau, was jeder Sch\u00fcler pro Frage beantwortet.<\/p>\n\n                                            <\/div>\n                <\/div>\n            <\/div>\n        <\/div>\n    <\/div>\n<\/section><section class=\"title-block\"\n    >\n    <div class=\"carrier\">\n        <div class=\"tier center-xs\">\n            <div class=\"col s-10 l-8 animated\">\n                <h2 class=\"section-title\">StudyGo Live ausprobieren<\/h2>\n                            <\/div>\n            <div class=\"col s-8 l-6 animated\">\n                \n                            <\/div>\n        <\/div>\n    <\/div>\n<\/section><section class=\"page-section order-block\">\n    <div class=\"carrier\">\n                            <div class=\"tier\">\n                                    <div class=\"col m-6 l-4 m-offset-3 l-offset-4\">\n                        <div class=\"image-wrap\">\n                            <img decoding=\"async\" class=\"image\" src=\"https:\/\/www-media.studygo.com\/wp-content\/uploads\/2023\/02\/Laptop-w-Subjects-e1683619233429-360x240.png\" alt=\"Jetzt anfangen\">\n                        <\/div>\n                    <\/div>\n                                <div class=\"col m-8 l-6 m-offset-2 l-offset-3\">\n                                            <p class=\"section-desc order-desc\">Volg onbeperkt online bijles, maak oefentoetsen, oefen je woordjes of bekijk uitlegvideo\u2019s. Zo haal je hogere cijfers voor je toetsen.<\/p>\n                                        <div class=\"knob-block\">\n                        <a href=\"https:\/\/studygo.com\/de\/learn\/sign-up\/?last_page_slug=%252Fde%252Fwp-json%252Fwp%252Fv2%252Fpages%252F495\"\n                           id=\"studygo-live_order-1170_order-button\"\n                           class=\"knob order-knob large\">\n                            <span class=\"visual\">Kostenlos registrieren<\/span>\n                        <\/a>\n                    <\/div>\n                                                                                <\/div>\n            <\/div>\n            <\/div>\n<\/section>","protected":false},"excerpt":{"rendered":"","protected":false},"author":7,"featured_media":0,"parent":0,"menu_order":0,"comment_status":"closed","ping_status":"closed","template":"","meta":{"inline_featured_image":false,"footnotes":""},"class_list":["post-495","page","type-page","status-publish","hentry"],"yoast_head":"<!-- This site is optimized with the Yoast SEO plugin v26.9 - https:\/\/yoast.com\/product\/yoast-seo-wordpress\/ -->\n<title>StudyGo Live \u2013 Interactief leren met tutors | StudyGo<\/title>\n<meta name=\"description\" content=\"Leer live met experts en stel direct vragen. Volg interactieve lessen en krijg persoonlijke begeleiding!\" \/>\n<meta name=\"robots\" content=\"index, follow, max-snippet:-1, max-image-preview:large, max-video-preview:-1\" \/>\n<link rel=\"canonical\" href=\"https:\/\/studygo.com\/de\/studygo-live\/\" \/>\n<meta property=\"og:locale\" content=\"de_DE\" \/>\n<meta property=\"og:type\" content=\"article\" \/>\n<meta property=\"og:title\" content=\"StudyGo Live \u2013 Interactief leren met tutors | StudyGo\" \/>\n<meta property=\"og:description\" content=\"Leer live met experts en stel direct vragen. Volg interactieve lessen en krijg persoonlijke begeleiding!\" \/>\n<meta property=\"og:url\" content=\"https:\/\/studygo.com\/de\/studygo-live\/\" \/>\n<meta property=\"og:site_name\" content=\"StudyGo\" \/>\n<meta property=\"article:publisher\" content=\"https:\/\/www.facebook.com\/studygoNL\/\" \/>\n<meta property=\"article:modified_time\" content=\"2025-03-25T16:59:58+00:00\" \/>\n<meta property=\"og:image\" content=\"https:\/\/www-media.studygo.com\/wp-content\/uploads\/2025\/02\/Listening-Test.png\" \/>\n\t<meta property=\"og:image:width\" content=\"1201\" \/>\n\t<meta property=\"og:image:height\" content=\"801\" \/>\n\t<meta property=\"og:image:type\" content=\"image\/png\" \/>\n<meta name=\"twitter:card\" content=\"summary_large_image\" \/>\n<script type=\"application\/ld+json\" class=\"yoast-schema-graph\">{\"@context\":\"https:\/\/schema.org\",\"@graph\":[{\"@type\":\"Article\",\"@id\":\"https:\/\/studygo.com\/studygo-live\/#article\",\"isPartOf\":{\"@id\":\"https:\/\/studygo.com\/studygo-live\/\"},\"author\":{\"name\":\"kitty\",\"@id\":\"https:\/\/studygo.com\/#\/schema\/person\/91678521c25c40197aa94315b51e4d1e\"},\"headline\":\"StudyGo Live (INT)\",\"datePublished\":\"2022-09-07T09:47:17+00:00\",\"dateModified\":\"2025-03-25T16:59:58+00:00\",\"mainEntityOfPage\":{\"@id\":\"https:\/\/studygo.com\/studygo-live\/\"},\"wordCount\":3,\"publisher\":{\"@id\":\"https:\/\/studygo.com\/#organization\"},\"inLanguage\":\"de\"},{\"@type\":\"WebPage\",\"@id\":\"https:\/\/studygo.com\/studygo-live\/\",\"url\":\"https:\/\/studygo.com\/studygo-live\/\",\"name\":\"StudyGo Live \u2013 Interactief leren met tutors | StudyGo\",\"isPartOf\":{\"@id\":\"https:\/\/studygo.com\/#website\"},\"datePublished\":\"2022-09-07T09:47:17+00:00\",\"dateModified\":\"2025-03-25T16:59:58+00:00\",\"description\":\"Leer live met experts en stel direct vragen. Volg interactieve lessen en krijg persoonlijke begeleiding!\",\"breadcrumb\":{\"@id\":\"https:\/\/studygo.com\/studygo-live\/#breadcrumb\"},\"inLanguage\":\"de\",\"potentialAction\":[{\"@type\":\"ReadAction\",\"target\":[\"https:\/\/studygo.com\/studygo-live\/\"]}]},{\"@type\":\"BreadcrumbList\",\"@id\":\"https:\/\/studygo.com\/studygo-live\/#breadcrumb\",\"itemListElement\":[{\"@type\":\"ListItem\",\"position\":1,\"name\":\"Home\",\"item\":\"https:\/\/studygo.com\/\"},{\"@type\":\"ListItem\",\"position\":2,\"name\":\"StudyGo Live (INT)\"}]},{\"@type\":\"WebSite\",\"@id\":\"https:\/\/studygo.com\/#website\",\"url\":\"https:\/\/studygo.com\/\",\"name\":\"StudyGo\",\"description\":\"\",\"publisher\":{\"@id\":\"https:\/\/studygo.com\/#organization\"},\"potentialAction\":[{\"@type\":\"SearchAction\",\"target\":{\"@type\":\"EntryPoint\",\"urlTemplate\":\"https:\/\/studygo.com\/?s={search_term_string}\"},\"query-input\":{\"@type\":\"PropertyValueSpecification\",\"valueRequired\":true,\"valueName\":\"search_term_string\"}}],\"inLanguage\":\"de\"},{\"@type\":\"Organization\",\"@id\":\"https:\/\/studygo.com\/#organization\",\"name\":\"StudyGo\",\"url\":\"https:\/\/studygo.com\/\",\"logo\":{\"@type\":\"ImageObject\",\"inLanguage\":\"de\",\"@id\":\"https:\/\/studygo.com\/#\/schema\/logo\/image\/\",\"url\":\"https:\/\/www-media.studygo.com\/wp-content\/uploads\/2025\/06\/studygo-logo.png\",\"contentUrl\":\"https:\/\/www-media.studygo.com\/wp-content\/uploads\/2025\/06\/studygo-logo.png\",\"width\":1244,\"height\":858,\"caption\":\"StudyGo\"},\"image\":{\"@id\":\"https:\/\/studygo.com\/#\/schema\/logo\/image\/\"},\"sameAs\":[\"https:\/\/www.facebook.com\/studygoNL\/\",\"https:\/\/www.youtube.com\/@StudyGoNL\/videos\",\"https:\/\/www.instagram.com\/studygonl\"]},{\"@type\":\"Person\",\"@id\":\"https:\/\/studygo.com\/#\/schema\/person\/91678521c25c40197aa94315b51e4d1e\",\"name\":\"kitty\",\"image\":{\"@type\":\"ImageObject\",\"inLanguage\":\"de\",\"@id\":\"https:\/\/studygo.com\/#\/schema\/person\/image\/\",\"url\":\"https:\/\/secure.gravatar.com\/avatar\/95f50a5be5acd9fbb307bcd1f46ecfd6b4593c5aa1de03c3ac9ec36b068cf2b2?s=96&d=mm&r=g\",\"contentUrl\":\"https:\/\/secure.gravatar.com\/avatar\/95f50a5be5acd9fbb307bcd1f46ecfd6b4593c5aa1de03c3ac9ec36b068cf2b2?s=96&d=mm&r=g\",\"caption\":\"kitty\"},\"url\":\"https:\/\/studygo.com\/de\/author\/kitty\/\"}]}<\/script>\n<!-- \/ Yoast SEO plugin. -->","yoast_head_json":{"title":"StudyGo Live \u2013 Interactief leren met tutors | StudyGo","description":"Leer live met experts en stel direct vragen. Volg interactieve lessen en krijg persoonlijke begeleiding!","robots":{"index":"index","follow":"follow","max-snippet":"max-snippet:-1","max-image-preview":"max-image-preview:large","max-video-preview":"max-video-preview:-1"},"canonical":"https:\/\/studygo.com\/de\/studygo-live\/","og_locale":"de_DE","og_type":"article","og_title":"StudyGo Live \u2013 Interactief leren met tutors | StudyGo","og_description":"Leer live met experts en stel direct vragen. Volg interactieve lessen en krijg persoonlijke begeleiding!","og_url":"https:\/\/studygo.com\/de\/studygo-live\/","og_site_name":"StudyGo","article_publisher":"https:\/\/www.facebook.com\/studygoNL\/","article_modified_time":"2025-03-25T16:59:58+00:00","og_image":[{"width":1201,"height":801,"url":"https:\/\/www-media.studygo.com\/wp-content\/uploads\/2025\/02\/Listening-Test.png","type":"image\/png"}],"twitter_card":"summary_large_image","schema":{"@context":"https:\/\/schema.org","@graph":[{"@type":"Article","@id":"https:\/\/studygo.com\/studygo-live\/#article","isPartOf":{"@id":"https:\/\/studygo.com\/studygo-live\/"},"author":{"name":"kitty","@id":"https:\/\/studygo.com\/#\/schema\/person\/91678521c25c40197aa94315b51e4d1e"},"headline":"StudyGo Live (INT)","datePublished":"2022-09-07T09:47:17+00:00","dateModified":"2025-03-25T16:59:58+00:00","mainEntityOfPage":{"@id":"https:\/\/studygo.com\/studygo-live\/"},"wordCount":3,"publisher":{"@id":"https:\/\/studygo.com\/#organization"},"inLanguage":"de"},{"@type":"WebPage","@id":"https:\/\/studygo.com\/studygo-live\/","url":"https:\/\/studygo.com\/studygo-live\/","name":"StudyGo Live \u2013 Interactief leren met tutors | StudyGo","isPartOf":{"@id":"https:\/\/studygo.com\/#website"},"datePublished":"2022-09-07T09:47:17+00:00","dateModified":"2025-03-25T16:59:58+00:00","description":"Leer live met experts en stel direct vragen. Volg interactieve lessen en krijg persoonlijke begeleiding!","breadcrumb":{"@id":"https:\/\/studygo.com\/studygo-live\/#breadcrumb"},"inLanguage":"de","potentialAction":[{"@type":"ReadAction","target":["https:\/\/studygo.com\/studygo-live\/"]}]},{"@type":"BreadcrumbList","@id":"https:\/\/studygo.com\/studygo-live\/#breadcrumb","itemListElement":[{"@type":"ListItem","position":1,"name":"Home","item":"https:\/\/studygo.com\/"},{"@type":"ListItem","position":2,"name":"StudyGo Live (INT)"}]},{"@type":"WebSite","@id":"https:\/\/studygo.com\/#website","url":"https:\/\/studygo.com\/","name":"StudyGo","description":"","publisher":{"@id":"https:\/\/studygo.com\/#organization"},"potentialAction":[{"@type":"SearchAction","target":{"@type":"EntryPoint","urlTemplate":"https:\/\/studygo.com\/?s={search_term_string}"},"query-input":{"@type":"PropertyValueSpecification","valueRequired":true,"valueName":"search_term_string"}}],"inLanguage":"de"},{"@type":"Organization","@id":"https:\/\/studygo.com\/#organization","name":"StudyGo","url":"https:\/\/studygo.com\/","logo":{"@type":"ImageObject","inLanguage":"de","@id":"https:\/\/studygo.com\/#\/schema\/logo\/image\/","url":"https:\/\/www-media.studygo.com\/wp-content\/uploads\/2025\/06\/studygo-logo.png","contentUrl":"https:\/\/www-media.studygo.com\/wp-content\/uploads\/2025\/06\/studygo-logo.png","width":1244,"height":858,"caption":"StudyGo"},"image":{"@id":"https:\/\/studygo.com\/#\/schema\/logo\/image\/"},"sameAs":["https:\/\/www.facebook.com\/studygoNL\/","https:\/\/www.youtube.com\/@StudyGoNL\/videos","https:\/\/www.instagram.com\/studygonl"]},{"@type":"Person","@id":"https:\/\/studygo.com\/#\/schema\/person\/91678521c25c40197aa94315b51e4d1e","name":"kitty","image":{"@type":"ImageObject","inLanguage":"de","@id":"https:\/\/studygo.com\/#\/schema\/person\/image\/","url":"https:\/\/secure.gravatar.com\/avatar\/95f50a5be5acd9fbb307bcd1f46ecfd6b4593c5aa1de03c3ac9ec36b068cf2b2?s=96&d=mm&r=g","contentUrl":"https:\/\/secure.gravatar.com\/avatar\/95f50a5be5acd9fbb307bcd1f46ecfd6b4593c5aa1de03c3ac9ec36b068cf2b2?s=96&d=mm&r=g","caption":"kitty"},"url":"https:\/\/studygo.com\/de\/author\/kitty\/"}]}},"_links":{"self":[{"href":"https:\/\/studygo.com\/de\/wp-json\/wp\/v2\/pages\/495","targetHints":{"allow":["GET"]}}],"collection":[{"href":"https:\/\/studygo.com\/de\/wp-json\/wp\/v2\/pages"}],"about":[{"href":"https:\/\/studygo.com\/de\/wp-json\/wp\/v2\/types\/page"}],"author":[{"embeddable":true,"href":"https:\/\/studygo.com\/de\/wp-json\/wp\/v2\/users\/7"}],"replies":[{"embeddable":true,"href":"https:\/\/studygo.com\/de\/wp-json\/wp\/v2\/comments?post=495"}],"version-history":[{"count":49,"href":"https:\/\/studygo.com\/de\/wp-json\/wp\/v2\/pages\/495\/revisions"}],"predecessor-version":[{"id":29831,"href":"https:\/\/studygo.com\/de\/wp-json\/wp\/v2\/pages\/495\/revisions\/29831"}],"wp:attachment":[{"href":"https:\/\/studygo.com\/de\/wp-json\/wp\/v2\/media?parent=495"}],"curies":[{"name":"wp","href":"https:\/\/api.w.org\/{rel}","templated":true}]}}