{"id":986,"date":"2022-09-15T11:55:04","date_gmt":"2022-09-15T11:55:04","guid":{"rendered":"https:\/\/intl.wrts.dev\/?page_id=986"},"modified":"2025-03-25T17:12:49","modified_gmt":"2025-03-25T17:12:49","slug":"portuguese-vocabulary","status":"publish","type":"page","link":"https:\/\/studygo.com\/de\/portuguese-vocabulary\/","title":{"rendered":"Portugiesisch"},"content":{"rendered":"<section class=\"header-block detail-header\" style=\"color: #ffffff\">\n        <div class=\"header-block-bg\" style=\"background-color: #652ea3;\">\n                    <\/div>\n        <div class=\"carrier\">\n            <div class=\"tier content-row\">\n                <div class=\"col m-6 m-offset-0 last-m header-img-col\" >\n                                                                <div class=\"header-img\">\n                                                                                                                            <img decoding=\"async\" class=\"img\" src=\"https:\/\/www-media.studygo.com\/wp-content\/uploads\/2022\/09\/Red-Dot-800x533.png\"\n                                    aria-hidden=\"true\">\n                                                    <\/div>\n                                    <\/div>\n                <div class=\"col m-6\">\n                    <div class=\"header-info\">\n                        <h1 class=\"page-title animated\">Portugiesisch \u00fcben<\/h1>                        <div class=\"section-desc animated\">\n                            <p class=\"section-desc\">\n                                    <p class=\"section-desc\">Bekomme mit StudyGo schneller bessere Noten f\u00fcr Portugiesisch. \u00dcbe Portugiesisch mit Lerneinheiten und Quizfragen.<\/p>\n\n                            <\/p>\n                            <div class=\"knob-block-row\">\n                                                        <div class=\"knob-block\">\n                <a href=\"\/de\/learn\/sign-up\/?last_page_slug=%252Fde%252Fwp-json%252Fwp%252Fv2%252Fpages%252F986\"\n                   id=\"portuguese-vocabulary_header-1247_order-button\"\n                   class=\"knob order-knob large\"\n                   aria-label=\"Kostenlos registrieren\"\n                     style=''>\n                    <span class=\"visual\">\n                        Kostenlos registrieren                    <\/span>\n                <\/a>\n                                                                <\/div>\n                                                                    <\/div>\n                        <\/div>\n                    <\/div>\n                <\/div>\n            <\/div>\n        <\/div>\n    <\/section><section class=\"page-section media-block\"\n    >\n    <div class=\"carrier\">\n        <div class=\"tier middle-m content-row\">\n            <div class=\"col m-6 media-preview-col\">\n                                            <div class=\"media-preview img-fit\"\n                     style=\"background-image: url(https:\/\/www-media.studygo.com\/wp-content\/uploads\/2022\/09\/Typing-1-800x533.png)\"\n                     aria-hidden=\"true\">\n                                                        <\/div>\n                                        <\/div>\n            <div class=\"media-info-col col m-5 m-offset-1\">\n                <div class=\"media-info\">\n                                        <h2 class=\"section-title animated\">Choose your study mode<\/h2>\n                    <div class=\"section-desc animated\">\n                            <p class=\"section-desc\">Mit unseren verschiedenen Lernmodi kannst du den portugiesischen Wortschatz ausgiebig \u00fcben. Das macht das Lernen nicht nur abwechslungsreicher, sondern sorgt auch daf\u00fcr, dass man sich alles besser merken kann.<br><br>Test yourself on \u2018Spelling\u2019, practise with \u2018Dictation\u2019, \u2018Hints\u2019 or go straight to the \u2018Test\u2019. Dive even deeper with \u2018Multiple Choice\u2019 and \u2018In Your Mind\u2019 (Flashcards)!<\/p>\n\n                                    <div class=\"knob-block\">\n                <a href=\"https:\/\/studygo.com\/de\/uben\/funktionen\/learning-vocabulary\/\"\n                   id=\"portuguese-vocabulary_text-media-1248_text-button\"\n                   class=\"simple-knob blue with-icon\"\n                   aria-label=\"View all study modes\"\n                   >\n                    <span class=\"text\">View all study modes<\/span>\n                    <span class=\"icon icon-arrow-large-right\"><\/span>\n                <\/a>\n            <\/div>\n                            <\/div>\n                <\/div>\n            <\/div>\n        <\/div>\n    <\/div>\n<\/section><section class=\"page-section media-block reverse\"\n    >\n    <div class=\"carrier\">\n        <div class=\"tier middle-m content-row\">\n            <div class=\"col m-6 media-preview-col\">\n                                            <div class=\"media-preview img-fit\"\n                     style=\"background-image: url(https:\/\/www-media.studygo.com\/wp-content\/uploads\/2022\/09\/Searching-1-800x533.png)\"\n                     aria-hidden=\"true\">\n                                                        <\/div>\n                                        <\/div>\n            <div class=\"media-info-col col m-5 m-offset-1\">\n                <div class=\"media-info\">\n                                        <h2 class=\"section-title animated\">Erstelle deine eigenen Lerneinheiten oder verwende die deiner Freunde<\/h2>\n                    <div class=\"section-desc animated\">\n                            <p class=\"section-desc\">Mit StudyGo kannst du Portugiesisch lernen, indem du deine eigenen Lerneinheiten oder Quizfragen erstellst. Oder verwende \u00dcbungen von Mitsch\u00fclern oder Lehrern und dann hei\u00dft es \u00fcben, \u00fcben, \u00fcben!<\/p>\n\n                                            <\/div>\n                <\/div>\n            <\/div>\n        <\/div>\n    <\/div>\n<\/section><section class=\"page-section media-block white-section\"\n    >\n    <div class=\"carrier\">\n        <div class=\"tier middle-m content-row\">\n            <div class=\"col m-6 media-preview-col\">\n                                            <div class=\"media-preview img-fit\"\n                     style=\"background-image: url(https:\/\/www-media.studygo.com\/wp-content\/uploads\/2022\/09\/Pointer-Test-Standing-800x533.png)\"\n                     aria-hidden=\"true\">\n                                                        <\/div>\n                                        <\/div>\n            <div class=\"media-info-col col m-5 m-offset-1\">\n                <div class=\"media-info\">\n                                        <h2 class=\"section-title animated\">\u00dcbe dich in portugiesischer Grammatik<\/h2>\n                    <div class=\"section-desc animated\">\n                            <p class=\"section-desc\">Viele Verben auf Portugiesisch sind \u201eregelm\u00e4\u00dfig\u201c, aber einige der am meisten verwendeten sind \u201eunregelm\u00e4\u00dfig\u201c. Das macht es ziemlich schwer, sie sich zu merken! Erstelle oder suche hierf\u00fcr ein Quiz und verbessere deine Grammatikkenntnisse. Du wirst nie mehr vergessen, wann du <em>vou<\/em>, <em>vai<\/em> or <em>vamos verwenden musst!<\/em>!<\/p>\n\n                                            <\/div>\n                <\/div>\n            <\/div>\n        <\/div>\n    <\/div>\n<\/section><section class=\"page-section media-block reverse\"\n    >\n    <div class=\"carrier\">\n        <div class=\"tier middle-m content-row\">\n            <div class=\"col m-6 media-preview-col\">\n                                            <div class=\"media-preview img-fit\"\n                     style=\"background-image: url(https:\/\/www-media.studygo.com\/wp-content\/uploads\/2022\/09\/Floating-Rectangular-800x800.png)\"\n                     aria-hidden=\"true\">\n                                                        <\/div>\n                                        <\/div>\n            <div class=\"media-info-col col m-5 m-offset-1\">\n                <div class=\"media-info\">\n                                        <h2 class=\"section-title animated\">Behalte deine Fortschritte im Auge<\/h2>\n                    <div class=\"section-desc animated\">\n                            <p class=\"section-desc\">Nach jeder \u00dcbung siehst du, wie viele Fragen du richtig beantwortet hast, welche du noch lernen musst und deine Gesamtnote. So bist du immer auf dem Laufenden, wie gut du auf eine Portugiesischarbeit vorbereitet bist.<\/p>\n\n                                            <\/div>\n                <\/div>\n            <\/div>\n        <\/div>\n    <\/div>\n<\/section><section class=\"title-block\"\n    >\n    <div class=\"carrier\">\n        <div class=\"tier center-xs\">\n            <div class=\"col s-10 l-8 animated\">\n                <h2 class=\"section-title\">Try StudyGo<\/h2>\n                            <\/div>\n            <div class=\"col s-8 l-6 animated\">\n                \n                            <\/div>\n        <\/div>\n    <\/div>\n<\/section><section class=\"page-section order-block\">\n    <div class=\"carrier\">\n                            <div class=\"tier\">\n                                    <div class=\"col m-6 l-4 m-offset-3 l-offset-4\">\n                        <div class=\"image-wrap\">\n                            <img decoding=\"async\" class=\"image\" src=\"https:\/\/www-media.studygo.com\/wp-content\/uploads\/2022\/09\/Jetpack-360x321.png\" alt=\"Main shop CTA\">\n                        <\/div>\n                    <\/div>\n                                <div class=\"col m-8 l-6 m-offset-2 l-offset-3\">\n                                            <p class=\"section-desc order-desc\">Learning vocabulary and definitions on StudyGo is free for everyone. If you want to try out the other packages, there is always a 7 day free trial.\u00a0<\/p>\n                                        <div class=\"knob-block\">\n                        <a href=\"\/de\/learn\/sign-up\/?last_page_slug=%252Fde%252Fwp-json%252Fwp%252Fv2%252Fpages%252F986\"\n                           id=\"portuguese-vocabulary_order-1252_order-button\"\n                           class=\"knob order-knob large\">\n                            <span class=\"visual\">Kostenlos registrieren<\/span>\n                        <\/a>\n                    <\/div>\n                                                                                <\/div>\n            <\/div>\n            <\/div>\n<\/section>","protected":false},"excerpt":{"rendered":"","protected":false},"author":7,"featured_media":0,"parent":0,"menu_order":0,"comment_status":"closed","ping_status":"closed","template":"","meta":{"inline_featured_image":false,"footnotes":""},"class_list":["post-986","page","type-page","status-publish","hentry"],"yoast_head":"<!-- This site is optimized with the Yoast SEO plugin v26.9 - https:\/\/yoast.com\/product\/yoast-seo-wordpress\/ -->\n<title>Portugese woordenschat \u2013 Leer nieuwe woorden! | StudyGo<\/title>\n<meta name=\"description\" content=\"Breid je Portugese woordenschat uit met handige oefeningen. Leer veelgebruikte woorden en zinnen voor dagelijks gebruik!\" \/>\n<meta name=\"robots\" content=\"index, follow, max-snippet:-1, max-image-preview:large, max-video-preview:-1\" \/>\n<link rel=\"canonical\" href=\"https:\/\/studygo.com\/de\/portuguese-vocabulary\/\" \/>\n<meta property=\"og:locale\" content=\"de_DE\" \/>\n<meta property=\"og:type\" content=\"article\" \/>\n<meta property=\"og:title\" content=\"Portugese woordenschat \u2013 Leer nieuwe woorden! | StudyGo\" \/>\n<meta property=\"og:description\" content=\"Breid je Portugese woordenschat uit met handige oefeningen. Leer veelgebruikte woorden en zinnen voor dagelijks gebruik!\" \/>\n<meta property=\"og:url\" content=\"https:\/\/studygo.com\/de\/portuguese-vocabulary\/\" \/>\n<meta property=\"og:site_name\" content=\"StudyGo\" \/>\n<meta property=\"article:publisher\" content=\"https:\/\/www.facebook.com\/studygoNL\/\" \/>\n<meta property=\"article:modified_time\" content=\"2025-03-25T17:12:49+00:00\" \/>\n<meta property=\"og:image\" content=\"https:\/\/www-media.studygo.com\/wp-content\/uploads\/2025\/02\/Listening-Test.png\" \/>\n\t<meta property=\"og:image:width\" content=\"1201\" \/>\n\t<meta property=\"og:image:height\" content=\"801\" \/>\n\t<meta property=\"og:image:type\" content=\"image\/png\" \/>\n<meta name=\"twitter:card\" content=\"summary_large_image\" \/>\n<script type=\"application\/ld+json\" class=\"yoast-schema-graph\">{\"@context\":\"https:\/\/schema.org\",\"@graph\":[{\"@type\":\"Article\",\"@id\":\"https:\/\/studygo.com\/portuguese-vocabulary\/#article\",\"isPartOf\":{\"@id\":\"https:\/\/studygo.com\/portuguese-vocabulary\/\"},\"author\":{\"name\":\"kitty\",\"@id\":\"https:\/\/studygo.com\/#\/schema\/person\/91678521c25c40197aa94315b51e4d1e\"},\"headline\":\"Portuguese\",\"datePublished\":\"2022-09-15T11:55:04+00:00\",\"dateModified\":\"2025-03-25T17:12:49+00:00\",\"mainEntityOfPage\":{\"@id\":\"https:\/\/studygo.com\/portuguese-vocabulary\/\"},\"wordCount\":1,\"publisher\":{\"@id\":\"https:\/\/studygo.com\/#organization\"},\"inLanguage\":\"de\"},{\"@type\":\"WebPage\",\"@id\":\"https:\/\/studygo.com\/portuguese-vocabulary\/\",\"url\":\"https:\/\/studygo.com\/portuguese-vocabulary\/\",\"name\":\"Portugese woordenschat \u2013 Leer nieuwe woorden! | StudyGo\",\"isPartOf\":{\"@id\":\"https:\/\/studygo.com\/#website\"},\"datePublished\":\"2022-09-15T11:55:04+00:00\",\"dateModified\":\"2025-03-25T17:12:49+00:00\",\"description\":\"Breid je Portugese woordenschat uit met handige oefeningen. Leer veelgebruikte woorden en zinnen voor dagelijks gebruik!\",\"breadcrumb\":{\"@id\":\"https:\/\/studygo.com\/portuguese-vocabulary\/#breadcrumb\"},\"inLanguage\":\"de\",\"potentialAction\":[{\"@type\":\"ReadAction\",\"target\":[\"https:\/\/studygo.com\/portuguese-vocabulary\/\"]}]},{\"@type\":\"BreadcrumbList\",\"@id\":\"https:\/\/studygo.com\/portuguese-vocabulary\/#breadcrumb\",\"itemListElement\":[{\"@type\":\"ListItem\",\"position\":1,\"name\":\"Home\",\"item\":\"https:\/\/studygo.com\/\"},{\"@type\":\"ListItem\",\"position\":2,\"name\":\"Portuguese\"}]},{\"@type\":\"WebSite\",\"@id\":\"https:\/\/studygo.com\/#website\",\"url\":\"https:\/\/studygo.com\/\",\"name\":\"StudyGo\",\"description\":\"\",\"publisher\":{\"@id\":\"https:\/\/studygo.com\/#organization\"},\"potentialAction\":[{\"@type\":\"SearchAction\",\"target\":{\"@type\":\"EntryPoint\",\"urlTemplate\":\"https:\/\/studygo.com\/?s={search_term_string}\"},\"query-input\":{\"@type\":\"PropertyValueSpecification\",\"valueRequired\":true,\"valueName\":\"search_term_string\"}}],\"inLanguage\":\"de\"},{\"@type\":\"Organization\",\"@id\":\"https:\/\/studygo.com\/#organization\",\"name\":\"StudyGo\",\"url\":\"https:\/\/studygo.com\/\",\"logo\":{\"@type\":\"ImageObject\",\"inLanguage\":\"de\",\"@id\":\"https:\/\/studygo.com\/#\/schema\/logo\/image\/\",\"url\":\"https:\/\/www-media.studygo.com\/wp-content\/uploads\/2025\/06\/studygo-logo.png\",\"contentUrl\":\"https:\/\/www-media.studygo.com\/wp-content\/uploads\/2025\/06\/studygo-logo.png\",\"width\":1244,\"height\":858,\"caption\":\"StudyGo\"},\"image\":{\"@id\":\"https:\/\/studygo.com\/#\/schema\/logo\/image\/\"},\"sameAs\":[\"https:\/\/www.facebook.com\/studygoNL\/\",\"https:\/\/www.youtube.com\/@StudyGoNL\/videos\",\"https:\/\/www.instagram.com\/studygonl\"]},{\"@type\":\"Person\",\"@id\":\"https:\/\/studygo.com\/#\/schema\/person\/91678521c25c40197aa94315b51e4d1e\",\"name\":\"kitty\",\"image\":{\"@type\":\"ImageObject\",\"inLanguage\":\"de\",\"@id\":\"https:\/\/studygo.com\/#\/schema\/person\/image\/\",\"url\":\"https:\/\/secure.gravatar.com\/avatar\/95f50a5be5acd9fbb307bcd1f46ecfd6b4593c5aa1de03c3ac9ec36b068cf2b2?s=96&d=mm&r=g\",\"contentUrl\":\"https:\/\/secure.gravatar.com\/avatar\/95f50a5be5acd9fbb307bcd1f46ecfd6b4593c5aa1de03c3ac9ec36b068cf2b2?s=96&d=mm&r=g\",\"caption\":\"kitty\"},\"url\":\"https:\/\/studygo.com\/de\/author\/kitty\/\"}]}<\/script>\n<!-- \/ Yoast SEO plugin. -->","yoast_head_json":{"title":"Portugese woordenschat \u2013 Leer nieuwe woorden! | StudyGo","description":"Breid je Portugese woordenschat uit met handige oefeningen. Leer veelgebruikte woorden en zinnen voor dagelijks gebruik!","robots":{"index":"index","follow":"follow","max-snippet":"max-snippet:-1","max-image-preview":"max-image-preview:large","max-video-preview":"max-video-preview:-1"},"canonical":"https:\/\/studygo.com\/de\/portuguese-vocabulary\/","og_locale":"de_DE","og_type":"article","og_title":"Portugese woordenschat \u2013 Leer nieuwe woorden! | StudyGo","og_description":"Breid je Portugese woordenschat uit met handige oefeningen. Leer veelgebruikte woorden en zinnen voor dagelijks gebruik!","og_url":"https:\/\/studygo.com\/de\/portuguese-vocabulary\/","og_site_name":"StudyGo","article_publisher":"https:\/\/www.facebook.com\/studygoNL\/","article_modified_time":"2025-03-25T17:12:49+00:00","og_image":[{"width":1201,"height":801,"url":"https:\/\/www-media.studygo.com\/wp-content\/uploads\/2025\/02\/Listening-Test.png","type":"image\/png"}],"twitter_card":"summary_large_image","schema":{"@context":"https:\/\/schema.org","@graph":[{"@type":"Article","@id":"https:\/\/studygo.com\/portuguese-vocabulary\/#article","isPartOf":{"@id":"https:\/\/studygo.com\/portuguese-vocabulary\/"},"author":{"name":"kitty","@id":"https:\/\/studygo.com\/#\/schema\/person\/91678521c25c40197aa94315b51e4d1e"},"headline":"Portuguese","datePublished":"2022-09-15T11:55:04+00:00","dateModified":"2025-03-25T17:12:49+00:00","mainEntityOfPage":{"@id":"https:\/\/studygo.com\/portuguese-vocabulary\/"},"wordCount":1,"publisher":{"@id":"https:\/\/studygo.com\/#organization"},"inLanguage":"de"},{"@type":"WebPage","@id":"https:\/\/studygo.com\/portuguese-vocabulary\/","url":"https:\/\/studygo.com\/portuguese-vocabulary\/","name":"Portugese woordenschat \u2013 Leer nieuwe woorden! | StudyGo","isPartOf":{"@id":"https:\/\/studygo.com\/#website"},"datePublished":"2022-09-15T11:55:04+00:00","dateModified":"2025-03-25T17:12:49+00:00","description":"Breid je Portugese woordenschat uit met handige oefeningen. Leer veelgebruikte woorden en zinnen voor dagelijks gebruik!","breadcrumb":{"@id":"https:\/\/studygo.com\/portuguese-vocabulary\/#breadcrumb"},"inLanguage":"de","potentialAction":[{"@type":"ReadAction","target":["https:\/\/studygo.com\/portuguese-vocabulary\/"]}]},{"@type":"BreadcrumbList","@id":"https:\/\/studygo.com\/portuguese-vocabulary\/#breadcrumb","itemListElement":[{"@type":"ListItem","position":1,"name":"Home","item":"https:\/\/studygo.com\/"},{"@type":"ListItem","position":2,"name":"Portuguese"}]},{"@type":"WebSite","@id":"https:\/\/studygo.com\/#website","url":"https:\/\/studygo.com\/","name":"StudyGo","description":"","publisher":{"@id":"https:\/\/studygo.com\/#organization"},"potentialAction":[{"@type":"SearchAction","target":{"@type":"EntryPoint","urlTemplate":"https:\/\/studygo.com\/?s={search_term_string}"},"query-input":{"@type":"PropertyValueSpecification","valueRequired":true,"valueName":"search_term_string"}}],"inLanguage":"de"},{"@type":"Organization","@id":"https:\/\/studygo.com\/#organization","name":"StudyGo","url":"https:\/\/studygo.com\/","logo":{"@type":"ImageObject","inLanguage":"de","@id":"https:\/\/studygo.com\/#\/schema\/logo\/image\/","url":"https:\/\/www-media.studygo.com\/wp-content\/uploads\/2025\/06\/studygo-logo.png","contentUrl":"https:\/\/www-media.studygo.com\/wp-content\/uploads\/2025\/06\/studygo-logo.png","width":1244,"height":858,"caption":"StudyGo"},"image":{"@id":"https:\/\/studygo.com\/#\/schema\/logo\/image\/"},"sameAs":["https:\/\/www.facebook.com\/studygoNL\/","https:\/\/www.youtube.com\/@StudyGoNL\/videos","https:\/\/www.instagram.com\/studygonl"]},{"@type":"Person","@id":"https:\/\/studygo.com\/#\/schema\/person\/91678521c25c40197aa94315b51e4d1e","name":"kitty","image":{"@type":"ImageObject","inLanguage":"de","@id":"https:\/\/studygo.com\/#\/schema\/person\/image\/","url":"https:\/\/secure.gravatar.com\/avatar\/95f50a5be5acd9fbb307bcd1f46ecfd6b4593c5aa1de03c3ac9ec36b068cf2b2?s=96&d=mm&r=g","contentUrl":"https:\/\/secure.gravatar.com\/avatar\/95f50a5be5acd9fbb307bcd1f46ecfd6b4593c5aa1de03c3ac9ec36b068cf2b2?s=96&d=mm&r=g","caption":"kitty"},"url":"https:\/\/studygo.com\/de\/author\/kitty\/"}]}},"_links":{"self":[{"href":"https:\/\/studygo.com\/de\/wp-json\/wp\/v2\/pages\/986","targetHints":{"allow":["GET"]}}],"collection":[{"href":"https:\/\/studygo.com\/de\/wp-json\/wp\/v2\/pages"}],"about":[{"href":"https:\/\/studygo.com\/de\/wp-json\/wp\/v2\/types\/page"}],"author":[{"embeddable":true,"href":"https:\/\/studygo.com\/de\/wp-json\/wp\/v2\/users\/7"}],"replies":[{"embeddable":true,"href":"https:\/\/studygo.com\/de\/wp-json\/wp\/v2\/comments?post=986"}],"version-history":[{"count":27,"href":"https:\/\/studygo.com\/de\/wp-json\/wp\/v2\/pages\/986\/revisions"}],"predecessor-version":[{"id":1921,"href":"https:\/\/studygo.com\/de\/wp-json\/wp\/v2\/pages\/986\/revisions\/1921"}],"wp:attachment":[{"href":"https:\/\/studygo.com\/de\/wp-json\/wp\/v2\/media?parent=986"}],"curies":[{"name":"wp","href":"https:\/\/api.w.org\/{rel}","templated":true}]}}