{"id":12173,"date":"2021-07-22T13:47:49","date_gmt":"2021-07-22T11:47:49","guid":{"rendered":"https:\/\/studygo.com\/nl\/?page_id=12173"},"modified":"2026-02-18T12:43:44","modified_gmt":"2026-02-18T12:43:44","slug":"studygo-onderzoek","status":"publish","type":"page","link":"https:\/\/studygo.com\/es\/studygo-onderzoek\/","title":{"rendered":"Research pagina StudyGo"},"content":{"rendered":"<section id=\"header-block\" class=\"header-block home-header\" style=\"color: #ffffff\">\n        <div class=\"header-block-bg\" style=\"background-color: #652ea3; background-image: url(https:\/\/www-media.studygo.com\/wp-content\/uploads\/2025\/11\/StudyGo-header-afb.png); background-size: cover; background-position: center;\" aria-hidden=\"true\">\n                            <svg preserveaspectratio=\"none\" class=\"wave wa\" width=\"1440\" height=\"121\" viewbox=\"0 0 1440 121\" fill=\"#ffffff\" xmlns=\"http:\/\/www.w3.org\/2000\/svg\">\n                    <g clip-path=\"url(#clip0_7435_132)\">\n                        <path fill-rule=\"evenodd\" clip-rule=\"evenodd\" d=\"M1440 121.432V79.932C1213.3 -10.6374 1090.6 31.1558 967.221 73.1801C867.189 107.252 766.712 141.476 610 105.432C204.5 -17.568 0 69.932 0 69.932V121.432H1440Z\" fill=\"inherit\"\/>\n                    <\/g>\n                    <defs>\n                        <clippath id=\"clip0_7435_132\">\n                            <rect width=\"1440\" height=\"121\" fill=\"white\"\/>\n                        <\/clippath>\n                    <\/defs>\n                <\/svg>\n                    <\/div>\n        <div class=\"carrier\">\n            <div class=\"tier content-row\">\n                <div class=\"col m-6 m-offset-0 last-m header-img-col\">\n                                                                    <div class=\"header-img\">\n                                                                                            <img decoding=\"async\" class=\"img\" src=\"https:\/\/www-media.studygo.com\/wp-content\/uploads\/2021\/04\/Learning-loop_learge.png\" alt=\"\">\n                                                    <\/div>\n                                    <\/div>\n                <div class=\"col m-6 first-xs\">\n                    <div class=\"header-info\">\n                        <h1 class=\"page-title animated\">Onderzoek toont aan: hogere cijfers dankzij StudyGo<\/h1>                        <div class=\"animated\">\n                            <p class=\"section-desc\">\n                                    <p class=\"section-desc\" style=\"color: #ffffff\">Uit eigen onderzoek blijkt dat leerlingen die leren met StudyGo significant hogere cijfers halen: <strong>+0.8 voor wiskunde<\/strong> en <strong>+1.7 voor biologie<\/strong>.<\/p>\n\n                            <\/p>\n                            <div class=\"knob-block-row\">\n                                                                                            <\/div>\n                        <\/div>\n                    <\/div>\n                <\/div>\n            <\/div>\n        <\/div>\n    <\/section><section class=\"page-section media-block\"\n     id=\"leesmeer-anchor\">\n    <div class=\"carrier\">\n        <div class=\"tier middle-m content-row\">\n            <div class=\"col m-6 media-preview-col\">\n                                            <div class=\"media-preview img-fit\"\n                     style=\"background-image: url(https:\/\/www-media.studygo.com\/wp-content\/uploads\/2021\/07\/Learning-loop-800x500.png)\"\n                     aria-hidden=\"true\">\n                                                        <\/div>\n                                        <\/div>\n            <div class=\"media-info-col col m-5 m-offset-1\">\n                <div class=\"media-info\">\n                                        <h2 class=\"section-title animated\">Hoe werkt StudyGo?<\/h2>\n                    <div class=\"section-desc animated\">\n                            <p class=\"section-desc\">Met StudyGo kun je naast woordjes oefenen ook oefenvragen en -toetsen maken, samenvattingen lezen, uitlegvideo&#8217;s van docenten bekijken en chatten met bijlesdocenten. StudyGo is geschikt voor alle schoolvakken. <\/p>\n\n                                            <\/div>\n                <\/div>\n            <\/div>\n        <\/div>\n    <\/div>\n<\/section><section class=\"page-section media-block reverse\"\n    >\n    <div class=\"carrier\">\n        <div class=\"tier middle-m content-row\">\n            <div class=\"col m-6 media-preview-col\">\n                                            <div class=\"media-preview img-fit\"\n                     style=\"background-image: url(https:\/\/www-media.studygo.com\/wp-content\/uploads\/2019\/07\/Searching-Books-flipped-800x430.png)\"\n                     role=\"img\" aria-label=\"Searching Books flipped\">\n                                                        <\/div>\n                                        <\/div>\n            <div class=\"media-info-col col m-5 m-offset-1\">\n                <div class=\"media-info\">\n                                        <h2 class=\"section-title animated\">Het testeffect<\/h2>\n                    <div class=\"section-desc animated\">\n                            <p class=\"section-desc\">StudyGo is gebouwd op het testeffect. Het testeffect is een manier van leren waar kennis op meerdere momenten getoetst wordt. Het idee is dat mensen kennis beter ophalen uit hun langetermijngeheugen door herhaaldelijk het geheugen te testen. <br><br><strong>Artikels over het testeffect:<\/strong><br><a href=\"https:\/\/doi.org\/10.1037\/a0016496\">The pretesting effect: Do unsuccessful retrieval attempts enhance learning?<\/a>Richland, L. E., Kornell, N., &amp; Kao, L. S. (2009).  <br><br><a href=\"https:\/\/doi.org\/10.1038\/s41539-019-0053-1\">Does pre-testing promote better retention than post-testing?<\/a><br>Latimier, A., Riegert, A., Peyre, H., Ly, S. T., Casati, R., &amp; Ramus, F. (2019). <br><br><a href=\"https:\/\/doi.org\/10.1126\/science.1152408\">The critical importance of retrieval for learning.<\/a><br>Karpicke, J. D. &amp; Roediger (III), H. L. (2008). <\/p>\n\n                                            <\/div>\n                <\/div>\n            <\/div>\n        <\/div>\n    <\/div>\n<\/section><section class=\"page-section media-block\"\n    >\n    <div class=\"carrier\">\n        <div class=\"tier middle-m content-row\">\n            <div class=\"col m-6 media-preview-col\">\n                                            <div class=\"media-preview img-fit\"\n                     style=\"background-image: url(https:\/\/www-media.studygo.com\/wp-content\/uploads\/2025\/11\/StudyGo-Books-800x513.png)\"\n                     role=\"img\" aria-label=\"Afbeeldingen van schoolboeken\">\n                                                        <\/div>\n                                        <\/div>\n            <div class=\"media-info-col col m-5 m-offset-1\">\n                <div class=\"media-info\">\n                                        <h2 class=\"section-title animated\">Hogere cijfers voor de tweede oefentoets<\/h2>\n                    <div class=\"section-desc animated\">\n                            <p class=\"section-desc\">We hebben meerdere oefentoetsen per onderwerp. Na de eerste oefentoets geeft StudyGo leerlingen aanbevelingen voor bepaalde onderwerpen waar je nog mee kunt oefenen. Voor het onderzoek keken we naar de eerste en de tweede oefentoets die iemand heeft gemaakt. We vergeleken leerlingen die wel geoefend hadden, tussen de twee oefentoetsen door, met de leerlingen die niet geoefend hadden. We zagen significant hogere cijfers.\u00a0Leerlingen haalden <a href=\"#wiskunde\">+0.8 voor wiskunde<\/a> en <a href=\"#biologie\">+1.7 voor biologie<\/a>.<\/p>\n\n                                            <\/div>\n                <\/div>\n            <\/div>\n        <\/div>\n    <\/div>\n<\/section><section class=\"page-section media-block reverse\"\n     id=\"wiskunde-anchor\">\n    <div class=\"carrier\">\n        <div class=\"tier middle-m content-row\">\n            <div class=\"col m-6 media-preview-col\">\n                                            <div class=\"media-preview img-fit\"\n                     style=\"background-image: url(https:\/\/www-media.studygo.com\/wp-content\/uploads\/2021\/08\/mathPlot-1-800x800.png)\"\n                     aria-hidden=\"true\">\n                                                        <\/div>\n                                        <\/div>\n            <div class=\"media-info-col col m-5 m-offset-1\">\n                <div class=\"media-info\">\n                                        <h2 class=\"section-title animated\">+0.8 voor wiskunde<\/h2>\n                    <div class=\"section-desc animated\">\n                            <p class=\"section-desc\">We analyseerden de resultaten van 183 leerlingen, verdeeld over \u00e9\u00e9n groep die wel oefende en \u00e9\u00e9n groep die niet oefende. <br><br>Leerlingen die tussen de oefentoetsen door op StudyGo oefenden haalden hogere cijfers (+0.8) voor hun wiskunde.<\/p>\n\n                                            <\/div>\n                <\/div>\n            <\/div>\n        <\/div>\n    <\/div>\n<\/section><section class=\"page-section media-block\"\n     id=\"biologie-anchor\">\n    <div class=\"carrier\">\n        <div class=\"tier middle-m content-row\">\n            <div class=\"col m-6 media-preview-col\">\n                                            <div class=\"media-preview img-fit\"\n                     style=\"background-image: url(https:\/\/www-media.studygo.com\/wp-content\/uploads\/2021\/08\/biologyPlot-1-800x800.png)\"\n                     aria-hidden=\"true\">\n                                                        <\/div>\n                                        <\/div>\n            <div class=\"media-info-col col m-5 m-offset-1\">\n                <div class=\"media-info\">\n                                        <h2 class=\"section-title animated\">+1.7 voor biologie<\/h2>\n                    <div class=\"section-desc animated\">\n                            <p class=\"section-desc\">We analyseerden de resultaten van 122 gebruikers, verdeeld over \u00e9\u00e9n groep die wel oefende en \u00e9\u00e9n groep die niet oefende.<br><br>Leerlingen die tussen de oefentoetsen door op StudyGO oefenden haalden hogere cijfers (+1.7) voor hun biologie.<\/p>\n\n                                            <\/div>\n                <\/div>\n            <\/div>\n        <\/div>\n    <\/div>\n<\/section><section class=\"page-section media-block\"\n     id=\"biologie-anchor\">\n    <div class=\"carrier\">\n        <div class=\"tier middle-m content-row\">\n            <div class=\"col m-6 media-preview-col\">\n                                            <div class=\"media-preview img-fit\"\n                     style=\"background-image: url(https:\/\/www-media.studygo.com\/wp-content\/uploads\/2021\/03\/Parents-800x533.png)\"\n                     role=\"img\" aria-label=\"Padres\">\n                                                        <\/div>\n                                        <\/div>\n            <div class=\"media-info-col col m-5 m-offset-1\">\n                <div class=\"media-info\">\n                                        <h2 class=\"section-title animated\">Bekijken of StudyGo wat voor jou is? <\/h2>\n                    <div class=\"section-desc animated\">\n                            <p class=\"section-desc\">Er zijn verschillende StudyGo-pakketten die jouw kind kunnen helpen om met vertrouwen toetsen te maken. <\/p>\n\n                                                <div class=\"knob-block\">\n                <a href=\"https:\/\/studygo.com\/es\/learn\/sign-up\/?last_page_slug=%252Fes%252Fwp-json%252Fwp%252Fv2%252Fpages%252F12173\"\n                   id=\"studygo-onderzoek_text-media-biologie_order-button\"\n                   class=\"knob order-knob large\"\n                   aria-label=\"Registrarse gratis\"\n                     style=''>\n                    <span class=\"visual\">\n                        Registrarse gratis                    <\/span>\n                <\/a>\n                                                                <\/div>\n                            <\/div>\n                <\/div>\n            <\/div>\n        <\/div>\n    <\/div>\n<\/section>","protected":false},"excerpt":{"rendered":"","protected":false},"author":8,"featured_media":0,"parent":0,"menu_order":0,"comment_status":"closed","ping_status":"closed","template":"","meta":{"inline_featured_image":false,"footnotes":""},"class_list":["post-12173","page","type-page","status-publish","hentry"],"yoast_head":"<!-- This site is optimized with the Yoast SEO plugin v26.9 - https:\/\/yoast.com\/product\/yoast-seo-wordpress\/ -->\n<title>StudyGo Onderzoek \u2013 Effectief leren en betere cijfers | StudyGo<\/title>\n<meta name=\"description\" content=\"Lees onze onderzoeken over effectieve studiemethodes en ontdek hoe je jouw leerprestaties kunt verbeteren!\" \/>\n<meta name=\"robots\" content=\"index, follow, max-snippet:-1, max-image-preview:large, max-video-preview:-1\" \/>\n<link rel=\"canonical\" href=\"https:\/\/studygo.com\/es\/studygo-onderzoek\/\" \/>\n<meta property=\"og:locale\" content=\"es_ES\" \/>\n<meta property=\"og:type\" content=\"article\" \/>\n<meta property=\"og:title\" content=\"StudyGo Onderzoek \u2013 Effectief leren en betere cijfers | StudyGo\" \/>\n<meta property=\"og:description\" content=\"Lees onze onderzoeken over effectieve studiemethodes en ontdek hoe je jouw leerprestaties kunt verbeteren!\" \/>\n<meta property=\"og:url\" content=\"https:\/\/studygo.com\/es\/studygo-onderzoek\/\" \/>\n<meta property=\"og:site_name\" content=\"StudyGo\" \/>\n<meta property=\"article:publisher\" content=\"https:\/\/www.facebook.com\/studygoNL\/\" \/>\n<meta property=\"article:modified_time\" content=\"2026-02-18T12:43:44+00:00\" \/>\n<meta property=\"og:image\" content=\"https:\/\/www-media.studygo.com\/wp-content\/uploads\/2022\/01\/Linkedin-docent.png\" \/>\n\t<meta property=\"og:image:width\" content=\"1200\" \/>\n\t<meta property=\"og:image:height\" content=\"630\" \/>\n\t<meta property=\"og:image:type\" content=\"image\/png\" \/>\n<meta name=\"twitter:card\" content=\"summary_large_image\" \/>\n<meta name=\"twitter:image\" content=\"https:\/\/www-media.studygo.com\/wp-content\/uploads\/2022\/01\/Linkedin-docent.png\" \/>\n<script type=\"application\/ld+json\" class=\"yoast-schema-graph\">{\"@context\":\"https:\/\/schema.org\",\"@graph\":[{\"@type\":\"Article\",\"@id\":\"https:\/\/studygo.com\/studygo-onderzoek\/#article\",\"isPartOf\":{\"@id\":\"https:\/\/studygo.com\/studygo-onderzoek\/\"},\"author\":{\"name\":\"Daan Smith\",\"@id\":\"https:\/\/studygo.com\/#\/schema\/person\/69cc66a4a196cc104096bc58b9267c45\"},\"headline\":\"Research pagina StudyGo\",\"datePublished\":\"2021-07-22T11:47:49+00:00\",\"dateModified\":\"2026-02-18T12:43:44+00:00\",\"mainEntityOfPage\":{\"@id\":\"https:\/\/studygo.com\/studygo-onderzoek\/\"},\"wordCount\":3,\"publisher\":{\"@id\":\"https:\/\/studygo.com\/#organization\"},\"inLanguage\":\"es-ES\"},{\"@type\":\"WebPage\",\"@id\":\"https:\/\/studygo.com\/studygo-onderzoek\/\",\"url\":\"https:\/\/studygo.com\/studygo-onderzoek\/\",\"name\":\"StudyGo Onderzoek \u2013 Effectief leren en betere cijfers | StudyGo\",\"isPartOf\":{\"@id\":\"https:\/\/studygo.com\/#website\"},\"datePublished\":\"2021-07-22T11:47:49+00:00\",\"dateModified\":\"2026-02-18T12:43:44+00:00\",\"description\":\"Lees onze onderzoeken over effectieve studiemethodes en ontdek hoe je jouw leerprestaties kunt verbeteren!\",\"breadcrumb\":{\"@id\":\"https:\/\/studygo.com\/studygo-onderzoek\/#breadcrumb\"},\"inLanguage\":\"es-ES\",\"potentialAction\":[{\"@type\":\"ReadAction\",\"target\":[\"https:\/\/studygo.com\/studygo-onderzoek\/\"]}]},{\"@type\":\"BreadcrumbList\",\"@id\":\"https:\/\/studygo.com\/studygo-onderzoek\/#breadcrumb\",\"itemListElement\":[{\"@type\":\"ListItem\",\"position\":1,\"name\":\"Home\",\"item\":\"https:\/\/studygo.com\/\"},{\"@type\":\"ListItem\",\"position\":2,\"name\":\"Research pagina StudyGo\"}]},{\"@type\":\"WebSite\",\"@id\":\"https:\/\/studygo.com\/#website\",\"url\":\"https:\/\/studygo.com\/\",\"name\":\"StudyGo\",\"description\":\"\",\"publisher\":{\"@id\":\"https:\/\/studygo.com\/#organization\"},\"potentialAction\":[{\"@type\":\"SearchAction\",\"target\":{\"@type\":\"EntryPoint\",\"urlTemplate\":\"https:\/\/studygo.com\/?s={search_term_string}\"},\"query-input\":{\"@type\":\"PropertyValueSpecification\",\"valueRequired\":true,\"valueName\":\"search_term_string\"}}],\"inLanguage\":\"es-ES\"},{\"@type\":\"Organization\",\"@id\":\"https:\/\/studygo.com\/#organization\",\"name\":\"StudyGo\",\"url\":\"https:\/\/studygo.com\/\",\"logo\":{\"@type\":\"ImageObject\",\"inLanguage\":\"es-ES\",\"@id\":\"https:\/\/studygo.com\/#\/schema\/logo\/image\/\",\"url\":\"https:\/\/www-media.studygo.com\/wp-content\/uploads\/2025\/06\/studygo-logo.png\",\"contentUrl\":\"https:\/\/www-media.studygo.com\/wp-content\/uploads\/2025\/06\/studygo-logo.png\",\"width\":1244,\"height\":858,\"caption\":\"StudyGo\"},\"image\":{\"@id\":\"https:\/\/studygo.com\/#\/schema\/logo\/image\/\"},\"sameAs\":[\"https:\/\/www.facebook.com\/studygoNL\/\",\"https:\/\/www.youtube.com\/@StudyGoNL\/videos\",\"https:\/\/www.instagram.com\/studygonl\"]},{\"@type\":\"Person\",\"@id\":\"https:\/\/studygo.com\/#\/schema\/person\/69cc66a4a196cc104096bc58b9267c45\",\"name\":\"Daan Smith\",\"image\":{\"@type\":\"ImageObject\",\"inLanguage\":\"es-ES\",\"@id\":\"https:\/\/studygo.com\/#\/schema\/person\/image\/\",\"url\":\"https:\/\/secure.gravatar.com\/avatar\/fc0839328d88751627f34ab4d5e5b2de3c02438c29e9a35ae8ba71a67cf4cc3e?s=96&d=mm&r=g\",\"contentUrl\":\"https:\/\/secure.gravatar.com\/avatar\/fc0839328d88751627f34ab4d5e5b2de3c02438c29e9a35ae8ba71a67cf4cc3e?s=96&d=mm&r=g\",\"caption\":\"Daan Smith\"},\"url\":\"https:\/\/studygo.com\/es\/author\/daan\/\"}]}<\/script>\n<!-- \/ Yoast SEO plugin. -->","yoast_head_json":{"title":"StudyGo Onderzoek \u2013 Effectief leren en betere cijfers | StudyGo","description":"Lees onze onderzoeken over effectieve studiemethodes en ontdek hoe je jouw leerprestaties kunt verbeteren!","robots":{"index":"index","follow":"follow","max-snippet":"max-snippet:-1","max-image-preview":"max-image-preview:large","max-video-preview":"max-video-preview:-1"},"canonical":"https:\/\/studygo.com\/es\/studygo-onderzoek\/","og_locale":"es_ES","og_type":"article","og_title":"StudyGo Onderzoek \u2013 Effectief leren en betere cijfers | StudyGo","og_description":"Lees onze onderzoeken over effectieve studiemethodes en ontdek hoe je jouw leerprestaties kunt verbeteren!","og_url":"https:\/\/studygo.com\/es\/studygo-onderzoek\/","og_site_name":"StudyGo","article_publisher":"https:\/\/www.facebook.com\/studygoNL\/","article_modified_time":"2026-02-18T12:43:44+00:00","og_image":[{"width":1200,"height":630,"url":"https:\/\/www-media.studygo.com\/wp-content\/uploads\/2022\/01\/Linkedin-docent.png","type":"image\/png"}],"twitter_card":"summary_large_image","twitter_image":"https:\/\/www-media.studygo.com\/wp-content\/uploads\/2022\/01\/Linkedin-docent.png","schema":{"@context":"https:\/\/schema.org","@graph":[{"@type":"Article","@id":"https:\/\/studygo.com\/studygo-onderzoek\/#article","isPartOf":{"@id":"https:\/\/studygo.com\/studygo-onderzoek\/"},"author":{"name":"Daan Smith","@id":"https:\/\/studygo.com\/#\/schema\/person\/69cc66a4a196cc104096bc58b9267c45"},"headline":"Research pagina StudyGo","datePublished":"2021-07-22T11:47:49+00:00","dateModified":"2026-02-18T12:43:44+00:00","mainEntityOfPage":{"@id":"https:\/\/studygo.com\/studygo-onderzoek\/"},"wordCount":3,"publisher":{"@id":"https:\/\/studygo.com\/#organization"},"inLanguage":"es-ES"},{"@type":"WebPage","@id":"https:\/\/studygo.com\/studygo-onderzoek\/","url":"https:\/\/studygo.com\/studygo-onderzoek\/","name":"StudyGo Onderzoek \u2013 Effectief leren en betere cijfers | StudyGo","isPartOf":{"@id":"https:\/\/studygo.com\/#website"},"datePublished":"2021-07-22T11:47:49+00:00","dateModified":"2026-02-18T12:43:44+00:00","description":"Lees onze onderzoeken over effectieve studiemethodes en ontdek hoe je jouw leerprestaties kunt verbeteren!","breadcrumb":{"@id":"https:\/\/studygo.com\/studygo-onderzoek\/#breadcrumb"},"inLanguage":"es-ES","potentialAction":[{"@type":"ReadAction","target":["https:\/\/studygo.com\/studygo-onderzoek\/"]}]},{"@type":"BreadcrumbList","@id":"https:\/\/studygo.com\/studygo-onderzoek\/#breadcrumb","itemListElement":[{"@type":"ListItem","position":1,"name":"Home","item":"https:\/\/studygo.com\/"},{"@type":"ListItem","position":2,"name":"Research pagina StudyGo"}]},{"@type":"WebSite","@id":"https:\/\/studygo.com\/#website","url":"https:\/\/studygo.com\/","name":"StudyGo","description":"","publisher":{"@id":"https:\/\/studygo.com\/#organization"},"potentialAction":[{"@type":"SearchAction","target":{"@type":"EntryPoint","urlTemplate":"https:\/\/studygo.com\/?s={search_term_string}"},"query-input":{"@type":"PropertyValueSpecification","valueRequired":true,"valueName":"search_term_string"}}],"inLanguage":"es-ES"},{"@type":"Organization","@id":"https:\/\/studygo.com\/#organization","name":"StudyGo","url":"https:\/\/studygo.com\/","logo":{"@type":"ImageObject","inLanguage":"es-ES","@id":"https:\/\/studygo.com\/#\/schema\/logo\/image\/","url":"https:\/\/www-media.studygo.com\/wp-content\/uploads\/2025\/06\/studygo-logo.png","contentUrl":"https:\/\/www-media.studygo.com\/wp-content\/uploads\/2025\/06\/studygo-logo.png","width":1244,"height":858,"caption":"StudyGo"},"image":{"@id":"https:\/\/studygo.com\/#\/schema\/logo\/image\/"},"sameAs":["https:\/\/www.facebook.com\/studygoNL\/","https:\/\/www.youtube.com\/@StudyGoNL\/videos","https:\/\/www.instagram.com\/studygonl"]},{"@type":"Person","@id":"https:\/\/studygo.com\/#\/schema\/person\/69cc66a4a196cc104096bc58b9267c45","name":"Daan Smith","image":{"@type":"ImageObject","inLanguage":"es-ES","@id":"https:\/\/studygo.com\/#\/schema\/person\/image\/","url":"https:\/\/secure.gravatar.com\/avatar\/fc0839328d88751627f34ab4d5e5b2de3c02438c29e9a35ae8ba71a67cf4cc3e?s=96&d=mm&r=g","contentUrl":"https:\/\/secure.gravatar.com\/avatar\/fc0839328d88751627f34ab4d5e5b2de3c02438c29e9a35ae8ba71a67cf4cc3e?s=96&d=mm&r=g","caption":"Daan Smith"},"url":"https:\/\/studygo.com\/es\/author\/daan\/"}]}},"_links":{"self":[{"href":"https:\/\/studygo.com\/es\/wp-json\/wp\/v2\/pages\/12173","targetHints":{"allow":["GET"]}}],"collection":[{"href":"https:\/\/studygo.com\/es\/wp-json\/wp\/v2\/pages"}],"about":[{"href":"https:\/\/studygo.com\/es\/wp-json\/wp\/v2\/types\/page"}],"author":[{"embeddable":true,"href":"https:\/\/studygo.com\/es\/wp-json\/wp\/v2\/users\/8"}],"replies":[{"embeddable":true,"href":"https:\/\/studygo.com\/es\/wp-json\/wp\/v2\/comments?post=12173"}],"version-history":[{"count":5,"href":"https:\/\/studygo.com\/es\/wp-json\/wp\/v2\/pages\/12173\/revisions"}],"predecessor-version":[{"id":40840,"href":"https:\/\/studygo.com\/es\/wp-json\/wp\/v2\/pages\/12173\/revisions\/40840"}],"wp:attachment":[{"href":"https:\/\/studygo.com\/es\/wp-json\/wp\/v2\/media?parent=12173"}],"curies":[{"name":"wp","href":"https:\/\/api.w.org\/{rel}","templated":true}]}}