{"id":1466,"date":"2022-09-23T07:50:16","date_gmt":"2022-09-23T07:50:16","guid":{"rendered":"https:\/\/intl.wrts.dev\/?page_id=1466"},"modified":"2025-03-25T17:22:17","modified_gmt":"2025-03-25T17:22:17","slug":"how-to-import-quizlet-study-sets","status":"publish","type":"page","link":"https:\/\/studygo.com\/es\/how-to-import-quizlet-study-sets\/","title":{"rendered":"How to import Quizlet study sets"},"content":{"rendered":"<section class=\"header-block detail-header\" style=\"color: #ffffff\">\n        <div class=\"header-block-bg\" style=\"background-color: #652ea3;\">\n                    <\/div>\n        <div class=\"carrier\">\n            <div class=\"tier content-row\">\n                <div class=\"col m-6 m-offset-0 last-m header-img-col\" >\n                                                                <div class=\"header-img\">\n                                                                                                                            <img decoding=\"async\" class=\"img\" src=\"https:\/\/www-media.studygo.com\/wp-content\/uploads\/2022\/09\/Floating-800x696.png\"\n                                    aria-hidden=\"true\">\n                                                    <\/div>\n                                    <\/div>\n                <div class=\"col m-6\">\n                    <div class=\"header-info\">\n                        <h1 class=\"page-title animated\">Importar conjuntos de estudio de Quizlet a StudyGo<\/h1>                        <div class=\"section-desc animated\">\n                            <p class=\"section-desc\">\n                                    <p class=\"section-desc\">\u00bfTe has cansado de usar Quizlet? En solo unos pocos pasos, \u00a1podr\u00e1s importar tus conjuntos de estudio de Quizlet a StudyGo! Crea una cuenta gratuita ahora o inicia sesi\u00f3n en tu cuenta actual para probarlo t\u00fa mismo.<\/p>\n\n                            <\/p>\n                            <div class=\"knob-block-row\">\n                                                        <div class=\"knob-block\">\n                <a href=\"\/es\/learn\/sign-up\/?last_page_slug=%252Fes%252Fwp-json%252Fwp%252Fv2%252Fpages%252F1466\"\n                   id=\"how-to-import-quizlet-study-sets_header-1351_order-button\"\n                   class=\"knob order-knob large\"\n                   aria-label=\"Registrarse gratis\"\n                     style=''>\n                    <span class=\"visual\">\n                        Registrarse gratis                    <\/span>\n                <\/a>\n                                                                <\/div>\n                                                    <div class=\"knob-block\">\n                <a href=\"https:\/\/studygo.com\/es\/how-to-import-quizlet-study-sets\/\"\n                   id=\"how-to-import-quizlet-study-sets_header-1351_text-button\"\n                   class=\"simple-knob blue with-icon\"\n                   aria-label=\"Ver los 7 pasos\"\n                   >\n                    <span class=\"text\">Ver los 7 pasos<\/span>\n                    <span class=\"icon icon-arrow-large-right\"><\/span>\n                <\/a>\n            <\/div>\n                                    <\/div>\n                        <\/div>\n                    <\/div>\n                <\/div>\n            <\/div>\n        <\/div>\n    <\/section><section class=\"page-section media-block reverse\"\n    >\n    <div class=\"carrier\">\n        <div class=\"tier middle-m content-row\">\n            <div class=\"col m-6 media-preview-col\">\n                                            <div class=\"media-preview img-fit\"\n                     style=\"background-image: url(https:\/\/www-media.studygo.com\/wp-content\/uploads\/2022\/09\/Create_a_list-800x599.png)\"\n                     aria-hidden=\"true\">\n                                                        <\/div>\n                                        <\/div>\n            <div class=\"media-info-col col m-5 m-offset-1\">\n                <div class=\"media-info\">\n                                        <h2 class=\"section-title animated\">#1 Haz clic en Crear conjunto de estudio<\/h2>\n                    <div class=\"section-desc animated\">\n                            <p class=\"section-desc\">Cuando hayas iniciado sesi\u00f3n, podr\u00e1s ver el bot\u00f3n verde \u00abCrear conjunto de estudio\u00bb en la esquina superior izquierda.<\/p>\n\n                                            <\/div>\n                <\/div>\n            <\/div>\n        <\/div>\n    <\/div>\n<\/section><section class=\"page-section media-block reverse\"\n    >\n    <div class=\"carrier\">\n        <div class=\"tier middle-m content-row\">\n            <div class=\"col m-6 media-preview-col\">\n                                            <div class=\"media-preview img-fit\"\n                     style=\"background-image: url(https:\/\/www-media.studygo.com\/wp-content\/uploads\/2022\/09\/Description_and_import-800x599.png)\"\n                     aria-hidden=\"true\">\n                                                        <\/div>\n                                        <\/div>\n            <div class=\"media-info-col col m-5 m-offset-1\">\n                <div class=\"media-info\">\n                                        <h2 class=\"section-title animated\">#2 Haz clic en importar<\/h2>\n                    <div class=\"section-desc animated\">\n                            <p class=\"section-desc\">Una vez que est\u00e9s en el modo de edici\u00f3n, encontrar\u00e1s la funci\u00f3n de importaci\u00f3n bajo el t\u00edtulo y la descripci\u00f3n de tu conjunto de estudio.<\/p>\n\n                                            <\/div>\n                <\/div>\n            <\/div>\n        <\/div>\n    <\/div>\n<\/section><section class=\"page-section media-block reverse\"\n    >\n    <div class=\"carrier\">\n        <div class=\"tier middle-m content-row\">\n            <div class=\"col m-6 media-preview-col\">\n                                            <div class=\"media-preview img-fit\"\n                     style=\"background-image: url(https:\/\/www-media.studygo.com\/wp-content\/uploads\/2022\/09\/import_modal-800x599.png)\"\n                     aria-hidden=\"true\">\n                                                        <\/div>\n                                        <\/div>\n            <div class=\"media-info-col col m-5 m-offset-1\">\n                <div class=\"media-info\">\n                                        <h2 class=\"section-title animated\">#3 Funci\u00f3n de importaci\u00f3n en StudyGo<\/h2>\n                    <div class=\"section-desc animated\">\n                            <p class=\"section-desc\">Puedes copiar y pegar el vocabulario en la pesta\u00f1a o en el modo igual a \u00ab=\u00bb. El modo\npesta\u00f1a se utiliza sobre todo para importar vocabulario de Excel y Quizlet.<\/p>\n\n                                            <\/div>\n                <\/div>\n            <\/div>\n        <\/div>\n    <\/div>\n<\/section><section class=\"page-section media-block reverse\"\n    >\n    <div class=\"carrier\">\n        <div class=\"tier middle-m content-row\">\n            <div class=\"col m-6 media-preview-col\">\n                                            <div class=\"media-preview img-fit\"\n                     style=\"background-image: url(https:\/\/www-media.studygo.com\/wp-content\/uploads\/2022\/09\/Screenshot-2022-09-29-at-11.34.23-800x610.png)\"\n                     aria-hidden=\"true\">\n                                                        <\/div>\n                                        <\/div>\n            <div class=\"media-info-col col m-5 m-offset-1\">\n                <div class=\"media-info\">\n                                        <h2 class=\"section-title animated\">#4  Ir a un conjunto de estudio en Quizlet<\/h2>\n                    <div class=\"section-desc animated\">\n                            <p class=\"section-desc\">Inicia sesi\u00f3n en tu cuenta de Quizlet y busca el conjunto de estudios que quieras importar en StudyGo. Haz clic en el icono con los 3 puntos que aparece en la parte inferior de tu conjunto de estudio.<\/p>\n\n                                            <\/div>\n                <\/div>\n            <\/div>\n        <\/div>\n    <\/div>\n<\/section><section class=\"page-section media-block reverse\"\n    >\n    <div class=\"carrier\">\n        <div class=\"tier middle-m content-row\">\n            <div class=\"col m-6 media-preview-col\">\n                                            <div class=\"media-preview img-fit\"\n                     style=\"background-image: url(https:\/\/www-media.studygo.com\/wp-content\/uploads\/2022\/09\/Screenshot-2022-09-29-at-11.35.57.png)\"\n                     aria-hidden=\"true\">\n                                                        <\/div>\n                                        <\/div>\n            <div class=\"media-info-col col m-5 m-offset-1\">\n                <div class=\"media-info\">\n                                        <h2 class=\"section-title animated\">#5 Selecciona \"Exportar\"<\/h2>\n                    <div class=\"section-desc animated\">\n                            <p class=\"section-desc\">A continuaci\u00f3n, procede al siguiente paso. <\/p>\n\n                                            <\/div>\n                <\/div>\n            <\/div>\n        <\/div>\n    <\/div>\n<\/section><section class=\"page-section media-block reverse\"\n    >\n    <div class=\"carrier\">\n        <div class=\"tier middle-m content-row\">\n            <div class=\"col m-6 media-preview-col\">\n                                            <div class=\"media-preview img-fit\"\n                     style=\"background-image: url(https:\/\/www-media.studygo.com\/wp-content\/uploads\/2022\/09\/Screenshot-2022-09-29-at-11.36.50-800x899.png)\"\n                     aria-hidden=\"true\">\n                                                        <\/div>\n                                        <\/div>\n            <div class=\"media-info-col col m-5 m-offset-1\">\n                <div class=\"media-info\">\n                                        <h2 class=\"section-title animated\">#6 Pesta\u00f1a de selecci\u00f3n y nueva fila<\/h2>\n                    <div class=\"section-desc animated\">\n                            <p class=\"section-desc\">Aseg\u00farate de que estos dos ajustes est\u00e9n seleccionados:<br>Entre el t\u00e9rmino y la definici\u00f3n -&gt; <em>Pesta\u00f1a<\/em><br>Entre filas -&gt;<em> Nueva fila<\/em><br><br>\u00bfQuieres practicar tu conjunto de estudio en orden alfab\u00e9tico?<br>En ese caso, aseg\u00farate de seleccionar tambi\u00e9n:<em> \"Poner en orden alfab\u00e9tico\". <\/em><\/p>\n\n                                            <\/div>\n                <\/div>\n            <\/div>\n        <\/div>\n    <\/div>\n<\/section><section class=\"page-section media-block reverse\"\n    >\n    <div class=\"carrier\">\n        <div class=\"tier middle-m content-row\">\n            <div class=\"col m-6 media-preview-col\">\n                                            <div class=\"media-preview img-fit\"\n                     style=\"background-image: url(https:\/\/www-media.studygo.com\/wp-content\/uploads\/2022\/09\/import_modal_filled-800x599.png)\"\n                     aria-hidden=\"true\">\n                                                        <\/div>\n                                        <\/div>\n            <div class=\"media-info-col col m-5 m-offset-1\">\n                <div class=\"media-info\">\n                                        <h2 class=\"section-title animated\">#7 Copiar y pegar vocabulario en StudyGo<\/h2>\n                    <div class=\"section-desc animated\">\n                            <p class=\"section-desc\">Copia el vocabulario y p\u00e9galo en el modo Pesta\u00f1a en la funci\u00f3n de importaci\u00f3n en StudyGo.<br>\u00a1Enhorabuena! \u00a1Tu conjunto de estudio de Quizlet ya est\u00e1 disponible en StudyGo!<\/p>\n\n                                                <div class=\"knob-block\">\n                <a href=\"https:\/\/studygo.com\/es\/learn\/sign-up\/?last_page_slug=%252Fes%252Fwp-json%252Fwp%252Fv2%252Fpages%252F1466\"\n                   id=\"how-to-import-quizlet-study-sets_text-media-1358_order-button\"\n                   class=\"knob order-knob large\"\n                   aria-label=\"Empieza a practicar\"\n                     style=''>\n                    <span class=\"visual\">\n                        Empieza a practicar                    <\/span>\n                <\/a>\n                                                                <\/div>\n                            <\/div>\n                <\/div>\n            <\/div>\n        <\/div>\n    <\/div>\n<\/section><section class=\"title-block\"\n    >\n    <div class=\"carrier\">\n        <div class=\"tier center-xs\">\n            <div class=\"col s-10 l-8 animated\">\n                <h2 class=\"section-title\">\u00bfPor qu\u00e9 cambiarse a StudyGo?<\/h2>\n                            <\/div>\n            <div class=\"col s-8 l-6 animated\">\n                \n                            <\/div>\n        <\/div>\n    <\/div>\n<\/section><section class=\"page-section usp-block\">\n    <div class=\"carrier\">\n                    <div class=\"tier content-row\">\n                                    <div class=\"col m-4\">\n                        <div class=\"usp-card\">\n                            <div class=\"image-wrap\">\n                                                                                                        <img decoding=\"async\" class=\"img\" src=\"https:\/\/www-media.studygo.com\/wp-content\/uploads\/2022\/09\/Gliding-Arrow-360x240.png\"\n                                        aria-hidden=\"true\">\n                                                            <\/div>\n                            <div class=\"info-block\">\n                                <div class=\"block-title\">Plataforma gratuita<\/div>\n                                <p class=\"section-desc\">En StudyGo, puedes crear una cuenta gratuita de forma sencilla en unos pocos pasos.<\/p>\n                            <\/div>\n                        <\/div>\n                    <\/div>\n                                    <div class=\"col m-4\">\n                        <div class=\"usp-card\">\n                            <div class=\"image-wrap\">\n                                                                                                        <img decoding=\"async\" class=\"img\" src=\"https:\/\/www-media.studygo.com\/wp-content\/uploads\/2022\/09\/Teacher-1-360x360.png\"\n                                        aria-hidden=\"true\">\n                                                            <\/div>\n                            <div class=\"info-block\">\n                                <div class=\"block-title\">Los profesores recomiendan StudyGo<\/div>\n                                <p class=\"section-desc\">1 000 000 de estudiantes y 10 000 profesores ya utilizan StudyGo. Los profesores pueden subir f\u00e1cilmente conjuntos de estudio como deberes para sus alumnos.<\/p>\n                            <\/div>\n                        <\/div>\n                    <\/div>\n                                    <div class=\"col m-4\">\n                        <div class=\"usp-card\">\n                            <div class=\"image-wrap\">\n                                                                                                        <img decoding=\"async\" class=\"img\" src=\"https:\/\/www-media.studygo.com\/wp-content\/uploads\/2022\/09\/Ad-Free-2-1-360x360.png\"\n                                        aria-hidden=\"true\">\n                                                            <\/div>\n                            <div class=\"info-block\">\n                                <div class=\"block-title\">Sin anuncios<\/div>\n                                <p class=\"section-desc\">En StudyGo trabajamos sin anuncios, \u00a1para que no haya nada que te distraiga mientras practicas!<\/p>\n                            <\/div>\n                        <\/div>\n                    <\/div>\n                            <\/div>\n                        <\/div>\n<\/section>","protected":false},"excerpt":{"rendered":"","protected":false},"author":7,"featured_media":0,"parent":0,"menu_order":0,"comment_status":"closed","ping_status":"closed","template":"","meta":{"inline_featured_image":false,"footnotes":""},"class_list":["post-1466","page","type-page","status-publish","hentry"],"yoast_head":"<!-- This site is optimized with the Yoast SEO plugin v26.9 - https:\/\/yoast.com\/product\/yoast-seo-wordpress\/ -->\n<title>Quizlet study sets importeren \u2013 Zo werkt het! | StudyGo<\/title>\n<meta name=\"description\" content=\"Leer hoe je eenvoudig Quizlet study sets importeert en je leerproces optimaliseert. Snel en effectief studeren!\" \/>\n<meta name=\"robots\" content=\"index, follow, max-snippet:-1, max-image-preview:large, max-video-preview:-1\" \/>\n<link rel=\"canonical\" href=\"https:\/\/studygo.com\/es\/how-to-import-quizlet-study-sets\/\" \/>\n<meta property=\"og:locale\" content=\"es_ES\" \/>\n<meta property=\"og:type\" content=\"article\" \/>\n<meta property=\"og:title\" content=\"Quizlet study sets importeren \u2013 Zo werkt het! | StudyGo\" \/>\n<meta property=\"og:description\" content=\"Leer hoe je eenvoudig Quizlet study sets importeert en je leerproces optimaliseert. Snel en effectief studeren!\" \/>\n<meta property=\"og:url\" content=\"https:\/\/studygo.com\/es\/how-to-import-quizlet-study-sets\/\" \/>\n<meta property=\"og:site_name\" content=\"StudyGo\" \/>\n<meta property=\"article:publisher\" content=\"https:\/\/www.facebook.com\/studygoNL\/\" \/>\n<meta property=\"article:modified_time\" content=\"2025-03-25T17:22:17+00:00\" \/>\n<meta property=\"og:image\" content=\"https:\/\/www-media.studygo.com\/wp-content\/uploads\/2025\/02\/Listening-Test.png\" \/>\n\t<meta property=\"og:image:width\" content=\"1201\" \/>\n\t<meta property=\"og:image:height\" content=\"801\" \/>\n\t<meta property=\"og:image:type\" content=\"image\/png\" \/>\n<meta name=\"twitter:card\" content=\"summary_large_image\" \/>\n<script type=\"application\/ld+json\" class=\"yoast-schema-graph\">{\"@context\":\"https:\/\/schema.org\",\"@graph\":[{\"@type\":\"Article\",\"@id\":\"https:\/\/studygo.com\/how-to-import-quizlet-study-sets\/#article\",\"isPartOf\":{\"@id\":\"https:\/\/studygo.com\/how-to-import-quizlet-study-sets\/\"},\"author\":{\"name\":\"kitty\",\"@id\":\"https:\/\/studygo.com\/#\/schema\/person\/91678521c25c40197aa94315b51e4d1e\"},\"headline\":\"How to import Quizlet study sets\",\"datePublished\":\"2022-09-23T07:50:16+00:00\",\"dateModified\":\"2025-03-25T17:22:17+00:00\",\"mainEntityOfPage\":{\"@id\":\"https:\/\/studygo.com\/how-to-import-quizlet-study-sets\/\"},\"wordCount\":6,\"publisher\":{\"@id\":\"https:\/\/studygo.com\/#organization\"},\"inLanguage\":\"es-ES\"},{\"@type\":\"WebPage\",\"@id\":\"https:\/\/studygo.com\/how-to-import-quizlet-study-sets\/\",\"url\":\"https:\/\/studygo.com\/how-to-import-quizlet-study-sets\/\",\"name\":\"Quizlet study sets importeren \u2013 Zo werkt het! | StudyGo\",\"isPartOf\":{\"@id\":\"https:\/\/studygo.com\/#website\"},\"datePublished\":\"2022-09-23T07:50:16+00:00\",\"dateModified\":\"2025-03-25T17:22:17+00:00\",\"description\":\"Leer hoe je eenvoudig Quizlet study sets importeert en je leerproces optimaliseert. Snel en effectief studeren!\",\"breadcrumb\":{\"@id\":\"https:\/\/studygo.com\/how-to-import-quizlet-study-sets\/#breadcrumb\"},\"inLanguage\":\"es-ES\",\"potentialAction\":[{\"@type\":\"ReadAction\",\"target\":[\"https:\/\/studygo.com\/how-to-import-quizlet-study-sets\/\"]}]},{\"@type\":\"BreadcrumbList\",\"@id\":\"https:\/\/studygo.com\/how-to-import-quizlet-study-sets\/#breadcrumb\",\"itemListElement\":[{\"@type\":\"ListItem\",\"position\":1,\"name\":\"Home\",\"item\":\"https:\/\/studygo.com\/\"},{\"@type\":\"ListItem\",\"position\":2,\"name\":\"How to import Quizlet study sets\"}]},{\"@type\":\"WebSite\",\"@id\":\"https:\/\/studygo.com\/#website\",\"url\":\"https:\/\/studygo.com\/\",\"name\":\"StudyGo\",\"description\":\"\",\"publisher\":{\"@id\":\"https:\/\/studygo.com\/#organization\"},\"potentialAction\":[{\"@type\":\"SearchAction\",\"target\":{\"@type\":\"EntryPoint\",\"urlTemplate\":\"https:\/\/studygo.com\/?s={search_term_string}\"},\"query-input\":{\"@type\":\"PropertyValueSpecification\",\"valueRequired\":true,\"valueName\":\"search_term_string\"}}],\"inLanguage\":\"es-ES\"},{\"@type\":\"Organization\",\"@id\":\"https:\/\/studygo.com\/#organization\",\"name\":\"StudyGo\",\"url\":\"https:\/\/studygo.com\/\",\"logo\":{\"@type\":\"ImageObject\",\"inLanguage\":\"es-ES\",\"@id\":\"https:\/\/studygo.com\/#\/schema\/logo\/image\/\",\"url\":\"https:\/\/www-media.studygo.com\/wp-content\/uploads\/2025\/06\/studygo-logo.png\",\"contentUrl\":\"https:\/\/www-media.studygo.com\/wp-content\/uploads\/2025\/06\/studygo-logo.png\",\"width\":1244,\"height\":858,\"caption\":\"StudyGo\"},\"image\":{\"@id\":\"https:\/\/studygo.com\/#\/schema\/logo\/image\/\"},\"sameAs\":[\"https:\/\/www.facebook.com\/studygoNL\/\",\"https:\/\/www.youtube.com\/@StudyGoNL\/videos\",\"https:\/\/www.instagram.com\/studygonl\"]},{\"@type\":\"Person\",\"@id\":\"https:\/\/studygo.com\/#\/schema\/person\/91678521c25c40197aa94315b51e4d1e\",\"name\":\"kitty\",\"image\":{\"@type\":\"ImageObject\",\"inLanguage\":\"es-ES\",\"@id\":\"https:\/\/studygo.com\/#\/schema\/person\/image\/\",\"url\":\"https:\/\/secure.gravatar.com\/avatar\/95f50a5be5acd9fbb307bcd1f46ecfd6b4593c5aa1de03c3ac9ec36b068cf2b2?s=96&d=mm&r=g\",\"contentUrl\":\"https:\/\/secure.gravatar.com\/avatar\/95f50a5be5acd9fbb307bcd1f46ecfd6b4593c5aa1de03c3ac9ec36b068cf2b2?s=96&d=mm&r=g\",\"caption\":\"kitty\"},\"url\":\"https:\/\/studygo.com\/es\/author\/kitty\/\"}]}<\/script>\n<!-- \/ Yoast SEO plugin. -->","yoast_head_json":{"title":"Quizlet study sets importeren \u2013 Zo werkt het! | StudyGo","description":"Leer hoe je eenvoudig Quizlet study sets importeert en je leerproces optimaliseert. Snel en effectief studeren!","robots":{"index":"index","follow":"follow","max-snippet":"max-snippet:-1","max-image-preview":"max-image-preview:large","max-video-preview":"max-video-preview:-1"},"canonical":"https:\/\/studygo.com\/es\/how-to-import-quizlet-study-sets\/","og_locale":"es_ES","og_type":"article","og_title":"Quizlet study sets importeren \u2013 Zo werkt het! | StudyGo","og_description":"Leer hoe je eenvoudig Quizlet study sets importeert en je leerproces optimaliseert. Snel en effectief studeren!","og_url":"https:\/\/studygo.com\/es\/how-to-import-quizlet-study-sets\/","og_site_name":"StudyGo","article_publisher":"https:\/\/www.facebook.com\/studygoNL\/","article_modified_time":"2025-03-25T17:22:17+00:00","og_image":[{"width":1201,"height":801,"url":"https:\/\/www-media.studygo.com\/wp-content\/uploads\/2025\/02\/Listening-Test.png","type":"image\/png"}],"twitter_card":"summary_large_image","schema":{"@context":"https:\/\/schema.org","@graph":[{"@type":"Article","@id":"https:\/\/studygo.com\/how-to-import-quizlet-study-sets\/#article","isPartOf":{"@id":"https:\/\/studygo.com\/how-to-import-quizlet-study-sets\/"},"author":{"name":"kitty","@id":"https:\/\/studygo.com\/#\/schema\/person\/91678521c25c40197aa94315b51e4d1e"},"headline":"How to import Quizlet study sets","datePublished":"2022-09-23T07:50:16+00:00","dateModified":"2025-03-25T17:22:17+00:00","mainEntityOfPage":{"@id":"https:\/\/studygo.com\/how-to-import-quizlet-study-sets\/"},"wordCount":6,"publisher":{"@id":"https:\/\/studygo.com\/#organization"},"inLanguage":"es-ES"},{"@type":"WebPage","@id":"https:\/\/studygo.com\/how-to-import-quizlet-study-sets\/","url":"https:\/\/studygo.com\/how-to-import-quizlet-study-sets\/","name":"Quizlet study sets importeren \u2013 Zo werkt het! | StudyGo","isPartOf":{"@id":"https:\/\/studygo.com\/#website"},"datePublished":"2022-09-23T07:50:16+00:00","dateModified":"2025-03-25T17:22:17+00:00","description":"Leer hoe je eenvoudig Quizlet study sets importeert en je leerproces optimaliseert. Snel en effectief studeren!","breadcrumb":{"@id":"https:\/\/studygo.com\/how-to-import-quizlet-study-sets\/#breadcrumb"},"inLanguage":"es-ES","potentialAction":[{"@type":"ReadAction","target":["https:\/\/studygo.com\/how-to-import-quizlet-study-sets\/"]}]},{"@type":"BreadcrumbList","@id":"https:\/\/studygo.com\/how-to-import-quizlet-study-sets\/#breadcrumb","itemListElement":[{"@type":"ListItem","position":1,"name":"Home","item":"https:\/\/studygo.com\/"},{"@type":"ListItem","position":2,"name":"How to import Quizlet study sets"}]},{"@type":"WebSite","@id":"https:\/\/studygo.com\/#website","url":"https:\/\/studygo.com\/","name":"StudyGo","description":"","publisher":{"@id":"https:\/\/studygo.com\/#organization"},"potentialAction":[{"@type":"SearchAction","target":{"@type":"EntryPoint","urlTemplate":"https:\/\/studygo.com\/?s={search_term_string}"},"query-input":{"@type":"PropertyValueSpecification","valueRequired":true,"valueName":"search_term_string"}}],"inLanguage":"es-ES"},{"@type":"Organization","@id":"https:\/\/studygo.com\/#organization","name":"StudyGo","url":"https:\/\/studygo.com\/","logo":{"@type":"ImageObject","inLanguage":"es-ES","@id":"https:\/\/studygo.com\/#\/schema\/logo\/image\/","url":"https:\/\/www-media.studygo.com\/wp-content\/uploads\/2025\/06\/studygo-logo.png","contentUrl":"https:\/\/www-media.studygo.com\/wp-content\/uploads\/2025\/06\/studygo-logo.png","width":1244,"height":858,"caption":"StudyGo"},"image":{"@id":"https:\/\/studygo.com\/#\/schema\/logo\/image\/"},"sameAs":["https:\/\/www.facebook.com\/studygoNL\/","https:\/\/www.youtube.com\/@StudyGoNL\/videos","https:\/\/www.instagram.com\/studygonl"]},{"@type":"Person","@id":"https:\/\/studygo.com\/#\/schema\/person\/91678521c25c40197aa94315b51e4d1e","name":"kitty","image":{"@type":"ImageObject","inLanguage":"es-ES","@id":"https:\/\/studygo.com\/#\/schema\/person\/image\/","url":"https:\/\/secure.gravatar.com\/avatar\/95f50a5be5acd9fbb307bcd1f46ecfd6b4593c5aa1de03c3ac9ec36b068cf2b2?s=96&d=mm&r=g","contentUrl":"https:\/\/secure.gravatar.com\/avatar\/95f50a5be5acd9fbb307bcd1f46ecfd6b4593c5aa1de03c3ac9ec36b068cf2b2?s=96&d=mm&r=g","caption":"kitty"},"url":"https:\/\/studygo.com\/es\/author\/kitty\/"}]}},"_links":{"self":[{"href":"https:\/\/studygo.com\/es\/wp-json\/wp\/v2\/pages\/1466","targetHints":{"allow":["GET"]}}],"collection":[{"href":"https:\/\/studygo.com\/es\/wp-json\/wp\/v2\/pages"}],"about":[{"href":"https:\/\/studygo.com\/es\/wp-json\/wp\/v2\/types\/page"}],"author":[{"embeddable":true,"href":"https:\/\/studygo.com\/es\/wp-json\/wp\/v2\/users\/7"}],"replies":[{"embeddable":true,"href":"https:\/\/studygo.com\/es\/wp-json\/wp\/v2\/comments?post=1466"}],"version-history":[{"count":35,"href":"https:\/\/studygo.com\/es\/wp-json\/wp\/v2\/pages\/1466\/revisions"}],"predecessor-version":[{"id":1920,"href":"https:\/\/studygo.com\/es\/wp-json\/wp\/v2\/pages\/1466\/revisions\/1920"}],"wp:attachment":[{"href":"https:\/\/studygo.com\/es\/wp-json\/wp\/v2\/media?parent=1466"}],"curies":[{"name":"wp","href":"https:\/\/api.w.org\/{rel}","templated":true}]}}