{"id":1939,"date":"2022-11-11T13:35:52","date_gmt":"2022-11-11T13:35:52","guid":{"rendered":"https:\/\/studygo.com\/?page_id=1939"},"modified":"2025-03-25T17:23:18","modified_gmt":"2025-03-25T17:23:18","slug":"italian","status":"publish","type":"page","link":"https:\/\/studygo.com\/es\/italian\/","title":{"rendered":"Italiano"},"content":{"rendered":"<section id=\"header-block\" class=\"header-block home-header\" style=\"color: #ffffff\">\n        <div class=\"header-block-bg\" style=\"background-color: #652ea3;\">\n                    <\/div>\n        <div class=\"carrier\">\n            <div class=\"tier content-row\">\n                <div class=\"col m-6 m-offset-0 last-m header-img-col\">\n                                                                    <div class=\"header-img\">\n                                                                                            <img decoding=\"async\" class=\"img\" src=\"https:\/\/www-media.studygo.com\/wp-content\/uploads\/2022\/11\/Skateboard.png\" alt=\"\">\n                                                    <\/div>\n                                    <\/div>\n                <div class=\"col m-6 first-xs\">\n                    <div class=\"header-info\">\n                        <h1 class=\"page-title animated\">Para practicar italiano<\/h1>                        <div class=\"animated\">\n                            <p class=\"section-desc\">\n                                    <p class=\"section-desc\" style=\"color: #ffffff\">Saca mejores notas en italiano m\u00e1s r\u00e1pidamente con StudyGo. Practica el italiano con conjuntos de estudio y cuestionarios.<\/p>\n\n                            <\/p>\n                            <div class=\"knob-block-row\">\n                                                        <div class=\"knob-block\">\n                <a href=\"\/es\/learn\/sign-up\/?last_page_slug=%252Fes%252Fwp-json%252Fwp%252Fv2%252Fpages%252F1939\"\n                   id=\"italian_header-1479_order-button\"\n                   class=\"knob order-knob large\"\n                   aria-label=\"Registrarse gratis\"\n                     style=''>\n                    <span class=\"visual\">\n                        Registrarse gratis                    <\/span>\n                <\/a>\n                                                                <\/div>\n                                                                    <\/div>\n                        <\/div>\n                    <\/div>\n                <\/div>\n            <\/div>\n        <\/div>\n    <\/section><section class=\"page-section media-block\"\n    >\n    <div class=\"carrier\">\n        <div class=\"tier middle-m content-row\">\n            <div class=\"col m-6 media-preview-col\">\n                                            <div class=\"media-preview img-fit\"\n                     style=\"background-image: url(https:\/\/www-media.studygo.com\/wp-content\/uploads\/2022\/11\/Typing5-800x533.png)\"\n                     aria-hidden=\"true\">\n                                                        <\/div>\n                                        <\/div>\n            <div class=\"media-info-col col m-5 m-offset-1\">\n                <div class=\"media-info\">\n                                        <h2 class=\"section-title animated\">Choose your study mode<\/h2>\n                    <div class=\"section-desc animated\">\n                            <p class=\"section-desc\">Con nuestros distintos modos de estudio, podr\u00e1s practicar el vocabulario de italiano de la forma que mejor encaje contigo. Esto no solo hace que aprender sea m\u00e1s entretenido, sino que tambi\u00e9n asegura que te acuerdes mejor de todo lo que aprendas.<br><br>Test yourself on \u2018Spelling\u2019, practise with \u2018Dictation\u2019, \u2018Hints\u2019 or go straight to the \u2018Test\u2019. Dive even deeper with \u2018Multiple Choice\u2019 and \u2018In Your Mind\u2019 (Flashcards)!<\/p>\n\n                                    <div class=\"knob-block\">\n                <a href=\"https:\/\/studygo.com\/es\/practicar\/funciones\/learning-vocabulary\/\"\n                   id=\"italian_text-media-1480_text-button\"\n                   class=\"simple-knob blue with-icon\"\n                   aria-label=\"View all study modes\"\n                   >\n                    <span class=\"text\">View all study modes<\/span>\n                    <span class=\"icon icon-arrow-large-right\"><\/span>\n                <\/a>\n            <\/div>\n                            <\/div>\n                <\/div>\n            <\/div>\n        <\/div>\n    <\/div>\n<\/section><section class=\"page-section media-block reverse\"\n    >\n    <div class=\"carrier\">\n        <div class=\"tier middle-m content-row\">\n            <div class=\"col m-6 media-preview-col\">\n                                            <div class=\"media-preview img-fit\"\n                     style=\"background-image: url(https:\/\/www-media.studygo.com\/wp-content\/uploads\/2022\/11\/Searching-800x460.png)\"\n                     aria-hidden=\"true\">\n                                                        <\/div>\n                                        <\/div>\n            <div class=\"media-info-col col m-5 m-offset-1\">\n                <div class=\"media-info\">\n                                        <h2 class=\"section-title animated\">Haz tus propios conjuntos de estudio o utiliza los de tus amigos<\/h2>\n                    <div class=\"section-desc animated\">\n                            <p class=\"section-desc\">Con StudyGo, puedes aprender italiano haciendo tus propios conjuntos de estudio o creando tus propios cuestionarios. Tambi\u00e9n puedes utilizar ejercicios de tus compa\u00f1eros de clase o tus profesores y despu\u00e9s... \u00a1pr\u00e1ctica, pr\u00e1ctica y pr\u00e1ctica!<\/p>\n\n                                            <\/div>\n                <\/div>\n            <\/div>\n        <\/div>\n    <\/div>\n<\/section><section class=\"page-section media-block\"\n    >\n    <div class=\"carrier\">\n        <div class=\"tier middle-m content-row\">\n            <div class=\"col m-6 media-preview-col\">\n                                            <div class=\"media-preview img-fit\"\n                     style=\"background-image: url(https:\/\/www-media.studygo.com\/wp-content\/uploads\/2022\/11\/Standing-w-Pointer-800x1119.png)\"\n                     aria-hidden=\"true\">\n                                                        <\/div>\n                                        <\/div>\n            <div class=\"media-info-col col m-5 m-offset-1\">\n                <div class=\"media-info\">\n                                        <h2 class=\"section-title animated\">Practica gram\u00e1tica de italiana<\/h2>\n                    <div class=\"section-desc animated\">\n                            <p class=\"section-desc\">\u00bfSabes cu\u00e1ndo usar el presente, el imperfecto o el subjuntivo? Crea o encuentra un cuestionario para mejorar tus habilidades gramaticales. As\u00ed siempre sabr\u00e1s cu\u00e1ndo canto, cantavo o canti. <em>canto<\/em>, <em>cantavo<\/em>, and <em>canti<\/em>.<\/p>\n\n                                            <\/div>\n                <\/div>\n            <\/div>\n        <\/div>\n    <\/div>\n<\/section><section class=\"page-section media-block reverse\"\n    >\n    <div class=\"carrier\">\n        <div class=\"tier middle-m content-row\">\n            <div class=\"col m-6 media-preview-col\">\n                                            <div class=\"media-preview img-fit\"\n                     style=\"background-image: url(https:\/\/www-media.studygo.com\/wp-content\/uploads\/2022\/11\/Floating-800x696.png)\"\n                     role=\"img\" aria-label=\"woordenschat\">\n                                                        <\/div>\n                                        <\/div>\n            <div class=\"media-info-col col m-5 m-offset-1\">\n                <div class=\"media-info\">\n                                        <h2 class=\"section-title animated\">Haz un seguimiento de tus progresos<\/h2>\n                    <div class=\"section-desc animated\">\n                            <p class=\"section-desc\">Despu\u00e9s de cada ejercicio, te mostraremos cu\u00e1ntas preguntas has acertado, qu\u00e9 preguntas deber\u00edas repasarte mejor y cu\u00e1l es tu nota global. Gracias a esto, siempre sabr\u00e1s si est\u00e1s preparado\/a o no para tu pr\u00f3ximo examen.<\/p>\n\n                                            <\/div>\n                <\/div>\n            <\/div>\n        <\/div>\n    <\/div>\n<\/section><section class=\"title-block\"\n    >\n    <div class=\"carrier\">\n        <div class=\"tier center-xs\">\n            <div class=\"col s-10 l-8 animated\">\n                <h2 class=\"section-title\">Try StudyGo<\/h2>\n                            <\/div>\n            <div class=\"col s-8 l-6 animated\">\n                \n                            <\/div>\n        <\/div>\n    <\/div>\n<\/section><section class=\"page-section order-block\">\n    <div class=\"carrier\">\n                            <div class=\"tier\">\n                                    <div class=\"col m-6 l-4 m-offset-3 l-offset-4\">\n                        <div class=\"image-wrap\">\n                            <img decoding=\"async\" class=\"image\" src=\"https:\/\/www-media.studygo.com\/wp-content\/uploads\/2022\/09\/Jetpack-360x321.png\" alt=\"Main shop CTA\">\n                        <\/div>\n                    <\/div>\n                                <div class=\"col m-8 l-6 m-offset-2 l-offset-3\">\n                                            <p class=\"section-desc order-desc\">Learning vocabulary and definitions on StudyGo is free for everyone. If you want to try out the other packages, there is always a 7 day free trial.\u00a0<\/p>\n                                        <div class=\"knob-block\">\n                        <a href=\"\/es\/learn\/sign-up\/?last_page_slug=%252Fes%252Fwp-json%252Fwp%252Fv2%252Fpages%252F1939\"\n                           id=\"italian_order-1485_order-button\"\n                           class=\"knob order-knob large\">\n                            <span class=\"visual\">Registrarse gratis<\/span>\n                        <\/a>\n                    <\/div>\n                                                                                <\/div>\n            <\/div>\n            <\/div>\n<\/section>","protected":false},"excerpt":{"rendered":"","protected":false},"author":7,"featured_media":0,"parent":0,"menu_order":0,"comment_status":"closed","ping_status":"closed","template":"","meta":{"inline_featured_image":false,"footnotes":""},"class_list":["post-1939","page","type-page","status-publish","hentry"],"yoast_head":"<!-- This site is optimized with the Yoast SEO plugin v26.9 - https:\/\/yoast.com\/product\/yoast-seo-wordpress\/ -->\n<title>Italiaans leren \u2013 Oefen woordenschat &amp; grammatica | StudyGo<\/title>\n<meta name=\"description\" content=\"Leer Italiaans met interactieve oefeningen en woordenschattraining. Verbeter je taalvaardigheid met StudyGo!\" \/>\n<meta name=\"robots\" content=\"index, follow, max-snippet:-1, max-image-preview:large, max-video-preview:-1\" \/>\n<link rel=\"canonical\" href=\"https:\/\/studygo.com\/es\/italian\/\" \/>\n<meta property=\"og:locale\" content=\"es_ES\" \/>\n<meta property=\"og:type\" content=\"article\" \/>\n<meta property=\"og:title\" content=\"Italiaans leren \u2013 Oefen woordenschat &amp; grammatica | StudyGo\" \/>\n<meta property=\"og:description\" content=\"Leer Italiaans met interactieve oefeningen en woordenschattraining. Verbeter je taalvaardigheid met StudyGo!\" \/>\n<meta property=\"og:url\" content=\"https:\/\/studygo.com\/es\/italian\/\" \/>\n<meta property=\"og:site_name\" content=\"StudyGo\" \/>\n<meta property=\"article:publisher\" content=\"https:\/\/www.facebook.com\/studygoNL\/\" \/>\n<meta property=\"article:modified_time\" content=\"2025-03-25T17:23:18+00:00\" \/>\n<meta property=\"og:image\" content=\"https:\/\/www-media.studygo.com\/wp-content\/uploads\/2025\/02\/Listening-Test.png\" \/>\n\t<meta property=\"og:image:width\" content=\"1201\" \/>\n\t<meta property=\"og:image:height\" content=\"801\" \/>\n\t<meta property=\"og:image:type\" content=\"image\/png\" \/>\n<meta name=\"twitter:card\" content=\"summary_large_image\" \/>\n<script type=\"application\/ld+json\" class=\"yoast-schema-graph\">{\"@context\":\"https:\/\/schema.org\",\"@graph\":[{\"@type\":\"Article\",\"@id\":\"https:\/\/studygo.com\/italian\/#article\",\"isPartOf\":{\"@id\":\"https:\/\/studygo.com\/italian\/\"},\"author\":{\"name\":\"kitty\",\"@id\":\"https:\/\/studygo.com\/#\/schema\/person\/91678521c25c40197aa94315b51e4d1e\"},\"headline\":\"Italian\",\"datePublished\":\"2022-11-11T13:35:52+00:00\",\"dateModified\":\"2025-03-25T17:23:18+00:00\",\"mainEntityOfPage\":{\"@id\":\"https:\/\/studygo.com\/italian\/\"},\"wordCount\":1,\"publisher\":{\"@id\":\"https:\/\/studygo.com\/#organization\"},\"inLanguage\":\"es-ES\"},{\"@type\":\"WebPage\",\"@id\":\"https:\/\/studygo.com\/italian\/\",\"url\":\"https:\/\/studygo.com\/italian\/\",\"name\":\"Italiaans leren \u2013 Oefen woordenschat & grammatica | StudyGo\",\"isPartOf\":{\"@id\":\"https:\/\/studygo.com\/#website\"},\"datePublished\":\"2022-11-11T13:35:52+00:00\",\"dateModified\":\"2025-03-25T17:23:18+00:00\",\"description\":\"Leer Italiaans met interactieve oefeningen en woordenschattraining. Verbeter je taalvaardigheid met StudyGo!\",\"breadcrumb\":{\"@id\":\"https:\/\/studygo.com\/italian\/#breadcrumb\"},\"inLanguage\":\"es-ES\",\"potentialAction\":[{\"@type\":\"ReadAction\",\"target\":[\"https:\/\/studygo.com\/italian\/\"]}]},{\"@type\":\"BreadcrumbList\",\"@id\":\"https:\/\/studygo.com\/italian\/#breadcrumb\",\"itemListElement\":[{\"@type\":\"ListItem\",\"position\":1,\"name\":\"Home\",\"item\":\"https:\/\/studygo.com\/\"},{\"@type\":\"ListItem\",\"position\":2,\"name\":\"Italian\"}]},{\"@type\":\"WebSite\",\"@id\":\"https:\/\/studygo.com\/#website\",\"url\":\"https:\/\/studygo.com\/\",\"name\":\"StudyGo\",\"description\":\"\",\"publisher\":{\"@id\":\"https:\/\/studygo.com\/#organization\"},\"potentialAction\":[{\"@type\":\"SearchAction\",\"target\":{\"@type\":\"EntryPoint\",\"urlTemplate\":\"https:\/\/studygo.com\/?s={search_term_string}\"},\"query-input\":{\"@type\":\"PropertyValueSpecification\",\"valueRequired\":true,\"valueName\":\"search_term_string\"}}],\"inLanguage\":\"es-ES\"},{\"@type\":\"Organization\",\"@id\":\"https:\/\/studygo.com\/#organization\",\"name\":\"StudyGo\",\"url\":\"https:\/\/studygo.com\/\",\"logo\":{\"@type\":\"ImageObject\",\"inLanguage\":\"es-ES\",\"@id\":\"https:\/\/studygo.com\/#\/schema\/logo\/image\/\",\"url\":\"https:\/\/www-media.studygo.com\/wp-content\/uploads\/2025\/06\/studygo-logo.png\",\"contentUrl\":\"https:\/\/www-media.studygo.com\/wp-content\/uploads\/2025\/06\/studygo-logo.png\",\"width\":1244,\"height\":858,\"caption\":\"StudyGo\"},\"image\":{\"@id\":\"https:\/\/studygo.com\/#\/schema\/logo\/image\/\"},\"sameAs\":[\"https:\/\/www.facebook.com\/studygoNL\/\",\"https:\/\/www.youtube.com\/@StudyGoNL\/videos\",\"https:\/\/www.instagram.com\/studygonl\"]},{\"@type\":\"Person\",\"@id\":\"https:\/\/studygo.com\/#\/schema\/person\/91678521c25c40197aa94315b51e4d1e\",\"name\":\"kitty\",\"image\":{\"@type\":\"ImageObject\",\"inLanguage\":\"es-ES\",\"@id\":\"https:\/\/studygo.com\/#\/schema\/person\/image\/\",\"url\":\"https:\/\/secure.gravatar.com\/avatar\/95f50a5be5acd9fbb307bcd1f46ecfd6b4593c5aa1de03c3ac9ec36b068cf2b2?s=96&d=mm&r=g\",\"contentUrl\":\"https:\/\/secure.gravatar.com\/avatar\/95f50a5be5acd9fbb307bcd1f46ecfd6b4593c5aa1de03c3ac9ec36b068cf2b2?s=96&d=mm&r=g\",\"caption\":\"kitty\"},\"url\":\"https:\/\/studygo.com\/es\/author\/kitty\/\"}]}<\/script>\n<!-- \/ Yoast SEO plugin. -->","yoast_head_json":{"title":"Italiaans leren \u2013 Oefen woordenschat & grammatica | StudyGo","description":"Leer Italiaans met interactieve oefeningen en woordenschattraining. Verbeter je taalvaardigheid met StudyGo!","robots":{"index":"index","follow":"follow","max-snippet":"max-snippet:-1","max-image-preview":"max-image-preview:large","max-video-preview":"max-video-preview:-1"},"canonical":"https:\/\/studygo.com\/es\/italian\/","og_locale":"es_ES","og_type":"article","og_title":"Italiaans leren \u2013 Oefen woordenschat & grammatica | StudyGo","og_description":"Leer Italiaans met interactieve oefeningen en woordenschattraining. Verbeter je taalvaardigheid met StudyGo!","og_url":"https:\/\/studygo.com\/es\/italian\/","og_site_name":"StudyGo","article_publisher":"https:\/\/www.facebook.com\/studygoNL\/","article_modified_time":"2025-03-25T17:23:18+00:00","og_image":[{"width":1201,"height":801,"url":"https:\/\/www-media.studygo.com\/wp-content\/uploads\/2025\/02\/Listening-Test.png","type":"image\/png"}],"twitter_card":"summary_large_image","schema":{"@context":"https:\/\/schema.org","@graph":[{"@type":"Article","@id":"https:\/\/studygo.com\/italian\/#article","isPartOf":{"@id":"https:\/\/studygo.com\/italian\/"},"author":{"name":"kitty","@id":"https:\/\/studygo.com\/#\/schema\/person\/91678521c25c40197aa94315b51e4d1e"},"headline":"Italian","datePublished":"2022-11-11T13:35:52+00:00","dateModified":"2025-03-25T17:23:18+00:00","mainEntityOfPage":{"@id":"https:\/\/studygo.com\/italian\/"},"wordCount":1,"publisher":{"@id":"https:\/\/studygo.com\/#organization"},"inLanguage":"es-ES"},{"@type":"WebPage","@id":"https:\/\/studygo.com\/italian\/","url":"https:\/\/studygo.com\/italian\/","name":"Italiaans leren \u2013 Oefen woordenschat & grammatica | StudyGo","isPartOf":{"@id":"https:\/\/studygo.com\/#website"},"datePublished":"2022-11-11T13:35:52+00:00","dateModified":"2025-03-25T17:23:18+00:00","description":"Leer Italiaans met interactieve oefeningen en woordenschattraining. Verbeter je taalvaardigheid met StudyGo!","breadcrumb":{"@id":"https:\/\/studygo.com\/italian\/#breadcrumb"},"inLanguage":"es-ES","potentialAction":[{"@type":"ReadAction","target":["https:\/\/studygo.com\/italian\/"]}]},{"@type":"BreadcrumbList","@id":"https:\/\/studygo.com\/italian\/#breadcrumb","itemListElement":[{"@type":"ListItem","position":1,"name":"Home","item":"https:\/\/studygo.com\/"},{"@type":"ListItem","position":2,"name":"Italian"}]},{"@type":"WebSite","@id":"https:\/\/studygo.com\/#website","url":"https:\/\/studygo.com\/","name":"StudyGo","description":"","publisher":{"@id":"https:\/\/studygo.com\/#organization"},"potentialAction":[{"@type":"SearchAction","target":{"@type":"EntryPoint","urlTemplate":"https:\/\/studygo.com\/?s={search_term_string}"},"query-input":{"@type":"PropertyValueSpecification","valueRequired":true,"valueName":"search_term_string"}}],"inLanguage":"es-ES"},{"@type":"Organization","@id":"https:\/\/studygo.com\/#organization","name":"StudyGo","url":"https:\/\/studygo.com\/","logo":{"@type":"ImageObject","inLanguage":"es-ES","@id":"https:\/\/studygo.com\/#\/schema\/logo\/image\/","url":"https:\/\/www-media.studygo.com\/wp-content\/uploads\/2025\/06\/studygo-logo.png","contentUrl":"https:\/\/www-media.studygo.com\/wp-content\/uploads\/2025\/06\/studygo-logo.png","width":1244,"height":858,"caption":"StudyGo"},"image":{"@id":"https:\/\/studygo.com\/#\/schema\/logo\/image\/"},"sameAs":["https:\/\/www.facebook.com\/studygoNL\/","https:\/\/www.youtube.com\/@StudyGoNL\/videos","https:\/\/www.instagram.com\/studygonl"]},{"@type":"Person","@id":"https:\/\/studygo.com\/#\/schema\/person\/91678521c25c40197aa94315b51e4d1e","name":"kitty","image":{"@type":"ImageObject","inLanguage":"es-ES","@id":"https:\/\/studygo.com\/#\/schema\/person\/image\/","url":"https:\/\/secure.gravatar.com\/avatar\/95f50a5be5acd9fbb307bcd1f46ecfd6b4593c5aa1de03c3ac9ec36b068cf2b2?s=96&d=mm&r=g","contentUrl":"https:\/\/secure.gravatar.com\/avatar\/95f50a5be5acd9fbb307bcd1f46ecfd6b4593c5aa1de03c3ac9ec36b068cf2b2?s=96&d=mm&r=g","caption":"kitty"},"url":"https:\/\/studygo.com\/es\/author\/kitty\/"}]}},"_links":{"self":[{"href":"https:\/\/studygo.com\/es\/wp-json\/wp\/v2\/pages\/1939","targetHints":{"allow":["GET"]}}],"collection":[{"href":"https:\/\/studygo.com\/es\/wp-json\/wp\/v2\/pages"}],"about":[{"href":"https:\/\/studygo.com\/es\/wp-json\/wp\/v2\/types\/page"}],"author":[{"embeddable":true,"href":"https:\/\/studygo.com\/es\/wp-json\/wp\/v2\/users\/7"}],"replies":[{"embeddable":true,"href":"https:\/\/studygo.com\/es\/wp-json\/wp\/v2\/comments?post=1939"}],"version-history":[{"count":11,"href":"https:\/\/studygo.com\/es\/wp-json\/wp\/v2\/pages\/1939\/revisions"}],"predecessor-version":[{"id":1960,"href":"https:\/\/studygo.com\/es\/wp-json\/wp\/v2\/pages\/1939\/revisions\/1960"}],"wp:attachment":[{"href":"https:\/\/studygo.com\/es\/wp-json\/wp\/v2\/media?parent=1939"}],"curies":[{"name":"wp","href":"https:\/\/api.w.org\/{rel}","templated":true}]}}