{"id":746,"date":"2022-09-12T08:55:32","date_gmt":"2022-09-12T08:55:32","guid":{"rendered":"https:\/\/intl.wrts.dev\/?page_id=746"},"modified":"2025-09-26T13:08:17","modified_gmt":"2025-09-26T13:08:17","slug":"contact","status":"publish","type":"page","link":"https:\/\/studygo.com\/es\/contact\/","title":{"rendered":"Contact"},"content":{"rendered":"<section class=\"header-block detail-header\" style=\"color: #ffffff\">\n        <div class=\"header-block-bg\" style=\"background-color: #652ea3;\">\n                    <\/div>\n        <div class=\"carrier\">\n            <div class=\"tier content-row\">\n                <div class=\"col m-6 m-offset-0 last-m header-img-col\" >\n                                                                <div class=\"header-img\">\n                                                                                                                            <img decoding=\"async\" class=\"img\" src=\"https:\/\/www-media.studygo.com\/wp-content\/uploads\/2022\/09\/Searching-800x533.png\"\n                                    aria-hidden=\"true\">\n                                                    <\/div>\n                                    <\/div>\n                <div class=\"col m-6\">\n                    <div class=\"header-info\">\n                        <h1 class=\"page-title animated\">Contact<\/h1>                        <div class=\"section-desc animated\">\n                            <p class=\"section-desc\">\n                                    <p class=\"section-desc\">Onze Nederlandse klantenservice geeft binnen twee werkdagen een reactie.<br><br>Encuentra las preguntas m\u00e1s frecuentes en la p\u00e1gina de ayuda o ponte en contacto con nosotros a trav\u00e9s del <em><a href=\"https:\/\/studygo-support.zendesk.com\/hc\/nl\/requests\/new\">Formulario de contacto.<\/a><\/em><\/p>\n\n                            <\/p>\n                            <div class=\"knob-block-row\">\n                                            <div class=\"knob-block\">\n                <a href=\"https:\/\/studygosupport.zendesk.com\/hc\/en-gb\"\n                    id=\"contact_header-1213_cta-button\"\n                    class=\"knob white large cta-btn\"\n                    aria-label=\"Ver nuestra p\u00e1gina de ayuda\"\n                     target=\"_blank\">\n                        <span class=\"visual\">\n                            Ver nuestra p\u00e1gina de ayuda                        <\/span>\n                <\/a>\n            <\/div>\n                                                                    <\/div>\n                        <\/div>\n                    <\/div>\n                <\/div>\n            <\/div>\n        <\/div>\n    <\/section><section class=\"page-section links-block vertical large-size-web\">\n    <div class=\"carrier\">\n                    <div class=\"tier content-row center-m\">\n                                    <div class=\"col-flex m-4\">\n                        <a href=\"https:\/\/support.studygo.com\/hc\/nl\"\n                           id=\"contact_links-1268_voor-studenten-en-docenten\"\n                           class=\"knob block-link\"\n                             target=\"_blank\">\n                            <div class=\"visual\">\n                                                                    <div class=\"image-wrap\">\n                                                                                <div class=\"img\" style=\"background-image:url('https:\/\/www-media.studygo.com\/wp-content\/uploads\/2022\/09\/Mission-1-360x240.png')\"\n                                            aria-hidden=\"true\"><\/div>\n                                    <\/div>\n                                                                <div class=\"text-content\">\n                                    <div class=\"subtitle\">Para alumnos y profesores                                        <span class=\"icon icon-arrow-thin-right\"><\/span><\/div>\n                                                                            <p class=\"section-desc\">Las respuestas a todas tus preguntas<\/p>\n                                                                                                            <span class=\"simple-knob blue hide-xs hide-s\">m\u00e1s<\/span>\n                                                                                                        <\/div>\n                            <\/div>\n                        <\/a>\n                    <\/div>\n                                    <div class=\"col-flex m-4\">\n                        <a href=\"https:\/\/studygo.com\/es\/for-publishers\/\"\n                           id=\"contact_links-1268_voor-uitgevers\"\n                           class=\"knob block-link\"\n                            >\n                            <div class=\"visual\">\n                                                                    <div class=\"image-wrap\">\n                                                                                <div class=\"img\" style=\"background-image:url('https:\/\/www-media.studygo.com\/wp-content\/uploads\/2022\/09\/Book-1-360x240.png')\"\n                                            aria-hidden=\"true\"><\/div>\n                                    <\/div>\n                                                                <div class=\"text-content\">\n                                    <div class=\"subtitle\">For publishers                                        <span class=\"icon icon-arrow-thin-right\"><\/span><\/div>\n                                                                            <p class=\"section-desc\">Informaci\u00f3n sobre editoriales <\/p>\n                                                                                                            <span class=\"simple-knob blue hide-xs hide-s\">m\u00e1s<\/span>\n                                                                                                        <\/div>\n                            <\/div>\n                        <\/a>\n                    <\/div>\n                                    <div class=\"col-flex m-4\">\n                        <a href=\"https:\/\/studygo.com\/es\/press\/\"\n                           id=\"contact_links-1268_voor-de-pers\"\n                           class=\"knob block-link\"\n                            >\n                            <div class=\"visual\">\n                                                                    <div class=\"image-wrap\">\n                                                                                <div class=\"img\" style=\"background-image:url('https:\/\/www-media.studygo.com\/wp-content\/uploads\/2022\/09\/Halfpipe-1-360x249.png')\"\n                                            aria-hidden=\"true\"><\/div>\n                                    <\/div>\n                                                                <div class=\"text-content\">\n                                    <div class=\"subtitle\">Para la prensa                                        <span class=\"icon icon-arrow-thin-right\"><\/span><\/div>\n                                                                            <p class=\"section-desc\">Contacto para la prensa<\/p>\n                                                                                                            <span class=\"simple-knob blue hide-xs hide-s\">m\u00e1s<\/span>\n                                                                                                        <\/div>\n                            <\/div>\n                        <\/a>\n                    <\/div>\n                                    <div class=\"col-flex m-4\">\n                        <a href=\"https:\/\/support.studygo.com\/hc\/nl\/sections\/9638598952604-Voor-stichtingen\"\n                           id=\"contact_links-1268_voor-stichtingen-en-goede-doelen\"\n                           class=\"knob block-link\"\n                             target=\"_blank\">\n                            <div class=\"visual\">\n                                                                    <div class=\"image-wrap\">\n                                                                                <div class=\"img\" style=\"background-image:url('https:\/\/www-media.studygo.com\/wp-content\/uploads\/2023\/01\/WRTS-VOOR-IEDEREEN-e1673615175376-360x280.png')\"\n                                            aria-hidden=\"true\"><\/div>\n                                    <\/div>\n                                                                <div class=\"text-content\">\n                                    <div class=\"subtitle\">Voor stichtingen en goede doelen                                        <span class=\"icon icon-arrow-thin-right\"><\/span><\/div>\n                                                                                                            <span class=\"simple-knob blue hide-xs hide-s\">m\u00e1s<\/span>\n                                                                                                        <\/div>\n                            <\/div>\n                        <\/a>\n                    <\/div>\n                            <\/div>\n                    <\/div>\n<\/section><section class=\"page-section content-columns\">\n                        <div class=\"carrier\">\n                            <div class=\"tier\">\n                                <div class=\"col m-10 l-10 m-offset-1 l-offset-1\">\n                                <div class=\"tier is-layout-flex wp-container-core-columns-is-layout-9d6595d7 tier-is-layout-flex\"><div class=\"col m-6 content-column\"><div class=\"wp-block-column is-layout-flow wp-block-column-is-layout-flow\"><section class=\"title-block\"\n    >\n    <div class=\"carrier\">\n        <div class=\"tier center-xs\">\n            <div class=\"col s-10 l-8 animated\">\n                <h2 class=\"section-title\">Adres<\/h2>\n                            <\/div>\n            <div class=\"col s-8 l-6 animated\">\n                    <p class=\"section-desc\">Futurewhiz B.V.<br>\u00a0Hoogoorddreef 15<br>\u00a01101BA Amsterdam<\/p>\n\n                            <\/div>\n        <\/div>\n    <\/div>\n<\/section><\/div><\/div>\n\n<div class=\"col m-6 content-column\"><div class=\"wp-block-column is-layout-flow wp-block-column-is-layout-flow\"><section class=\"title-block\"\n    >\n    <div class=\"carrier\">\n        <div class=\"tier center-xs\">\n            <div class=\"col s-10 l-8 animated\">\n                <h2 class=\"section-title\">Bedrijfsinfo<\/h2>\n                            <\/div>\n            <div class=\"col s-8 l-6 animated\">\n                    <p class=\"section-desc\">Futurewhiz B.V.<br>KvK-nummer 32144948<br>BTW-nummer NL820246657B01<\/p>\n\n                            <\/div>\n        <\/div>\n    <\/div>\n<\/section><\/div><\/div><\/div>\n                                <\/div>\n                            <\/div>\n                        <\/div>\n                    <\/section><div class=\"content-html\"><div id=\"chat_app\"><\/div>\n<script src=\"https:\/\/d2ogox3z3k0nxr.cloudfront.net\/bundle-cs.studygo.aaefa949cd4f683e7a7a.js\"><\/script><\/div>","protected":false},"excerpt":{"rendered":"","protected":false},"author":7,"featured_media":0,"parent":0,"menu_order":0,"comment_status":"closed","ping_status":"closed","template":"","meta":{"inline_featured_image":false,"footnotes":""},"class_list":["post-746","page","type-page","status-publish","hentry"],"yoast_head":"<!-- This site is optimized with the Yoast SEO plugin v26.9 - https:\/\/yoast.com\/product\/yoast-seo-wordpress\/ -->\n<title>Neem contact op met StudyGo<\/title>\n<meta name=\"description\" content=\"Loop je ergens vast met StudyGo? Vind de meest gestelde vragen op onze helppagina of neem contact met ons op via het contactformulier.\" \/>\n<meta name=\"robots\" content=\"index, follow, max-snippet:-1, max-image-preview:large, max-video-preview:-1\" \/>\n<link rel=\"canonical\" href=\"https:\/\/studygo.com\/es\/contact\/\" \/>\n<meta property=\"og:locale\" content=\"es_ES\" \/>\n<meta property=\"og:type\" content=\"article\" \/>\n<meta property=\"og:title\" content=\"Neem contact op met StudyGo\" \/>\n<meta property=\"og:description\" content=\"Loop je ergens vast met StudyGo? Vind de meest gestelde vragen op onze helppagina of neem contact met ons op via het contactformulier.\" \/>\n<meta property=\"og:url\" content=\"https:\/\/studygo.com\/es\/contact\/\" \/>\n<meta property=\"og:site_name\" content=\"StudyGo\" \/>\n<meta property=\"article:publisher\" content=\"https:\/\/www.facebook.com\/studygoNL\/\" \/>\n<meta property=\"article:modified_time\" content=\"2025-09-26T13:08:17+00:00\" \/>\n<meta property=\"og:image\" content=\"https:\/\/www-media.studygo.com\/wp-content\/uploads\/2025\/02\/Listening-Test.png\" \/>\n\t<meta property=\"og:image:width\" content=\"1201\" \/>\n\t<meta property=\"og:image:height\" content=\"801\" \/>\n\t<meta property=\"og:image:type\" content=\"image\/png\" \/>\n<meta name=\"twitter:card\" content=\"summary_large_image\" \/>\n<script type=\"application\/ld+json\" class=\"yoast-schema-graph\">{\"@context\":\"https:\/\/schema.org\",\"@graph\":[{\"@type\":\"Article\",\"@id\":\"https:\/\/studygo.com\/contact\/#article\",\"isPartOf\":{\"@id\":\"https:\/\/studygo.com\/contact\/\"},\"author\":{\"name\":\"kitty\",\"@id\":\"https:\/\/studygo.com\/#\/schema\/person\/91678521c25c40197aa94315b51e4d1e\"},\"headline\":\"Contact\",\"datePublished\":\"2022-09-12T08:55:32+00:00\",\"dateModified\":\"2025-09-26T13:08:17+00:00\",\"mainEntityOfPage\":{\"@id\":\"https:\/\/studygo.com\/contact\/\"},\"wordCount\":1,\"publisher\":{\"@id\":\"https:\/\/studygo.com\/#organization\"},\"inLanguage\":\"es-ES\"},{\"@type\":\"WebPage\",\"@id\":\"https:\/\/studygo.com\/contact\/\",\"url\":\"https:\/\/studygo.com\/contact\/\",\"name\":\"Neem contact op met StudyGo\",\"isPartOf\":{\"@id\":\"https:\/\/studygo.com\/#website\"},\"datePublished\":\"2022-09-12T08:55:32+00:00\",\"dateModified\":\"2025-09-26T13:08:17+00:00\",\"description\":\"Loop je ergens vast met StudyGo? Vind de meest gestelde vragen op onze helppagina of neem contact met ons op via het contactformulier.\",\"breadcrumb\":{\"@id\":\"https:\/\/studygo.com\/contact\/#breadcrumb\"},\"inLanguage\":\"es-ES\",\"potentialAction\":[{\"@type\":\"ReadAction\",\"target\":[\"https:\/\/studygo.com\/contact\/\"]}]},{\"@type\":\"BreadcrumbList\",\"@id\":\"https:\/\/studygo.com\/contact\/#breadcrumb\",\"itemListElement\":[{\"@type\":\"ListItem\",\"position\":1,\"name\":\"Home\",\"item\":\"https:\/\/studygo.com\/\"},{\"@type\":\"ListItem\",\"position\":2,\"name\":\"Contact\"}]},{\"@type\":\"WebSite\",\"@id\":\"https:\/\/studygo.com\/#website\",\"url\":\"https:\/\/studygo.com\/\",\"name\":\"StudyGo\",\"description\":\"\",\"publisher\":{\"@id\":\"https:\/\/studygo.com\/#organization\"},\"potentialAction\":[{\"@type\":\"SearchAction\",\"target\":{\"@type\":\"EntryPoint\",\"urlTemplate\":\"https:\/\/studygo.com\/?s={search_term_string}\"},\"query-input\":{\"@type\":\"PropertyValueSpecification\",\"valueRequired\":true,\"valueName\":\"search_term_string\"}}],\"inLanguage\":\"es-ES\"},{\"@type\":\"Organization\",\"@id\":\"https:\/\/studygo.com\/#organization\",\"name\":\"StudyGo\",\"url\":\"https:\/\/studygo.com\/\",\"logo\":{\"@type\":\"ImageObject\",\"inLanguage\":\"es-ES\",\"@id\":\"https:\/\/studygo.com\/#\/schema\/logo\/image\/\",\"url\":\"https:\/\/www-media.studygo.com\/wp-content\/uploads\/2025\/06\/studygo-logo.png\",\"contentUrl\":\"https:\/\/www-media.studygo.com\/wp-content\/uploads\/2025\/06\/studygo-logo.png\",\"width\":1244,\"height\":858,\"caption\":\"StudyGo\"},\"image\":{\"@id\":\"https:\/\/studygo.com\/#\/schema\/logo\/image\/\"},\"sameAs\":[\"https:\/\/www.facebook.com\/studygoNL\/\",\"https:\/\/www.youtube.com\/@StudyGoNL\/videos\",\"https:\/\/www.instagram.com\/studygonl\"]},{\"@type\":\"Person\",\"@id\":\"https:\/\/studygo.com\/#\/schema\/person\/91678521c25c40197aa94315b51e4d1e\",\"name\":\"kitty\",\"image\":{\"@type\":\"ImageObject\",\"inLanguage\":\"es-ES\",\"@id\":\"https:\/\/studygo.com\/#\/schema\/person\/image\/\",\"url\":\"https:\/\/secure.gravatar.com\/avatar\/95f50a5be5acd9fbb307bcd1f46ecfd6b4593c5aa1de03c3ac9ec36b068cf2b2?s=96&d=mm&r=g\",\"contentUrl\":\"https:\/\/secure.gravatar.com\/avatar\/95f50a5be5acd9fbb307bcd1f46ecfd6b4593c5aa1de03c3ac9ec36b068cf2b2?s=96&d=mm&r=g\",\"caption\":\"kitty\"},\"url\":\"https:\/\/studygo.com\/es\/author\/kitty\/\"}]}<\/script>\n<!-- \/ Yoast SEO plugin. -->","yoast_head_json":{"title":"Neem contact op met StudyGo","description":"Loop je ergens vast met StudyGo? Vind de meest gestelde vragen op onze helppagina of neem contact met ons op via het contactformulier.","robots":{"index":"index","follow":"follow","max-snippet":"max-snippet:-1","max-image-preview":"max-image-preview:large","max-video-preview":"max-video-preview:-1"},"canonical":"https:\/\/studygo.com\/es\/contact\/","og_locale":"es_ES","og_type":"article","og_title":"Neem contact op met StudyGo","og_description":"Loop je ergens vast met StudyGo? Vind de meest gestelde vragen op onze helppagina of neem contact met ons op via het contactformulier.","og_url":"https:\/\/studygo.com\/es\/contact\/","og_site_name":"StudyGo","article_publisher":"https:\/\/www.facebook.com\/studygoNL\/","article_modified_time":"2025-09-26T13:08:17+00:00","og_image":[{"width":1201,"height":801,"url":"https:\/\/www-media.studygo.com\/wp-content\/uploads\/2025\/02\/Listening-Test.png","type":"image\/png"}],"twitter_card":"summary_large_image","schema":{"@context":"https:\/\/schema.org","@graph":[{"@type":"Article","@id":"https:\/\/studygo.com\/contact\/#article","isPartOf":{"@id":"https:\/\/studygo.com\/contact\/"},"author":{"name":"kitty","@id":"https:\/\/studygo.com\/#\/schema\/person\/91678521c25c40197aa94315b51e4d1e"},"headline":"Contact","datePublished":"2022-09-12T08:55:32+00:00","dateModified":"2025-09-26T13:08:17+00:00","mainEntityOfPage":{"@id":"https:\/\/studygo.com\/contact\/"},"wordCount":1,"publisher":{"@id":"https:\/\/studygo.com\/#organization"},"inLanguage":"es-ES"},{"@type":"WebPage","@id":"https:\/\/studygo.com\/contact\/","url":"https:\/\/studygo.com\/contact\/","name":"Neem contact op met StudyGo","isPartOf":{"@id":"https:\/\/studygo.com\/#website"},"datePublished":"2022-09-12T08:55:32+00:00","dateModified":"2025-09-26T13:08:17+00:00","description":"Loop je ergens vast met StudyGo? Vind de meest gestelde vragen op onze helppagina of neem contact met ons op via het contactformulier.","breadcrumb":{"@id":"https:\/\/studygo.com\/contact\/#breadcrumb"},"inLanguage":"es-ES","potentialAction":[{"@type":"ReadAction","target":["https:\/\/studygo.com\/contact\/"]}]},{"@type":"BreadcrumbList","@id":"https:\/\/studygo.com\/contact\/#breadcrumb","itemListElement":[{"@type":"ListItem","position":1,"name":"Home","item":"https:\/\/studygo.com\/"},{"@type":"ListItem","position":2,"name":"Contact"}]},{"@type":"WebSite","@id":"https:\/\/studygo.com\/#website","url":"https:\/\/studygo.com\/","name":"StudyGo","description":"","publisher":{"@id":"https:\/\/studygo.com\/#organization"},"potentialAction":[{"@type":"SearchAction","target":{"@type":"EntryPoint","urlTemplate":"https:\/\/studygo.com\/?s={search_term_string}"},"query-input":{"@type":"PropertyValueSpecification","valueRequired":true,"valueName":"search_term_string"}}],"inLanguage":"es-ES"},{"@type":"Organization","@id":"https:\/\/studygo.com\/#organization","name":"StudyGo","url":"https:\/\/studygo.com\/","logo":{"@type":"ImageObject","inLanguage":"es-ES","@id":"https:\/\/studygo.com\/#\/schema\/logo\/image\/","url":"https:\/\/www-media.studygo.com\/wp-content\/uploads\/2025\/06\/studygo-logo.png","contentUrl":"https:\/\/www-media.studygo.com\/wp-content\/uploads\/2025\/06\/studygo-logo.png","width":1244,"height":858,"caption":"StudyGo"},"image":{"@id":"https:\/\/studygo.com\/#\/schema\/logo\/image\/"},"sameAs":["https:\/\/www.facebook.com\/studygoNL\/","https:\/\/www.youtube.com\/@StudyGoNL\/videos","https:\/\/www.instagram.com\/studygonl"]},{"@type":"Person","@id":"https:\/\/studygo.com\/#\/schema\/person\/91678521c25c40197aa94315b51e4d1e","name":"kitty","image":{"@type":"ImageObject","inLanguage":"es-ES","@id":"https:\/\/studygo.com\/#\/schema\/person\/image\/","url":"https:\/\/secure.gravatar.com\/avatar\/95f50a5be5acd9fbb307bcd1f46ecfd6b4593c5aa1de03c3ac9ec36b068cf2b2?s=96&d=mm&r=g","contentUrl":"https:\/\/secure.gravatar.com\/avatar\/95f50a5be5acd9fbb307bcd1f46ecfd6b4593c5aa1de03c3ac9ec36b068cf2b2?s=96&d=mm&r=g","caption":"kitty"},"url":"https:\/\/studygo.com\/es\/author\/kitty\/"}]}},"_links":{"self":[{"href":"https:\/\/studygo.com\/es\/wp-json\/wp\/v2\/pages\/746","targetHints":{"allow":["GET"]}}],"collection":[{"href":"https:\/\/studygo.com\/es\/wp-json\/wp\/v2\/pages"}],"about":[{"href":"https:\/\/studygo.com\/es\/wp-json\/wp\/v2\/types\/page"}],"author":[{"embeddable":true,"href":"https:\/\/studygo.com\/es\/wp-json\/wp\/v2\/users\/7"}],"replies":[{"embeddable":true,"href":"https:\/\/studygo.com\/es\/wp-json\/wp\/v2\/comments?post=746"}],"version-history":[{"count":49,"href":"https:\/\/studygo.com\/es\/wp-json\/wp\/v2\/pages\/746\/revisions"}],"predecessor-version":[{"id":37710,"href":"https:\/\/studygo.com\/es\/wp-json\/wp\/v2\/pages\/746\/revisions\/37710"}],"wp:attachment":[{"href":"https:\/\/studygo.com\/es\/wp-json\/wp\/v2\/media?parent=746"}],"curies":[{"name":"wp","href":"https:\/\/api.w.org\/{rel}","templated":true}]}}