{"id":13998,"date":"2021-12-27T12:08:29","date_gmt":"2021-12-27T10:08:29","guid":{"rendered":"https:\/\/studygo.com\/nl\/?page_id=13998"},"modified":"2026-04-02T15:23:07","modified_gmt":"2026-04-02T15:23:07","slug":"exercices-interactifs","status":"publish","type":"page","link":"https:\/\/studygo.com\/fr\/sentrainer\/fonctions\/exercices-interactifs\/","title":{"rendered":"Exercices interactifs"},"content":{"rendered":"<div class=\"content-block\"><div class=\"content-block\"><section class=\"page-section rating-block white-section\">\n    <div class=\"carrier\">\n        <h2 class=\"section-title\">Fiable pour plus de <mark style=\"background-color:rgba(0, 0, 0, 0)\" class=\"has-inline-color has-luminous-vivid-amber-color\">582.245<\/mark> \u00e9l\u00e8ves<\/h2>\n        <div class=\"main-rating\">\n            <h2 class=\"count\">4,4<\/h2>\n                             <ul class=\"rating-stars total-4-5\">\n                    <li class=\"icon icon-star\"><\/li>\n                    <li class=\"icon icon-star\"><\/li>\n                    <li class=\"icon icon-star\"><\/li>\n                    <li class=\"icon icon-star\"><\/li>\n                    <li class=\"icon icon-star\"><\/li>\n                <\/ul>\n                                        <span class=\"total-count\">1,9 K avis<\/span>\n                    <\/div>\n                    <div class=\"rating-slider\">\n                <button class=\"simple-knob icon-knob slider-knob next\" aria-label=\"Plus loin\"><span class=\"icon icon-arrow-thin-right\"><\/span>\n                <\/button>\n                <button class=\"simple-knob icon-knob slider-knob prev\" aria-label=\"Previous\"><span class=\"icon icon-arrow-thin-left\"><\/span>\n                <\/button>\n                <div class=\"rating-slider-wrap\">\n                    <ul class=\"items-list\" id=\"ratingSliderList\">\n                                                                            <li class=\"list-item rating-card-wrap\">\n                                <div class=\"rating-card\">\n                                <div class=\"section-author-stars\">\n                                                                                                                                <img decoding=\"async\" class=\"logo\" src=\"https:\/\/www-media.studygo.com\/wp-content\/uploads\/2020\/03\/photo-1.png\"\n                                                aria-hidden=\"true\">\n                                                                                    <div>\n                                                                                            <p class=\"section-author\">Delphine \u2013 Terminale (lyc\u00e9e)<\/p>\n                                                                                                                                         <ul class=\"rating-stars total-5\">\n                                                    <li class=\"icon icon-star\"><\/li>\n                                                    <li class=\"icon icon-star\"><\/li>\n                                                    <li class=\"icon icon-star\"><\/li>\n                                                    <li class=\"icon icon-star\"><\/li>\n                                                    <li class=\"icon icon-star\"><\/li>\n                                                <\/ul>\n                                                                                    <\/div>\n                                    <\/div>\n                                   <div class=\"block-title\">La meilleure appli jamais cr\u00e9\u00e9e.<br>Top ! Il y a plein d\u2019options, comme les dict\u00e9es. \u00c7a permet de voir ce que tu ma\u00eetrises d\u00e9j\u00e0 et ce qu\u2019il faut encore r\u00e9viser. Une appli g\u00e9niale !<\/div>\n                                   <p class=\"section-desc\"><\/p>\n                                    <div class=\"rating-card-kid-author-stars\">\n                                                                            <\/div>\n                                <\/div>\n                            <\/li>\n                                                                            <li class=\"list-item rating-card-wrap\">\n                                <div class=\"rating-card\">\n                                <div class=\"section-author-stars\">\n                                                                                                                                <img decoding=\"async\" class=\"logo\" src=\"https:\/\/www-media.studygo.com\/wp-content\/uploads\/2020\/03\/photo-1.png\"\n                                                aria-hidden=\"true\">\n                                                                                    <div>\n                                                                                            <p class=\"section-author\">Lucas \u2013 3\u1d49 (coll\u00e8ge)<\/p>\n                                                                                                                                         <ul class=\"rating-stars total-5\">\n                                                    <li class=\"icon icon-star\"><\/li>\n                                                    <li class=\"icon icon-star\"><\/li>\n                                                    <li class=\"icon icon-star\"><\/li>\n                                                    <li class=\"icon icon-star\"><\/li>\n                                                    <li class=\"icon icon-star\"><\/li>\n                                                <\/ul>\n                                                                                    <\/div>\n                                    <\/div>\n                                   <div class=\"block-title\">Tr\u00e8s pratique pour pr\u00e9parer un contr\u00f4le. Je recommande ! Avec la version payante, c\u2019est vraiment parfait.<\/div>\n                                   <p class=\"section-desc\"><\/p>\n                                    <div class=\"rating-card-kid-author-stars\">\n                                                                            <\/div>\n                                <\/div>\n                            <\/li>\n                                                                            <li class=\"list-item rating-card-wrap\">\n                                <div class=\"rating-card\">\n                                <div class=\"section-author-stars\">\n                                                                                                                                <img decoding=\"async\" class=\"logo\" src=\"https:\/\/www-media.studygo.com\/wp-content\/uploads\/2020\/03\/photo-1.png\"\n                                                aria-hidden=\"true\">\n                                                                                    <div>\n                                                                                            <p class=\"section-author\">Camille \u2013 1\u02b3\u1d49 (lyc\u00e9e)<\/p>\n                                                                                                                                         <ul class=\"rating-stars total-5\">\n                                                    <li class=\"icon icon-star\"><\/li>\n                                                    <li class=\"icon icon-star\"><\/li>\n                                                    <li class=\"icon icon-star\"><\/li>\n                                                    <li class=\"icon icon-star\"><\/li>\n                                                    <li class=\"icon icon-star\"><\/li>\n                                                <\/ul>\n                                                                                    <\/div>\n                                    <\/div>\n                                   <div class=\"block-title\">Gr\u00e2ce \u00e0 cette appli, mes notes ont vraiment augment\u00e9. Il y a beaucoup de fa\u00e7ons diff\u00e9rentes de s\u2019exercer, et c\u2019est super \ud83d\ude0a <\/div>\n                                   <p class=\"section-desc\"><\/p>\n                                    <div class=\"rating-card-kid-author-stars\">\n                                                                            <\/div>\n                                <\/div>\n                            <\/li>\n                                        <\/div>\n            <\/div>\n                                            <div class=\"knob-group center\">\n                    <a href=\"https:\/\/apps.apple.com\/nl\/app\/wrts\/id1191740855?see-all=reviews\"\n                       class=\"simple-knob blue with-icon\" target=\"_blank\">\n                        <span class=\"text\">Voir les avis <\/span>\n                        <span class=\"icon icon-arrow-large-right\" aria-hidden=\"true\"><\/span>\n                    <\/a>\n                <\/div>\n                <\/div>\n<\/section><\/div><\/div><div class=\"content-paragraph\"><p><\/p><\/div>","protected":false},"excerpt":{"rendered":"","protected":false},"author":8,"featured_media":0,"parent":26703,"menu_order":0,"comment_status":"closed","ping_status":"closed","template":"","meta":{"inline_featured_image":false,"footnotes":""},"class_list":["post-13998","page","type-page","status-publish","hentry"],"yoast_head":"<!-- This site is optimized with the Yoast SEO plugin v26.9 - https:\/\/yoast.com\/product\/yoast-seo-wordpress\/ -->\n<title>Oefenvragen \u2013 Test en verbeter je kennis | StudyGo<\/title>\n<meta name=\"description\" content=\"Oefen met gerichte oefenvragen en bereid je goed voor op toetsen en examens. StudyGo helpt je effici\u00ebnt studeren!\" \/>\n<meta name=\"robots\" content=\"index, follow, max-snippet:-1, max-image-preview:large, max-video-preview:-1\" \/>\n<link rel=\"canonical\" href=\"https:\/\/studygo.com\/fr\/sentrainer\/fonctions\/exercices-interactifs\/\" \/>\n<meta property=\"og:locale\" content=\"fr_FR\" \/>\n<meta property=\"og:type\" content=\"article\" \/>\n<meta property=\"og:title\" content=\"Optimaal voorbereid op de volgende toetsen!\" \/>\n<meta property=\"og:description\" content=\"Oefen met gerichte oefenvragen en bereid je goed voor op toetsen en examens. StudyGo helpt je effici\u00ebnt studeren!\" \/>\n<meta property=\"og:url\" content=\"https:\/\/studygo.com\/fr\/sentrainer\/fonctions\/exercices-interactifs\/\" \/>\n<meta property=\"og:site_name\" content=\"StudyGo\" \/>\n<meta property=\"article:publisher\" content=\"https:\/\/www.facebook.com\/studygoNL\/\" \/>\n<meta property=\"article:modified_time\" content=\"2026-04-02T15:23:07+00:00\" \/>\n<meta property=\"og:image\" content=\"https:\/\/www-media.studygo.com\/wp-content\/uploads\/2022\/05\/Oefenvragen.png\" \/>\n\t<meta property=\"og:image:width\" content=\"2560\" \/>\n\t<meta property=\"og:image:height\" content=\"1600\" \/>\n\t<meta property=\"og:image:type\" content=\"image\/png\" \/>\n<meta name=\"twitter:card\" content=\"summary_large_image\" \/>\n<meta name=\"twitter:label1\" content=\"Dur\u00e9e de lecture estim\u00e9e\" \/>\n\t<meta name=\"twitter:data1\" content=\"1 minute\" \/>\n<script type=\"application\/ld+json\" class=\"yoast-schema-graph\">{\"@context\":\"https:\/\/schema.org\",\"@graph\":[{\"@type\":\"Article\",\"@id\":\"https:\/\/studygo.com\/oefenen\/functies\/oefenvragen\/#article\",\"isPartOf\":{\"@id\":\"https:\/\/studygo.com\/oefenen\/functies\/oefenvragen\/\"},\"author\":{\"name\":\"Daan Smith\",\"@id\":\"https:\/\/studygo.com\/#\/schema\/person\/69cc66a4a196cc104096bc58b9267c45\"},\"headline\":\"Oefenvragen\",\"datePublished\":\"2021-12-27T10:08:29+00:00\",\"dateModified\":\"2026-04-02T15:23:07+00:00\",\"mainEntityOfPage\":{\"@id\":\"https:\/\/studygo.com\/oefenen\/functies\/oefenvragen\/\"},\"wordCount\":9,\"publisher\":{\"@id\":\"https:\/\/studygo.com\/#organization\"},\"inLanguage\":\"fr-FR\"},{\"@type\":\"WebPage\",\"@id\":\"https:\/\/studygo.com\/oefenen\/functies\/oefenvragen\/\",\"url\":\"https:\/\/studygo.com\/oefenen\/functies\/oefenvragen\/\",\"name\":\"Oefenvragen \u2013 Test en verbeter je kennis | StudyGo\",\"isPartOf\":{\"@id\":\"https:\/\/studygo.com\/#website\"},\"datePublished\":\"2021-12-27T10:08:29+00:00\",\"dateModified\":\"2026-04-02T15:23:07+00:00\",\"description\":\"Oefen met gerichte oefenvragen en bereid je goed voor op toetsen en examens. StudyGo helpt je effici\u00ebnt studeren!\",\"breadcrumb\":{\"@id\":\"https:\/\/studygo.com\/oefenen\/functies\/oefenvragen\/#breadcrumb\"},\"inLanguage\":\"fr-FR\",\"potentialAction\":[{\"@type\":\"ReadAction\",\"target\":[\"https:\/\/studygo.com\/oefenen\/functies\/oefenvragen\/\"]}]},{\"@type\":\"BreadcrumbList\",\"@id\":\"https:\/\/studygo.com\/oefenen\/functies\/oefenvragen\/#breadcrumb\",\"itemListElement\":[{\"@type\":\"ListItem\",\"position\":1,\"name\":\"Home\",\"item\":\"https:\/\/studygo.com\/\"},{\"@type\":\"ListItem\",\"position\":2,\"name\":\"Oefenen\",\"item\":\"https:\/\/studygo.com\/oefenen\/\"},{\"@type\":\"ListItem\",\"position\":3,\"name\":\"Functies (INT)\",\"item\":\"https:\/\/studygo.com\/oefenen\/functies\/\"},{\"@type\":\"ListItem\",\"position\":4,\"name\":\"Oefenvragen\"}]},{\"@type\":\"WebSite\",\"@id\":\"https:\/\/studygo.com\/#website\",\"url\":\"https:\/\/studygo.com\/\",\"name\":\"StudyGo\",\"description\":\"\",\"publisher\":{\"@id\":\"https:\/\/studygo.com\/#organization\"},\"potentialAction\":[{\"@type\":\"SearchAction\",\"target\":{\"@type\":\"EntryPoint\",\"urlTemplate\":\"https:\/\/studygo.com\/?s={search_term_string}\"},\"query-input\":{\"@type\":\"PropertyValueSpecification\",\"valueRequired\":true,\"valueName\":\"search_term_string\"}}],\"inLanguage\":\"fr-FR\"},{\"@type\":\"Organization\",\"@id\":\"https:\/\/studygo.com\/#organization\",\"name\":\"StudyGo\",\"url\":\"https:\/\/studygo.com\/\",\"logo\":{\"@type\":\"ImageObject\",\"inLanguage\":\"fr-FR\",\"@id\":\"https:\/\/studygo.com\/#\/schema\/logo\/image\/\",\"url\":\"https:\/\/www-media.studygo.com\/wp-content\/uploads\/2025\/06\/studygo-logo.png\",\"contentUrl\":\"https:\/\/www-media.studygo.com\/wp-content\/uploads\/2025\/06\/studygo-logo.png\",\"width\":1244,\"height\":858,\"caption\":\"StudyGo\"},\"image\":{\"@id\":\"https:\/\/studygo.com\/#\/schema\/logo\/image\/\"},\"sameAs\":[\"https:\/\/www.facebook.com\/studygoNL\/\",\"https:\/\/www.youtube.com\/@StudyGoNL\/videos\",\"https:\/\/www.instagram.com\/studygonl\"]},{\"@type\":\"Person\",\"@id\":\"https:\/\/studygo.com\/#\/schema\/person\/69cc66a4a196cc104096bc58b9267c45\",\"name\":\"Daan Smith\",\"image\":{\"@type\":\"ImageObject\",\"inLanguage\":\"fr-FR\",\"@id\":\"https:\/\/studygo.com\/#\/schema\/person\/image\/\",\"url\":\"https:\/\/secure.gravatar.com\/avatar\/fc0839328d88751627f34ab4d5e5b2de3c02438c29e9a35ae8ba71a67cf4cc3e?s=96&d=mm&r=g\",\"contentUrl\":\"https:\/\/secure.gravatar.com\/avatar\/fc0839328d88751627f34ab4d5e5b2de3c02438c29e9a35ae8ba71a67cf4cc3e?s=96&d=mm&r=g\",\"caption\":\"Daan Smith\"},\"url\":\"https:\/\/studygo.com\/fr\/author\/daan\/\"}]}<\/script>\n<!-- \/ Yoast SEO plugin. -->","yoast_head_json":{"title":"Exercices interactifs \u2013 R\u00e9vise chaque mati\u00e8re \u00e0 ton rythme | StudyGo","description":"Sur StudyGo, entra\u00eene-toi avec des exercices interactifs pour toutes les mati\u00e8res. Choisis les chapitres que tu veux approfondir et progresse pas \u00e0 pas.","robots":{"index":"index","follow":"follow","max-snippet":"max-snippet:-1","max-image-preview":"max-image-preview:large","max-video-preview":"max-video-preview:-1"},"canonical":"https:\/\/studygo.com\/fr\/sentrainer\/fonctions\/exercices-interactifs\/","og_locale":"fr_FR","og_type":"article","og_title":"Optimaal voorbereid op de volgende toetsen!","og_description":"Oefen met gerichte oefenvragen en bereid je goed voor op toetsen en examens. StudyGo helpt je effici\u00ebnt studeren!","og_url":"https:\/\/studygo.com\/fr\/sentrainer\/fonctions\/exercices-interactifs\/","og_site_name":"StudyGo","article_publisher":"https:\/\/www.facebook.com\/studygoNL\/","article_modified_time":"2026-04-02T15:23:07+00:00","og_image":[{"width":2560,"height":1600,"url":"https:\/\/www-media.studygo.com\/wp-content\/uploads\/2022\/05\/Oefenvragen.png","type":"image\/png"}],"twitter_card":"summary_large_image","twitter_misc":{"Dur\u00e9e de lecture estim\u00e9e":"1 minute"},"schema":{"@context":"https:\/\/schema.org","@graph":[{"@type":"Article","@id":"https:\/\/studygo.com\/oefenen\/functies\/oefenvragen\/#article","isPartOf":{"@id":"https:\/\/studygo.com\/oefenen\/functies\/oefenvragen\/"},"author":{"name":"Daan Smith","@id":"https:\/\/studygo.com\/#\/schema\/person\/69cc66a4a196cc104096bc58b9267c45"},"headline":"Oefenvragen","datePublished":"2021-12-27T10:08:29+00:00","dateModified":"2026-04-02T15:23:07+00:00","mainEntityOfPage":{"@id":"https:\/\/studygo.com\/oefenen\/functies\/oefenvragen\/"},"wordCount":9,"publisher":{"@id":"https:\/\/studygo.com\/#organization"},"inLanguage":"fr-FR"},{"@type":"WebPage","@id":"https:\/\/studygo.com\/oefenen\/functies\/oefenvragen\/","url":"https:\/\/studygo.com\/oefenen\/functies\/oefenvragen\/","name":"Exercices interactifs \u2013 R\u00e9vise chaque mati\u00e8re \u00e0 ton rythme | StudyGo","isPartOf":{"@id":"https:\/\/studygo.com\/#website"},"datePublished":"2021-12-27T10:08:29+00:00","dateModified":"2026-04-02T15:23:07+00:00","description":"Sur StudyGo, entra\u00eene-toi avec des exercices interactifs pour toutes les mati\u00e8res. Choisis les chapitres que tu veux approfondir et progresse pas \u00e0 pas.","breadcrumb":{"@id":"https:\/\/studygo.com\/oefenen\/functies\/oefenvragen\/#breadcrumb"},"inLanguage":"fr-FR","potentialAction":[{"@type":"ReadAction","target":["https:\/\/studygo.com\/oefenen\/functies\/oefenvragen\/"]}]},{"@type":"BreadcrumbList","@id":"https:\/\/studygo.com\/oefenen\/functies\/oefenvragen\/#breadcrumb","itemListElement":[{"@type":"ListItem","position":1,"name":"Home","item":"https:\/\/studygo.com\/"},{"@type":"ListItem","position":2,"name":"Oefenen","item":"https:\/\/studygo.com\/oefenen\/"},{"@type":"ListItem","position":3,"name":"Functies (INT)","item":"https:\/\/studygo.com\/oefenen\/functies\/"},{"@type":"ListItem","position":4,"name":"Oefenvragen"}]},{"@type":"WebSite","@id":"https:\/\/studygo.com\/#website","url":"https:\/\/studygo.com\/","name":"StudyGo","description":"","publisher":{"@id":"https:\/\/studygo.com\/#organization"},"potentialAction":[{"@type":"SearchAction","target":{"@type":"EntryPoint","urlTemplate":"https:\/\/studygo.com\/?s={search_term_string}"},"query-input":{"@type":"PropertyValueSpecification","valueRequired":true,"valueName":"search_term_string"}}],"inLanguage":"fr-FR"},{"@type":"Organization","@id":"https:\/\/studygo.com\/#organization","name":"StudyGo","url":"https:\/\/studygo.com\/","logo":{"@type":"ImageObject","inLanguage":"fr-FR","@id":"https:\/\/studygo.com\/#\/schema\/logo\/image\/","url":"https:\/\/www-media.studygo.com\/wp-content\/uploads\/2025\/06\/studygo-logo.png","contentUrl":"https:\/\/www-media.studygo.com\/wp-content\/uploads\/2025\/06\/studygo-logo.png","width":1244,"height":858,"caption":"StudyGo"},"image":{"@id":"https:\/\/studygo.com\/#\/schema\/logo\/image\/"},"sameAs":["https:\/\/www.facebook.com\/studygoNL\/","https:\/\/www.youtube.com\/@StudyGoNL\/videos","https:\/\/www.instagram.com\/studygonl"]},{"@type":"Person","@id":"https:\/\/studygo.com\/#\/schema\/person\/69cc66a4a196cc104096bc58b9267c45","name":"Daan Smith","image":{"@type":"ImageObject","inLanguage":"fr-FR","@id":"https:\/\/studygo.com\/#\/schema\/person\/image\/","url":"https:\/\/secure.gravatar.com\/avatar\/fc0839328d88751627f34ab4d5e5b2de3c02438c29e9a35ae8ba71a67cf4cc3e?s=96&d=mm&r=g","contentUrl":"https:\/\/secure.gravatar.com\/avatar\/fc0839328d88751627f34ab4d5e5b2de3c02438c29e9a35ae8ba71a67cf4cc3e?s=96&d=mm&r=g","caption":"Daan Smith"},"url":"https:\/\/studygo.com\/fr\/author\/daan\/"}]}},"_links":{"self":[{"href":"https:\/\/studygo.com\/fr\/wp-json\/wp\/v2\/pages\/13998","targetHints":{"allow":["GET"]}}],"collection":[{"href":"https:\/\/studygo.com\/fr\/wp-json\/wp\/v2\/pages"}],"about":[{"href":"https:\/\/studygo.com\/fr\/wp-json\/wp\/v2\/types\/page"}],"author":[{"embeddable":true,"href":"https:\/\/studygo.com\/fr\/wp-json\/wp\/v2\/users\/8"}],"replies":[{"embeddable":true,"href":"https:\/\/studygo.com\/fr\/wp-json\/wp\/v2\/comments?post=13998"}],"version-history":[{"count":85,"href":"https:\/\/studygo.com\/fr\/wp-json\/wp\/v2\/pages\/13998\/revisions"}],"predecessor-version":[{"id":41697,"href":"https:\/\/studygo.com\/fr\/wp-json\/wp\/v2\/pages\/13998\/revisions\/41697"}],"up":[{"embeddable":true,"href":"https:\/\/studygo.com\/fr\/wp-json\/wp\/v2\/pages\/26703"}],"wp:attachment":[{"href":"https:\/\/studygo.com\/fr\/wp-json\/wp\/v2\/media?parent=13998"}],"curies":[{"name":"wp","href":"https:\/\/api.w.org\/{rel}","templated":true}]}}