{"id":1466,"date":"2022-09-23T07:50:16","date_gmt":"2022-09-23T07:50:16","guid":{"rendered":"https:\/\/intl.wrts.dev\/?page_id=1466"},"modified":"2025-03-25T17:22:17","modified_gmt":"2025-03-25T17:22:17","slug":"how-to-import-quizlet-study-sets","status":"publish","type":"page","link":"https:\/\/studygo.com\/fr\/how-to-import-quizlet-study-sets\/","title":{"rendered":"How to import Quizlet study sets"},"content":{"rendered":"<section class=\"header-block detail-header\" style=\"color: #ffffff\">\n        <div class=\"header-block-bg\" style=\"background-color: #652ea3;\">\n                    <\/div>\n        <div class=\"carrier\">\n            <div class=\"tier content-row\">\n                <div class=\"col m-6 m-offset-0 last-m header-img-col\" >\n                                                                <div class=\"header-img\">\n                                                                                                                            <img decoding=\"async\" class=\"img\" src=\"https:\/\/www-media.studygo.com\/wp-content\/uploads\/2022\/09\/Floating-800x696.png\"\n                                    aria-hidden=\"true\">\n                                                    <\/div>\n                                    <\/div>\n                <div class=\"col m-6\">\n                    <div class=\"header-info\">\n                        <h1 class=\"page-title animated\">Importation de s\u00e9ries de mots Quizlet dans StudyGo<\/h1>                        <div class=\"section-desc animated\">\n                            <p class=\"section-desc\">\n                                    <p class=\"section-desc\">Tu en as assez d'utiliser Quizlet ? En quelques \u00e9tapes simples, tu peux importer tes s\u00e9ries de mots Quizlet dans StudyGo ! Cr\u00e9e un compte gratuit maintenant ou connecte-toi \u00e0 ton compte existant pour essayer toi-m\u00eame.<\/p>\n\n                            <\/p>\n                            <div class=\"knob-block-row\">\n                                                        <div class=\"knob-block\">\n                <a href=\"\/fr\/learn\/sign-up\/?last_page_slug=%252Ffr%252Fwp-json%252Fwp%252Fv2%252Fpages%252F1466\"\n                   id=\"how-to-import-quizlet-study-sets_header-1351_order-button\"\n                   class=\"knob order-knob large\"\n                   aria-label=\"S&#039;inscrire gratuitement\"\n                     style=''>\n                    <span class=\"visual\">\n                        S'inscrire gratuitement                    <\/span>\n                <\/a>\n                                                                <\/div>\n                                                    <div class=\"knob-block\">\n                <a href=\"https:\/\/studygo.com\/fr\/how-to-import-quizlet-study-sets\/\"\n                   id=\"how-to-import-quizlet-study-sets_header-1351_text-button\"\n                   class=\"simple-knob blue with-icon\"\n                   aria-label=\"Voir les 7 \u00e9tapes\"\n                   >\n                    <span class=\"text\">Voir les 7 \u00e9tapes<\/span>\n                    <span class=\"icon icon-arrow-large-right\"><\/span>\n                <\/a>\n            <\/div>\n                                    <\/div>\n                        <\/div>\n                    <\/div>\n                <\/div>\n            <\/div>\n        <\/div>\n    <\/section><section class=\"page-section media-block reverse\"\n    >\n    <div class=\"carrier\">\n        <div class=\"tier middle-m content-row\">\n            <div class=\"col m-6 media-preview-col\">\n                                            <div class=\"media-preview img-fit\"\n                     style=\"background-image: url(https:\/\/www-media.studygo.com\/wp-content\/uploads\/2022\/09\/Create_a_list-800x599.png)\"\n                     aria-hidden=\"true\">\n                                                        <\/div>\n                                        <\/div>\n            <div class=\"media-info-col col m-5 m-offset-1\">\n                <div class=\"media-info\">\n                                        <h2 class=\"section-title animated\"># 1 Clique sur Cr\u00e9er une s\u00e9rie de mots<\/h2>\n                    <div class=\"section-desc animated\">\n                            <p class=\"section-desc\">Une fois connect\u00e9, tu verras le bouton vert \u00ab Cr\u00e9er une s\u00e9rie de mots \u00bb dans le coin sup\u00e9rieur gauche.<\/p>\n\n                                            <\/div>\n                <\/div>\n            <\/div>\n        <\/div>\n    <\/div>\n<\/section><section class=\"page-section media-block reverse\"\n    >\n    <div class=\"carrier\">\n        <div class=\"tier middle-m content-row\">\n            <div class=\"col m-6 media-preview-col\">\n                                            <div class=\"media-preview img-fit\"\n                     style=\"background-image: url(https:\/\/www-media.studygo.com\/wp-content\/uploads\/2022\/09\/Description_and_import-800x599.png)\"\n                     aria-hidden=\"true\">\n                                                        <\/div>\n                                        <\/div>\n            <div class=\"media-info-col col m-5 m-offset-1\">\n                <div class=\"media-info\">\n                                        <h2 class=\"section-title animated\">#2 Clique sur importer<\/h2>\n                    <div class=\"section-desc animated\">\n                            <p class=\"section-desc\">Une fois que tu es en mode \u00e9dition, tu trouveras la fonction d'importation sous le titre et la description de ta s\u00e9rie de mots.<\/p>\n\n                                            <\/div>\n                <\/div>\n            <\/div>\n        <\/div>\n    <\/div>\n<\/section><section class=\"page-section media-block reverse\"\n    >\n    <div class=\"carrier\">\n        <div class=\"tier middle-m content-row\">\n            <div class=\"col m-6 media-preview-col\">\n                                            <div class=\"media-preview img-fit\"\n                     style=\"background-image: url(https:\/\/www-media.studygo.com\/wp-content\/uploads\/2022\/09\/import_modal-800x599.png)\"\n                     aria-hidden=\"true\">\n                                                        <\/div>\n                                        <\/div>\n            <div class=\"media-info-col col m-5 m-offset-1\">\n                <div class=\"media-info\">\n                                        <h2 class=\"section-title animated\">#3 Fonction d'importation sur StudyGo<\/h2>\n                    <div class=\"section-desc animated\">\n                            <p class=\"section-desc\">Le vocabulaire peut \u00eatre copi\u00e9-coll\u00e9 dans l'onglet ou dans le mode \u00e9gal \u00e0 '='. Le mode onglet est principalement utilis\u00e9 pour importer du vocabulaire depuis Excel et Quizlet.<\/p>\n\n                                            <\/div>\n                <\/div>\n            <\/div>\n        <\/div>\n    <\/div>\n<\/section><section class=\"page-section media-block reverse\"\n    >\n    <div class=\"carrier\">\n        <div class=\"tier middle-m content-row\">\n            <div class=\"col m-6 media-preview-col\">\n                                            <div class=\"media-preview img-fit\"\n                     style=\"background-image: url(https:\/\/www-media.studygo.com\/wp-content\/uploads\/2022\/09\/Screenshot-2022-09-29-at-11.34.23-800x610.png)\"\n                     aria-hidden=\"true\">\n                                                        <\/div>\n                                        <\/div>\n            <div class=\"media-info-col col m-5 m-offset-1\">\n                <div class=\"media-info\">\n                                        <h2 class=\"section-title animated\">#4 Acc\u00e8de \u00e0 une s\u00e9rie de mots dans Quizlet<\/h2>\n                    <div class=\"section-desc animated\">\n                            <p class=\"section-desc\">Connecte-toi \u00e0 ton compte Quizlet et trouve la s\u00e9rie de mots que tu veux importer dans StudyGo. Clique sur l'ic\u00f4ne avec les 3 points en bas de ta s\u00e9rie de mots.<\/p>\n\n                                            <\/div>\n                <\/div>\n            <\/div>\n        <\/div>\n    <\/div>\n<\/section><section class=\"page-section media-block reverse\"\n    >\n    <div class=\"carrier\">\n        <div class=\"tier middle-m content-row\">\n            <div class=\"col m-6 media-preview-col\">\n                                            <div class=\"media-preview img-fit\"\n                     style=\"background-image: url(https:\/\/www-media.studygo.com\/wp-content\/uploads\/2022\/09\/Screenshot-2022-09-29-at-11.35.57.png)\"\n                     aria-hidden=\"true\">\n                                                        <\/div>\n                                        <\/div>\n            <div class=\"media-info-col col m-5 m-offset-1\">\n                <div class=\"media-info\">\n                                        <h2 class=\"section-title animated\">#5 Choisis \"Exporter\"<\/h2>\n                    <div class=\"section-desc animated\">\n                            <p class=\"section-desc\">Ensuite, passe \u00e0 l'\u00e9tape suivante. <\/p>\n\n                                            <\/div>\n                <\/div>\n            <\/div>\n        <\/div>\n    <\/div>\n<\/section><section class=\"page-section media-block reverse\"\n    >\n    <div class=\"carrier\">\n        <div class=\"tier middle-m content-row\">\n            <div class=\"col m-6 media-preview-col\">\n                                            <div class=\"media-preview img-fit\"\n                     style=\"background-image: url(https:\/\/www-media.studygo.com\/wp-content\/uploads\/2022\/09\/Screenshot-2022-09-29-at-11.36.50-800x899.png)\"\n                     aria-hidden=\"true\">\n                                                        <\/div>\n                                        <\/div>\n            <div class=\"media-info-col col m-5 m-offset-1\">\n                <div class=\"media-info\">\n                                        <h2 class=\"section-title animated\"># 6 S\u00e9lectionne l'onglet et la nouvelle ligne<\/h2>\n                    <div class=\"section-desc animated\">\n                            <p class=\"section-desc\">Assure-toi que ces deux param\u00e8tres sont s\u00e9lectionn\u00e9s :<br>Entre terme et d\u00e9finition -&gt; <em>Tab<\/em><br>Entre les lignes<em> -&gt; Nouvelle ligne<\/em><br><br>Veux-tu pratiquer ta s\u00e9rie par ordre alphab\u00e9tique ?<br>Si c'est le cas, assure-toi de s\u00e9lectionner \u00e9galement :<em> \u2018Mettre par ordre alphab\u00e9tique\u2019. <\/em><\/p>\n\n                                            <\/div>\n                <\/div>\n            <\/div>\n        <\/div>\n    <\/div>\n<\/section><section class=\"page-section media-block reverse\"\n    >\n    <div class=\"carrier\">\n        <div class=\"tier middle-m content-row\">\n            <div class=\"col m-6 media-preview-col\">\n                                            <div class=\"media-preview img-fit\"\n                     style=\"background-image: url(https:\/\/www-media.studygo.com\/wp-content\/uploads\/2022\/09\/import_modal_filled-800x599.png)\"\n                     aria-hidden=\"true\">\n                                                        <\/div>\n                                        <\/div>\n            <div class=\"media-info-col col m-5 m-offset-1\">\n                <div class=\"media-info\">\n                                        <h2 class=\"section-title animated\">#7 Copie-colle le vocabulaire dans StudyGo<\/h2>\n                    <div class=\"section-desc animated\">\n                            <p class=\"section-desc\">Copie le vocabulaire et colle-le dans le mode Tab dans la fonction d'importation sur StudyGo.<br>Toutes nos f\u00e9licitations ! Ta s\u00e9rie de mots Quizlet est maintenant disponible sur StudyGo !<\/p>\n\n                                                <div class=\"knob-block\">\n                <a href=\"https:\/\/studygo.com\/fr\/learn\/sign-up\/?last_page_slug=%252Ffr%252Fwp-json%252Fwp%252Fv2%252Fpages%252F1466\"\n                   id=\"how-to-import-quizlet-study-sets_text-media-1358_order-button\"\n                   class=\"knob order-knob large\"\n                   aria-label=\"Commencer \u00e0 t\u2019entra\u00eener\"\n                     style=''>\n                    <span class=\"visual\">\n                        Commencer \u00e0 t\u2019entra\u00eener                    <\/span>\n                <\/a>\n                                                                <\/div>\n                            <\/div>\n                <\/div>\n            <\/div>\n        <\/div>\n    <\/div>\n<\/section><section class=\"title-block\"\n    >\n    <div class=\"carrier\">\n        <div class=\"tier center-xs\">\n            <div class=\"col s-10 l-8 animated\">\n                <h2 class=\"section-title\">Pourquoi passer \u00e0 StudyGo ?<\/h2>\n                            <\/div>\n            <div class=\"col s-8 l-6 animated\">\n                \n                            <\/div>\n        <\/div>\n    <\/div>\n<\/section><section class=\"page-section usp-block\">\n    <div class=\"carrier\">\n                    <div class=\"tier content-row\">\n                                    <div class=\"col m-4\">\n                        <div class=\"usp-card\">\n                            <div class=\"image-wrap\">\n                                                                                                        <img decoding=\"async\" class=\"img\" src=\"https:\/\/www-media.studygo.com\/wp-content\/uploads\/2022\/09\/Gliding-Arrow-360x240.png\"\n                                        aria-hidden=\"true\">\n                                                            <\/div>\n                            <div class=\"info-block\">\n                                <div class=\"block-title\">Plateforme gratuite<\/div>\n                                <p class=\"section-desc\">Sur StudyGo, tu peux cr\u00e9er un compte gratuit en quelques \u00e9tapes simples !<\/p>\n                            <\/div>\n                        <\/div>\n                    <\/div>\n                                    <div class=\"col m-4\">\n                        <div class=\"usp-card\">\n                            <div class=\"image-wrap\">\n                                                                                                        <img decoding=\"async\" class=\"img\" src=\"https:\/\/www-media.studygo.com\/wp-content\/uploads\/2022\/09\/Teacher-1-360x360.png\"\n                                        aria-hidden=\"true\">\n                                                            <\/div>\n                            <div class=\"info-block\">\n                                <div class=\"block-title\">Les enseignants recommandent StudyGo<\/div>\n                                <p class=\"section-desc\">1 000 000 d\u2019\u00e9l\u00e8ves et 10 000 enseignants utilisent StudyGo. Les enseignants peuvent facilement t\u00e9l\u00e9charger des s\u00e9ries de mots pour toi en tant que devoirs.<\/p>\n                            <\/div>\n                        <\/div>\n                    <\/div>\n                                    <div class=\"col m-4\">\n                        <div class=\"usp-card\">\n                            <div class=\"image-wrap\">\n                                                                                                        <img decoding=\"async\" class=\"img\" src=\"https:\/\/www-media.studygo.com\/wp-content\/uploads\/2022\/09\/Ad-Free-2-1-360x360.png\"\n                                        aria-hidden=\"true\">\n                                                            <\/div>\n                            <div class=\"info-block\">\n                                <div class=\"block-title\">Sans pubs<\/div>\n                                <p class=\"section-desc\">Chez StudyGo, nous travaillons sans publicit\u00e9 afin que tu puisses t\u2019entra\u00eener en toute concentration !<\/p>\n                            <\/div>\n                        <\/div>\n                    <\/div>\n                            <\/div>\n                        <\/div>\n<\/section>","protected":false},"excerpt":{"rendered":"","protected":false},"author":7,"featured_media":0,"parent":0,"menu_order":0,"comment_status":"closed","ping_status":"closed","template":"","meta":{"inline_featured_image":false,"footnotes":""},"class_list":["post-1466","page","type-page","status-publish","hentry"],"yoast_head":"<!-- This site is optimized with the Yoast SEO plugin v26.9 - https:\/\/yoast.com\/product\/yoast-seo-wordpress\/ -->\n<title>Quizlet study sets importeren \u2013 Zo werkt het! | StudyGo<\/title>\n<meta name=\"description\" content=\"Leer hoe je eenvoudig Quizlet study sets importeert en je leerproces optimaliseert. Snel en effectief studeren!\" \/>\n<meta name=\"robots\" content=\"index, follow, max-snippet:-1, max-image-preview:large, max-video-preview:-1\" \/>\n<link rel=\"canonical\" href=\"https:\/\/studygo.com\/fr\/how-to-import-quizlet-study-sets\/\" \/>\n<meta property=\"og:locale\" content=\"fr_FR\" \/>\n<meta property=\"og:type\" content=\"article\" \/>\n<meta property=\"og:title\" content=\"Quizlet study sets importeren \u2013 Zo werkt het! | StudyGo\" \/>\n<meta property=\"og:description\" content=\"Leer hoe je eenvoudig Quizlet study sets importeert en je leerproces optimaliseert. Snel en effectief studeren!\" \/>\n<meta property=\"og:url\" content=\"https:\/\/studygo.com\/fr\/how-to-import-quizlet-study-sets\/\" \/>\n<meta property=\"og:site_name\" content=\"StudyGo\" \/>\n<meta property=\"article:publisher\" content=\"https:\/\/www.facebook.com\/studygoNL\/\" \/>\n<meta property=\"article:modified_time\" content=\"2025-03-25T17:22:17+00:00\" \/>\n<meta property=\"og:image\" content=\"https:\/\/www-media.studygo.com\/wp-content\/uploads\/2025\/02\/Listening-Test.png\" \/>\n\t<meta property=\"og:image:width\" content=\"1201\" \/>\n\t<meta property=\"og:image:height\" content=\"801\" \/>\n\t<meta property=\"og:image:type\" content=\"image\/png\" \/>\n<meta name=\"twitter:card\" content=\"summary_large_image\" \/>\n<script type=\"application\/ld+json\" class=\"yoast-schema-graph\">{\"@context\":\"https:\/\/schema.org\",\"@graph\":[{\"@type\":\"Article\",\"@id\":\"https:\/\/studygo.com\/how-to-import-quizlet-study-sets\/#article\",\"isPartOf\":{\"@id\":\"https:\/\/studygo.com\/how-to-import-quizlet-study-sets\/\"},\"author\":{\"name\":\"kitty\",\"@id\":\"https:\/\/studygo.com\/#\/schema\/person\/91678521c25c40197aa94315b51e4d1e\"},\"headline\":\"How to import Quizlet study sets\",\"datePublished\":\"2022-09-23T07:50:16+00:00\",\"dateModified\":\"2025-03-25T17:22:17+00:00\",\"mainEntityOfPage\":{\"@id\":\"https:\/\/studygo.com\/how-to-import-quizlet-study-sets\/\"},\"wordCount\":6,\"publisher\":{\"@id\":\"https:\/\/studygo.com\/#organization\"},\"inLanguage\":\"fr-FR\"},{\"@type\":\"WebPage\",\"@id\":\"https:\/\/studygo.com\/how-to-import-quizlet-study-sets\/\",\"url\":\"https:\/\/studygo.com\/how-to-import-quizlet-study-sets\/\",\"name\":\"Quizlet study sets importeren \u2013 Zo werkt het! | StudyGo\",\"isPartOf\":{\"@id\":\"https:\/\/studygo.com\/#website\"},\"datePublished\":\"2022-09-23T07:50:16+00:00\",\"dateModified\":\"2025-03-25T17:22:17+00:00\",\"description\":\"Leer hoe je eenvoudig Quizlet study sets importeert en je leerproces optimaliseert. Snel en effectief studeren!\",\"breadcrumb\":{\"@id\":\"https:\/\/studygo.com\/how-to-import-quizlet-study-sets\/#breadcrumb\"},\"inLanguage\":\"fr-FR\",\"potentialAction\":[{\"@type\":\"ReadAction\",\"target\":[\"https:\/\/studygo.com\/how-to-import-quizlet-study-sets\/\"]}]},{\"@type\":\"BreadcrumbList\",\"@id\":\"https:\/\/studygo.com\/how-to-import-quizlet-study-sets\/#breadcrumb\",\"itemListElement\":[{\"@type\":\"ListItem\",\"position\":1,\"name\":\"Home\",\"item\":\"https:\/\/studygo.com\/\"},{\"@type\":\"ListItem\",\"position\":2,\"name\":\"How to import Quizlet study sets\"}]},{\"@type\":\"WebSite\",\"@id\":\"https:\/\/studygo.com\/#website\",\"url\":\"https:\/\/studygo.com\/\",\"name\":\"StudyGo\",\"description\":\"\",\"publisher\":{\"@id\":\"https:\/\/studygo.com\/#organization\"},\"potentialAction\":[{\"@type\":\"SearchAction\",\"target\":{\"@type\":\"EntryPoint\",\"urlTemplate\":\"https:\/\/studygo.com\/?s={search_term_string}\"},\"query-input\":{\"@type\":\"PropertyValueSpecification\",\"valueRequired\":true,\"valueName\":\"search_term_string\"}}],\"inLanguage\":\"fr-FR\"},{\"@type\":\"Organization\",\"@id\":\"https:\/\/studygo.com\/#organization\",\"name\":\"StudyGo\",\"url\":\"https:\/\/studygo.com\/\",\"logo\":{\"@type\":\"ImageObject\",\"inLanguage\":\"fr-FR\",\"@id\":\"https:\/\/studygo.com\/#\/schema\/logo\/image\/\",\"url\":\"https:\/\/www-media.studygo.com\/wp-content\/uploads\/2025\/06\/studygo-logo.png\",\"contentUrl\":\"https:\/\/www-media.studygo.com\/wp-content\/uploads\/2025\/06\/studygo-logo.png\",\"width\":1244,\"height\":858,\"caption\":\"StudyGo\"},\"image\":{\"@id\":\"https:\/\/studygo.com\/#\/schema\/logo\/image\/\"},\"sameAs\":[\"https:\/\/www.facebook.com\/studygoNL\/\",\"https:\/\/www.youtube.com\/@StudyGoNL\/videos\",\"https:\/\/www.instagram.com\/studygonl\"]},{\"@type\":\"Person\",\"@id\":\"https:\/\/studygo.com\/#\/schema\/person\/91678521c25c40197aa94315b51e4d1e\",\"name\":\"kitty\",\"image\":{\"@type\":\"ImageObject\",\"inLanguage\":\"fr-FR\",\"@id\":\"https:\/\/studygo.com\/#\/schema\/person\/image\/\",\"url\":\"https:\/\/secure.gravatar.com\/avatar\/95f50a5be5acd9fbb307bcd1f46ecfd6b4593c5aa1de03c3ac9ec36b068cf2b2?s=96&d=mm&r=g\",\"contentUrl\":\"https:\/\/secure.gravatar.com\/avatar\/95f50a5be5acd9fbb307bcd1f46ecfd6b4593c5aa1de03c3ac9ec36b068cf2b2?s=96&d=mm&r=g\",\"caption\":\"kitty\"},\"url\":\"https:\/\/studygo.com\/fr\/author\/kitty\/\"}]}<\/script>\n<!-- \/ Yoast SEO plugin. -->","yoast_head_json":{"title":"Quizlet study sets importeren \u2013 Zo werkt het! | StudyGo","description":"Leer hoe je eenvoudig Quizlet study sets importeert en je leerproces optimaliseert. Snel en effectief studeren!","robots":{"index":"index","follow":"follow","max-snippet":"max-snippet:-1","max-image-preview":"max-image-preview:large","max-video-preview":"max-video-preview:-1"},"canonical":"https:\/\/studygo.com\/fr\/how-to-import-quizlet-study-sets\/","og_locale":"fr_FR","og_type":"article","og_title":"Quizlet study sets importeren \u2013 Zo werkt het! | StudyGo","og_description":"Leer hoe je eenvoudig Quizlet study sets importeert en je leerproces optimaliseert. Snel en effectief studeren!","og_url":"https:\/\/studygo.com\/fr\/how-to-import-quizlet-study-sets\/","og_site_name":"StudyGo","article_publisher":"https:\/\/www.facebook.com\/studygoNL\/","article_modified_time":"2025-03-25T17:22:17+00:00","og_image":[{"width":1201,"height":801,"url":"https:\/\/www-media.studygo.com\/wp-content\/uploads\/2025\/02\/Listening-Test.png","type":"image\/png"}],"twitter_card":"summary_large_image","schema":{"@context":"https:\/\/schema.org","@graph":[{"@type":"Article","@id":"https:\/\/studygo.com\/how-to-import-quizlet-study-sets\/#article","isPartOf":{"@id":"https:\/\/studygo.com\/how-to-import-quizlet-study-sets\/"},"author":{"name":"kitty","@id":"https:\/\/studygo.com\/#\/schema\/person\/91678521c25c40197aa94315b51e4d1e"},"headline":"How to import Quizlet study sets","datePublished":"2022-09-23T07:50:16+00:00","dateModified":"2025-03-25T17:22:17+00:00","mainEntityOfPage":{"@id":"https:\/\/studygo.com\/how-to-import-quizlet-study-sets\/"},"wordCount":6,"publisher":{"@id":"https:\/\/studygo.com\/#organization"},"inLanguage":"fr-FR"},{"@type":"WebPage","@id":"https:\/\/studygo.com\/how-to-import-quizlet-study-sets\/","url":"https:\/\/studygo.com\/how-to-import-quizlet-study-sets\/","name":"Quizlet study sets importeren \u2013 Zo werkt het! | StudyGo","isPartOf":{"@id":"https:\/\/studygo.com\/#website"},"datePublished":"2022-09-23T07:50:16+00:00","dateModified":"2025-03-25T17:22:17+00:00","description":"Leer hoe je eenvoudig Quizlet study sets importeert en je leerproces optimaliseert. Snel en effectief studeren!","breadcrumb":{"@id":"https:\/\/studygo.com\/how-to-import-quizlet-study-sets\/#breadcrumb"},"inLanguage":"fr-FR","potentialAction":[{"@type":"ReadAction","target":["https:\/\/studygo.com\/how-to-import-quizlet-study-sets\/"]}]},{"@type":"BreadcrumbList","@id":"https:\/\/studygo.com\/how-to-import-quizlet-study-sets\/#breadcrumb","itemListElement":[{"@type":"ListItem","position":1,"name":"Home","item":"https:\/\/studygo.com\/"},{"@type":"ListItem","position":2,"name":"How to import Quizlet study sets"}]},{"@type":"WebSite","@id":"https:\/\/studygo.com\/#website","url":"https:\/\/studygo.com\/","name":"StudyGo","description":"","publisher":{"@id":"https:\/\/studygo.com\/#organization"},"potentialAction":[{"@type":"SearchAction","target":{"@type":"EntryPoint","urlTemplate":"https:\/\/studygo.com\/?s={search_term_string}"},"query-input":{"@type":"PropertyValueSpecification","valueRequired":true,"valueName":"search_term_string"}}],"inLanguage":"fr-FR"},{"@type":"Organization","@id":"https:\/\/studygo.com\/#organization","name":"StudyGo","url":"https:\/\/studygo.com\/","logo":{"@type":"ImageObject","inLanguage":"fr-FR","@id":"https:\/\/studygo.com\/#\/schema\/logo\/image\/","url":"https:\/\/www-media.studygo.com\/wp-content\/uploads\/2025\/06\/studygo-logo.png","contentUrl":"https:\/\/www-media.studygo.com\/wp-content\/uploads\/2025\/06\/studygo-logo.png","width":1244,"height":858,"caption":"StudyGo"},"image":{"@id":"https:\/\/studygo.com\/#\/schema\/logo\/image\/"},"sameAs":["https:\/\/www.facebook.com\/studygoNL\/","https:\/\/www.youtube.com\/@StudyGoNL\/videos","https:\/\/www.instagram.com\/studygonl"]},{"@type":"Person","@id":"https:\/\/studygo.com\/#\/schema\/person\/91678521c25c40197aa94315b51e4d1e","name":"kitty","image":{"@type":"ImageObject","inLanguage":"fr-FR","@id":"https:\/\/studygo.com\/#\/schema\/person\/image\/","url":"https:\/\/secure.gravatar.com\/avatar\/95f50a5be5acd9fbb307bcd1f46ecfd6b4593c5aa1de03c3ac9ec36b068cf2b2?s=96&d=mm&r=g","contentUrl":"https:\/\/secure.gravatar.com\/avatar\/95f50a5be5acd9fbb307bcd1f46ecfd6b4593c5aa1de03c3ac9ec36b068cf2b2?s=96&d=mm&r=g","caption":"kitty"},"url":"https:\/\/studygo.com\/fr\/author\/kitty\/"}]}},"_links":{"self":[{"href":"https:\/\/studygo.com\/fr\/wp-json\/wp\/v2\/pages\/1466","targetHints":{"allow":["GET"]}}],"collection":[{"href":"https:\/\/studygo.com\/fr\/wp-json\/wp\/v2\/pages"}],"about":[{"href":"https:\/\/studygo.com\/fr\/wp-json\/wp\/v2\/types\/page"}],"author":[{"embeddable":true,"href":"https:\/\/studygo.com\/fr\/wp-json\/wp\/v2\/users\/7"}],"replies":[{"embeddable":true,"href":"https:\/\/studygo.com\/fr\/wp-json\/wp\/v2\/comments?post=1466"}],"version-history":[{"count":35,"href":"https:\/\/studygo.com\/fr\/wp-json\/wp\/v2\/pages\/1466\/revisions"}],"predecessor-version":[{"id":1920,"href":"https:\/\/studygo.com\/fr\/wp-json\/wp\/v2\/pages\/1466\/revisions\/1920"}],"wp:attachment":[{"href":"https:\/\/studygo.com\/fr\/wp-json\/wp\/v2\/media?parent=1466"}],"curies":[{"name":"wp","href":"https:\/\/api.w.org\/{rel}","templated":true}]}}