{"id":196,"date":"2022-09-02T08:17:36","date_gmt":"2022-09-02T08:17:36","guid":{"rendered":"https:\/\/intl.wrts.dev\/?page_id=196"},"modified":"2025-03-25T16:55:19","modified_gmt":"2025-03-25T16:55:19","slug":"quizzes","status":"publish","type":"page","link":"https:\/\/studygo.com\/fr\/sentrainer\/fonctions\/quizzes\/","title":{"rendered":"Quizzen (INT)"},"content":{"rendered":"<section class=\"header-block detail-header\" style=\"color: #ffffff\">\n        <div class=\"header-block-bg\" style=\"background-color: #652ea3;\">\n                    <\/div>\n        <div class=\"carrier\">\n            <div class=\"tier content-row\">\n                <div class=\"col m-6 m-offset-0 last-m header-img-col\" >\n                                                                <div class=\"header-img\">\n                                                                                                                            <img decoding=\"async\" class=\"img\" src=\"https:\/\/www-media.studygo.com\/wp-content\/uploads\/2022\/09\/Pointer-Test-Standing-800x533.png\"\n                                    aria-hidden=\"true\">\n                                                    <\/div>\n                                    <\/div>\n                <div class=\"col m-6\">\n                    <div class=\"header-info\">\n                        <h1 class=\"page-title animated\">Quiz<\/h1>                        <div class=\"section-desc animated\">\n                            <p class=\"section-desc\">\n                                    <p class=\"section-desc\">Tu cherches une fa\u00e7on amusante d'\u00e9tudier ? Ou tu essaies d'apprendre la grammaire ou des concepts difficiles ? Fais un quiz pour n'importe quel sujet et partage-le avec des amis ou des camarades de classe.<\/p>\n\n                            <\/p>\n                            <div class=\"knob-block-row\">\n                                                        <div class=\"knob-block\">\n                <a href=\"https:\/\/studygo.com\/fr\/learn\/sign-up\/?last_page_slug=%252Ffr%252Fwp-json%252Fwp%252Fv2%252Fpages%252F196\"\n                   id=\"quizzen_header-1033_order-button\"\n                   class=\"knob order-knob large\"\n                   aria-label=\"S&#039;inscrire gratuitement\"\n                     style=''>\n                    <span class=\"visual\">\n                        S'inscrire gratuitement                    <\/span>\n                <\/a>\n                                                                <\/div>\n                                                                    <\/div>\n                        <\/div>\n                    <\/div>\n                <\/div>\n            <\/div>\n        <\/div>\n    <\/section><section class=\"page-section media-block white-section\"\n    >\n    <div class=\"carrier\">\n        <div class=\"tier middle-m content-row\">\n            <div class=\"col m-6 media-preview-col\">\n                                            <div class=\"media-preview img-fit\"\n                     style=\"background-image: url(https:\/\/www-media.studygo.com\/wp-content\/uploads\/2022\/09\/Skateboard-Cat-800x534.png)\"\n                     aria-hidden=\"true\">\n                                                        <\/div>\n                                        <\/div>\n            <div class=\"media-info-col col m-5 m-offset-1\">\n                <div class=\"media-info\">\n                                        <h2 class=\"section-title animated\">Rendre l'apprentissage amusant !<\/h2>\n                    <div class=\"section-desc animated\">\n                            <p class=\"section-desc\">Change ta routine d'apprentissage en faisant un quiz avec une vari\u00e9t\u00e9 de types de questions diff\u00e9rents. Choisis parmi les questions ouvertes, les choix multiples, \u00ab Dans ta t\u00eate \u00bb (flashcards), la dict\u00e9e ou apprends en remplissant les espaces vides. Cela rend l'apprentissage \u00e0 la fois difficile et amusant.<\/p>\n\n                                            <\/div>\n                <\/div>\n            <\/div>\n        <\/div>\n    <\/div>\n<\/section><section class=\"page-section media-block reverse white-section\"\n    >\n    <div class=\"carrier\">\n        <div class=\"tier middle-m content-row\">\n            <div class=\"col m-6 media-preview-col\">\n                                            <div class=\"media-preview img-fit\"\n                     style=\"background-image: url(https:\/\/www-media.studygo.com\/wp-content\/uploads\/2022\/09\/World-800x800.png)\"\n                     aria-hidden=\"true\">\n                                                        <\/div>\n                                        <\/div>\n            <div class=\"media-info-col col m-5 m-offset-1\">\n                <div class=\"media-info\">\n                                        <h2 class=\"section-title animated\">Cr\u00e9er un quiz enti\u00e8rement personnalisable<\/h2>\n                    <div class=\"section-desc animated\">\n                            <p class=\"section-desc\">Notre \u00e9diteur de quiz te donne une libert\u00e9 totale pour cr\u00e9er n'importe quelle question que tu aimes. Ajoute des images, des tableaux, des sons et des questions de suivi. Cela rend les quiz parfaits pour \u00e9tudier la grammaire ou des concepts difficiles.<\/p>\n\n                                            <\/div>\n                <\/div>\n            <\/div>\n        <\/div>\n    <\/div>\n<\/section><section class=\"page-section media-block white-section\"\n    >\n    <div class=\"carrier\">\n        <div class=\"tier middle-m content-row\">\n            <div class=\"col m-6 media-preview-col\">\n                                            <div class=\"media-preview img-fit\"\n                     style=\"background-image: url(https:\/\/www-media.studygo.com\/wp-content\/uploads\/2022\/09\/Sitting-Laptop-Guy-800x808.png)\"\n                     aria-hidden=\"true\">\n                                                        <\/div>\n                                        <\/div>\n            <div class=\"media-info-col col m-5 m-offset-1\">\n                <div class=\"media-info\">\n                                        <h2 class=\"section-title animated\">Apprendre en r\u00e9alisant un quiz<\/h2>\n                    <div class=\"section-desc animated\">\n                            <p class=\"section-desc\">Es-tu fatigu\u00e9-e de prendre des notes ? Faire un quiz fonctionne de la m\u00eame mani\u00e8re ! En cr\u00e9ant tes propres questions, tu absorberas d\u00e9j\u00e0 le mat\u00e9riel de cours.<\/p>\n\n                                            <\/div>\n                <\/div>\n            <\/div>\n        <\/div>\n    <\/div>\n<\/section><section class=\"page-section media-block reverse white-section\"\n    >\n    <div class=\"carrier\">\n        <div class=\"tier middle-m content-row\">\n            <div class=\"col m-6 media-preview-col\">\n                                            <div class=\"media-preview img-fit\"\n                     style=\"background-image: url(https:\/\/www-media.studygo.com\/wp-content\/uploads\/2022\/09\/Sitting-Music-1-800x427.png)\"\n                     aria-hidden=\"true\">\n                                                        <\/div>\n                                        <\/div>\n            <div class=\"media-info-col col m-5 m-offset-1\">\n                <div class=\"media-info\">\n                                        <h2 class=\"section-title animated\">Partage tes quiz avec n'importe qui<\/h2>\n                    <div class=\"section-desc animated\">\n                            <p class=\"section-desc\">Lorsque tu te pr\u00e9pares \u00e0 un examen, tu peux cr\u00e9er ton propre quiz ou tu peux utiliser les quiz que tes amis ou tes professeurs ont cr\u00e9\u00e9s. Il y a de fortes chances qu'il y ait d\u00e9j\u00e0 un quiz disponible pour chaque sujet !<\/p>\n\n                                            <\/div>\n                <\/div>\n            <\/div>\n        <\/div>\n    <\/div>\n<\/section><section class=\"title-block\"\n    >\n    <div class=\"carrier\">\n        <div class=\"tier center-xs\">\n            <div class=\"col s-10 l-8 animated\">\n                <h2 class=\"section-title\">Fais un quiz aujourd'hui<\/h2>\n                            <\/div>\n            <div class=\"col s-8 l-6 animated\">\n                \n                            <\/div>\n        <\/div>\n    <\/div>\n<\/section><section class=\"page-section order-block\">\n    <div class=\"carrier\">\n                            <div class=\"tier\">\n                                    <div class=\"col m-6 l-4 m-offset-3 l-offset-4\">\n                        <div class=\"image-wrap\">\n                            <img decoding=\"async\" class=\"image\" src=\"https:\/\/www-media.studygo.com\/wp-content\/uploads\/2023\/02\/Laptop-w-Subjects-e1683619233429-360x240.png\" alt=\"Commencer\">\n                        <\/div>\n                    <\/div>\n                                <div class=\"col m-8 l-6 m-offset-2 l-offset-3\">\n                                            <p class=\"section-desc order-desc\">Volg onbeperkt online bijles, maak oefentoetsen, oefen je woordjes of bekijk uitlegvideo\u2019s. Zo haal je hogere cijfers voor je toetsen.<\/p>\n                                        <div class=\"knob-block\">\n                        <a href=\"https:\/\/studygo.com\/fr\/learn\/sign-up\/?last_page_slug=%252Ffr%252Fwp-json%252Fwp%252Fv2%252Fpages%252F196\"\n                           id=\"quizzen_order-1167_order-button\"\n                           class=\"knob order-knob large\">\n                            <span class=\"visual\">S'inscrire gratuitement<\/span>\n                        <\/a>\n                    <\/div>\n                                                                                <\/div>\n            <\/div>\n            <\/div>\n<\/section>","protected":false},"excerpt":{"rendered":"","protected":false},"author":7,"featured_media":0,"parent":26703,"menu_order":0,"comment_status":"closed","ping_status":"closed","template":"","meta":{"inline_featured_image":false,"footnotes":""},"class_list":["post-196","page","type-page","status-publish","hentry"],"yoast_head":"<!-- This site is optimized with the Yoast SEO plugin v26.9 - https:\/\/yoast.com\/product\/yoast-seo-wordpress\/ -->\n<title>Quizzen \u2013 Test je kennis en leer spelenderwijs | StudyGo<\/title>\n<meta name=\"description\" content=\"Maak leuke en uitdagende quizzen over verschillende vakken. Test je kennis, leer spelenderwijs bij en verbeter je resultaten met interactieve vragen!\" \/>\n<meta name=\"robots\" content=\"index, follow, max-snippet:-1, max-image-preview:large, max-video-preview:-1\" \/>\n<link rel=\"canonical\" href=\"https:\/\/studygo.com\/fr\/sentrainer\/fonctions\/quizzes\/\" \/>\n<meta property=\"og:locale\" content=\"fr_FR\" \/>\n<meta property=\"og:type\" content=\"article\" \/>\n<meta property=\"og:title\" content=\"Quizzen \u2013 Test je kennis en leer spelenderwijs | StudyGo\" \/>\n<meta property=\"og:description\" content=\"Maak leuke en uitdagende quizzen over verschillende vakken. Test je kennis, leer spelenderwijs bij en verbeter je resultaten met interactieve vragen!\" \/>\n<meta property=\"og:url\" content=\"https:\/\/studygo.com\/fr\/sentrainer\/fonctions\/quizzes\/\" \/>\n<meta property=\"og:site_name\" content=\"StudyGo\" \/>\n<meta property=\"article:publisher\" content=\"https:\/\/www.facebook.com\/studygoNL\/\" \/>\n<meta property=\"article:modified_time\" content=\"2025-03-25T16:55:19+00:00\" \/>\n<meta property=\"og:image\" content=\"https:\/\/www-media.studygo.com\/wp-content\/uploads\/2025\/02\/Listening-Test.png\" \/>\n\t<meta property=\"og:image:width\" content=\"1201\" \/>\n\t<meta property=\"og:image:height\" content=\"801\" \/>\n\t<meta property=\"og:image:type\" content=\"image\/png\" \/>\n<meta name=\"twitter:card\" content=\"summary_large_image\" \/>\n<script type=\"application\/ld+json\" class=\"yoast-schema-graph\">{\"@context\":\"https:\/\/schema.org\",\"@graph\":[{\"@type\":\"Article\",\"@id\":\"https:\/\/studygo.com\/oefenen\/functies\/quizzen\/#article\",\"isPartOf\":{\"@id\":\"https:\/\/studygo.com\/oefenen\/functies\/quizzen\/\"},\"author\":{\"name\":\"kitty\",\"@id\":\"https:\/\/studygo.com\/#\/schema\/person\/91678521c25c40197aa94315b51e4d1e\"},\"headline\":\"Quizzen (INT)\",\"datePublished\":\"2022-09-02T08:17:36+00:00\",\"dateModified\":\"2025-03-25T16:55:19+00:00\",\"mainEntityOfPage\":{\"@id\":\"https:\/\/studygo.com\/oefenen\/functies\/quizzen\/\"},\"wordCount\":2,\"publisher\":{\"@id\":\"https:\/\/studygo.com\/#organization\"},\"inLanguage\":\"fr-FR\"},{\"@type\":\"WebPage\",\"@id\":\"https:\/\/studygo.com\/oefenen\/functies\/quizzen\/\",\"url\":\"https:\/\/studygo.com\/oefenen\/functies\/quizzen\/\",\"name\":\"Quizzen \u2013 Test je kennis en leer spelenderwijs | StudyGo\",\"isPartOf\":{\"@id\":\"https:\/\/studygo.com\/#website\"},\"datePublished\":\"2022-09-02T08:17:36+00:00\",\"dateModified\":\"2025-03-25T16:55:19+00:00\",\"description\":\"Maak leuke en uitdagende quizzen over verschillende vakken. Test je kennis, leer spelenderwijs bij en verbeter je resultaten met interactieve vragen!\",\"breadcrumb\":{\"@id\":\"https:\/\/studygo.com\/oefenen\/functies\/quizzen\/#breadcrumb\"},\"inLanguage\":\"fr-FR\",\"potentialAction\":[{\"@type\":\"ReadAction\",\"target\":[\"https:\/\/studygo.com\/oefenen\/functies\/quizzen\/\"]}]},{\"@type\":\"BreadcrumbList\",\"@id\":\"https:\/\/studygo.com\/oefenen\/functies\/quizzen\/#breadcrumb\",\"itemListElement\":[{\"@type\":\"ListItem\",\"position\":1,\"name\":\"Home\",\"item\":\"https:\/\/studygo.com\/\"},{\"@type\":\"ListItem\",\"position\":2,\"name\":\"Oefenen\",\"item\":\"https:\/\/studygo.com\/oefenen\/\"},{\"@type\":\"ListItem\",\"position\":3,\"name\":\"Functies (INT)\",\"item\":\"https:\/\/studygo.com\/oefenen\/functies\/\"},{\"@type\":\"ListItem\",\"position\":4,\"name\":\"Quizzen (INT)\"}]},{\"@type\":\"WebSite\",\"@id\":\"https:\/\/studygo.com\/#website\",\"url\":\"https:\/\/studygo.com\/\",\"name\":\"StudyGo\",\"description\":\"\",\"publisher\":{\"@id\":\"https:\/\/studygo.com\/#organization\"},\"potentialAction\":[{\"@type\":\"SearchAction\",\"target\":{\"@type\":\"EntryPoint\",\"urlTemplate\":\"https:\/\/studygo.com\/?s={search_term_string}\"},\"query-input\":{\"@type\":\"PropertyValueSpecification\",\"valueRequired\":true,\"valueName\":\"search_term_string\"}}],\"inLanguage\":\"fr-FR\"},{\"@type\":\"Organization\",\"@id\":\"https:\/\/studygo.com\/#organization\",\"name\":\"StudyGo\",\"url\":\"https:\/\/studygo.com\/\",\"logo\":{\"@type\":\"ImageObject\",\"inLanguage\":\"fr-FR\",\"@id\":\"https:\/\/studygo.com\/#\/schema\/logo\/image\/\",\"url\":\"https:\/\/www-media.studygo.com\/wp-content\/uploads\/2025\/06\/studygo-logo.png\",\"contentUrl\":\"https:\/\/www-media.studygo.com\/wp-content\/uploads\/2025\/06\/studygo-logo.png\",\"width\":1244,\"height\":858,\"caption\":\"StudyGo\"},\"image\":{\"@id\":\"https:\/\/studygo.com\/#\/schema\/logo\/image\/\"},\"sameAs\":[\"https:\/\/www.facebook.com\/studygoNL\/\",\"https:\/\/www.youtube.com\/@StudyGoNL\/videos\",\"https:\/\/www.instagram.com\/studygonl\"]},{\"@type\":\"Person\",\"@id\":\"https:\/\/studygo.com\/#\/schema\/person\/91678521c25c40197aa94315b51e4d1e\",\"name\":\"kitty\",\"image\":{\"@type\":\"ImageObject\",\"inLanguage\":\"fr-FR\",\"@id\":\"https:\/\/studygo.com\/#\/schema\/person\/image\/\",\"url\":\"https:\/\/secure.gravatar.com\/avatar\/95f50a5be5acd9fbb307bcd1f46ecfd6b4593c5aa1de03c3ac9ec36b068cf2b2?s=96&d=mm&r=g\",\"contentUrl\":\"https:\/\/secure.gravatar.com\/avatar\/95f50a5be5acd9fbb307bcd1f46ecfd6b4593c5aa1de03c3ac9ec36b068cf2b2?s=96&d=mm&r=g\",\"caption\":\"kitty\"},\"url\":\"https:\/\/studygo.com\/fr\/author\/kitty\/\"}]}<\/script>\n<!-- \/ Yoast SEO plugin. -->","yoast_head_json":{"title":"Quizzen \u2013 Test je kennis en leer spelenderwijs | StudyGo","description":"Maak leuke en uitdagende quizzen over verschillende vakken. Test je kennis, leer spelenderwijs bij en verbeter je resultaten met interactieve vragen!","robots":{"index":"index","follow":"follow","max-snippet":"max-snippet:-1","max-image-preview":"max-image-preview:large","max-video-preview":"max-video-preview:-1"},"canonical":"https:\/\/studygo.com\/fr\/sentrainer\/fonctions\/quizzes\/","og_locale":"fr_FR","og_type":"article","og_title":"Quizzen \u2013 Test je kennis en leer spelenderwijs | StudyGo","og_description":"Maak leuke en uitdagende quizzen over verschillende vakken. Test je kennis, leer spelenderwijs bij en verbeter je resultaten met interactieve vragen!","og_url":"https:\/\/studygo.com\/fr\/sentrainer\/fonctions\/quizzes\/","og_site_name":"StudyGo","article_publisher":"https:\/\/www.facebook.com\/studygoNL\/","article_modified_time":"2025-03-25T16:55:19+00:00","og_image":[{"width":1201,"height":801,"url":"https:\/\/www-media.studygo.com\/wp-content\/uploads\/2025\/02\/Listening-Test.png","type":"image\/png"}],"twitter_card":"summary_large_image","schema":{"@context":"https:\/\/schema.org","@graph":[{"@type":"Article","@id":"https:\/\/studygo.com\/oefenen\/functies\/quizzen\/#article","isPartOf":{"@id":"https:\/\/studygo.com\/oefenen\/functies\/quizzen\/"},"author":{"name":"kitty","@id":"https:\/\/studygo.com\/#\/schema\/person\/91678521c25c40197aa94315b51e4d1e"},"headline":"Quizzen (INT)","datePublished":"2022-09-02T08:17:36+00:00","dateModified":"2025-03-25T16:55:19+00:00","mainEntityOfPage":{"@id":"https:\/\/studygo.com\/oefenen\/functies\/quizzen\/"},"wordCount":2,"publisher":{"@id":"https:\/\/studygo.com\/#organization"},"inLanguage":"fr-FR"},{"@type":"WebPage","@id":"https:\/\/studygo.com\/oefenen\/functies\/quizzen\/","url":"https:\/\/studygo.com\/oefenen\/functies\/quizzen\/","name":"Quizzen \u2013 Test je kennis en leer spelenderwijs | StudyGo","isPartOf":{"@id":"https:\/\/studygo.com\/#website"},"datePublished":"2022-09-02T08:17:36+00:00","dateModified":"2025-03-25T16:55:19+00:00","description":"Maak leuke en uitdagende quizzen over verschillende vakken. Test je kennis, leer spelenderwijs bij en verbeter je resultaten met interactieve vragen!","breadcrumb":{"@id":"https:\/\/studygo.com\/oefenen\/functies\/quizzen\/#breadcrumb"},"inLanguage":"fr-FR","potentialAction":[{"@type":"ReadAction","target":["https:\/\/studygo.com\/oefenen\/functies\/quizzen\/"]}]},{"@type":"BreadcrumbList","@id":"https:\/\/studygo.com\/oefenen\/functies\/quizzen\/#breadcrumb","itemListElement":[{"@type":"ListItem","position":1,"name":"Home","item":"https:\/\/studygo.com\/"},{"@type":"ListItem","position":2,"name":"Oefenen","item":"https:\/\/studygo.com\/oefenen\/"},{"@type":"ListItem","position":3,"name":"Functies (INT)","item":"https:\/\/studygo.com\/oefenen\/functies\/"},{"@type":"ListItem","position":4,"name":"Quizzen (INT)"}]},{"@type":"WebSite","@id":"https:\/\/studygo.com\/#website","url":"https:\/\/studygo.com\/","name":"StudyGo","description":"","publisher":{"@id":"https:\/\/studygo.com\/#organization"},"potentialAction":[{"@type":"SearchAction","target":{"@type":"EntryPoint","urlTemplate":"https:\/\/studygo.com\/?s={search_term_string}"},"query-input":{"@type":"PropertyValueSpecification","valueRequired":true,"valueName":"search_term_string"}}],"inLanguage":"fr-FR"},{"@type":"Organization","@id":"https:\/\/studygo.com\/#organization","name":"StudyGo","url":"https:\/\/studygo.com\/","logo":{"@type":"ImageObject","inLanguage":"fr-FR","@id":"https:\/\/studygo.com\/#\/schema\/logo\/image\/","url":"https:\/\/www-media.studygo.com\/wp-content\/uploads\/2025\/06\/studygo-logo.png","contentUrl":"https:\/\/www-media.studygo.com\/wp-content\/uploads\/2025\/06\/studygo-logo.png","width":1244,"height":858,"caption":"StudyGo"},"image":{"@id":"https:\/\/studygo.com\/#\/schema\/logo\/image\/"},"sameAs":["https:\/\/www.facebook.com\/studygoNL\/","https:\/\/www.youtube.com\/@StudyGoNL\/videos","https:\/\/www.instagram.com\/studygonl"]},{"@type":"Person","@id":"https:\/\/studygo.com\/#\/schema\/person\/91678521c25c40197aa94315b51e4d1e","name":"kitty","image":{"@type":"ImageObject","inLanguage":"fr-FR","@id":"https:\/\/studygo.com\/#\/schema\/person\/image\/","url":"https:\/\/secure.gravatar.com\/avatar\/95f50a5be5acd9fbb307bcd1f46ecfd6b4593c5aa1de03c3ac9ec36b068cf2b2?s=96&d=mm&r=g","contentUrl":"https:\/\/secure.gravatar.com\/avatar\/95f50a5be5acd9fbb307bcd1f46ecfd6b4593c5aa1de03c3ac9ec36b068cf2b2?s=96&d=mm&r=g","caption":"kitty"},"url":"https:\/\/studygo.com\/fr\/author\/kitty\/"}]}},"_links":{"self":[{"href":"https:\/\/studygo.com\/fr\/wp-json\/wp\/v2\/pages\/196","targetHints":{"allow":["GET"]}}],"collection":[{"href":"https:\/\/studygo.com\/fr\/wp-json\/wp\/v2\/pages"}],"about":[{"href":"https:\/\/studygo.com\/fr\/wp-json\/wp\/v2\/types\/page"}],"author":[{"embeddable":true,"href":"https:\/\/studygo.com\/fr\/wp-json\/wp\/v2\/users\/7"}],"replies":[{"embeddable":true,"href":"https:\/\/studygo.com\/fr\/wp-json\/wp\/v2\/comments?post=196"}],"version-history":[{"count":56,"href":"https:\/\/studygo.com\/fr\/wp-json\/wp\/v2\/pages\/196\/revisions"}],"predecessor-version":[{"id":26994,"href":"https:\/\/studygo.com\/fr\/wp-json\/wp\/v2\/pages\/196\/revisions\/26994"}],"up":[{"embeddable":true,"href":"https:\/\/studygo.com\/fr\/wp-json\/wp\/v2\/pages\/26703"}],"wp:attachment":[{"href":"https:\/\/studygo.com\/fr\/wp-json\/wp\/v2\/media?parent=196"}],"curies":[{"name":"wp","href":"https:\/\/api.w.org\/{rel}","templated":true}]}}