{"id":37260,"date":"2025-09-18T11:50:26","date_gmt":"2025-09-18T11:50:26","guid":{"rendered":"https:\/\/studygo.com\/?page_id=37260"},"modified":"2025-10-04T14:18:48","modified_gmt":"2025-10-04T14:18:48","slug":"scheikunde-oefenen","status":"publish","type":"page","link":"https:\/\/studygo.com\/fr\/sentrainer\/matieres\/scheikunde-oefenen\/","title":{"rendered":"Scheikunde oefenen"},"content":{"rendered":"<section class=\"swiper usp_bar\">\n    <div class=\"swiper-wrapper\">\n        <div class=\"swiper-slide\"><svg xmlns=\"http:\/\/www.w3.org\/2000\/svg\" width=\"25\" height=\"24\" viewbox=\"0 0 25 24\" fill=\"none\">\n                <circle cx=\"12.5\" cy=\"12\" r=\"12\" fill=\"#8952DA\"\/>\n                <path d=\"M10.3634 14.5833L7.58339 11.8033L6.63672 12.7433L10.3634 16.47L18.3634 8.47L17.4234 7.53L10.3634 14.5833Z\" fill=\"white\"\/>\n                <\/svg> Des quiz et vid\u00e9os aux cours particuliers en ligne<\/div><div class=\"swiper-slide\"><svg xmlns=\"http:\/\/www.w3.org\/2000\/svg\" width=\"25\" height=\"24\" viewbox=\"0 0 25 24\" fill=\"none\">\n                <circle cx=\"12.5\" cy=\"12\" r=\"12\" fill=\"#8952DA\"\/>\n                <path d=\"M10.3634 14.5833L7.58339 11.8033L6.63672 12.7433L10.3634 16.47L18.3634 8.47L17.4234 7.53L10.3634 14.5833Z\" fill=\"white\"\/>\n                <\/svg> Coll\u00e8ge &amp; lyc\u00e9e<\/div><div class=\"swiper-slide\"><svg xmlns=\"http:\/\/www.w3.org\/2000\/svg\" width=\"25\" height=\"24\" viewbox=\"0 0 25 24\" fill=\"none\">\n                <circle cx=\"12.5\" cy=\"12\" r=\"12\" fill=\"#8952DA\"\/>\n                <path d=\"M10.3634 14.5833L7.58339 11.8033L6.63672 12.7433L10.3634 16.47L18.3634 8.47L17.4234 7.53L10.3634 14.5833Z\" fill=\"white\"\/>\n                <\/svg> Adapt\u00e9 \u00e0 tes manuels scolaires<\/div>    <\/div>\n<\/section><section class=\"page-section menu-slider menuBlock\">\n    <div class=\"menu-slider-wrapper carrier\">\n        <div class=\"menu-slider-list swiper-container\">\n            <div class=\"swiper-controls hide-xs hide-s hide-m\">\n                <button type=\"button\" class=\"swiper-btn swiper-btn-next\">\n                    <span class=\"icon icon-arrow-thin-right\"><\/span>\n                <\/button>\n                <button type=\"button\" class=\"swiper-btn swiper-btn-prev\">\n                    <span class=\"icon icon-arrow-thin-left\"><\/span>\n                <\/button>\n            <\/div>\n            <div class=\"swiper-wrapper\">\n                                                            <div class=\"swiper-slide menu-slider-item listItem\">\n                            <a href=\"https:\/\/studygo.com\/fr\/sentrainer\/matieres\/maths-en-ligne\/\" class=\"menu-slider-knob\">\n                                <span class=\"image-wrap\">\n                                                                            <img decoding=\"async\" class=\"image\" src=\"https:\/\/www-media.studygo.com\/wp-content\/uploads\/2023\/07\/Math.svg\" aria-hidden=\"true\">\n                                                                    <\/span>\n                                <span class=\"text\">Maths<\/span>\n                            <\/a>\n                        <\/div>\n                                            <div class=\"swiper-slide menu-slider-item listItem\">\n                            <a href=\"https:\/\/studygo.com\/fr\/sentrainer\/matieres\/anglais-en-ligne\/\" class=\"menu-slider-knob\">\n                                <span class=\"image-wrap\">\n                                                                            <img decoding=\"async\" class=\"image\" src=\"https:\/\/www-media.studygo.com\/wp-content\/uploads\/2023\/07\/English.svg\" aria-hidden=\"true\">\n                                                                    <\/span>\n                                <span class=\"text\">Anglais<\/span>\n                            <\/a>\n                        <\/div>\n                                            <div class=\"swiper-slide menu-slider-item listItem\">\n                            <a href=\"https:\/\/studygo.com\/fr\/sentrainer\/matieres\/francais-en-ligne\/\" class=\"menu-slider-knob\">\n                                <span class=\"image-wrap\">\n                                                                            <img decoding=\"async\" class=\"image\" src=\"https:\/\/www-media.studygo.com\/wp-content\/uploads\/2023\/07\/French.svg\" alt=\"Franse grammatica\">\n                                                                    <\/span>\n                                <span class=\"text\">Fran\u00e7ais<\/span>\n                            <\/a>\n                        <\/div>\n                                            <div class=\"swiper-slide menu-slider-item listItem\">\n                            <a href=\"https:\/\/studygo.com\/fr\/sentrainer\/matieres\/svt-en-ligne\/\" class=\"menu-slider-knob\">\n                                <span class=\"image-wrap\">\n                                                                            <img decoding=\"async\" class=\"image\" src=\"https:\/\/www-media.studygo.com\/wp-content\/uploads\/2023\/07\/Biology.svg\" aria-hidden=\"true\">\n                                                                    <\/span>\n                                <span class=\"text\">SVT<\/span>\n                            <\/a>\n                        <\/div>\n                                            <div class=\"swiper-slide menu-slider-item listItem\">\n                            <a href=\"https:\/\/studygo.com\/fr\/sentrainer\/matieres\/physique-chimie-en-ligne\/\" class=\"menu-slider-knob\">\n                                <span class=\"image-wrap\">\n                                                                            <img decoding=\"async\" class=\"image\" src=\"https:\/\/www-media.studygo.com\/wp-content\/uploads\/2023\/07\/NaSk.svg\" aria-hidden=\"true\">\n                                                                    <\/span>\n                                <span class=\"text\">Physique-chimie<\/span>\n                            <\/a>\n                        <\/div>\n                                            <div class=\"swiper-slide menu-slider-item listItem\">\n                            <a href=\"https:\/\/studygo.com\/fr\/sentrainer\/matieres\/ses-en-ligne\/\" class=\"menu-slider-knob\">\n                                <span class=\"image-wrap\">\n                                                                            <img decoding=\"async\" class=\"image\" src=\"https:\/\/www-media.studygo.com\/wp-content\/uploads\/2023\/07\/Economics.svg\" aria-hidden=\"true\">\n                                                                    <\/span>\n                                <span class=\"text\">SES<\/span>\n                            <\/a>\n                        <\/div>\n                                            <div class=\"swiper-slide menu-slider-item listItem\">\n                            <a href=\"https:\/\/studygo.com\/fr\/sentrainer\/matieres\/allemand-en-ligne\/\" class=\"menu-slider-knob\">\n                                <span class=\"image-wrap\">\n                                                                            <img decoding=\"async\" class=\"image\" src=\"https:\/\/www-media.studygo.com\/wp-content\/uploads\/2023\/07\/German.svg\" aria-hidden=\"true\">\n                                                                    <\/span>\n                                <span class=\"text\">Allemand<\/span>\n                            <\/a>\n                        <\/div>\n                                            <div class=\"swiper-slide menu-slider-item listItem\">\n                            <a href=\"https:\/\/studygo.com\/fr\/sentrainer\/matieres\/histoire-en-ligne\/\" class=\"menu-slider-knob\">\n                                <span class=\"image-wrap\">\n                                                                            <img decoding=\"async\" class=\"image\" src=\"https:\/\/www-media.studygo.com\/wp-content\/uploads\/2025\/06\/History.svg\" aria-hidden=\"true\">\n                                                                    <\/span>\n                                <span class=\"text\">Histoire-G\u00e9o<\/span>\n                            <\/a>\n                        <\/div>\n                                                <\/div>\n        <\/div>\n    <\/div>\n<\/section><section class=\"page-section media-block reverse\"\n     id=\"uitlegvideo-anchor\">\n    <div class=\"carrier\">\n        <div class=\"tier middle-m content-row\">\n            <div class=\"col m-6 media-preview-col\">\n                                            <div class=\"media-preview img-fit\"\n                     style=\"background-image: url(https:\/\/www-media.studygo.com\/wp-content\/uploads\/2024\/01\/Video-800x533.png)\"\n                     aria-hidden=\"true\">\n                                                        <\/div>\n                                        <\/div>\n            <div class=\"media-info-col col m-5 m-offset-1\">\n                <div class=\"media-info\">\n                                        <h2 class=\"section-title animated\">Uitlegvideo\u2019s over scheikunde<\/h2>\n                    <div class=\"section-desc animated\">\n                            <p class=\"section-desc\">Onze scheikundedocenten hebben uitlegvideo\u2019s gemaakt die je helpen de lesstof van scheikunde beter te begrijpen. Er zijn uitlegvideo\u2019s per hoofdstuk, per onderwerp \u00e9n bij de antwoorden van de oefentoetsen.<\/p>\n\n                                    <div class=\"knob-block\">\n                <a href=\"https:\/\/studygo.com\/fr\/sentrainer\/fonctions\/videos-explicatives\/\"\n                   id=\"scheikunde-oefenen_text-media-uitlegvideo_text-button\"\n                   class=\"simple-knob blue with-icon\"\n                   aria-label=\"Meer over uitlegvideo's\"\n                   >\n                    <span class=\"text\">D\u00e9couvre les vid\u00e9os<\/span>\n                    <span class=\"icon icon-arrow-large-right\"><\/span>\n                <\/a>\n            <\/div>\n                            <\/div>\n                <\/div>\n            <\/div>\n        <\/div>\n    <\/div>\n<\/section><section class=\"page-section media-block reverse white-section\"\n    >\n    <div class=\"carrier\">\n        <div class=\"tier middle-m content-row\">\n            <div class=\"col m-6 media-preview-col\">\n                                            <div class=\"media-preview img-fit\"\n                     style=\"background-image: url(https:\/\/www-media.studygo.com\/wp-content\/uploads\/2022\/08\/WRTS_pijl-e1659619865356-800x560.png)\"\n                     role=\"img\" aria-label=\"Hogere cijfers met StudyGo\">\n                                                        <\/div>\n                                        <\/div>\n            <div class=\"media-info-col col m-5 m-offset-1\">\n                <div class=\"media-info\">\n                                        <h2 class=\"section-title animated\">Des r\u00e9sultats prouv\u00e9s<\/h2>\n                    <div class=\"section-desc animated\">\n                            <p class=\"section-desc\">Uit onderzoek onder 1200 StudyGo-gebruikers blijkt dat leerlingen die scheikunde oefenen op StudyGo gemiddeld +1,1 hogere cijfers halen voor dit vak.<\/p>\n\n                                            <\/div>\n                <\/div>\n            <\/div>\n        <\/div>\n    <\/div>\n<\/section><section class=\"page-section media-block\"\n    >\n    <div class=\"carrier\">\n        <div class=\"tier middle-m content-row\">\n            <div class=\"col m-6 media-preview-col\">\n                                            <div class=\"media-preview img-fit\"\n                     style=\"background-image: url(https:\/\/www-media.studygo.com\/wp-content\/uploads\/2024\/12\/header_online_bijles-800x600-1.png)\"\n                     aria-hidden=\"true\">\n                                                        <\/div>\n                                        <\/div>\n            <div class=\"media-info-col col m-5 m-offset-1\">\n                <div class=\"media-info\">\n                                        <h2 class=\"section-title animated\">Suis un cours particulier en ligne<\/h2>\n                    <div class=\"section-desc animated\">\n                            <p class=\"section-desc\">Heb je moeite met scheikunde en kan je wel wat extra hulp gebruiken? Vraag een online scheikunde bijles aan. In een uur tijd beantwoordt een bijlesdocent al je vragen. Zo ga je vol zelfvertrouwen naar je volgende toets!<\/p>\n\n                                    <div class=\"knob-block\">\n                <a href=\"https:\/\/studygo.com\/fr\/cours-particuliers-en-ligne\/\"\n                   id=\"scheikunde-oefenen_text-media-4340_text-button\"\n                   class=\"simple-knob blue with-icon\"\n                   aria-label=\"D\u00e9couvre les cours particuliers\"\n                   >\n                    <span class=\"text\">D\u00e9couvre les cours particuliers<\/span>\n                    <span class=\"icon icon-arrow-large-right\"><\/span>\n                <\/a>\n            <\/div>\n                            <\/div>\n                <\/div>\n            <\/div>\n        <\/div>\n    <\/div>\n<\/section><section class=\"title-block white-section\"\n    >\n    <div class=\"carrier\">\n        <div class=\"tier center-xs\">\n            <div class=\"col s-10 l-8 animated\">\n                <h2 class=\"section-title\">Start met scheikunde oefenen op StudyGo<\/h2>\n                            <\/div>\n            <div class=\"col s-8 l-6 animated\">\n                \n                            <\/div>\n        <\/div>\n    <\/div>\n<\/section><p><script type='text\/javascript'><br \/>\nconst structuredData = JSON.stringify({'@context': 'https:\/\/schema.org', '@type': 'Product', 'name': 'NaSk oefenen', 'description': 'Volg onbeperkt online bijles, oefen natuur- en scheikunde met onze oefentoetsen, samenvattingen en uitlegvideo\u2019s of stel via de chat je vraag aan onze bijlesdocenten. ', 'url': 'https:\/\/studygo.com\/nl\/oefenen\/vakken\/nask-oefenen\/', 'image': 'https:\/\/www-media.studygo.com\/wp-content\/uploads\/2022\/11\/Nask_Books_improved_.png', 'offers': {'@type': 'Offer', 'priceCurrency': 'EUR',  'url': 'https:\/\/studygo.com\/nl\/oefenen\/vakken\/nask-oefenen\/'}, 'aggregateRating': {'@type': 'AggregateRating', 'ratingValue': '4.3', 'reviewCount': '913', 'bestRating': '5', 'worstRating': '1'}, 'brand': {'@type': 'Organization', '@id': 'https:\/\/studygo.com\/nl\/#organization', 'name': 'StudyGo', 'url': 'https:\/\/studygo.com\/nl\/'}});<br \/>\nconst scriptTag = document.createElement('script');<br \/>\nscriptTag.setAttribute('type', 'application\/ld+json');<br \/>\nscriptTag.textContent = structuredData;<br \/>\ndocument.head.prepend(scriptTag);<br \/>\n<\/script><\/p>","protected":false},"excerpt":{"rendered":"","protected":false},"author":54,"featured_media":0,"parent":25496,"menu_order":0,"comment_status":"closed","ping_status":"closed","template":"","meta":{"inline_featured_image":false,"footnotes":""},"class_list":["post-37260","page","type-page","status-publish","hentry"],"yoast_head":"<!-- This site is optimized with the Yoast SEO plugin v26.9 - https:\/\/yoast.com\/product\/yoast-seo-wordpress\/ -->\n<title>Scheikunde oefenen \u2013 Natuur- en scheikunde begrijpen | StudyGo<\/title>\n<meta name=\"description\" content=\"Oefen natuurkunde en scheikunde met uitleg en opdrachten. Begrijp krachten, stoffen en chemische reacties beter!\" \/>\n<meta name=\"robots\" content=\"noindex, follow\" \/>\n<meta property=\"og:locale\" content=\"fr_FR\" \/>\n<meta property=\"og:type\" content=\"article\" \/>\n<meta property=\"og:title\" content=\"Scheikunde oefenen \u2013 Natuur- en scheikunde begrijpen | StudyGo\" \/>\n<meta property=\"og:description\" content=\"Oefen natuurkunde en scheikunde met uitleg en opdrachten. Begrijp krachten, stoffen en chemische reacties beter!\" \/>\n<meta property=\"og:url\" content=\"https:\/\/studygo.com\/fr\/sentrainer\/matieres\/scheikunde-oefenen\/\" \/>\n<meta property=\"og:site_name\" content=\"StudyGo\" \/>\n<meta property=\"article:publisher\" content=\"https:\/\/www.facebook.com\/studygoNL\/\" \/>\n<meta property=\"article:modified_time\" content=\"2025-10-04T14:18:48+00:00\" \/>\n<meta property=\"og:image\" content=\"https:\/\/www-media.studygo.com\/wp-content\/uploads\/2025\/02\/Listening-Test.png\" \/>\n\t<meta property=\"og:image:width\" content=\"1201\" \/>\n\t<meta property=\"og:image:height\" content=\"801\" \/>\n\t<meta property=\"og:image:type\" content=\"image\/png\" \/>\n<meta name=\"twitter:card\" content=\"summary_large_image\" \/>\n<script type=\"application\/ld+json\" class=\"yoast-schema-graph\">{\"@context\":\"https:\/\/schema.org\",\"@graph\":[{\"@type\":\"Article\",\"@id\":\"https:\/\/studygo.com\/oefenen\/vakken\/scheikunde-oefenen\/#article\",\"isPartOf\":{\"@id\":\"https:\/\/studygo.com\/oefenen\/vakken\/scheikunde-oefenen\/\"},\"author\":{\"name\":\"Bart Stemkens\",\"@id\":\"https:\/\/studygo.com\/#\/schema\/person\/c301cc80eca32326b1ce064a3e4f01d6\"},\"headline\":\"Scheikunde oefenen\",\"datePublished\":\"2025-09-18T11:50:26+00:00\",\"dateModified\":\"2025-10-04T14:18:48+00:00\",\"mainEntityOfPage\":{\"@id\":\"https:\/\/studygo.com\/oefenen\/vakken\/scheikunde-oefenen\/\"},\"wordCount\":2,\"publisher\":{\"@id\":\"https:\/\/studygo.com\/#organization\"},\"inLanguage\":\"fr-FR\"},{\"@type\":\"WebPage\",\"@id\":\"https:\/\/studygo.com\/oefenen\/vakken\/scheikunde-oefenen\/\",\"url\":\"https:\/\/studygo.com\/oefenen\/vakken\/scheikunde-oefenen\/\",\"name\":\"Scheikunde oefenen \u2013 Natuur- en scheikunde begrijpen | StudyGo\",\"isPartOf\":{\"@id\":\"https:\/\/studygo.com\/#website\"},\"datePublished\":\"2025-09-18T11:50:26+00:00\",\"dateModified\":\"2025-10-04T14:18:48+00:00\",\"description\":\"Oefen natuurkunde en scheikunde met uitleg en opdrachten. Begrijp krachten, stoffen en chemische reacties beter!\",\"breadcrumb\":{\"@id\":\"https:\/\/studygo.com\/oefenen\/vakken\/scheikunde-oefenen\/#breadcrumb\"},\"inLanguage\":\"fr-FR\",\"potentialAction\":[{\"@type\":\"ReadAction\",\"target\":[\"https:\/\/studygo.com\/oefenen\/vakken\/scheikunde-oefenen\/\"]}]},{\"@type\":\"BreadcrumbList\",\"@id\":\"https:\/\/studygo.com\/oefenen\/vakken\/scheikunde-oefenen\/#breadcrumb\",\"itemListElement\":[{\"@type\":\"ListItem\",\"position\":1,\"name\":\"Home\",\"item\":\"https:\/\/studygo.com\/\"},{\"@type\":\"ListItem\",\"position\":2,\"name\":\"Oefenen\",\"item\":\"https:\/\/studygo.com\/oefenen\/\"},{\"@type\":\"ListItem\",\"position\":3,\"name\":\"Vakken\",\"item\":\"https:\/\/studygo.com\/oefenen\/vakken\/\"},{\"@type\":\"ListItem\",\"position\":4,\"name\":\"Scheikunde oefenen\"}]},{\"@type\":\"WebSite\",\"@id\":\"https:\/\/studygo.com\/#website\",\"url\":\"https:\/\/studygo.com\/\",\"name\":\"StudyGo\",\"description\":\"\",\"publisher\":{\"@id\":\"https:\/\/studygo.com\/#organization\"},\"potentialAction\":[{\"@type\":\"SearchAction\",\"target\":{\"@type\":\"EntryPoint\",\"urlTemplate\":\"https:\/\/studygo.com\/?s={search_term_string}\"},\"query-input\":{\"@type\":\"PropertyValueSpecification\",\"valueRequired\":true,\"valueName\":\"search_term_string\"}}],\"inLanguage\":\"fr-FR\"},{\"@type\":\"Organization\",\"@id\":\"https:\/\/studygo.com\/#organization\",\"name\":\"StudyGo\",\"url\":\"https:\/\/studygo.com\/\",\"logo\":{\"@type\":\"ImageObject\",\"inLanguage\":\"fr-FR\",\"@id\":\"https:\/\/studygo.com\/#\/schema\/logo\/image\/\",\"url\":\"https:\/\/www-media.studygo.com\/wp-content\/uploads\/2025\/06\/studygo-logo.png\",\"contentUrl\":\"https:\/\/www-media.studygo.com\/wp-content\/uploads\/2025\/06\/studygo-logo.png\",\"width\":1244,\"height\":858,\"caption\":\"StudyGo\"},\"image\":{\"@id\":\"https:\/\/studygo.com\/#\/schema\/logo\/image\/\"},\"sameAs\":[\"https:\/\/www.facebook.com\/studygoNL\/\",\"https:\/\/www.youtube.com\/@StudyGoNL\/videos\",\"https:\/\/www.instagram.com\/studygonl\"]},{\"@type\":\"Person\",\"@id\":\"https:\/\/studygo.com\/#\/schema\/person\/c301cc80eca32326b1ce064a3e4f01d6\",\"name\":\"Bart Stemkens\",\"image\":{\"@type\":\"ImageObject\",\"inLanguage\":\"fr-FR\",\"@id\":\"https:\/\/studygo.com\/#\/schema\/person\/image\/\",\"url\":\"https:\/\/secure.gravatar.com\/avatar\/efc0d72bdf4d42f124b73a3202a6c3d647515c7b84844bc9d354f86e84aa1c30?s=96&d=mm&r=g\",\"contentUrl\":\"https:\/\/secure.gravatar.com\/avatar\/efc0d72bdf4d42f124b73a3202a6c3d647515c7b84844bc9d354f86e84aa1c30?s=96&d=mm&r=g\",\"caption\":\"Bart Stemkens\"},\"url\":\"https:\/\/studygo.com\/fr\/author\/bart-stemkens\/\"}]}<\/script>\n<!-- \/ Yoast SEO plugin. -->","yoast_head_json":{"title":"Scheikunde oefenen \u2013 Natuur- en scheikunde begrijpen | StudyGo","description":"Entra\u00eene-toi en physique-chimie avec des quiz, r\u00e9sum\u00e9s et vid\u00e9os claires. Comprends chaque notion pas \u00e0 pas et pr\u00e9pare-toi efficacement pour tes contr\u00f4les !","robots":{"index":"noindex","follow":"follow"},"og_locale":"fr_FR","og_type":"article","og_title":"Scheikunde oefenen \u2013 Natuur- en scheikunde begrijpen | StudyGo","og_description":"Oefen natuurkunde en scheikunde met uitleg en opdrachten. Begrijp krachten, stoffen en chemische reacties beter!","og_url":"https:\/\/studygo.com\/fr\/sentrainer\/matieres\/scheikunde-oefenen\/","og_site_name":"StudyGo","article_publisher":"https:\/\/www.facebook.com\/studygoNL\/","article_modified_time":"2025-10-04T14:18:48+00:00","og_image":[{"width":1201,"height":801,"url":"https:\/\/www-media.studygo.com\/wp-content\/uploads\/2025\/02\/Listening-Test.png","type":"image\/png"}],"twitter_card":"summary_large_image","schema":{"@context":"https:\/\/schema.org","@graph":[{"@type":"Article","@id":"https:\/\/studygo.com\/oefenen\/vakken\/scheikunde-oefenen\/#article","isPartOf":{"@id":"https:\/\/studygo.com\/oefenen\/vakken\/scheikunde-oefenen\/"},"author":{"name":"Bart Stemkens","@id":"https:\/\/studygo.com\/#\/schema\/person\/c301cc80eca32326b1ce064a3e4f01d6"},"headline":"Scheikunde oefenen","datePublished":"2025-09-18T11:50:26+00:00","dateModified":"2025-10-04T14:18:48+00:00","mainEntityOfPage":{"@id":"https:\/\/studygo.com\/oefenen\/vakken\/scheikunde-oefenen\/"},"wordCount":2,"publisher":{"@id":"https:\/\/studygo.com\/#organization"},"inLanguage":"fr-FR"},{"@type":"WebPage","@id":"https:\/\/studygo.com\/oefenen\/vakken\/scheikunde-oefenen\/","url":"https:\/\/studygo.com\/oefenen\/vakken\/scheikunde-oefenen\/","name":"Scheikunde oefenen \u2013 Natuur- en scheikunde begrijpen | StudyGo","isPartOf":{"@id":"https:\/\/studygo.com\/#website"},"datePublished":"2025-09-18T11:50:26+00:00","dateModified":"2025-10-04T14:18:48+00:00","description":"Entra\u00eene-toi en physique-chimie avec des quiz, r\u00e9sum\u00e9s et vid\u00e9os claires. Comprends chaque notion pas \u00e0 pas et pr\u00e9pare-toi efficacement pour tes contr\u00f4les !","breadcrumb":{"@id":"https:\/\/studygo.com\/oefenen\/vakken\/scheikunde-oefenen\/#breadcrumb"},"inLanguage":"fr-FR","potentialAction":[{"@type":"ReadAction","target":["https:\/\/studygo.com\/oefenen\/vakken\/scheikunde-oefenen\/"]}]},{"@type":"BreadcrumbList","@id":"https:\/\/studygo.com\/oefenen\/vakken\/scheikunde-oefenen\/#breadcrumb","itemListElement":[{"@type":"ListItem","position":1,"name":"Home","item":"https:\/\/studygo.com\/"},{"@type":"ListItem","position":2,"name":"Oefenen","item":"https:\/\/studygo.com\/oefenen\/"},{"@type":"ListItem","position":3,"name":"Vakken","item":"https:\/\/studygo.com\/oefenen\/vakken\/"},{"@type":"ListItem","position":4,"name":"Scheikunde oefenen"}]},{"@type":"WebSite","@id":"https:\/\/studygo.com\/#website","url":"https:\/\/studygo.com\/","name":"StudyGo","description":"","publisher":{"@id":"https:\/\/studygo.com\/#organization"},"potentialAction":[{"@type":"SearchAction","target":{"@type":"EntryPoint","urlTemplate":"https:\/\/studygo.com\/?s={search_term_string}"},"query-input":{"@type":"PropertyValueSpecification","valueRequired":true,"valueName":"search_term_string"}}],"inLanguage":"fr-FR"},{"@type":"Organization","@id":"https:\/\/studygo.com\/#organization","name":"StudyGo","url":"https:\/\/studygo.com\/","logo":{"@type":"ImageObject","inLanguage":"fr-FR","@id":"https:\/\/studygo.com\/#\/schema\/logo\/image\/","url":"https:\/\/www-media.studygo.com\/wp-content\/uploads\/2025\/06\/studygo-logo.png","contentUrl":"https:\/\/www-media.studygo.com\/wp-content\/uploads\/2025\/06\/studygo-logo.png","width":1244,"height":858,"caption":"StudyGo"},"image":{"@id":"https:\/\/studygo.com\/#\/schema\/logo\/image\/"},"sameAs":["https:\/\/www.facebook.com\/studygoNL\/","https:\/\/www.youtube.com\/@StudyGoNL\/videos","https:\/\/www.instagram.com\/studygonl"]},{"@type":"Person","@id":"https:\/\/studygo.com\/#\/schema\/person\/c301cc80eca32326b1ce064a3e4f01d6","name":"Bart Stemkens","image":{"@type":"ImageObject","inLanguage":"fr-FR","@id":"https:\/\/studygo.com\/#\/schema\/person\/image\/","url":"https:\/\/secure.gravatar.com\/avatar\/efc0d72bdf4d42f124b73a3202a6c3d647515c7b84844bc9d354f86e84aa1c30?s=96&d=mm&r=g","contentUrl":"https:\/\/secure.gravatar.com\/avatar\/efc0d72bdf4d42f124b73a3202a6c3d647515c7b84844bc9d354f86e84aa1c30?s=96&d=mm&r=g","caption":"Bart Stemkens"},"url":"https:\/\/studygo.com\/fr\/author\/bart-stemkens\/"}]}},"_links":{"self":[{"href":"https:\/\/studygo.com\/fr\/wp-json\/wp\/v2\/pages\/37260","targetHints":{"allow":["GET"]}}],"collection":[{"href":"https:\/\/studygo.com\/fr\/wp-json\/wp\/v2\/pages"}],"about":[{"href":"https:\/\/studygo.com\/fr\/wp-json\/wp\/v2\/types\/page"}],"author":[{"embeddable":true,"href":"https:\/\/studygo.com\/fr\/wp-json\/wp\/v2\/users\/54"}],"replies":[{"embeddable":true,"href":"https:\/\/studygo.com\/fr\/wp-json\/wp\/v2\/comments?post=37260"}],"version-history":[{"count":15,"href":"https:\/\/studygo.com\/fr\/wp-json\/wp\/v2\/pages\/37260\/revisions"}],"predecessor-version":[{"id":38031,"href":"https:\/\/studygo.com\/fr\/wp-json\/wp\/v2\/pages\/37260\/revisions\/38031"}],"up":[{"embeddable":true,"href":"https:\/\/studygo.com\/fr\/wp-json\/wp\/v2\/pages\/25496"}],"wp:attachment":[{"href":"https:\/\/studygo.com\/fr\/wp-json\/wp\/v2\/media?parent=37260"}],"curies":[{"name":"wp","href":"https:\/\/api.w.org\/{rel}","templated":true}]}}