{"id":770,"date":"2022-09-12T09:02:38","date_gmt":"2022-09-12T09:02:38","guid":{"rendered":"https:\/\/intl.wrts.dev\/?page_id=770"},"modified":"2025-03-25T17:11:07","modified_gmt":"2025-03-25T17:11:07","slug":"flashcards","status":"publish","type":"page","link":"https:\/\/studygo.com\/fr\/flashcards\/","title":{"rendered":"Flashcards"},"content":{"rendered":"<section class=\"header-block detail-header\" style=\"color: #ffffff\">\n        <div class=\"header-block-bg\" style=\"background-color: #652ea3;\">\n                    <\/div>\n        <div class=\"carrier\">\n            <div class=\"tier content-row\">\n                <div class=\"col m-6 m-offset-0 last-m header-img-col\" >\n                                                                <div class=\"header-img\">\n                                                                                                                            <img decoding=\"async\" class=\"img\" src=\"https:\/\/www-media.studygo.com\/wp-content\/uploads\/2022\/09\/Repeat-800x800.png\"\n                                    aria-hidden=\"true\">\n                                                    <\/div>\n                                    <\/div>\n                <div class=\"col m-6\">\n                    <div class=\"header-info\">\n                        <h1 class=\"page-title animated\">Flashcards<\/h1>                        <div class=\"section-desc animated\">\n                            <p class=\"section-desc\">\n                                    <p class=\"section-desc\">Avec les Flashcards, tu peux apprendre en ligne en indiquant si tu avais la bonne r\u00e9ponse. Teste-toi efficacement tout en gagnant du temps ! <\/p>\n\n                            <\/p>\n                            <div class=\"knob-block-row\">\n                                                        <div class=\"knob-block\">\n                <a href=\"https:\/\/studygo.com\/fr\/learn\/sign-up\/?last_page_slug=%252Ffr%252Fwp-json%252Fwp%252Fv2%252Fpages%252F770\"\n                   id=\"flashcards_header-1217_order-button\"\n                   class=\"knob order-knob large\"\n                   aria-label=\"S&#039;inscrire gratuitement\"\n                     style=''>\n                    <span class=\"visual\">\n                        S'inscrire gratuitement                    <\/span>\n                <\/a>\n                                                                <\/div>\n                                                                    <\/div>\n                        <\/div>\n                    <\/div>\n                <\/div>\n            <\/div>\n        <\/div>\n    <\/section><section class=\"page-section media-block white-section\"\n    >\n    <div class=\"carrier\">\n        <div class=\"tier middle-m content-row\">\n            <div class=\"col m-6 media-preview-col\">\n                                            <div class=\"media-preview img-fit\"\n                     style=\"background-image: url(https:\/\/www-media.studygo.com\/wp-content\/uploads\/2022\/09\/Diagnostic-Test-1-800x800.png)\"\n                     aria-hidden=\"true\">\n                                                        <\/div>\n                                        <\/div>\n            <div class=\"media-info-col col m-5 m-offset-1\">\n                <div class=\"media-info\">\n                                        <h2 class=\"section-title animated\">Pourquoi utiliser des flashcards ?<\/h2>\n                    <div class=\"section-desc animated\">\n                            <p class=\"section-desc\">Si tu t\u2019ennuies de tes techniques d'apprentissage habituelles, tu devrais essayer nos Flashcards. Avec nos flashcards en ligne, un mot ou un terme appara\u00eet, et tu dois m\u00e9moriser la r\u00e9ponse. De cette fa\u00e7on, tu peux apprendre de mani\u00e8re plus productive et efficace, en m\u00e9morisant mieux et en moins de temps.<\/p>\n\n                                            <\/div>\n                <\/div>\n            <\/div>\n        <\/div>\n    <\/div>\n<\/section><section class=\"page-section media-block reverse white-section\"\n    >\n    <div class=\"carrier\">\n        <div class=\"tier middle-m content-row\">\n            <div class=\"col m-6 media-preview-col\">\n                                            <div class=\"media-preview img-fit\"\n                     style=\"background-image: url(https:\/\/www-media.studygo.com\/wp-content\/uploads\/2022\/09\/Repeat-800x800.png)\"\n                     aria-hidden=\"true\">\n                                                        <\/div>\n                                        <\/div>\n            <div class=\"media-info-col col m-5 m-offset-1\">\n                <div class=\"media-info\">\n                                        <h2 class=\"section-title animated\">Gagne du temps avec les flashcards !<\/h2>\n                    <div class=\"section-desc animated\">\n                            <p class=\"section-desc\">Vous peux utiliser les Flashcards o\u00f9 et quand tu le souhaites ! L'avantage de StudyGo est que tu peux facilement acc\u00e9der aux flashcards n'importe o\u00f9, et tu n'as pas \u00e0 les cr\u00e9er manuellement ! Tu peux simplement choisir un pack de flashcards pr\u00eat \u00e0 l'emploi en ligne, ou si tu veux, tu peux cr\u00e9er le tien. Qu'y a-t-il de compliqu\u00e9 l\u00e0-dedans ?<\/p>\n\n                                                <div class=\"knob-block\">\n                <a href=\"https:\/\/studygo.com\/fr\/learn\/sign-up\/?last_page_slug=%252Ffr%252Fwp-json%252Fwp%252Fv2%252Fpages%252F770\"\n                   id=\"flashcards_text-media-1229_order-button\"\n                   class=\"knob order-knob large\"\n                   aria-label=\"S&#039;inscrire gratuitement\"\n                     style=''>\n                    <span class=\"visual\">\n                        S'inscrire gratuitement                    <\/span>\n                <\/a>\n                                                                <\/div>\n                            <\/div>\n                <\/div>\n            <\/div>\n        <\/div>\n    <\/div>\n<\/section><section class=\"title-block\"\n    >\n    <div class=\"carrier\">\n        <div class=\"tier center-xs\">\n            <div class=\"col s-10 l-8 animated\">\n                <h2 class=\"section-title\">Essaie StudyGo<\/h2>\n                            <\/div>\n            <div class=\"col s-8 l-6 animated\">\n                \n                            <\/div>\n        <\/div>\n    <\/div>\n<\/section><section class=\"page-section order-block\">\n    <div class=\"carrier\">\n                            <div class=\"tier\">\n                                    <div class=\"col m-6 l-4 m-offset-3 l-offset-4\">\n                        <div class=\"image-wrap\">\n                            <img decoding=\"async\" class=\"image\" src=\"https:\/\/www-media.studygo.com\/wp-content\/uploads\/2023\/02\/Laptop-w-Subjects-e1683619233429-360x240.png\" alt=\"Commencer\">\n                        <\/div>\n                    <\/div>\n                                <div class=\"col m-8 l-6 m-offset-2 l-offset-3\">\n                                            <p class=\"section-desc order-desc\">Volg onbeperkt online bijles, maak oefentoetsen, oefen je woordjes of bekijk uitlegvideo\u2019s. Zo haal je hogere cijfers voor je toetsen.<\/p>\n                                        <div class=\"knob-block\">\n                        <a href=\"https:\/\/studygo.com\/fr\/learn\/sign-up\/?last_page_slug=%252Ffr%252Fwp-json%252Fwp%252Fv2%252Fpages%252F770\"\n                           id=\"flashcards_order-1231_order-button\"\n                           class=\"knob order-knob large\">\n                            <span class=\"visual\">S'inscrire gratuitement<\/span>\n                        <\/a>\n                    <\/div>\n                                                                                <\/div>\n            <\/div>\n            <\/div>\n<\/section>","protected":false},"excerpt":{"rendered":"","protected":false},"author":7,"featured_media":0,"parent":0,"menu_order":0,"comment_status":"closed","ping_status":"closed","template":"","meta":{"inline_featured_image":false,"footnotes":""},"class_list":["post-770","page","type-page","status-publish","hentry"],"yoast_head":"<!-- This site is optimized with the Yoast SEO plugin v26.9 - https:\/\/yoast.com\/product\/yoast-seo-wordpress\/ -->\n<title>Flashcards \u2013 Leer sneller en onthoud beter! | StudyGo<\/title>\n<meta name=\"description\" content=\"Gebruik flashcards om woordjes, definities en feiten sneller te onthouden. Ontdek de beste methodes voor effectief leren!\" \/>\n<meta name=\"robots\" content=\"index, follow, max-snippet:-1, max-image-preview:large, max-video-preview:-1\" \/>\n<link rel=\"canonical\" href=\"https:\/\/studygo.com\/fr\/flashcards\/\" \/>\n<meta property=\"og:locale\" content=\"fr_FR\" \/>\n<meta property=\"og:type\" content=\"article\" \/>\n<meta property=\"og:title\" content=\"Flashcards \u2013 Leer sneller en onthoud beter! | StudyGo\" \/>\n<meta property=\"og:description\" content=\"Gebruik flashcards om woordjes, definities en feiten sneller te onthouden. Ontdek de beste methodes voor effectief leren!\" \/>\n<meta property=\"og:url\" content=\"https:\/\/studygo.com\/fr\/flashcards\/\" \/>\n<meta property=\"og:site_name\" content=\"StudyGo\" \/>\n<meta property=\"article:publisher\" content=\"https:\/\/www.facebook.com\/studygoNL\/\" \/>\n<meta property=\"article:modified_time\" content=\"2025-03-25T17:11:07+00:00\" \/>\n<meta property=\"og:image\" content=\"https:\/\/www-media.studygo.com\/wp-content\/uploads\/2025\/02\/Listening-Test.png\" \/>\n\t<meta property=\"og:image:width\" content=\"1201\" \/>\n\t<meta property=\"og:image:height\" content=\"801\" \/>\n\t<meta property=\"og:image:type\" content=\"image\/png\" \/>\n<meta name=\"twitter:card\" content=\"summary_large_image\" \/>\n<script type=\"application\/ld+json\" class=\"yoast-schema-graph\">{\"@context\":\"https:\/\/schema.org\",\"@graph\":[{\"@type\":\"Article\",\"@id\":\"https:\/\/studygo.com\/flashcards\/#article\",\"isPartOf\":{\"@id\":\"https:\/\/studygo.com\/flashcards\/\"},\"author\":{\"name\":\"kitty\",\"@id\":\"https:\/\/studygo.com\/#\/schema\/person\/91678521c25c40197aa94315b51e4d1e\"},\"headline\":\"Flashcards\",\"datePublished\":\"2022-09-12T09:02:38+00:00\",\"dateModified\":\"2025-03-25T17:11:07+00:00\",\"mainEntityOfPage\":{\"@id\":\"https:\/\/studygo.com\/flashcards\/\"},\"wordCount\":1,\"publisher\":{\"@id\":\"https:\/\/studygo.com\/#organization\"},\"inLanguage\":\"fr-FR\"},{\"@type\":\"WebPage\",\"@id\":\"https:\/\/studygo.com\/flashcards\/\",\"url\":\"https:\/\/studygo.com\/flashcards\/\",\"name\":\"Flashcards \u2013 Leer sneller en onthoud beter! | StudyGo\",\"isPartOf\":{\"@id\":\"https:\/\/studygo.com\/#website\"},\"datePublished\":\"2022-09-12T09:02:38+00:00\",\"dateModified\":\"2025-03-25T17:11:07+00:00\",\"description\":\"Gebruik flashcards om woordjes, definities en feiten sneller te onthouden. Ontdek de beste methodes voor effectief leren!\",\"breadcrumb\":{\"@id\":\"https:\/\/studygo.com\/flashcards\/#breadcrumb\"},\"inLanguage\":\"fr-FR\",\"potentialAction\":[{\"@type\":\"ReadAction\",\"target\":[\"https:\/\/studygo.com\/flashcards\/\"]}]},{\"@type\":\"BreadcrumbList\",\"@id\":\"https:\/\/studygo.com\/flashcards\/#breadcrumb\",\"itemListElement\":[{\"@type\":\"ListItem\",\"position\":1,\"name\":\"Home\",\"item\":\"https:\/\/studygo.com\/\"},{\"@type\":\"ListItem\",\"position\":2,\"name\":\"Flashcards\"}]},{\"@type\":\"WebSite\",\"@id\":\"https:\/\/studygo.com\/#website\",\"url\":\"https:\/\/studygo.com\/\",\"name\":\"StudyGo\",\"description\":\"\",\"publisher\":{\"@id\":\"https:\/\/studygo.com\/#organization\"},\"potentialAction\":[{\"@type\":\"SearchAction\",\"target\":{\"@type\":\"EntryPoint\",\"urlTemplate\":\"https:\/\/studygo.com\/?s={search_term_string}\"},\"query-input\":{\"@type\":\"PropertyValueSpecification\",\"valueRequired\":true,\"valueName\":\"search_term_string\"}}],\"inLanguage\":\"fr-FR\"},{\"@type\":\"Organization\",\"@id\":\"https:\/\/studygo.com\/#organization\",\"name\":\"StudyGo\",\"url\":\"https:\/\/studygo.com\/\",\"logo\":{\"@type\":\"ImageObject\",\"inLanguage\":\"fr-FR\",\"@id\":\"https:\/\/studygo.com\/#\/schema\/logo\/image\/\",\"url\":\"https:\/\/www-media.studygo.com\/wp-content\/uploads\/2025\/06\/studygo-logo.png\",\"contentUrl\":\"https:\/\/www-media.studygo.com\/wp-content\/uploads\/2025\/06\/studygo-logo.png\",\"width\":1244,\"height\":858,\"caption\":\"StudyGo\"},\"image\":{\"@id\":\"https:\/\/studygo.com\/#\/schema\/logo\/image\/\"},\"sameAs\":[\"https:\/\/www.facebook.com\/studygoNL\/\",\"https:\/\/www.youtube.com\/@StudyGoNL\/videos\",\"https:\/\/www.instagram.com\/studygonl\"]},{\"@type\":\"Person\",\"@id\":\"https:\/\/studygo.com\/#\/schema\/person\/91678521c25c40197aa94315b51e4d1e\",\"name\":\"kitty\",\"image\":{\"@type\":\"ImageObject\",\"inLanguage\":\"fr-FR\",\"@id\":\"https:\/\/studygo.com\/#\/schema\/person\/image\/\",\"url\":\"https:\/\/secure.gravatar.com\/avatar\/95f50a5be5acd9fbb307bcd1f46ecfd6b4593c5aa1de03c3ac9ec36b068cf2b2?s=96&d=mm&r=g\",\"contentUrl\":\"https:\/\/secure.gravatar.com\/avatar\/95f50a5be5acd9fbb307bcd1f46ecfd6b4593c5aa1de03c3ac9ec36b068cf2b2?s=96&d=mm&r=g\",\"caption\":\"kitty\"},\"url\":\"https:\/\/studygo.com\/fr\/author\/kitty\/\"}]}<\/script>\n<!-- \/ Yoast SEO plugin. -->","yoast_head_json":{"title":"Flashcards \u2013 Leer sneller en onthoud beter! | StudyGo","description":"Gebruik flashcards om woordjes, definities en feiten sneller te onthouden. Ontdek de beste methodes voor effectief leren!","robots":{"index":"index","follow":"follow","max-snippet":"max-snippet:-1","max-image-preview":"max-image-preview:large","max-video-preview":"max-video-preview:-1"},"canonical":"https:\/\/studygo.com\/fr\/flashcards\/","og_locale":"fr_FR","og_type":"article","og_title":"Flashcards \u2013 Leer sneller en onthoud beter! | StudyGo","og_description":"Gebruik flashcards om woordjes, definities en feiten sneller te onthouden. Ontdek de beste methodes voor effectief leren!","og_url":"https:\/\/studygo.com\/fr\/flashcards\/","og_site_name":"StudyGo","article_publisher":"https:\/\/www.facebook.com\/studygoNL\/","article_modified_time":"2025-03-25T17:11:07+00:00","og_image":[{"width":1201,"height":801,"url":"https:\/\/www-media.studygo.com\/wp-content\/uploads\/2025\/02\/Listening-Test.png","type":"image\/png"}],"twitter_card":"summary_large_image","schema":{"@context":"https:\/\/schema.org","@graph":[{"@type":"Article","@id":"https:\/\/studygo.com\/flashcards\/#article","isPartOf":{"@id":"https:\/\/studygo.com\/flashcards\/"},"author":{"name":"kitty","@id":"https:\/\/studygo.com\/#\/schema\/person\/91678521c25c40197aa94315b51e4d1e"},"headline":"Flashcards","datePublished":"2022-09-12T09:02:38+00:00","dateModified":"2025-03-25T17:11:07+00:00","mainEntityOfPage":{"@id":"https:\/\/studygo.com\/flashcards\/"},"wordCount":1,"publisher":{"@id":"https:\/\/studygo.com\/#organization"},"inLanguage":"fr-FR"},{"@type":"WebPage","@id":"https:\/\/studygo.com\/flashcards\/","url":"https:\/\/studygo.com\/flashcards\/","name":"Flashcards \u2013 Leer sneller en onthoud beter! | StudyGo","isPartOf":{"@id":"https:\/\/studygo.com\/#website"},"datePublished":"2022-09-12T09:02:38+00:00","dateModified":"2025-03-25T17:11:07+00:00","description":"Gebruik flashcards om woordjes, definities en feiten sneller te onthouden. Ontdek de beste methodes voor effectief leren!","breadcrumb":{"@id":"https:\/\/studygo.com\/flashcards\/#breadcrumb"},"inLanguage":"fr-FR","potentialAction":[{"@type":"ReadAction","target":["https:\/\/studygo.com\/flashcards\/"]}]},{"@type":"BreadcrumbList","@id":"https:\/\/studygo.com\/flashcards\/#breadcrumb","itemListElement":[{"@type":"ListItem","position":1,"name":"Home","item":"https:\/\/studygo.com\/"},{"@type":"ListItem","position":2,"name":"Flashcards"}]},{"@type":"WebSite","@id":"https:\/\/studygo.com\/#website","url":"https:\/\/studygo.com\/","name":"StudyGo","description":"","publisher":{"@id":"https:\/\/studygo.com\/#organization"},"potentialAction":[{"@type":"SearchAction","target":{"@type":"EntryPoint","urlTemplate":"https:\/\/studygo.com\/?s={search_term_string}"},"query-input":{"@type":"PropertyValueSpecification","valueRequired":true,"valueName":"search_term_string"}}],"inLanguage":"fr-FR"},{"@type":"Organization","@id":"https:\/\/studygo.com\/#organization","name":"StudyGo","url":"https:\/\/studygo.com\/","logo":{"@type":"ImageObject","inLanguage":"fr-FR","@id":"https:\/\/studygo.com\/#\/schema\/logo\/image\/","url":"https:\/\/www-media.studygo.com\/wp-content\/uploads\/2025\/06\/studygo-logo.png","contentUrl":"https:\/\/www-media.studygo.com\/wp-content\/uploads\/2025\/06\/studygo-logo.png","width":1244,"height":858,"caption":"StudyGo"},"image":{"@id":"https:\/\/studygo.com\/#\/schema\/logo\/image\/"},"sameAs":["https:\/\/www.facebook.com\/studygoNL\/","https:\/\/www.youtube.com\/@StudyGoNL\/videos","https:\/\/www.instagram.com\/studygonl"]},{"@type":"Person","@id":"https:\/\/studygo.com\/#\/schema\/person\/91678521c25c40197aa94315b51e4d1e","name":"kitty","image":{"@type":"ImageObject","inLanguage":"fr-FR","@id":"https:\/\/studygo.com\/#\/schema\/person\/image\/","url":"https:\/\/secure.gravatar.com\/avatar\/95f50a5be5acd9fbb307bcd1f46ecfd6b4593c5aa1de03c3ac9ec36b068cf2b2?s=96&d=mm&r=g","contentUrl":"https:\/\/secure.gravatar.com\/avatar\/95f50a5be5acd9fbb307bcd1f46ecfd6b4593c5aa1de03c3ac9ec36b068cf2b2?s=96&d=mm&r=g","caption":"kitty"},"url":"https:\/\/studygo.com\/fr\/author\/kitty\/"}]}},"_links":{"self":[{"href":"https:\/\/studygo.com\/fr\/wp-json\/wp\/v2\/pages\/770","targetHints":{"allow":["GET"]}}],"collection":[{"href":"https:\/\/studygo.com\/fr\/wp-json\/wp\/v2\/pages"}],"about":[{"href":"https:\/\/studygo.com\/fr\/wp-json\/wp\/v2\/types\/page"}],"author":[{"embeddable":true,"href":"https:\/\/studygo.com\/fr\/wp-json\/wp\/v2\/users\/7"}],"replies":[{"embeddable":true,"href":"https:\/\/studygo.com\/fr\/wp-json\/wp\/v2\/comments?post=770"}],"version-history":[{"count":22,"href":"https:\/\/studygo.com\/fr\/wp-json\/wp\/v2\/pages\/770\/revisions"}],"predecessor-version":[{"id":27610,"href":"https:\/\/studygo.com\/fr\/wp-json\/wp\/v2\/pages\/770\/revisions\/27610"}],"wp:attachment":[{"href":"https:\/\/studygo.com\/fr\/wp-json\/wp\/v2\/media?parent=770"}],"curies":[{"name":"wp","href":"https:\/\/api.w.org\/{rel}","templated":true}]}}