{"id":997,"date":"2022-09-15T11:59:50","date_gmt":"2022-09-15T11:59:50","guid":{"rendered":"https:\/\/intl.wrts.dev\/?page_id=997"},"modified":"2025-03-25T17:14:05","modified_gmt":"2025-03-25T17:14:05","slug":"polish-vocabulary","status":"publish","type":"page","link":"https:\/\/studygo.com\/fr\/polish-vocabulary\/","title":{"rendered":"Polish"},"content":{"rendered":"<section class=\"header-block detail-header\" style=\"color: #ffffff\">\n        <div class=\"header-block-bg\" style=\"background-color: #652ea3;\">\n                    <\/div>\n        <div class=\"carrier\">\n            <div class=\"tier content-row\">\n                <div class=\"col m-6 m-offset-0 last-m header-img-col\" >\n                                                                <div class=\"header-img\">\n                                                                                                                            <img decoding=\"async\" class=\"img\" src=\"https:\/\/www-media.studygo.com\/wp-content\/uploads\/2022\/09\/Gliding-Arrow-800x533.png\"\n                                    aria-hidden=\"true\">\n                                                    <\/div>\n                                    <\/div>\n                <div class=\"col m-6\">\n                    <div class=\"header-info\">\n                        <h1 class=\"page-title animated\">Pratiquer le polonais<\/h1>                        <div class=\"section-desc animated\">\n                            <p class=\"section-desc\">\n                                    <p class=\"section-desc\">Obtiens des notes plus \u00e9lev\u00e9es en polonais plus rapidement avec StudyGo. Pratique le polonais avec des s\u00e9ries de mots et des quiz.<\/p>\n\n                            <\/p>\n                            <div class=\"knob-block-row\">\n                                                        <div class=\"knob-block\">\n                <a href=\"\/fr\/learn\/sign-up\/?last_page_slug=%252Ffr%252Fwp-json%252Fwp%252Fv2%252Fpages%252F997\"\n                   id=\"polish-vocabulary_header-1262_order-button\"\n                   class=\"knob order-knob large\"\n                   aria-label=\"S&#039;inscrire gratuitement\"\n                     style=''>\n                    <span class=\"visual\">\n                        S'inscrire gratuitement                    <\/span>\n                <\/a>\n                                                                <\/div>\n                                                                    <\/div>\n                        <\/div>\n                    <\/div>\n                <\/div>\n            <\/div>\n        <\/div>\n    <\/section><section class=\"page-section media-block white-section\"\n    >\n    <div class=\"carrier\">\n        <div class=\"tier middle-m content-row\">\n            <div class=\"col m-6 media-preview-col\">\n                                            <div class=\"media-preview img-fit\"\n                     style=\"background-image: url(https:\/\/www-media.studygo.com\/wp-content\/uploads\/2022\/09\/Typing-1-800x533.png)\"\n                     aria-hidden=\"true\">\n                                                        <\/div>\n                                        <\/div>\n            <div class=\"media-info-col col m-5 m-offset-1\">\n                <div class=\"media-info\">\n                                        <h2 class=\"section-title animated\">Choose your study mode<\/h2>\n                    <div class=\"section-desc animated\">\n                            <p class=\"section-desc\">Avec nos diff\u00e9rents modes d'\u00e9tude, tu peux pratiquer le vocabulaire polonais de mani\u00e8re intensive. Cela rend l'apprentissage non seulement plus vari\u00e9, mais cela garantit \u00e9galement de se souvenir mieux de tout.<br><br>Test yourself on \u2018Spelling\u2019, practise with \u2018Dictation\u2019, \u2018Hints\u2019 or go straight to the \u2018Test\u2019. Dive even deeper with \u2018Multiple Choice\u2019 and \u2018In Your Mind\u2019 (Flashcards)!<\/p>\n\n                                    <div class=\"knob-block\">\n                <a href=\"https:\/\/studygo.com\/fr\/sentrainer\/fonctions\/apprendre-vocabulaire\/\"\n                   id=\"polish-vocabulary_text-media-1263_text-button\"\n                   class=\"simple-knob blue with-icon\"\n                   aria-label=\"View all study modes\"\n                   >\n                    <span class=\"text\">View all study modes<\/span>\n                    <span class=\"icon icon-arrow-large-right\"><\/span>\n                <\/a>\n            <\/div>\n                            <\/div>\n                <\/div>\n            <\/div>\n        <\/div>\n    <\/div>\n<\/section><section class=\"page-section media-block reverse white-section\"\n    >\n    <div class=\"carrier\">\n        <div class=\"tier middle-m content-row\">\n            <div class=\"col m-6 media-preview-col\">\n                                            <div class=\"media-preview img-fit\"\n                     style=\"background-image: url(https:\/\/www-media.studygo.com\/wp-content\/uploads\/2022\/09\/Searching-2-800x460.png)\"\n                     aria-hidden=\"true\">\n                                                        <\/div>\n                                        <\/div>\n            <div class=\"media-info-col col m-5 m-offset-1\">\n                <div class=\"media-info\">\n                                        <h2 class=\"section-title animated\">Cr\u00e9e tes propres s\u00e9ries de mots ou utilise les s\u00e9ries de mots de tes amis<\/h2>\n                    <div class=\"section-desc animated\">\n                            <p class=\"section-desc\">Avec StudyGo, tu peux apprendre le polonais en cr\u00e9ant tes propres s\u00e9ries de mots ou quiz. Ou utilise les exercices de tes camarades de classe ou de tes enseignants, puis pratique le plus possible !<\/p>\n\n                                            <\/div>\n                <\/div>\n            <\/div>\n        <\/div>\n    <\/div>\n<\/section><section class=\"page-section media-block white-section\"\n    >\n    <div class=\"carrier\">\n        <div class=\"tier middle-m content-row\">\n            <div class=\"col m-6 media-preview-col\">\n                                            <div class=\"media-preview img-fit\"\n                     style=\"background-image: url(https:\/\/www-media.studygo.com\/wp-content\/uploads\/2022\/09\/Pointer-Test-Standing-800x533.png)\"\n                     aria-hidden=\"true\">\n                                                        <\/div>\n                                        <\/div>\n            <div class=\"media-info-col col m-5 m-offset-1\">\n                <div class=\"media-info\">\n                                        <h2 class=\"section-title animated\">Pratique la grammaire polonaise<\/h2>\n                    <div class=\"section-desc animated\">\n                            <p class=\"section-desc\">Dois-tu utiliser i\u015b\u0107, jecha\u0107, chodzi\u0107 ou je\u017adzi\u0107 ? Il peut \u00eatre assez difficile de faire la diff\u00e9rence entre ces verbes lorsque tu apprends le polonais. Cr\u00e9e ou trouve un quiz pour ma\u00eetriser ta grammaire et tes comp\u00e9tences linguistiques sur StudyGo. Tu ne confondras plus jamais ces mots !<\/p>\n\n                                            <\/div>\n                <\/div>\n            <\/div>\n        <\/div>\n    <\/div>\n<\/section><section class=\"page-section media-block reverse white-section\"\n    >\n    <div class=\"carrier\">\n        <div class=\"tier middle-m content-row\">\n            <div class=\"col m-6 media-preview-col\">\n                                            <div class=\"media-preview img-fit\"\n                     style=\"background-image: url(https:\/\/www-media.studygo.com\/wp-content\/uploads\/2022\/09\/Floating-Rectangular-800x800.png)\"\n                     aria-hidden=\"true\">\n                                                        <\/div>\n                                        <\/div>\n            <div class=\"media-info-col col m-5 m-offset-1\">\n                <div class=\"media-info\">\n                                        <h2 class=\"section-title animated\">Garde une trace de tes progr\u00e8s<\/h2>\n                    <div class=\"section-desc animated\">\n                            <p class=\"section-desc\">Apr\u00e8s chaque exercice, nous te montrons \u00e0 combien de questions tu as r\u00e9pondu correctement, celles qu'il te reste \u00e0 apprendre et ta note globale. De cette fa\u00e7on, tu seras toujours \u00e0 jour sur ta pr\u00e9paration \u00e0 un examen de polonais.<\/p>\n\n                                            <\/div>\n                <\/div>\n            <\/div>\n        <\/div>\n    <\/div>\n<\/section><section class=\"title-block\"\n    >\n    <div class=\"carrier\">\n        <div class=\"tier center-xs\">\n            <div class=\"col s-10 l-8 animated\">\n                <h2 class=\"section-title\">Try StudyGo<\/h2>\n                            <\/div>\n            <div class=\"col s-8 l-6 animated\">\n                \n                            <\/div>\n        <\/div>\n    <\/div>\n<\/section><section class=\"page-section order-block\">\n    <div class=\"carrier\">\n                            <div class=\"tier\">\n                                    <div class=\"col m-6 l-4 m-offset-3 l-offset-4\">\n                        <div class=\"image-wrap\">\n                            <img decoding=\"async\" class=\"image\" src=\"https:\/\/www-media.studygo.com\/wp-content\/uploads\/2022\/09\/Jetpack-360x321.png\" alt=\"Main shop CTA\">\n                        <\/div>\n                    <\/div>\n                                <div class=\"col m-8 l-6 m-offset-2 l-offset-3\">\n                                            <p class=\"section-desc order-desc\">Learning vocabulary and definitions on StudyGo is free for everyone. If you want to try out the other packages, there is always a 7 day free trial.\u00a0<\/p>\n                                        <div class=\"knob-block\">\n                        <a href=\"\/fr\/learn\/sign-up\/?last_page_slug=%252Ffr%252Fwp-json%252Fwp%252Fv2%252Fpages%252F997\"\n                           id=\"polish-vocabulary_order-1267_order-button\"\n                           class=\"knob order-knob large\">\n                            <span class=\"visual\">S'inscrire gratuitement<\/span>\n                        <\/a>\n                    <\/div>\n                                                                                <\/div>\n            <\/div>\n            <\/div>\n<\/section>","protected":false},"excerpt":{"rendered":"","protected":false},"author":7,"featured_media":0,"parent":0,"menu_order":0,"comment_status":"closed","ping_status":"closed","template":"","meta":{"inline_featured_image":false,"footnotes":""},"class_list":["post-997","page","type-page","status-publish","hentry"],"yoast_head":"<!-- This site is optimized with the Yoast SEO plugin v26.9 - https:\/\/yoast.com\/product\/yoast-seo-wordpress\/ -->\n<title>Pools woordenschat oefenen \u2013 Leer nieuwe woorden! | StudyGo<\/title>\n<meta name=\"description\" content=\"Breid je Poolse woordenschat uit met handige oefeningen. Leer veelgebruikte woorden en zinnen voor dagelijks gebruik!\" \/>\n<meta name=\"robots\" content=\"index, follow, max-snippet:-1, max-image-preview:large, max-video-preview:-1\" \/>\n<link rel=\"canonical\" href=\"https:\/\/studygo.com\/fr\/polish-vocabulary\/\" \/>\n<meta property=\"og:locale\" content=\"fr_FR\" \/>\n<meta property=\"og:type\" content=\"article\" \/>\n<meta property=\"og:title\" content=\"Pools woordenschat oefenen \u2013 Leer nieuwe woorden! | StudyGo\" \/>\n<meta property=\"og:description\" content=\"Breid je Poolse woordenschat uit met handige oefeningen. Leer veelgebruikte woorden en zinnen voor dagelijks gebruik!\" \/>\n<meta property=\"og:url\" content=\"https:\/\/studygo.com\/fr\/polish-vocabulary\/\" \/>\n<meta property=\"og:site_name\" content=\"StudyGo\" \/>\n<meta property=\"article:publisher\" content=\"https:\/\/www.facebook.com\/studygoNL\/\" \/>\n<meta property=\"article:modified_time\" content=\"2025-03-25T17:14:05+00:00\" \/>\n<meta property=\"og:image\" content=\"https:\/\/www-media.studygo.com\/wp-content\/uploads\/2025\/02\/Listening-Test.png\" \/>\n\t<meta property=\"og:image:width\" content=\"1201\" \/>\n\t<meta property=\"og:image:height\" content=\"801\" \/>\n\t<meta property=\"og:image:type\" content=\"image\/png\" \/>\n<meta name=\"twitter:card\" content=\"summary_large_image\" \/>\n<script type=\"application\/ld+json\" class=\"yoast-schema-graph\">{\"@context\":\"https:\/\/schema.org\",\"@graph\":[{\"@type\":\"Article\",\"@id\":\"https:\/\/studygo.com\/polish-vocabulary\/#article\",\"isPartOf\":{\"@id\":\"https:\/\/studygo.com\/polish-vocabulary\/\"},\"author\":{\"name\":\"kitty\",\"@id\":\"https:\/\/studygo.com\/#\/schema\/person\/91678521c25c40197aa94315b51e4d1e\"},\"headline\":\"Polish\",\"datePublished\":\"2022-09-15T11:59:50+00:00\",\"dateModified\":\"2025-03-25T17:14:05+00:00\",\"mainEntityOfPage\":{\"@id\":\"https:\/\/studygo.com\/polish-vocabulary\/\"},\"wordCount\":1,\"publisher\":{\"@id\":\"https:\/\/studygo.com\/#organization\"},\"inLanguage\":\"fr-FR\"},{\"@type\":\"WebPage\",\"@id\":\"https:\/\/studygo.com\/polish-vocabulary\/\",\"url\":\"https:\/\/studygo.com\/polish-vocabulary\/\",\"name\":\"Pools woordenschat oefenen \u2013 Leer nieuwe woorden! | StudyGo\",\"isPartOf\":{\"@id\":\"https:\/\/studygo.com\/#website\"},\"datePublished\":\"2022-09-15T11:59:50+00:00\",\"dateModified\":\"2025-03-25T17:14:05+00:00\",\"description\":\"Breid je Poolse woordenschat uit met handige oefeningen. Leer veelgebruikte woorden en zinnen voor dagelijks gebruik!\",\"breadcrumb\":{\"@id\":\"https:\/\/studygo.com\/polish-vocabulary\/#breadcrumb\"},\"inLanguage\":\"fr-FR\",\"potentialAction\":[{\"@type\":\"ReadAction\",\"target\":[\"https:\/\/studygo.com\/polish-vocabulary\/\"]}]},{\"@type\":\"BreadcrumbList\",\"@id\":\"https:\/\/studygo.com\/polish-vocabulary\/#breadcrumb\",\"itemListElement\":[{\"@type\":\"ListItem\",\"position\":1,\"name\":\"Home\",\"item\":\"https:\/\/studygo.com\/\"},{\"@type\":\"ListItem\",\"position\":2,\"name\":\"Polish\"}]},{\"@type\":\"WebSite\",\"@id\":\"https:\/\/studygo.com\/#website\",\"url\":\"https:\/\/studygo.com\/\",\"name\":\"StudyGo\",\"description\":\"\",\"publisher\":{\"@id\":\"https:\/\/studygo.com\/#organization\"},\"potentialAction\":[{\"@type\":\"SearchAction\",\"target\":{\"@type\":\"EntryPoint\",\"urlTemplate\":\"https:\/\/studygo.com\/?s={search_term_string}\"},\"query-input\":{\"@type\":\"PropertyValueSpecification\",\"valueRequired\":true,\"valueName\":\"search_term_string\"}}],\"inLanguage\":\"fr-FR\"},{\"@type\":\"Organization\",\"@id\":\"https:\/\/studygo.com\/#organization\",\"name\":\"StudyGo\",\"url\":\"https:\/\/studygo.com\/\",\"logo\":{\"@type\":\"ImageObject\",\"inLanguage\":\"fr-FR\",\"@id\":\"https:\/\/studygo.com\/#\/schema\/logo\/image\/\",\"url\":\"https:\/\/www-media.studygo.com\/wp-content\/uploads\/2025\/06\/studygo-logo.png\",\"contentUrl\":\"https:\/\/www-media.studygo.com\/wp-content\/uploads\/2025\/06\/studygo-logo.png\",\"width\":1244,\"height\":858,\"caption\":\"StudyGo\"},\"image\":{\"@id\":\"https:\/\/studygo.com\/#\/schema\/logo\/image\/\"},\"sameAs\":[\"https:\/\/www.facebook.com\/studygoNL\/\",\"https:\/\/www.youtube.com\/@StudyGoNL\/videos\",\"https:\/\/www.instagram.com\/studygonl\"]},{\"@type\":\"Person\",\"@id\":\"https:\/\/studygo.com\/#\/schema\/person\/91678521c25c40197aa94315b51e4d1e\",\"name\":\"kitty\",\"image\":{\"@type\":\"ImageObject\",\"inLanguage\":\"fr-FR\",\"@id\":\"https:\/\/studygo.com\/#\/schema\/person\/image\/\",\"url\":\"https:\/\/secure.gravatar.com\/avatar\/95f50a5be5acd9fbb307bcd1f46ecfd6b4593c5aa1de03c3ac9ec36b068cf2b2?s=96&d=mm&r=g\",\"contentUrl\":\"https:\/\/secure.gravatar.com\/avatar\/95f50a5be5acd9fbb307bcd1f46ecfd6b4593c5aa1de03c3ac9ec36b068cf2b2?s=96&d=mm&r=g\",\"caption\":\"kitty\"},\"url\":\"https:\/\/studygo.com\/fr\/author\/kitty\/\"}]}<\/script>\n<!-- \/ Yoast SEO plugin. -->","yoast_head_json":{"title":"Pools woordenschat oefenen \u2013 Leer nieuwe woorden! | StudyGo","description":"Breid je Poolse woordenschat uit met handige oefeningen. Leer veelgebruikte woorden en zinnen voor dagelijks gebruik!","robots":{"index":"index","follow":"follow","max-snippet":"max-snippet:-1","max-image-preview":"max-image-preview:large","max-video-preview":"max-video-preview:-1"},"canonical":"https:\/\/studygo.com\/fr\/polish-vocabulary\/","og_locale":"fr_FR","og_type":"article","og_title":"Pools woordenschat oefenen \u2013 Leer nieuwe woorden! | StudyGo","og_description":"Breid je Poolse woordenschat uit met handige oefeningen. Leer veelgebruikte woorden en zinnen voor dagelijks gebruik!","og_url":"https:\/\/studygo.com\/fr\/polish-vocabulary\/","og_site_name":"StudyGo","article_publisher":"https:\/\/www.facebook.com\/studygoNL\/","article_modified_time":"2025-03-25T17:14:05+00:00","og_image":[{"width":1201,"height":801,"url":"https:\/\/www-media.studygo.com\/wp-content\/uploads\/2025\/02\/Listening-Test.png","type":"image\/png"}],"twitter_card":"summary_large_image","schema":{"@context":"https:\/\/schema.org","@graph":[{"@type":"Article","@id":"https:\/\/studygo.com\/polish-vocabulary\/#article","isPartOf":{"@id":"https:\/\/studygo.com\/polish-vocabulary\/"},"author":{"name":"kitty","@id":"https:\/\/studygo.com\/#\/schema\/person\/91678521c25c40197aa94315b51e4d1e"},"headline":"Polish","datePublished":"2022-09-15T11:59:50+00:00","dateModified":"2025-03-25T17:14:05+00:00","mainEntityOfPage":{"@id":"https:\/\/studygo.com\/polish-vocabulary\/"},"wordCount":1,"publisher":{"@id":"https:\/\/studygo.com\/#organization"},"inLanguage":"fr-FR"},{"@type":"WebPage","@id":"https:\/\/studygo.com\/polish-vocabulary\/","url":"https:\/\/studygo.com\/polish-vocabulary\/","name":"Pools woordenschat oefenen \u2013 Leer nieuwe woorden! | StudyGo","isPartOf":{"@id":"https:\/\/studygo.com\/#website"},"datePublished":"2022-09-15T11:59:50+00:00","dateModified":"2025-03-25T17:14:05+00:00","description":"Breid je Poolse woordenschat uit met handige oefeningen. Leer veelgebruikte woorden en zinnen voor dagelijks gebruik!","breadcrumb":{"@id":"https:\/\/studygo.com\/polish-vocabulary\/#breadcrumb"},"inLanguage":"fr-FR","potentialAction":[{"@type":"ReadAction","target":["https:\/\/studygo.com\/polish-vocabulary\/"]}]},{"@type":"BreadcrumbList","@id":"https:\/\/studygo.com\/polish-vocabulary\/#breadcrumb","itemListElement":[{"@type":"ListItem","position":1,"name":"Home","item":"https:\/\/studygo.com\/"},{"@type":"ListItem","position":2,"name":"Polish"}]},{"@type":"WebSite","@id":"https:\/\/studygo.com\/#website","url":"https:\/\/studygo.com\/","name":"StudyGo","description":"","publisher":{"@id":"https:\/\/studygo.com\/#organization"},"potentialAction":[{"@type":"SearchAction","target":{"@type":"EntryPoint","urlTemplate":"https:\/\/studygo.com\/?s={search_term_string}"},"query-input":{"@type":"PropertyValueSpecification","valueRequired":true,"valueName":"search_term_string"}}],"inLanguage":"fr-FR"},{"@type":"Organization","@id":"https:\/\/studygo.com\/#organization","name":"StudyGo","url":"https:\/\/studygo.com\/","logo":{"@type":"ImageObject","inLanguage":"fr-FR","@id":"https:\/\/studygo.com\/#\/schema\/logo\/image\/","url":"https:\/\/www-media.studygo.com\/wp-content\/uploads\/2025\/06\/studygo-logo.png","contentUrl":"https:\/\/www-media.studygo.com\/wp-content\/uploads\/2025\/06\/studygo-logo.png","width":1244,"height":858,"caption":"StudyGo"},"image":{"@id":"https:\/\/studygo.com\/#\/schema\/logo\/image\/"},"sameAs":["https:\/\/www.facebook.com\/studygoNL\/","https:\/\/www.youtube.com\/@StudyGoNL\/videos","https:\/\/www.instagram.com\/studygonl"]},{"@type":"Person","@id":"https:\/\/studygo.com\/#\/schema\/person\/91678521c25c40197aa94315b51e4d1e","name":"kitty","image":{"@type":"ImageObject","inLanguage":"fr-FR","@id":"https:\/\/studygo.com\/#\/schema\/person\/image\/","url":"https:\/\/secure.gravatar.com\/avatar\/95f50a5be5acd9fbb307bcd1f46ecfd6b4593c5aa1de03c3ac9ec36b068cf2b2?s=96&d=mm&r=g","contentUrl":"https:\/\/secure.gravatar.com\/avatar\/95f50a5be5acd9fbb307bcd1f46ecfd6b4593c5aa1de03c3ac9ec36b068cf2b2?s=96&d=mm&r=g","caption":"kitty"},"url":"https:\/\/studygo.com\/fr\/author\/kitty\/"}]}},"_links":{"self":[{"href":"https:\/\/studygo.com\/fr\/wp-json\/wp\/v2\/pages\/997","targetHints":{"allow":["GET"]}}],"collection":[{"href":"https:\/\/studygo.com\/fr\/wp-json\/wp\/v2\/pages"}],"about":[{"href":"https:\/\/studygo.com\/fr\/wp-json\/wp\/v2\/types\/page"}],"author":[{"embeddable":true,"href":"https:\/\/studygo.com\/fr\/wp-json\/wp\/v2\/users\/7"}],"replies":[{"embeddable":true,"href":"https:\/\/studygo.com\/fr\/wp-json\/wp\/v2\/comments?post=997"}],"version-history":[{"count":30,"href":"https:\/\/studygo.com\/fr\/wp-json\/wp\/v2\/pages\/997\/revisions"}],"predecessor-version":[{"id":1824,"href":"https:\/\/studygo.com\/fr\/wp-json\/wp\/v2\/pages\/997\/revisions\/1824"}],"wp:attachment":[{"href":"https:\/\/studygo.com\/fr\/wp-json\/wp\/v2\/media?parent=997"}],"curies":[{"name":"wp","href":"https:\/\/api.w.org\/{rel}","templated":true}]}}