{"id":17621,"date":"2022-04-28T11:28:46","date_gmt":"2022-04-28T09:28:46","guid":{"rendered":"https:\/\/studygo.com\/nl\/?page_id=17621"},"modified":"2025-03-25T16:30:21","modified_gmt":"2025-03-25T16:30:21","slug":"le-futur-simple","status":"publish","type":"page","link":"https:\/\/studygo.com\/it\/blog\/le-futur-simple\/","title":{"rendered":"Le futur simple"},"content":{"rendered":"<section class=\"header-block simple-header\" style=\"color: #ffffff\">\n                <div class=\"header-block-bg\" style=\"background-color: #652ea3;\">\n                    <\/div>\n        <div class=\"carrier\">\n            <div class=\"header-info\">\n                <h1 class=\"page-title animated\">Le futur simple uitgelegd<\/h1>                <div class=\"animated\">\n                    <p class=\"section-desc\">\n                            <p class=\"section-desc\">Op deze pagina leggen we je uit <a href=\"#wat\">wat le futur simple is<\/a>, <a href=\"#wanneer\">wanneer je het kunt gebruiken<\/a>, <a href=\"#vervoegen\">hoe je het vervoegt<\/a>, wat de <a href=\"#uitzonderingen\">uitzonderingen<\/a> zijn \u00e9n we hebben nog een <a href=\"#tip\">gouden tip<\/a> voor je om de futur simple te leren.<\/p>\n\n                    <\/p>\n                    <div class=\"knob-block-row\">\n                                                                    <\/div>\n                <\/div>\n            <\/div>\n        <\/div>\n    <\/section><div class=\"content-heading\" id=\"wat-anchor\"><h2 class=\"wp-block-heading\">Wat is le futur simple?<\/h2><\/div><div class=\"content-paragraph\"><p>Als je<strong> in de toekomst<\/strong> iets wil&nbsp;beschrijven, dan gebruik je de&nbsp;<strong>futur simple<\/strong>. Hieronder staan twee voorbeelden: <\/p><\/div><div class=\"content-list\"><ul class=\"wp-block-list\"><li>\u00c0 la fin de l\u2019ann\u00e9e, je parlerai le russe et le chinois.&nbsp;<em>Bij het einde van het jaar zal ik Russisch en Chinees praten.<\/em><\/li><li>Tu finiras tes devoirs demain !&nbsp;<em>Je zal je huiswerk morgen afmaken.<\/em><\/li><\/ul><\/div><div class=\"content-heading\" id=\"wanneer-anchor\"><h2 class=\"wp-block-heading\">Wanneer kun je de futur simple gebruiken?<\/h2><\/div><div class=\"content-paragraph\"><p>Je gebruikt le futur simple wanneer de toekomst nog een beetje hypothetisch lijkt of het gaat om de verre toekomst.<\/p><\/div><div class=\"content-paragraph\"><p>Kijk eens naar deze voorbeelden:<\/p><\/div><div class=\"content-list\"><ul class=\"wp-block-list\"><li>L\u2019\u00e9t\u00e9 prochain nous partirons en vacances en Italie. <em>Volgende zomer zullen wij naar Itali\u00eb op vakantie gaan.<\/em><\/li><li>Dans cinq ans je travaillerai au Mexique. <em>Over vijf jaar zal ik in Mexico werken.<\/em><\/li><li>Que feras-tu apr\u00e8s tes \u00e9tudes? <em>Wat zal je doen na je studie?<\/em><\/li><\/ul><\/div><div class=\"content-heading\" id=\"vervoegen-anchor\"><h2 class=\"wp-block-heading\">Hoe vervoeg je le futur simple?<\/h2><\/div><div class=\"content-paragraph\"><p>In de Nederlandse taal gebruik je&nbsp;<strong>\u201c<em>zal<\/em>\u201d of \u201c<em>zullen<\/em>\u201d + het hele werkwoord<\/strong> om te beschrijven wat in de toekomst gaat gebeuren<\/p><\/div><div class=\"content-paragraph\"><p>In het Frans is het net wat anders. Je pakt het hele werkwoord oftewel&nbsp;<strong>de infinitief van de werkwoorden in -er en in -ir.&nbsp;<\/strong>Vervolgens plak je de&nbsp;<strong>uitgangen van de toekomstige tijd<\/strong>&nbsp;erachter.<\/p><\/div><section\n    class=\"media-block\"\n    >\n    <div class=\"carrier\">\n        <div class=\"tier\">\n            <div class=\"col m-10 l-8 m-offset-1 l-offset-2\">\n                                    <div class=\"media-preview__wrapper\" >\n                                            <a                         >\n                            <div class=\"media-preview img-fit\"  style=\"background-image: url('https:\/\/www-media.studygo.com\/wp-content\/uploads\/2022\/04\/futur.png')\">\n                                 \n                            <\/div>\n                        <\/a>\n                                            <\/div>\n                                                <\/div>\n        <\/div>\n    <\/div>\n<\/section><section\n    class=\"media-block\"\n    >\n    <div class=\"carrier\">\n        <div class=\"tier\">\n            <div class=\"col m-10 l-8 m-offset-1 l-offset-2\">\n                                    <div class=\"media-preview__wrapper\" >\n                                            <a                         >\n                            <div class=\"media-preview img-fit\"  style=\"background-image: url('https:\/\/www-media.studygo.com\/wp-content\/uploads\/2022\/04\/simple.png')\">\n                                 \n                            <\/div>\n                        <\/a>\n                                            <\/div>\n                                                <\/div>\n        <\/div>\n    <\/div>\n<\/section><div class=\"content-paragraph\"><p><\/p><\/div><div class=\"content-heading\" id=\"tip-anchor\"><h2 class=\"wp-block-heading\">Gouden tip om le futur simple te leren<\/h2><\/div><div class=\"content-paragraph\"><p>Om de uitgangen van de futur simple te leren, kun je denken aan het werkwoord&nbsp;<strong>avoir<\/strong>&nbsp;in de tegenwoordige tijd:<\/p><\/div><div class=\"content-list\"><ul class=\"wp-block-list\"><li>j\u2019<strong>ai<\/strong><\/li><li>tu<strong>&nbsp;as<\/strong><\/li><li>il, elle&nbsp;<strong>a<\/strong><\/li><li>on<strong>&nbsp;a<\/strong><\/li><li>nous&nbsp;<strong>avons<\/strong><\/li><li>vous&nbsp;<strong>avez<\/strong><\/li><li>ils, elles&nbsp;<strong>ont<\/strong><\/li><\/ul><\/div><div class=\"content-heading\" id=\"uitzonderingen-anchor\"><h2 class=\"wp-block-heading\">Uitzonderingen <\/h2><\/div><div class=\"content-paragraph\"><p>Bij werkwoorden in&nbsp;<strong>-re<\/strong>: de&nbsp;<strong>-e&nbsp;<\/strong>van de infinitief vervalt.<\/p><\/div><div class=\"content-list\"><ul class=\"wp-block-list\"><li>\u00e9crire&nbsp;<strong>j\u2019\u00e9crirai&nbsp;<\/strong><em>ik zal schrijven<\/em><\/li><li>vendre&nbsp;<strong>ils vendront<\/strong>&nbsp;<em>ze zullen verkopen<\/em><\/li><\/ul><\/div><div class=\"content-paragraph\"><p>Sommige werkwoorden zijn anders uitgevoerd. Meestal verandert de stam zelf. Hieronder staat de belangrijkste uitzonderingen:<\/p><\/div><div class=\"content-list\"><ul class=\"wp-block-list\"><li>\u00eatre \u2013 je serai \u2013 ik zal zijn<\/li><li>avoir \u2013 j\u2019aurai \u2013 ik zal hebben<\/li><li>savoir \u2013 je saurai \u2013 ik zal weten<\/li><li>pouvoir \u2013 je pourrai \u2013 ik zal kunnen<\/li><li>venir \u2013 je viendrai \u2013 ik zal komen<\/li><li>tenir \u2013 je tiendrai \u2013 ik zal houden<\/li><li>faire \u2013 je ferai \u2013 ik zal doen<\/li><\/ul><\/div><div class=\"content-heading\"><h2 class=\"wp-block-heading\">Bekijk de uitlegvideo van onze docent Jo\u00ebl<\/h2><\/div><div class=\"content-paragraph\"><p>Onthoud je dingen beter als iemand het je vertelt, in plaats van dat je het leest? Bekijk dan hieronder de uitlegvideo over de futur simple van onze docent Jo\u00ebl. We hebben meer dan 4.500 uitlegvideo&#8217;s gemaakt voor onderwerpen van de vakken Frans, Engels, wiskunde, biologie, NaSk en Nederlands.<\/p><\/div><section\n    class=\"media-block\"\n    >\n    <div class=\"carrier\">\n        <div class=\"tier\">\n            <div class=\"col m-10 l-8 m-offset-1 l-offset-2\">\n                                    <div class=\"media-preview__wrapper\" >\n                                            <a href=\"https:\/\/leren.wrts.nl\/topics\/1418\/le-futur-simple?stream=3%26videokey=eyJzdW1tYXJ5X2lkIjoyMDY4LCJ1c2VyX2lkIjoyMDg4MzY0LCJrZXkiOiJhODU3MWVmIn0=\"                         target=\"_blank\">\n                            <div class=\"media-preview img-fit\"  media-video-preview style=\"background-image: url('https:\/\/www-media.studygo.com\/wp-content\/uploads\/2022\/04\/Exercise-Detail-Small-2-1600x935.png')\">\n                                                                <button class=\"knob media-knob videoBtn\"\n                                id=\"le-futur-simple_media-7474_play-video\"\n                                data-url=\"https:\/\/leren.wrts.nl\/topics\/1418\/le-futur-simple?stream=3%26videokey=eyJzdW1tYXJ5X2lkIjoyMDY4LCJ1c2VyX2lkIjoyMDg4MzY0LCJrZXkiOiJhODU3MWVmIn0=\">\n                                    <span class=\"icon icon-play-large\"><\/span>\n                                <\/button>  \n                             \n                            <\/div>\n                        <\/a>\n                                            <\/div>\n                                                <\/div>\n        <\/div>\n    <\/div>\n<\/section><section class=\"page-section media-block\"\n    >\n    <div class=\"carrier\">\n        <div class=\"tier middle-m content-row\">\n            <div class=\"col m-6 media-preview-col\">\n                                            <div class=\"media-preview img-fit\"\n                     style=\"background-image: url(https:\/\/www-media.studygo.com\/wp-content\/uploads\/2020\/08\/Frans-800x631.png)\"\n                     role=\"img\" aria-label=\"Frans oefenen\">\n                                                        <\/div>\n                                        <\/div>\n            <div class=\"media-info-col col m-5 m-offset-1\">\n                <div class=\"media-info\">\n                                        <h2 class=\"section-title animated\">Frans oefenen op StudyGo<\/h2>\n                    <div class=\"section-desc animated\">\n                            <p class=\"section-desc\">Op StudyGo kan je <a href=\"https:\/\/studygo.com\/it\/frans-oefenen\/\">frans oefenen<\/a> met onder andere oefentoetsen, uitlegvideo\u2019s van docenten en samenvattingen. Je kunt de futur simple en andere Franse grammatica uitgebreid <a href=\"https:\/\/studygo.com\/it\/learn\/topics\/1418\/le-futur-simple\/?stream=3\">oefenen op StudyGo.com<\/a>. Kom je er zelf niet uit? Op ons <a href=\"https:\/\/studygo.com\/it\/learn\/questions\/overview\/\">forum<\/a> worden veel vragen gesteld over de futur simple. <\/p>\n\n                                                <div class=\"knob-block\">\n                <a href=\"https:\/\/studygo.com\/it\/learn\/sign-up\/?last_page_slug=%252Fit%252Fwp-json%252Fwp%252Fv2%252Fpages%252F17621\"\n                   id=\"le-futur-simple_text-media-7737_order-button\"\n                   class=\"knob order-knob large\"\n                   aria-label=\"Registrati gratuitamente\"\n                     style=''>\n                    <span class=\"visual\">\n                        Registrati gratuitamente                    <\/span>\n                <\/a>\n                                                                <\/div>\n                            <\/div>\n                <\/div>\n            <\/div>\n        <\/div>\n    <\/div>\n<\/section><section class=\"title-block\"\n    >\n    <div class=\"carrier\">\n        <div class=\"tier center-xs\">\n            <div class=\"col s-10 l-8 animated\">\n                <h2 class=\"section-title\">Andere vragen over le futur simple<\/h2>\n                            <\/div>\n            <div class=\"col s-8 l-6 animated\">\n                \n                            <\/div>\n        <\/div>\n    <\/div>\n<\/section><section class=\"page-section faq-block\">\n    <div class=\"carrier\">\n        <div class=\"tier\">\n            <div class=\"col m-10 m-offset-1\">\n                <div class=\"faq-container\">\n                                                                        <div class=\"faq-row faqRow\">\n                                                                <button id=\"le-futur-simple_faq-7539_answer-1\" class=\"faq-knob faqBtn\" aria-expanded=\"false\" aria-controls=\"le-futur-simple_faq-7539_answer-1-content\">\n                                    <span class=\"text\">Hoe noemen we le futur simple in het Nederlands?<\/span>\n                                    <span class=\"icon icon-arrow-thin\"><\/span>\n                                <\/button>\n                                <div class=\"faq-content-wrap faqContent\" id=\"le-futur-simple_faq-7539_answer-1-content\" aria-hidden=\"true\">\n                                    <div class=\"faq-content\">\n                                        <p>In het Nederlands noemen wij de futur simple de onvoltooid toekomende tijd (OTT). Om de OTT te vormen gebruiken wij het werkwoord &#8216;zullen&#8217;, bijvoorbeeld: &#8216;Wij zullen zaterdag een feestje geven.&#8217; De onvoltooid toekomende tijd bestaat dus uit twee werkwoorden: &#8216;zullen geven&#8217;.<\/p>\n                                    <\/div>\n                                <\/div>\n                            <\/div>\n                                                    <div class=\"faq-row faqRow\">\n                                                                <button id=\"le-futur-simple_faq-7539_answer-2\" class=\"faq-knob faqBtn\" aria-expanded=\"false\" aria-controls=\"le-futur-simple_faq-7539_answer-2-content\">\n                                    <span class=\"text\">Wat is het verschil tussen le futur proche en le futur simple?<\/span>\n                                    <span class=\"icon icon-arrow-thin\"><\/span>\n                                <\/button>\n                                <div class=\"faq-content-wrap faqContent\" id=\"le-futur-simple_faq-7539_answer-2-content\" aria-hidden=\"true\">\n                                    <div class=\"faq-content\">\n                                        <p>In het Nederlands noemen wij le futur simple ook wel de onvoltooid toekomende tijd. Met deze vorm zeg je dat je iets gaan doen, bijvoorbeeld: &#8216;ik zal je deze wiskundesom uitleggen.&#8217; In het Nederlands noemen wij le future proche de onvoltooid tegenwoordige tijd. <\/p>\n                                    <\/div>\n                                <\/div>\n                            <\/div>\n                                                            <\/div>\n            <\/div>\n        <\/div>\n    <\/div>\n<\/section>","protected":false},"excerpt":{"rendered":"<p>Wat is le futur simple? Als je in de toekomst iets wil&nbsp;beschrijven, dan gebruik je de&nbsp;futur simple. Hieronder staan twee voorbeelden: \u00c0 la fin de l\u2019ann\u00e9e, je parlerai le russe et le chinois.&nbsp;Bij het einde van het jaar zal ik Russisch en Chinees praten. Tu finiras tes devoirs demain !&nbsp;Je zal je huiswerk morgen afmaken. [&hellip;]<\/p>\n","protected":false},"author":16,"featured_media":6471,"parent":25497,"menu_order":0,"comment_status":"closed","ping_status":"closed","template":"","meta":{"inline_featured_image":false,"footnotes":""},"class_list":["post-17621","page","type-page","status-publish","has-post-thumbnail","hentry"],"yoast_head":"<!-- This site is optimized with the Yoast SEO plugin v26.9 - https:\/\/yoast.com\/product\/yoast-seo-wordpress\/ -->\n<title>Le futur simple \u2013 Franse toekomende tijd uitgelegd! | StudyGo<\/title>\n<meta name=\"description\" content=\"Leer hoe je de futur simple gebruikt in het Frans met duidelijke uitleg, voorbeelden en oefeningen. Oefen de toekomende tijd en verbeter je Frans!\" \/>\n<meta name=\"robots\" content=\"index, follow, max-snippet:-1, max-image-preview:large, max-video-preview:-1\" \/>\n<link rel=\"canonical\" href=\"https:\/\/studygo.com\/it\/blog\/le-futur-simple\/\" \/>\n<meta property=\"og:locale\" content=\"it_IT\" \/>\n<meta property=\"og:type\" content=\"article\" \/>\n<meta property=\"og:title\" content=\"Le futur simple \u2013 Franse toekomende tijd uitgelegd! | StudyGo\" \/>\n<meta property=\"og:description\" content=\"Leer hoe je de futur simple gebruikt in het Frans met duidelijke uitleg, voorbeelden en oefeningen. Oefen de toekomende tijd en verbeter je Frans!\" \/>\n<meta property=\"og:url\" content=\"https:\/\/studygo.com\/it\/blog\/le-futur-simple\/\" \/>\n<meta property=\"og:site_name\" content=\"StudyGo\" \/>\n<meta property=\"article:publisher\" content=\"https:\/\/www.facebook.com\/studygoNL\/\" \/>\n<meta property=\"article:modified_time\" content=\"2025-03-25T16:30:21+00:00\" \/>\n<meta property=\"og:image\" content=\"https:\/\/www-media.studygo.com\/wp-content\/uploads\/2020\/08\/Frans.png\" \/>\n\t<meta property=\"og:image:width\" content=\"1280\" \/>\n\t<meta property=\"og:image:height\" content=\"1010\" \/>\n\t<meta property=\"og:image:type\" content=\"image\/png\" \/>\n<meta name=\"twitter:card\" content=\"summary_large_image\" \/>\n<meta name=\"twitter:label1\" content=\"Tempo di lettura stimato\" \/>\n\t<meta name=\"twitter:data1\" content=\"3 minutes\" \/>\n<script type=\"application\/ld+json\" class=\"yoast-schema-graph\">{\"@context\":\"https:\/\/schema.org\",\"@graph\":[{\"@type\":\"Article\",\"@id\":\"https:\/\/studygo.com\/blog\/le-futur-simple\/#article\",\"isPartOf\":{\"@id\":\"https:\/\/studygo.com\/blog\/le-futur-simple\/\"},\"author\":{\"name\":\"aniek\",\"@id\":\"https:\/\/studygo.com\/#\/schema\/person\/49158fa93805c12885cc33757798fd1f\"},\"headline\":\"Le futur simple\",\"datePublished\":\"2022-04-28T09:28:46+00:00\",\"dateModified\":\"2025-03-25T16:30:21+00:00\",\"mainEntityOfPage\":{\"@id\":\"https:\/\/studygo.com\/blog\/le-futur-simple\/\"},\"wordCount\":406,\"publisher\":{\"@id\":\"https:\/\/studygo.com\/#organization\"},\"image\":{\"@id\":\"https:\/\/studygo.com\/blog\/le-futur-simple\/#primaryimage\"},\"thumbnailUrl\":\"https:\/\/www-media.studygo.com\/wp-content\/uploads\/2020\/08\/Frans.png\",\"inLanguage\":\"it-IT\"},{\"@type\":\"WebPage\",\"@id\":\"https:\/\/studygo.com\/blog\/le-futur-simple\/\",\"url\":\"https:\/\/studygo.com\/blog\/le-futur-simple\/\",\"name\":\"Le futur simple \u2013 Franse toekomende tijd uitgelegd! | StudyGo\",\"isPartOf\":{\"@id\":\"https:\/\/studygo.com\/#website\"},\"primaryImageOfPage\":{\"@id\":\"https:\/\/studygo.com\/blog\/le-futur-simple\/#primaryimage\"},\"image\":{\"@id\":\"https:\/\/studygo.com\/blog\/le-futur-simple\/#primaryimage\"},\"thumbnailUrl\":\"https:\/\/www-media.studygo.com\/wp-content\/uploads\/2020\/08\/Frans.png\",\"datePublished\":\"2022-04-28T09:28:46+00:00\",\"dateModified\":\"2025-03-25T16:30:21+00:00\",\"description\":\"Leer hoe je de futur simple gebruikt in het Frans met duidelijke uitleg, voorbeelden en oefeningen. Oefen de toekomende tijd en verbeter je Frans!\",\"breadcrumb\":{\"@id\":\"https:\/\/studygo.com\/blog\/le-futur-simple\/#breadcrumb\"},\"inLanguage\":\"it-IT\",\"potentialAction\":[{\"@type\":\"ReadAction\",\"target\":[\"https:\/\/studygo.com\/blog\/le-futur-simple\/\"]}]},{\"@type\":\"ImageObject\",\"inLanguage\":\"it-IT\",\"@id\":\"https:\/\/studygo.com\/blog\/le-futur-simple\/#primaryimage\",\"url\":\"https:\/\/www-media.studygo.com\/wp-content\/uploads\/2020\/08\/Frans.png\",\"contentUrl\":\"https:\/\/www-media.studygo.com\/wp-content\/uploads\/2020\/08\/Frans.png\",\"width\":1280,\"height\":1010,\"caption\":\"Oefen Frans met onze diagnostische toetsen, woordenlijsten, samenvattingen en uitlegvideo\u2019s of stel je vraag aan onze bijlesdocenten via chat.\"},{\"@type\":\"BreadcrumbList\",\"@id\":\"https:\/\/studygo.com\/blog\/le-futur-simple\/#breadcrumb\",\"itemListElement\":[{\"@type\":\"ListItem\",\"position\":1,\"name\":\"Home\",\"item\":\"https:\/\/studygo.com\/\"},{\"@type\":\"ListItem\",\"position\":2,\"name\":\"Blogs en nieuws\",\"item\":\"https:\/\/studygo.com\/blog\/\"},{\"@type\":\"ListItem\",\"position\":3,\"name\":\"Le futur simple\"}]},{\"@type\":\"WebSite\",\"@id\":\"https:\/\/studygo.com\/#website\",\"url\":\"https:\/\/studygo.com\/\",\"name\":\"StudyGo\",\"description\":\"\",\"publisher\":{\"@id\":\"https:\/\/studygo.com\/#organization\"},\"potentialAction\":[{\"@type\":\"SearchAction\",\"target\":{\"@type\":\"EntryPoint\",\"urlTemplate\":\"https:\/\/studygo.com\/?s={search_term_string}\"},\"query-input\":{\"@type\":\"PropertyValueSpecification\",\"valueRequired\":true,\"valueName\":\"search_term_string\"}}],\"inLanguage\":\"it-IT\"},{\"@type\":\"Organization\",\"@id\":\"https:\/\/studygo.com\/#organization\",\"name\":\"StudyGo\",\"url\":\"https:\/\/studygo.com\/\",\"logo\":{\"@type\":\"ImageObject\",\"inLanguage\":\"it-IT\",\"@id\":\"https:\/\/studygo.com\/#\/schema\/logo\/image\/\",\"url\":\"https:\/\/www-media.studygo.com\/wp-content\/uploads\/2025\/06\/studygo-logo.png\",\"contentUrl\":\"https:\/\/www-media.studygo.com\/wp-content\/uploads\/2025\/06\/studygo-logo.png\",\"width\":1244,\"height\":858,\"caption\":\"StudyGo\"},\"image\":{\"@id\":\"https:\/\/studygo.com\/#\/schema\/logo\/image\/\"},\"sameAs\":[\"https:\/\/www.facebook.com\/studygoNL\/\",\"https:\/\/www.youtube.com\/@StudyGoNL\/videos\",\"https:\/\/www.instagram.com\/studygonl\"]},{\"@type\":\"Person\",\"@id\":\"https:\/\/studygo.com\/#\/schema\/person\/49158fa93805c12885cc33757798fd1f\",\"name\":\"aniek\",\"image\":{\"@type\":\"ImageObject\",\"inLanguage\":\"it-IT\",\"@id\":\"https:\/\/studygo.com\/#\/schema\/person\/image\/\",\"url\":\"https:\/\/secure.gravatar.com\/avatar\/?s=96&d=mm&r=g\",\"contentUrl\":\"https:\/\/secure.gravatar.com\/avatar\/?s=96&d=mm&r=g\",\"caption\":\"aniek\"},\"url\":\"https:\/\/studygo.com\/it\/author\/aniek\/\"}]}<\/script>\n<!-- \/ Yoast SEO plugin. -->","yoast_head_json":{"title":"Le futur simple \u2013 Franse toekomende tijd uitgelegd! | StudyGo","description":"Leer hoe je de futur simple gebruikt in het Frans met duidelijke uitleg, voorbeelden en oefeningen. Oefen de toekomende tijd en verbeter je Frans!","robots":{"index":"index","follow":"follow","max-snippet":"max-snippet:-1","max-image-preview":"max-image-preview:large","max-video-preview":"max-video-preview:-1"},"canonical":"https:\/\/studygo.com\/it\/blog\/le-futur-simple\/","og_locale":"it_IT","og_type":"article","og_title":"Le futur simple \u2013 Franse toekomende tijd uitgelegd! | StudyGo","og_description":"Leer hoe je de futur simple gebruikt in het Frans met duidelijke uitleg, voorbeelden en oefeningen. Oefen de toekomende tijd en verbeter je Frans!","og_url":"https:\/\/studygo.com\/it\/blog\/le-futur-simple\/","og_site_name":"StudyGo","article_publisher":"https:\/\/www.facebook.com\/studygoNL\/","article_modified_time":"2025-03-25T16:30:21+00:00","og_image":[{"width":1280,"height":1010,"url":"https:\/\/www-media.studygo.com\/wp-content\/uploads\/2020\/08\/Frans.png","type":"image\/png"}],"twitter_card":"summary_large_image","twitter_misc":{"Tempo di lettura stimato":"3 minutes"},"schema":{"@context":"https:\/\/schema.org","@graph":[{"@type":"Article","@id":"https:\/\/studygo.com\/blog\/le-futur-simple\/#article","isPartOf":{"@id":"https:\/\/studygo.com\/blog\/le-futur-simple\/"},"author":{"name":"aniek","@id":"https:\/\/studygo.com\/#\/schema\/person\/49158fa93805c12885cc33757798fd1f"},"headline":"Le futur simple","datePublished":"2022-04-28T09:28:46+00:00","dateModified":"2025-03-25T16:30:21+00:00","mainEntityOfPage":{"@id":"https:\/\/studygo.com\/blog\/le-futur-simple\/"},"wordCount":406,"publisher":{"@id":"https:\/\/studygo.com\/#organization"},"image":{"@id":"https:\/\/studygo.com\/blog\/le-futur-simple\/#primaryimage"},"thumbnailUrl":"https:\/\/www-media.studygo.com\/wp-content\/uploads\/2020\/08\/Frans.png","inLanguage":"it-IT"},{"@type":"WebPage","@id":"https:\/\/studygo.com\/blog\/le-futur-simple\/","url":"https:\/\/studygo.com\/blog\/le-futur-simple\/","name":"Le futur simple \u2013 Franse toekomende tijd uitgelegd! | StudyGo","isPartOf":{"@id":"https:\/\/studygo.com\/#website"},"primaryImageOfPage":{"@id":"https:\/\/studygo.com\/blog\/le-futur-simple\/#primaryimage"},"image":{"@id":"https:\/\/studygo.com\/blog\/le-futur-simple\/#primaryimage"},"thumbnailUrl":"https:\/\/www-media.studygo.com\/wp-content\/uploads\/2020\/08\/Frans.png","datePublished":"2022-04-28T09:28:46+00:00","dateModified":"2025-03-25T16:30:21+00:00","description":"Leer hoe je de futur simple gebruikt in het Frans met duidelijke uitleg, voorbeelden en oefeningen. Oefen de toekomende tijd en verbeter je Frans!","breadcrumb":{"@id":"https:\/\/studygo.com\/blog\/le-futur-simple\/#breadcrumb"},"inLanguage":"it-IT","potentialAction":[{"@type":"ReadAction","target":["https:\/\/studygo.com\/blog\/le-futur-simple\/"]}]},{"@type":"ImageObject","inLanguage":"it-IT","@id":"https:\/\/studygo.com\/blog\/le-futur-simple\/#primaryimage","url":"https:\/\/www-media.studygo.com\/wp-content\/uploads\/2020\/08\/Frans.png","contentUrl":"https:\/\/www-media.studygo.com\/wp-content\/uploads\/2020\/08\/Frans.png","width":1280,"height":1010,"caption":"Oefen Frans met onze diagnostische toetsen, woordenlijsten, samenvattingen en uitlegvideo\u2019s of stel je vraag aan onze bijlesdocenten via chat."},{"@type":"BreadcrumbList","@id":"https:\/\/studygo.com\/blog\/le-futur-simple\/#breadcrumb","itemListElement":[{"@type":"ListItem","position":1,"name":"Home","item":"https:\/\/studygo.com\/"},{"@type":"ListItem","position":2,"name":"Blogs en nieuws","item":"https:\/\/studygo.com\/blog\/"},{"@type":"ListItem","position":3,"name":"Le futur simple"}]},{"@type":"WebSite","@id":"https:\/\/studygo.com\/#website","url":"https:\/\/studygo.com\/","name":"StudyGo","description":"","publisher":{"@id":"https:\/\/studygo.com\/#organization"},"potentialAction":[{"@type":"SearchAction","target":{"@type":"EntryPoint","urlTemplate":"https:\/\/studygo.com\/?s={search_term_string}"},"query-input":{"@type":"PropertyValueSpecification","valueRequired":true,"valueName":"search_term_string"}}],"inLanguage":"it-IT"},{"@type":"Organization","@id":"https:\/\/studygo.com\/#organization","name":"StudyGo","url":"https:\/\/studygo.com\/","logo":{"@type":"ImageObject","inLanguage":"it-IT","@id":"https:\/\/studygo.com\/#\/schema\/logo\/image\/","url":"https:\/\/www-media.studygo.com\/wp-content\/uploads\/2025\/06\/studygo-logo.png","contentUrl":"https:\/\/www-media.studygo.com\/wp-content\/uploads\/2025\/06\/studygo-logo.png","width":1244,"height":858,"caption":"StudyGo"},"image":{"@id":"https:\/\/studygo.com\/#\/schema\/logo\/image\/"},"sameAs":["https:\/\/www.facebook.com\/studygoNL\/","https:\/\/www.youtube.com\/@StudyGoNL\/videos","https:\/\/www.instagram.com\/studygonl"]},{"@type":"Person","@id":"https:\/\/studygo.com\/#\/schema\/person\/49158fa93805c12885cc33757798fd1f","name":"aniek","image":{"@type":"ImageObject","inLanguage":"it-IT","@id":"https:\/\/studygo.com\/#\/schema\/person\/image\/","url":"https:\/\/secure.gravatar.com\/avatar\/?s=96&d=mm&r=g","contentUrl":"https:\/\/secure.gravatar.com\/avatar\/?s=96&d=mm&r=g","caption":"aniek"},"url":"https:\/\/studygo.com\/it\/author\/aniek\/"}]}},"_links":{"self":[{"href":"https:\/\/studygo.com\/it\/wp-json\/wp\/v2\/pages\/17621","targetHints":{"allow":["GET"]}}],"collection":[{"href":"https:\/\/studygo.com\/it\/wp-json\/wp\/v2\/pages"}],"about":[{"href":"https:\/\/studygo.com\/it\/wp-json\/wp\/v2\/types\/page"}],"author":[{"embeddable":true,"href":"https:\/\/studygo.com\/it\/wp-json\/wp\/v2\/users\/16"}],"replies":[{"embeddable":true,"href":"https:\/\/studygo.com\/it\/wp-json\/wp\/v2\/comments?post=17621"}],"version-history":[{"count":4,"href":"https:\/\/studygo.com\/it\/wp-json\/wp\/v2\/pages\/17621\/revisions"}],"predecessor-version":[{"id":27118,"href":"https:\/\/studygo.com\/it\/wp-json\/wp\/v2\/pages\/17621\/revisions\/27118"}],"up":[{"embeddable":true,"href":"https:\/\/studygo.com\/it\/wp-json\/wp\/v2\/pages\/25497"}],"wp:featuredmedia":[{"embeddable":true,"href":"https:\/\/studygo.com\/it\/wp-json\/wp\/v2\/media\/6471"}],"wp:attachment":[{"href":"https:\/\/studygo.com\/it\/wp-json\/wp\/v2\/media?parent=17621"}],"curies":[{"name":"wp","href":"https:\/\/api.w.org\/{rel}","templated":true}]}}