{"id":30805,"date":"2023-12-07T09:55:44","date_gmt":"2023-12-07T09:55:44","guid":{"rendered":"https:\/\/studygo.com\/?page_id=30805"},"modified":"2025-07-15T13:40:58","modified_gmt":"2025-07-15T13:40:58","slug":"geheugendeuntjes","status":"publish","type":"page","link":"https:\/\/studygo.com\/nl\/geheugendeuntjes\/","title":{"rendered":"Geheugendeuntjes"},"content":{"rendered":"<section class=\"header-block detail-header \" style=\"color: #ffffff\">\n        <div class=\"header-block-bg\" style=\"background-color: #652ea3;\">\n                    <\/div>\n        <div class=\"carrier\">\n            <div class=\"tier content-row\">\n                <div class=\"col m-6 m-offset-0 last-m header-img-col \" >\n                                                                <div class=\"header-img  \">\n                                                                                                                            <img decoding=\"async\" class=\"img\" src=\"https:\/\/www-media.studygo.com\/wp-content\/uploads\/2023\/12\/Donkey-Bridge-A-800x533.png\"\n                                    aria-hidden=\"true\">\n                                                    <\/div>\n                                    <\/div>\n                <div class=\"col m-6\">\n                    <div class=\"header-info\">\n                        <h1 class=\"page-title animated \"><strong>Geheugendeuntjes<\/strong><\/h1>                        <div class=\"section-desc animated \">\n                            <p class=\"section-desc\">\n                                    <p class=\"section-desc\">Leer op een leuke manier Engels met behulp van muziek &amp; AI. Maak je eigen liedjes die je helpen om Engelse woordjes te leren. <\/p>\n\n                            <\/p>\n                            <div class=\"knob-block-row\">\n                                            <div class=\"knob-block\">\n                <a href=\"#leesmeer\"\n                   id=\"geheugendeuntjes_header-3617_text-button\"\n                   class=\"simple-knob blue with-icon\"\n                   aria-label=\"Lees meer\"\n                    target=\"_blank\">\n                    <span class=\"text\">Lees meer<\/span>\n                    <span class=\"icon icon-arrow-large-right\"><\/span>\n                <\/a>\n            <\/div>\n                                                                    <\/div>\n                        <\/div>\n                    <\/div>\n                <\/div>\n            <\/div>\n        <\/div>\n    <\/section><section class=\"page-section media-block white-section\"\n     id=\"leesmeer-anchor\">\n    <div class=\"carrier\">\n        <div class=\"tier middle-m content-row\">\n            <div class=\"col m-6 media-preview-col \">\n                                            <div class=\"media-preview img-fill\"\n                     style=\"background-image: url(https:\/\/www-media.studygo.com\/wp-content\/uploads\/2023\/12\/staging.studygo.com_nl_learn_lists_165672038_hoofdstuk-1a-1-800x514.png)\"\n                     aria-hidden=\"true\">\n                                                        <\/div>\n                                        <\/div>\n            <div class=\"media-info-col col m-5 m-offset-1\">\n                <div class=\"media-info\">\n                                        <h2 class=\"section-title animated\">Maak je eigen geheugendeuntje<\/h2>\n                    <div class=\"section-desc animated\">\n                        \n            <ol><li><strong><a href=\"https:\/\/studygo.com\/nl\/learn\/sign-in\" target=\"_blank\" rel=\"noreferrer noopener\">Login<\/a> of <a href=\"https:\/\/studygo.com\/nl\/pakketten\/\">kies je pakket<\/a><\/strong> op StudyGo<\/li><li><strong>Ga naar een offici\u00eble Engelse woordenlijst: <\/strong>van lesboeken zoals Stepping Stones, New Interface en All Right. Geschikt voor verschillende leerjaren en -niveau\u2019s.<\/li><li><strong>Selecteer woordjes:<\/strong> Selecteer 2 tot 10 Engelse woordjes.<\/li><li><strong>Maak jouw geheugendeuntje:<\/strong> Klik op \u2018Oefen selectie\u2019 en kies voor \u2018Geheugendeuntje\u2019<\/li><\/ol>\n    \n                                                <\/div>\n                <\/div>\n            <\/div>\n        <\/div>\n    <\/div>\n<\/section><section class=\"page-section media-block reverse white-section\"\n    >\n    <div class=\"carrier\">\n        <div class=\"tier middle-m content-row\">\n            <div class=\"col m-6 media-preview-col \">\n                                            <div class=\"media-preview img-fill\"\n                     style=\"background-image: url(https:\/\/www-media.studygo.com\/wp-content\/uploads\/2023\/12\/Scherm%C2%ADafbeelding-2023-12-06-om-14.24.08-800x500.png)\"\n                     aria-hidden=\"true\">\n                                                        <\/div>\n                                        <\/div>\n            <div class=\"media-info-col col m-5 m-offset-1\">\n                <div class=\"media-info\">\n                                        <h2 class=\"section-title animated\">Hoe werkt het precies?<\/h2>\n                    <div class=\"section-desc animated\">\n                            <p class=\"section-desc\">Nadat je jouw woordjes hebt geselecteerd, begint de magie. AI genereert de tekst voor jouw geheugendeuntje op basis van de geselecteerde woorden. Vervolgens cre\u00ebren we een melodie en vocals voor deze teksten. Als kers op de taart maken we unieke covers voor elk woord dat je hebt geselecteerd.<\/p>\n\n                                            <\/div>\n                <\/div>\n            <\/div>\n        <\/div>\n    <\/div>\n<\/section><section class=\"page-section media-block white-section\"\n    >\n    <div class=\"carrier\">\n        <div class=\"tier middle-m content-row\">\n            <div class=\"col m-6 media-preview-col \">\n                                            <div class=\"media-preview img-fill\"\n                     style=\"background-image: url(https:\/\/www-media.studygo.com\/wp-content\/uploads\/2023\/12\/Generate-Song_text-800x500.png)\"\n                     aria-hidden=\"true\">\n                                                        <\/div>\n                                        <\/div>\n            <div class=\"media-info-col col m-5 m-offset-1\">\n                <div class=\"media-info\">\n                                        <h2 class=\"section-title animated\">Cre\u00eber je eigen megahit<\/h2>\n                    <div class=\"section-desc animated\">\n                            <p class=\"section-desc\">Met \u00e9\u00e9n druk op de knop cre\u00eber je jouw eigen megahit. Deze kun je vervolgens makkelijk delen via WhatsApp of andere kanalen.\u00a0<a href=\"https:\/\/studygo.com\/nl\/learn\/sign-in\">Probeer het zelf<\/a> en ervaar hoe leuk leren met geheugendeuntjes kan zijn! Wij zijn in ieder geval erg benieuwd naar jouw eerste megahit.<br><\/p>\n\n                                            <\/div>\n                <\/div>\n            <\/div>\n        <\/div>\n    <\/div>\n<\/section><section class=\"page-section media-block reverse white-section\"\n    >\n    <div class=\"carrier\">\n        <div class=\"tier middle-m content-row\">\n            <div class=\"col m-6 media-preview-col \">\n                                            <div class=\"media-preview img-fit\"\n                     style=\"background-image: url(https:\/\/www-media.studygo.com\/wp-content\/uploads\/2021\/02\/Chemisty-800x534.png)\"\n                     role=\"img\" aria-label=\"Scheikunde leren\">\n                                                        <\/div>\n                                        <\/div>\n            <div class=\"media-info-col col m-5 m-offset-1\">\n                <div class=\"media-info\">\n                                        <h2 class=\"section-title animated\">Het effect van geheugendeuntjes<\/h2>\n                    <div class=\"section-desc animated\">\n                            <p class=\"section-desc\">Geheugendeuntjes zijn niet alleen leuk; het is ook effectief.  Door woorden in een liedjesvorm te gieten, zijn ze makkelijker te onthouden [<a href=\"#bronnen\">1<\/a>], [<a href=\"#bronnen\">2<\/a>]. Het is een leuke manier om je hersenen te trainen en je <a href=\"https:\/\/studygo.com\/nl\/oefenen\/vakken\/woordenschat\/\">woordenschat<\/a> op een compleet nieuwe manier uit te breiden.<br><\/p>\n\n                                            <\/div>\n                <\/div>\n            <\/div>\n        <\/div>\n    <\/div>\n<\/section><section class=\"title-block full\"\n     id=\"bronnen-anchor\">\n    <div class=\"carrier\">\n        <div class=\"tier center-xs\">\n            <div class=\"col s-10 l-8 animated\">\n                <h2 class=\"section-title\">Bronnen<\/h2>\n                            <\/div>\n            <div class=\"col s-8 l-6 animated\">\n                    <p class=\"section-desc\">[1] <br><a href=\"https:\/\/psycnet.apa.org\/record\/1995-04389-001\" target=\"_blank\" rel=\"noreferrer noopener\">Wallace, W.T. (1994). Memory for music: Effect of melody on recall of text.\u00a0<em>Journal of Experimental Psychology: Learning, Memory, and Cognition, 20<\/em>(6), 1471\u20131485.<\/a><br><br>[2] <br><a href=\"https:\/\/online.ucpress.edu\/mp\/article-abstract\/20\/2\/173\/62130\/The-Effect-of-Familiar-Melodies-on-Initial\" target=\"_blank\" rel=\"noreferrer noopener\">David W. Rainey, Janet D. Larsen (2002). The effect of Familiar Melodies on Initial Learning and Long-term Memory for Unconnected Text. <em>Music Perception, 20(2), 173\u2013186.<\/em><\/a><br><br><\/p>\n\n                            <\/div>\n        <\/div>\n    <\/div>\n<\/section>","protected":false},"excerpt":{"rendered":"","protected":false},"author":8,"featured_media":0,"parent":0,"menu_order":0,"comment_status":"closed","ping_status":"closed","template":"","meta":{"inline_featured_image":false,"footnotes":""},"class_list":["post-30805","page","type-page","status-publish","hentry"],"yoast_head":"<!-- This site is optimized with the Yoast SEO plugin v26.9 - https:\/\/yoast.com\/product\/yoast-seo-wordpress\/ -->\n<title>Geheugendeuntjes \u2013 Onthoud informatie makkelijker! | StudyGo<\/title>\n<meta name=\"description\" content=\"Gebruik muziek en ritme om informatie sneller en makkelijker te onthouden. Ontdek hoe geheugendeuntjes je helpen bij studeren en concentratie!\" \/>\n<meta name=\"robots\" content=\"index, follow, max-snippet:-1, max-image-preview:large, max-video-preview:-1\" \/>\n<link rel=\"canonical\" href=\"https:\/\/studygo.com\/nl\/geheugendeuntjes\/\" \/>\n<meta property=\"og:locale\" content=\"nl_NL\" \/>\n<meta property=\"og:type\" content=\"article\" \/>\n<meta property=\"og:title\" content=\"Geheugendeuntjes \u2013 Onthoud informatie makkelijker! | StudyGo\" \/>\n<meta property=\"og:description\" content=\"Gebruik muziek en ritme om informatie sneller en makkelijker te onthouden. Ontdek hoe geheugendeuntjes je helpen bij studeren en concentratie!\" \/>\n<meta property=\"og:url\" content=\"https:\/\/studygo.com\/nl\/geheugendeuntjes\/\" \/>\n<meta property=\"og:site_name\" content=\"StudyGo\" \/>\n<meta property=\"article:publisher\" content=\"https:\/\/www.facebook.com\/studygoNL\/\" \/>\n<meta property=\"article:modified_time\" content=\"2025-07-15T13:40:58+00:00\" \/>\n<meta property=\"og:image\" content=\"https:\/\/www-media.studygo.com\/wp-content\/uploads\/2025\/02\/Listening-Test.png\" \/>\n\t<meta property=\"og:image:width\" content=\"1201\" \/>\n\t<meta property=\"og:image:height\" content=\"801\" \/>\n\t<meta property=\"og:image:type\" content=\"image\/png\" \/>\n<meta name=\"twitter:card\" content=\"summary_large_image\" \/>\n<script type=\"application\/ld+json\" class=\"yoast-schema-graph\">{\"@context\":\"https:\/\/schema.org\",\"@graph\":[{\"@type\":\"Article\",\"@id\":\"https:\/\/studygo.com\/geheugendeuntjes\/#article\",\"isPartOf\":{\"@id\":\"https:\/\/studygo.com\/geheugendeuntjes\/\"},\"author\":{\"name\":\"Daan Smith\",\"@id\":\"https:\/\/studygo.com\/#\/schema\/person\/69cc66a4a196cc104096bc58b9267c45\"},\"headline\":\"Geheugendeuntjes\",\"datePublished\":\"2023-12-07T09:55:44+00:00\",\"dateModified\":\"2025-07-15T13:40:58+00:00\",\"mainEntityOfPage\":{\"@id\":\"https:\/\/studygo.com\/geheugendeuntjes\/\"},\"wordCount\":1,\"publisher\":{\"@id\":\"https:\/\/studygo.com\/#organization\"},\"inLanguage\":\"nl-NL\"},{\"@type\":\"WebPage\",\"@id\":\"https:\/\/studygo.com\/geheugendeuntjes\/\",\"url\":\"https:\/\/studygo.com\/geheugendeuntjes\/\",\"name\":\"Geheugendeuntjes \u2013 Onthoud informatie makkelijker! | StudyGo\",\"isPartOf\":{\"@id\":\"https:\/\/studygo.com\/#website\"},\"datePublished\":\"2023-12-07T09:55:44+00:00\",\"dateModified\":\"2025-07-15T13:40:58+00:00\",\"description\":\"Gebruik muziek en ritme om informatie sneller en makkelijker te onthouden. Ontdek hoe geheugendeuntjes je helpen bij studeren en concentratie!\",\"breadcrumb\":{\"@id\":\"https:\/\/studygo.com\/geheugendeuntjes\/#breadcrumb\"},\"inLanguage\":\"nl-NL\",\"potentialAction\":[{\"@type\":\"ReadAction\",\"target\":[\"https:\/\/studygo.com\/geheugendeuntjes\/\"]}]},{\"@type\":\"BreadcrumbList\",\"@id\":\"https:\/\/studygo.com\/geheugendeuntjes\/#breadcrumb\",\"itemListElement\":[{\"@type\":\"ListItem\",\"position\":1,\"name\":\"Home\",\"item\":\"https:\/\/studygo.com\/\"},{\"@type\":\"ListItem\",\"position\":2,\"name\":\"Geheugendeuntjes\"}]},{\"@type\":\"WebSite\",\"@id\":\"https:\/\/studygo.com\/#website\",\"url\":\"https:\/\/studygo.com\/\",\"name\":\"StudyGo\",\"description\":\"\",\"publisher\":{\"@id\":\"https:\/\/studygo.com\/#organization\"},\"potentialAction\":[{\"@type\":\"SearchAction\",\"target\":{\"@type\":\"EntryPoint\",\"urlTemplate\":\"https:\/\/studygo.com\/?s={search_term_string}\"},\"query-input\":{\"@type\":\"PropertyValueSpecification\",\"valueRequired\":true,\"valueName\":\"search_term_string\"}}],\"inLanguage\":\"nl-NL\"},{\"@type\":\"Organization\",\"@id\":\"https:\/\/studygo.com\/#organization\",\"name\":\"StudyGo\",\"url\":\"https:\/\/studygo.com\/\",\"logo\":{\"@type\":\"ImageObject\",\"inLanguage\":\"nl-NL\",\"@id\":\"https:\/\/studygo.com\/#\/schema\/logo\/image\/\",\"url\":\"https:\/\/www-media.studygo.com\/wp-content\/uploads\/2025\/06\/studygo-logo.png\",\"contentUrl\":\"https:\/\/www-media.studygo.com\/wp-content\/uploads\/2025\/06\/studygo-logo.png\",\"width\":1244,\"height\":858,\"caption\":\"StudyGo\"},\"image\":{\"@id\":\"https:\/\/studygo.com\/#\/schema\/logo\/image\/\"},\"sameAs\":[\"https:\/\/www.facebook.com\/studygoNL\/\",\"https:\/\/www.youtube.com\/@StudyGoNL\/videos\",\"https:\/\/www.instagram.com\/studygonl\"]},{\"@type\":\"Person\",\"@id\":\"https:\/\/studygo.com\/#\/schema\/person\/69cc66a4a196cc104096bc58b9267c45\",\"name\":\"Daan Smith\",\"image\":{\"@type\":\"ImageObject\",\"inLanguage\":\"nl-NL\",\"@id\":\"https:\/\/studygo.com\/#\/schema\/person\/image\/\",\"url\":\"https:\/\/secure.gravatar.com\/avatar\/fc0839328d88751627f34ab4d5e5b2de3c02438c29e9a35ae8ba71a67cf4cc3e?s=96&d=mm&r=g\",\"contentUrl\":\"https:\/\/secure.gravatar.com\/avatar\/fc0839328d88751627f34ab4d5e5b2de3c02438c29e9a35ae8ba71a67cf4cc3e?s=96&d=mm&r=g\",\"caption\":\"Daan Smith\"},\"url\":\"https:\/\/studygo.com\/nl\/author\/daan\/\"}]}<\/script>\n<!-- \/ Yoast SEO plugin. -->","yoast_head_json":{"title":"Geheugendeuntjes \u2013 Onthoud informatie makkelijker! | StudyGo","description":"Gebruik muziek en ritme om informatie sneller en makkelijker te onthouden. Ontdek hoe geheugendeuntjes je helpen bij studeren en concentratie!","robots":{"index":"index","follow":"follow","max-snippet":"max-snippet:-1","max-image-preview":"max-image-preview:large","max-video-preview":"max-video-preview:-1"},"canonical":"https:\/\/studygo.com\/nl\/geheugendeuntjes\/","og_locale":"nl_NL","og_type":"article","og_title":"Geheugendeuntjes \u2013 Onthoud informatie makkelijker! | StudyGo","og_description":"Gebruik muziek en ritme om informatie sneller en makkelijker te onthouden. Ontdek hoe geheugendeuntjes je helpen bij studeren en concentratie!","og_url":"https:\/\/studygo.com\/nl\/geheugendeuntjes\/","og_site_name":"StudyGo","article_publisher":"https:\/\/www.facebook.com\/studygoNL\/","article_modified_time":"2025-07-15T13:40:58+00:00","og_image":[{"width":1201,"height":801,"url":"https:\/\/www-media.studygo.com\/wp-content\/uploads\/2025\/02\/Listening-Test.png","type":"image\/png"}],"twitter_card":"summary_large_image","schema":{"@context":"https:\/\/schema.org","@graph":[{"@type":"Article","@id":"https:\/\/studygo.com\/geheugendeuntjes\/#article","isPartOf":{"@id":"https:\/\/studygo.com\/geheugendeuntjes\/"},"author":{"name":"Daan Smith","@id":"https:\/\/studygo.com\/#\/schema\/person\/69cc66a4a196cc104096bc58b9267c45"},"headline":"Geheugendeuntjes","datePublished":"2023-12-07T09:55:44+00:00","dateModified":"2025-07-15T13:40:58+00:00","mainEntityOfPage":{"@id":"https:\/\/studygo.com\/geheugendeuntjes\/"},"wordCount":1,"publisher":{"@id":"https:\/\/studygo.com\/#organization"},"inLanguage":"nl-NL"},{"@type":"WebPage","@id":"https:\/\/studygo.com\/geheugendeuntjes\/","url":"https:\/\/studygo.com\/geheugendeuntjes\/","name":"Geheugendeuntjes \u2013 Onthoud informatie makkelijker! | StudyGo","isPartOf":{"@id":"https:\/\/studygo.com\/#website"},"datePublished":"2023-12-07T09:55:44+00:00","dateModified":"2025-07-15T13:40:58+00:00","description":"Gebruik muziek en ritme om informatie sneller en makkelijker te onthouden. Ontdek hoe geheugendeuntjes je helpen bij studeren en concentratie!","breadcrumb":{"@id":"https:\/\/studygo.com\/geheugendeuntjes\/#breadcrumb"},"inLanguage":"nl-NL","potentialAction":[{"@type":"ReadAction","target":["https:\/\/studygo.com\/geheugendeuntjes\/"]}]},{"@type":"BreadcrumbList","@id":"https:\/\/studygo.com\/geheugendeuntjes\/#breadcrumb","itemListElement":[{"@type":"ListItem","position":1,"name":"Home","item":"https:\/\/studygo.com\/"},{"@type":"ListItem","position":2,"name":"Geheugendeuntjes"}]},{"@type":"WebSite","@id":"https:\/\/studygo.com\/#website","url":"https:\/\/studygo.com\/","name":"StudyGo","description":"","publisher":{"@id":"https:\/\/studygo.com\/#organization"},"potentialAction":[{"@type":"SearchAction","target":{"@type":"EntryPoint","urlTemplate":"https:\/\/studygo.com\/?s={search_term_string}"},"query-input":{"@type":"PropertyValueSpecification","valueRequired":true,"valueName":"search_term_string"}}],"inLanguage":"nl-NL"},{"@type":"Organization","@id":"https:\/\/studygo.com\/#organization","name":"StudyGo","url":"https:\/\/studygo.com\/","logo":{"@type":"ImageObject","inLanguage":"nl-NL","@id":"https:\/\/studygo.com\/#\/schema\/logo\/image\/","url":"https:\/\/www-media.studygo.com\/wp-content\/uploads\/2025\/06\/studygo-logo.png","contentUrl":"https:\/\/www-media.studygo.com\/wp-content\/uploads\/2025\/06\/studygo-logo.png","width":1244,"height":858,"caption":"StudyGo"},"image":{"@id":"https:\/\/studygo.com\/#\/schema\/logo\/image\/"},"sameAs":["https:\/\/www.facebook.com\/studygoNL\/","https:\/\/www.youtube.com\/@StudyGoNL\/videos","https:\/\/www.instagram.com\/studygonl"]},{"@type":"Person","@id":"https:\/\/studygo.com\/#\/schema\/person\/69cc66a4a196cc104096bc58b9267c45","name":"Daan Smith","image":{"@type":"ImageObject","inLanguage":"nl-NL","@id":"https:\/\/studygo.com\/#\/schema\/person\/image\/","url":"https:\/\/secure.gravatar.com\/avatar\/fc0839328d88751627f34ab4d5e5b2de3c02438c29e9a35ae8ba71a67cf4cc3e?s=96&d=mm&r=g","contentUrl":"https:\/\/secure.gravatar.com\/avatar\/fc0839328d88751627f34ab4d5e5b2de3c02438c29e9a35ae8ba71a67cf4cc3e?s=96&d=mm&r=g","caption":"Daan Smith"},"url":"https:\/\/studygo.com\/nl\/author\/daan\/"}]}},"_links":{"self":[{"href":"https:\/\/studygo.com\/nl\/wp-json\/wp\/v2\/pages\/30805","targetHints":{"allow":["GET"]}}],"collection":[{"href":"https:\/\/studygo.com\/nl\/wp-json\/wp\/v2\/pages"}],"about":[{"href":"https:\/\/studygo.com\/nl\/wp-json\/wp\/v2\/types\/page"}],"author":[{"embeddable":true,"href":"https:\/\/studygo.com\/nl\/wp-json\/wp\/v2\/users\/8"}],"replies":[{"embeddable":true,"href":"https:\/\/studygo.com\/nl\/wp-json\/wp\/v2\/comments?post=30805"}],"version-history":[{"count":35,"href":"https:\/\/studygo.com\/nl\/wp-json\/wp\/v2\/pages\/30805\/revisions"}],"predecessor-version":[{"id":36568,"href":"https:\/\/studygo.com\/nl\/wp-json\/wp\/v2\/pages\/30805\/revisions\/36568"}],"wp:attachment":[{"href":"https:\/\/studygo.com\/nl\/wp-json\/wp\/v2\/media?parent=30805"}],"curies":[{"name":"wp","href":"https:\/\/api.w.org\/{rel}","templated":true}]}}