{"id":26703,"date":"2023-07-25T13:38:00","date_gmt":"2023-07-25T13:38:00","guid":{"rendered":"https:\/\/studygo.com\/?page_id=26703"},"modified":"2025-04-09T16:06:45","modified_gmt":"2025-04-09T16:06:45","slug":"funkcje","status":"publish","type":"page","link":"https:\/\/studygo.com\/pl\/cwiczyc\/funkcje\/","title":{"rendered":"Functies (INT)"},"content":{"rendered":"<section class=\"header-block simple-header\" style=\"color: #ffffff\">\n                <div class=\"header-block-bg\" style=\"background-color: #652ea3;\">\n                    <\/div>\n        <div class=\"carrier\">\n            <div class=\"header-info\">\n                <h1 class=\"page-title animated\">Funkcje<\/h1>                <div class=\"animated\">\n                    <p class=\"section-desc\">\n                        \n                    <\/p>\n                    <div class=\"knob-block-row\">\n                                                                    <\/div>\n                <\/div>\n            <\/div>\n        <\/div>\n    <\/section><section class=\"title-block\"\n    >\n    <div class=\"carrier\">\n        <div class=\"tier center-xs\">\n            <div class=\"col s-10 l-8 animated\">\n                <h2 class=\"section-title\">W ten spos\u00f3b mo\u017cesz uczy\u0107 si\u0119 na StudyGo<\/h2>\n                            <\/div>\n            <div class=\"col s-8 l-6 animated\">\n                \n                            <\/div>\n        <\/div>\n    <\/div>\n<\/section><section class=\"page-section links-block horizontal large-size-web\">\n    <div class=\"carrier\">\n                    <div class=\"tier content-row center-m\">\n                                    <div class=\"col-flex m-4\">\n                        <a href=\"https:\/\/studygo.com\/pl\/cwiczyc\/funkcje\/slownictwo-nauka\/\"\n                           id=\"functies_links-1886_woordjes-leren\"\n                           class=\"knob block-link\"\n                            >\n                            <div class=\"visual\">\n                                                                    <div class=\"image-wrap\">\n                                                                                <div class=\"img\" style=\"background-image:url('https:\/\/www-media.studygo.com\/wp-content\/uploads\/2020\/10\/laptop_phone_2-360x270.png')\"\n                                            aria-hidden=\"true\"><\/div>\n                                    <\/div>\n                                                                <div class=\"text-content\">\n                                    <div class=\"subtitle\">Nauka s\u0142\u00f3wek                                        <span class=\"icon icon-arrow-thin-right\"><\/span><\/div>\n                                                                                                            <span class=\"simple-knob blue hide-xs hide-s\">Ogl\u0105daj<\/span>\n                                                                                                        <\/div>\n                            <\/div>\n                        <\/a>\n                    <\/div>\n                                    <div class=\"col-flex m-4\">\n                        <a href=\"https:\/\/studygo.com\/pl\/cwiczyc\/funkcje\/quizzes\/\"\n                           id=\"functies_links-1886_quizzen\"\n                           class=\"knob block-link\"\n                            >\n                            <div class=\"visual\">\n                                                                    <div class=\"image-wrap\">\n                                                                                <div class=\"img\" style=\"background-image:url('https:\/\/www-media.studygo.com\/wp-content\/uploads\/2023\/07\/Practice-Methods.svg')\"\n                                            aria-hidden=\"true\"><\/div>\n                                    <\/div>\n                                                                <div class=\"text-content\">\n                                    <div class=\"subtitle\">Quizy                                        <span class=\"icon icon-arrow-thin-right\"><\/span><\/div>\n                                                                                                            <span class=\"simple-knob blue hide-xs hide-s\">Ogl\u0105daj<\/span>\n                                                                                                        <\/div>\n                            <\/div>\n                        <\/a>\n                    <\/div>\n                                    <div class=\"col-flex m-4\">\n                        <a href=\"https:\/\/studygo.com\/pl\/studygo-live\/\"\n                           id=\"functies_links-1886_studygo-live\"\n                           class=\"knob block-link\"\n                            >\n                            <div class=\"visual\">\n                                                                    <div class=\"image-wrap\">\n                                                                                <div class=\"img\" style=\"background-image:url('https:\/\/www-media.studygo.com\/wp-content\/uploads\/2021\/04\/oefenvragen_oefentoetsen-360x240.png')\"\n                                            aria-hidden=\"true\"><\/div>\n                                    <\/div>\n                                                                <div class=\"text-content\">\n                                    <div class=\"subtitle\">StudyGo Live                                        <span class=\"icon icon-arrow-thin-right\"><\/span><\/div>\n                                                                                                            <span class=\"simple-knob blue hide-xs hide-s\">Ogl\u0105daj<\/span>\n                                                                                                        <\/div>\n                            <\/div>\n                        <\/a>\n                    <\/div>\n                            <\/div>\n                    <\/div>\n<\/section>","protected":false},"excerpt":{"rendered":"","protected":false},"author":8,"featured_media":0,"parent":26680,"menu_order":0,"comment_status":"closed","ping_status":"closed","template":"","meta":{"inline_featured_image":false,"footnotes":""},"class_list":["post-26703","page","type-page","status-publish","hentry"],"yoast_head":"<!-- This site is optimized with the Yoast SEO plugin v26.9 - https:\/\/yoast.com\/product\/yoast-seo-wordpress\/ -->\n<title>Oefenfuncties \u2013 Effectief leren met StudyGo | StudyGo<\/title>\n<meta name=\"description\" content=\"Maak gebruik van oefentoetsen, samenvattingen, woordjes leren en meer. StudyGo helpt je bij elk vak en elk niveau!\" \/>\n<meta name=\"robots\" content=\"index, follow, max-snippet:-1, max-image-preview:large, max-video-preview:-1\" \/>\n<link rel=\"canonical\" href=\"https:\/\/studygo.com\/pl\/cwiczyc\/funkcje\/\" \/>\n<meta property=\"og:locale\" content=\"pl_PL\" \/>\n<meta property=\"og:type\" content=\"article\" \/>\n<meta property=\"og:title\" content=\"Oefenfuncties \u2013 Effectief leren met StudyGo | StudyGo\" \/>\n<meta property=\"og:description\" content=\"Maak gebruik van oefentoetsen, samenvattingen, woordjes leren en meer. StudyGo helpt je bij elk vak en elk niveau!\" \/>\n<meta property=\"og:url\" content=\"https:\/\/studygo.com\/pl\/cwiczyc\/funkcje\/\" \/>\n<meta property=\"og:site_name\" content=\"StudyGo\" \/>\n<meta property=\"article:publisher\" content=\"https:\/\/www.facebook.com\/studygoNL\/\" \/>\n<meta property=\"article:modified_time\" content=\"2025-04-09T16:06:45+00:00\" \/>\n<meta property=\"og:image\" content=\"https:\/\/www-media.studygo.com\/wp-content\/uploads\/2025\/02\/Listening-Test.png\" \/>\n\t<meta property=\"og:image:width\" content=\"1201\" \/>\n\t<meta property=\"og:image:height\" content=\"801\" \/>\n\t<meta property=\"og:image:type\" content=\"image\/png\" \/>\n<meta name=\"twitter:card\" content=\"summary_large_image\" \/>\n<script type=\"application\/ld+json\" class=\"yoast-schema-graph\">{\"@context\":\"https:\/\/schema.org\",\"@graph\":[{\"@type\":\"Article\",\"@id\":\"https:\/\/studygo.com\/oefenen\/functies\/#article\",\"isPartOf\":{\"@id\":\"https:\/\/studygo.com\/oefenen\/functies\/\"},\"author\":{\"name\":\"Daan Smith\",\"@id\":\"https:\/\/studygo.com\/#\/schema\/person\/69cc66a4a196cc104096bc58b9267c45\"},\"headline\":\"Functies (INT)\",\"datePublished\":\"2023-07-25T13:38:00+00:00\",\"dateModified\":\"2025-04-09T16:06:45+00:00\",\"mainEntityOfPage\":{\"@id\":\"https:\/\/studygo.com\/oefenen\/functies\/\"},\"wordCount\":2,\"publisher\":{\"@id\":\"https:\/\/studygo.com\/#organization\"},\"inLanguage\":\"pl-PL\"},{\"@type\":\"WebPage\",\"@id\":\"https:\/\/studygo.com\/oefenen\/functies\/\",\"url\":\"https:\/\/studygo.com\/oefenen\/functies\/\",\"name\":\"Oefenfuncties \u2013 Effectief leren met StudyGo | StudyGo\",\"isPartOf\":{\"@id\":\"https:\/\/studygo.com\/#website\"},\"datePublished\":\"2023-07-25T13:38:00+00:00\",\"dateModified\":\"2025-04-09T16:06:45+00:00\",\"description\":\"Maak gebruik van oefentoetsen, samenvattingen, woordjes leren en meer. StudyGo helpt je bij elk vak en elk niveau!\",\"breadcrumb\":{\"@id\":\"https:\/\/studygo.com\/oefenen\/functies\/#breadcrumb\"},\"inLanguage\":\"pl-PL\",\"potentialAction\":[{\"@type\":\"ReadAction\",\"target\":[\"https:\/\/studygo.com\/oefenen\/functies\/\"]}]},{\"@type\":\"BreadcrumbList\",\"@id\":\"https:\/\/studygo.com\/oefenen\/functies\/#breadcrumb\",\"itemListElement\":[{\"@type\":\"ListItem\",\"position\":1,\"name\":\"Home\",\"item\":\"https:\/\/studygo.com\/\"},{\"@type\":\"ListItem\",\"position\":2,\"name\":\"Oefenen\",\"item\":\"https:\/\/studygo.com\/oefenen\/\"},{\"@type\":\"ListItem\",\"position\":3,\"name\":\"Functies (INT)\"}]},{\"@type\":\"WebSite\",\"@id\":\"https:\/\/studygo.com\/#website\",\"url\":\"https:\/\/studygo.com\/\",\"name\":\"StudyGo\",\"description\":\"\",\"publisher\":{\"@id\":\"https:\/\/studygo.com\/#organization\"},\"potentialAction\":[{\"@type\":\"SearchAction\",\"target\":{\"@type\":\"EntryPoint\",\"urlTemplate\":\"https:\/\/studygo.com\/?s={search_term_string}\"},\"query-input\":{\"@type\":\"PropertyValueSpecification\",\"valueRequired\":true,\"valueName\":\"search_term_string\"}}],\"inLanguage\":\"pl-PL\"},{\"@type\":\"Organization\",\"@id\":\"https:\/\/studygo.com\/#organization\",\"name\":\"StudyGo\",\"url\":\"https:\/\/studygo.com\/\",\"logo\":{\"@type\":\"ImageObject\",\"inLanguage\":\"pl-PL\",\"@id\":\"https:\/\/studygo.com\/#\/schema\/logo\/image\/\",\"url\":\"https:\/\/www-media.studygo.com\/wp-content\/uploads\/2025\/06\/studygo-logo.png\",\"contentUrl\":\"https:\/\/www-media.studygo.com\/wp-content\/uploads\/2025\/06\/studygo-logo.png\",\"width\":1244,\"height\":858,\"caption\":\"StudyGo\"},\"image\":{\"@id\":\"https:\/\/studygo.com\/#\/schema\/logo\/image\/\"},\"sameAs\":[\"https:\/\/www.facebook.com\/studygoNL\/\",\"https:\/\/www.youtube.com\/@StudyGoNL\/videos\",\"https:\/\/www.instagram.com\/studygonl\"]},{\"@type\":\"Person\",\"@id\":\"https:\/\/studygo.com\/#\/schema\/person\/69cc66a4a196cc104096bc58b9267c45\",\"name\":\"Daan Smith\",\"image\":{\"@type\":\"ImageObject\",\"inLanguage\":\"pl-PL\",\"@id\":\"https:\/\/studygo.com\/#\/schema\/person\/image\/\",\"url\":\"https:\/\/secure.gravatar.com\/avatar\/fc0839328d88751627f34ab4d5e5b2de3c02438c29e9a35ae8ba71a67cf4cc3e?s=96&d=mm&r=g\",\"contentUrl\":\"https:\/\/secure.gravatar.com\/avatar\/fc0839328d88751627f34ab4d5e5b2de3c02438c29e9a35ae8ba71a67cf4cc3e?s=96&d=mm&r=g\",\"caption\":\"Daan Smith\"},\"url\":\"https:\/\/studygo.com\/pl\/author\/daan\/\"}]}<\/script>\n<!-- \/ Yoast SEO plugin. -->","yoast_head_json":{"title":"Oefenfuncties \u2013 Effectief leren met StudyGo | StudyGo","description":"Maak gebruik van oefentoetsen, samenvattingen, woordjes leren en meer. StudyGo helpt je bij elk vak en elk niveau!","robots":{"index":"index","follow":"follow","max-snippet":"max-snippet:-1","max-image-preview":"max-image-preview:large","max-video-preview":"max-video-preview:-1"},"canonical":"https:\/\/studygo.com\/pl\/cwiczyc\/funkcje\/","og_locale":"pl_PL","og_type":"article","og_title":"Oefenfuncties \u2013 Effectief leren met StudyGo | StudyGo","og_description":"Maak gebruik van oefentoetsen, samenvattingen, woordjes leren en meer. StudyGo helpt je bij elk vak en elk niveau!","og_url":"https:\/\/studygo.com\/pl\/cwiczyc\/funkcje\/","og_site_name":"StudyGo","article_publisher":"https:\/\/www.facebook.com\/studygoNL\/","article_modified_time":"2025-04-09T16:06:45+00:00","og_image":[{"width":1201,"height":801,"url":"https:\/\/www-media.studygo.com\/wp-content\/uploads\/2025\/02\/Listening-Test.png","type":"image\/png"}],"twitter_card":"summary_large_image","schema":{"@context":"https:\/\/schema.org","@graph":[{"@type":"Article","@id":"https:\/\/studygo.com\/oefenen\/functies\/#article","isPartOf":{"@id":"https:\/\/studygo.com\/oefenen\/functies\/"},"author":{"name":"Daan Smith","@id":"https:\/\/studygo.com\/#\/schema\/person\/69cc66a4a196cc104096bc58b9267c45"},"headline":"Functies (INT)","datePublished":"2023-07-25T13:38:00+00:00","dateModified":"2025-04-09T16:06:45+00:00","mainEntityOfPage":{"@id":"https:\/\/studygo.com\/oefenen\/functies\/"},"wordCount":2,"publisher":{"@id":"https:\/\/studygo.com\/#organization"},"inLanguage":"pl-PL"},{"@type":"WebPage","@id":"https:\/\/studygo.com\/oefenen\/functies\/","url":"https:\/\/studygo.com\/oefenen\/functies\/","name":"Oefenfuncties \u2013 Effectief leren met StudyGo | StudyGo","isPartOf":{"@id":"https:\/\/studygo.com\/#website"},"datePublished":"2023-07-25T13:38:00+00:00","dateModified":"2025-04-09T16:06:45+00:00","description":"Maak gebruik van oefentoetsen, samenvattingen, woordjes leren en meer. StudyGo helpt je bij elk vak en elk niveau!","breadcrumb":{"@id":"https:\/\/studygo.com\/oefenen\/functies\/#breadcrumb"},"inLanguage":"pl-PL","potentialAction":[{"@type":"ReadAction","target":["https:\/\/studygo.com\/oefenen\/functies\/"]}]},{"@type":"BreadcrumbList","@id":"https:\/\/studygo.com\/oefenen\/functies\/#breadcrumb","itemListElement":[{"@type":"ListItem","position":1,"name":"Home","item":"https:\/\/studygo.com\/"},{"@type":"ListItem","position":2,"name":"Oefenen","item":"https:\/\/studygo.com\/oefenen\/"},{"@type":"ListItem","position":3,"name":"Functies (INT)"}]},{"@type":"WebSite","@id":"https:\/\/studygo.com\/#website","url":"https:\/\/studygo.com\/","name":"StudyGo","description":"","publisher":{"@id":"https:\/\/studygo.com\/#organization"},"potentialAction":[{"@type":"SearchAction","target":{"@type":"EntryPoint","urlTemplate":"https:\/\/studygo.com\/?s={search_term_string}"},"query-input":{"@type":"PropertyValueSpecification","valueRequired":true,"valueName":"search_term_string"}}],"inLanguage":"pl-PL"},{"@type":"Organization","@id":"https:\/\/studygo.com\/#organization","name":"StudyGo","url":"https:\/\/studygo.com\/","logo":{"@type":"ImageObject","inLanguage":"pl-PL","@id":"https:\/\/studygo.com\/#\/schema\/logo\/image\/","url":"https:\/\/www-media.studygo.com\/wp-content\/uploads\/2025\/06\/studygo-logo.png","contentUrl":"https:\/\/www-media.studygo.com\/wp-content\/uploads\/2025\/06\/studygo-logo.png","width":1244,"height":858,"caption":"StudyGo"},"image":{"@id":"https:\/\/studygo.com\/#\/schema\/logo\/image\/"},"sameAs":["https:\/\/www.facebook.com\/studygoNL\/","https:\/\/www.youtube.com\/@StudyGoNL\/videos","https:\/\/www.instagram.com\/studygonl"]},{"@type":"Person","@id":"https:\/\/studygo.com\/#\/schema\/person\/69cc66a4a196cc104096bc58b9267c45","name":"Daan Smith","image":{"@type":"ImageObject","inLanguage":"pl-PL","@id":"https:\/\/studygo.com\/#\/schema\/person\/image\/","url":"https:\/\/secure.gravatar.com\/avatar\/fc0839328d88751627f34ab4d5e5b2de3c02438c29e9a35ae8ba71a67cf4cc3e?s=96&d=mm&r=g","contentUrl":"https:\/\/secure.gravatar.com\/avatar\/fc0839328d88751627f34ab4d5e5b2de3c02438c29e9a35ae8ba71a67cf4cc3e?s=96&d=mm&r=g","caption":"Daan Smith"},"url":"https:\/\/studygo.com\/pl\/author\/daan\/"}]}},"_links":{"self":[{"href":"https:\/\/studygo.com\/pl\/wp-json\/wp\/v2\/pages\/26703","targetHints":{"allow":["GET"]}}],"collection":[{"href":"https:\/\/studygo.com\/pl\/wp-json\/wp\/v2\/pages"}],"about":[{"href":"https:\/\/studygo.com\/pl\/wp-json\/wp\/v2\/types\/page"}],"author":[{"embeddable":true,"href":"https:\/\/studygo.com\/pl\/wp-json\/wp\/v2\/users\/8"}],"replies":[{"embeddable":true,"href":"https:\/\/studygo.com\/pl\/wp-json\/wp\/v2\/comments?post=26703"}],"version-history":[{"count":19,"href":"https:\/\/studygo.com\/pl\/wp-json\/wp\/v2\/pages\/26703\/revisions"}],"predecessor-version":[{"id":35468,"href":"https:\/\/studygo.com\/pl\/wp-json\/wp\/v2\/pages\/26703\/revisions\/35468"}],"up":[{"embeddable":true,"href":"https:\/\/studygo.com\/pl\/wp-json\/wp\/v2\/pages\/26680"}],"wp:attachment":[{"href":"https:\/\/studygo.com\/pl\/wp-json\/wp\/v2\/media?parent=26703"}],"curies":[{"name":"wp","href":"https:\/\/api.w.org\/{rel}","templated":true}]}}