{"id":33123,"date":"2024-05-29T14:05:08","date_gmt":"2024-05-29T14:05:08","guid":{"rendered":"https:\/\/studygo.com\/?page_id=33123"},"modified":"2024-06-13T12:28:08","modified_gmt":"2024-06-13T12:28:08","slug":"tikkie-ga-over","status":"publish","type":"page","link":"https:\/\/studygo.com\/pl\/tikkie-ga-over\/","title":{"rendered":"Ga over met StudyGo &#8211; Tikkie actie"},"content":{"rendered":"<section id=\"header-block\" class=\"header-block home-header\" style=\"color: #ffffff\">\n        <div class=\"header-block-bg\" style=\"background-color: #652ea3;\">\n                    <\/div>\n        <div class=\"carrier\">\n            <div class=\"tier content-row\">\n                <div class=\"col m-6 m-offset-0 last-m header-img-col\">\n                                                                    <div class=\"header-img\">\n                                                                                            <img decoding=\"async\" class=\"img\" src=\"https:\/\/www-media.studygo.com\/wp-content\/uploads\/2024\/04\/Books_website-2.png\" alt=\"\">\n                                                    <\/div>\n                                    <\/div>\n                <div class=\"col m-6 first-xs\">\n                    <div class=\"header-info\">\n                        <h1 class=\"page-title animated\">Ga over met StudyGo<\/h1>                        <div class=\"animated\">\n                            <p class=\"section-desc\">\n                                    <p class=\"section-desc\" style=\"color: #ffffff\">Volg online bijlessen, maak oefentoetsen en bekijk uitlegvideo&#8217;s op StudyGo. Onze gebruikers halen gemiddeld 0,8 punt hoger op toetsen. Zo ga je sneller over naar de volgende klas!<\/p>\n\n                            <\/p>\n                            <div class=\"knob-block-row\">\n                                                        <div class=\"knob-block\">\n                <a href=\"\/pl\/learn\/choose-level\/?last_page_slug=%252Fpl%252Fwp-json%252Fwp%252Fv2%252Fpages%252F33123\"\n                   id=\"tikkie-ga-over_header-1103_order-button\"\n                   class=\"knob order-knob large\"\n                   aria-label=\"Start proefperiode\"\n                     style=''>\n                    <span class=\"visual\">\n                        Start proefperiode                    <\/span>\n                <\/a>\n                                                                <\/div>\n                                                    <div class=\"knob-block\">\n                <a href=\"javascript:;\"\n                   id=\"tikkie-ga-over_header-1103_video-link\"\n                   class=\"videoBtn simple-knob blue with-icon\"\n                   aria-label=\"StudyGo in 30 seconden\"\n                   data-url=\"https:\/\/youtu.be\/vj3xMZM-UPA\">\n                    <span class=\"text\">StudyGo in 30 seconden<\/span>\n                    <span class=\"icon icon-play\"><\/span>\n                <\/a>\n            <\/div>\n                                    <\/div>\n                        <\/div>\n                    <\/div>\n                <\/div>\n            <\/div>\n        <\/div>\n    <\/section><section class=\"swiper usp_bar  grey_bg\">\n    <div class=\"swiper-wrapper\">\n        <div class=\"swiper-slide\"><svg xmlns=\"http:\/\/www.w3.org\/2000\/svg\" width=\"25\" height=\"24\" viewbox=\"0 0 25 24\" fill=\"none\">\n                <circle cx=\"12.5\" cy=\"12\" r=\"12\" fill=\"#8952DA\"\/>\n                <path d=\"M10.3634 14.5833L7.58339 11.8033L6.63672 12.7433L10.3634 16.47L18.3634 8.47L17.4234 7.53L10.3634 14.5833Z\" fill=\"white\"\/>\n                <\/svg> Geschikt voor alle vakken<\/div><div class=\"swiper-slide\"><svg xmlns=\"http:\/\/www.w3.org\/2000\/svg\" width=\"25\" height=\"24\" viewbox=\"0 0 25 24\" fill=\"none\">\n                <circle cx=\"12.5\" cy=\"12\" r=\"12\" fill=\"#8952DA\"\/>\n                <path d=\"M10.3634 14.5833L7.58339 11.8033L6.63672 12.7433L10.3634 16.47L18.3634 8.47L17.4234 7.53L10.3634 14.5833Z\" fill=\"white\"\/>\n                <\/svg> Scoor gemiddeld 0.8 punt hoger<\/div><div class=\"swiper-slide\"><svg xmlns=\"http:\/\/www.w3.org\/2000\/svg\" width=\"25\" height=\"24\" viewbox=\"0 0 25 24\" fill=\"none\">\n                <circle cx=\"12.5\" cy=\"12\" r=\"12\" fill=\"#8952DA\"\/>\n                <path d=\"M10.3634 14.5833L7.58339 11.8033L6.63672 12.7433L10.3634 16.47L18.3634 8.47L17.4234 7.53L10.3634 14.5833Z\" fill=\"white\"\/>\n                <\/svg> Wypr\u00f3buj za darmo przez 7 dni<\/div>    <\/div>\n<\/section><section class=\"page-section media-block reverse\"\n     id=\"uitlegvideo-anchor\">\n    <div class=\"carrier\">\n        <div class=\"tier middle-m content-row\">\n            <div class=\"col m-6 media-preview-col\">\n                                            <div class=\"media-preview img-fit\"\n                     style=\"background-image: url(https:\/\/www-media.studygo.com\/wp-content\/uploads\/2022\/09\/Phone-Chat-dutch-800x601.png)\"\n                     aria-hidden=\"true\">\n                                                        <\/div>\n                                        <\/div>\n            <div class=\"media-info-col col m-5 m-offset-1\">\n                <div class=\"media-info\">\n                                        <h2 class=\"section-title animated\">Gerichte hulp per hoofdstuk<\/h2>\n                    <div class=\"section-desc animated\">\n                            <p class=\"section-desc\">Onze tutoren staan klaar om te helpen. Ontvang persoonlijke begeleiding van ervaren tutoren tijdens online bijlessen of via de chat.\u00a0<br><\/p>\n\n                                            <\/div>\n                <\/div>\n            <\/div>\n        <\/div>\n    <\/div>\n<\/section><section class=\"page-section media-block\"\n    >\n    <div class=\"carrier\">\n        <div class=\"tier middle-m content-row\">\n            <div class=\"col m-6 media-preview-col\">\n                                            <div class=\"media-preview img-fit\"\n                     style=\"background-image: url(https:\/\/www-media.studygo.com\/wp-content\/uploads\/2022\/07\/Tablet-Thinking-Right-800x584.png)\"\n                     aria-hidden=\"true\">\n                                                        <\/div>\n                                        <\/div>\n            <div class=\"media-info-col col m-5 m-offset-1\">\n                <div class=\"media-info\">\n                                        <h2 class=\"section-title animated\">\u0106wiczenia i wyja\u015bnienia do wszystkich temat\u00f3w<\/h2>\n                    <div class=\"section-desc animated\">\n                            <p class=\"section-desc\">Onze docenten hebben voor ieder onderwerp uit jouw lesboek vragen gemaakt om mee te oefenen. Daarnaast krijg je per vraag stap voor stap uitleg hoe je zelf tot het juiste antwoord komt.<\/p>\n\n                                            <\/div>\n                <\/div>\n            <\/div>\n        <\/div>\n    <\/div>\n<\/section><section class=\"page-section media-block reverse\"\n     id=\"uitlegvideo-anchor\">\n    <div class=\"carrier\">\n        <div class=\"tier middle-m content-row\">\n            <div class=\"col m-6 media-preview-col\">\n                                            <div class=\"media-preview img-fit\"\n                     style=\"background-image: url(https:\/\/www-media.studygo.com\/wp-content\/uploads\/2022\/11\/Biologie_Phone-Test-800x601.png)\"\n                     role=\"img\" aria-label=\"Oefentoets resultaat biologie\">\n                                                        <\/div>\n                                        <\/div>\n            <div class=\"media-info-col col m-5 m-offset-1\">\n                <div class=\"media-info\">\n                                        <h2 class=\"section-title animated\">Test de kennis met oefentoetsen<\/h2>\n                    <div class=\"section-desc animated\">\n                            <p class=\"section-desc\">Per hoofdstuk van het gewenste lesboek kun je een oefentoets maken. De perfecte manier om inzicht te krijgen of je het goed kent en wat je nog moet leren voor een hoger cijfer!<\/p>\n\n                                            <\/div>\n                <\/div>\n            <\/div>\n        <\/div>\n    <\/div>\n<\/section><section class=\"page-section media-block\"\n    >\n    <div class=\"carrier\">\n        <div class=\"tier middle-m content-row\">\n            <div class=\"col m-6 media-preview-col\">\n                                            <div class=\"media-preview img-fit\"\n                     style=\"background-image: url(https:\/\/www-media.studygo.com\/wp-content\/uploads\/2022\/09\/Holder-math-800x570.png)\"\n                     aria-hidden=\"true\">\n                                                        <\/div>\n                                        <\/div>\n            <div class=\"media-info-col col m-5 m-offset-1\">\n                <div class=\"media-info\">\n                                        <h2 class=\"section-title animated\">Uitlegvideo&#8217;s en samenvattingen<\/h2>\n                    <div class=\"section-desc animated\">\n                            <p class=\"section-desc\">StudyGo-docenten hebben uitlegvideo&#8217;s en samenvattingen gemaakt voor jouw lesboeken, per hoofdstuk en onderwerp. Deze video&#8217;s en samenvattingen bieden een begrijpelijke uitleg van de lesstof. <\/p>\n\n                                            <\/div>\n                <\/div>\n            <\/div>\n        <\/div>\n    <\/div>\n<\/section><section class=\"page-section usp-block\">\n    <div class=\"carrier\">\n                    <div class=\"tier content-row\">\n                                    <div class=\"col m-4\">\n                        <div class=\"usp-card\">\n                            <div class=\"image-wrap\">\n                                                                                                        <img decoding=\"async\" class=\"img\" src=\"https:\/\/www-media.studygo.com\/wp-content\/uploads\/2021\/08\/Squla_Logo_RGB_Dark-1-360x187.png\"\n                                        aria-hidden=\"true\">\n                                                            <\/div>\n                            <div class=\"info-block\">\n                                <div class=\"block-title\">Opracowane przez do\u015bwiadczonych nauczycieli<\/div>\n                                <p class=\"section-desc\"><\/p>\n                            <\/div>\n                        <\/div>\n                    <\/div>\n                                    <div class=\"col m-4\">\n                        <div class=\"usp-card\">\n                            <div class=\"image-wrap\">\n                                                                                                        <img decoding=\"async\" class=\"img\" src=\"https:\/\/www-media.studygo.com\/wp-content\/uploads\/2020\/10\/books_recht_02-360x270.png\"\n                                        alt=\"Schoolboeken\">\n                                                            <\/div>\n                            <div class=\"info-block\">\n                                <div class=\"block-title\">Aangesloten op de schoolboeken<\/div>\n                                <p class=\"section-desc\"><\/p>\n                            <\/div>\n                        <\/div>\n                    <\/div>\n                                    <div class=\"col m-4\">\n                        <div class=\"usp-card\">\n                            <div class=\"image-wrap\">\n                                                                                                        <img decoding=\"async\" class=\"img\" src=\"https:\/\/www-media.studygo.com\/wp-content\/uploads\/2022\/08\/Subjects-Beta-2-e1660229870997-360x245.png\"\n                                        aria-hidden=\"true\">\n                                                            <\/div>\n                            <div class=\"info-block\">\n                                <div class=\"block-title\">Geschikt voor alle vakken<\/div>\n                                <p class=\"section-desc\"><\/p>\n                            <\/div>\n                        <\/div>\n                    <\/div>\n                            <\/div>\n                        <\/div>\n<\/section><div class=\"content-block\"><div class=\"content-block\"><section class=\"page-section media-block\"\n    >\n    <div class=\"carrier\">\n        <div class=\"tier middle-m content-row\">\n            <div class=\"col m-6 media-preview-col\">\n                                            <div class=\"media-preview img-fill\"\n                     style=\"background-image: url(https:\/\/www-media.studygo.com\/wp-content\/uploads\/2024\/05\/inscreen-kleiner-pakketten-800x600.png)\"\n                     role=\"img\" aria-label=\"Laptop met alle pakketten van StudyGo\">\n                                                        <\/div>\n                                        <\/div>\n            <div class=\"media-info-col col m-5 m-offset-1\">\n                <div class=\"media-info\">\n                                        <h2 class=\"section-title animated\">Wypr\u00f3buj za darmo przez 7 dni<\/h2>\n                    <div class=\"section-desc animated\">\n                            <p class=\"section-desc\">Odkryj nasze r\u00f3\u017cne pakiety z testami \u0107wiczeniowymi, filmami wyja\u015bniaj\u0105cymi i korepetycjami online.<\/p>\n\n                                                <div class=\"knob-block\">\n                <a href=\"\/pl\/learn\/choose-level\/?last_page_slug=%252Fpl%252Fwp-json%252Fwp%252Fv2%252Fpages%252F33123\"\n                   id=\"tikkie-ga-over_text-media-4389_order-button\"\n                   class=\"knob order-knob large\"\n                   aria-label=\"Start proefperiode\"\n                     style=''>\n                    <span class=\"visual\">\n                        Start proefperiode                    <\/span>\n                <\/a>\n                                                                <\/div>\n                            <\/div>\n                <\/div>\n            <\/div>\n        <\/div>\n    <\/div>\n<\/section><\/div><\/div>","protected":false},"excerpt":{"rendered":"","protected":false},"author":18,"featured_media":0,"parent":0,"menu_order":0,"comment_status":"closed","ping_status":"closed","template":"","meta":{"inline_featured_image":false,"footnotes":""},"class_list":["post-33123","page","type-page","status-publish","hentry"],"yoast_head":"<!-- This site is optimized with the Yoast SEO plugin v26.9 - https:\/\/yoast.com\/product\/yoast-seo-wordpress\/ -->\n<title>Ga over met StudyGo<\/title>\n<meta name=\"description\" content=\"Ga voor de beste hulp om over te gaan naar de volgende klas. Op StudyGo oefen je met toetsen, uitlegvideo&#039;s, online bijlessen \u00e9n meer.\" \/>\n<meta name=\"robots\" content=\"index, follow, max-snippet:-1, max-image-preview:large, max-video-preview:-1\" \/>\n<link rel=\"canonical\" href=\"https:\/\/studygo.com\/pl\/tikkie-ga-over\/\" \/>\n<meta property=\"og:locale\" content=\"pl_PL\" \/>\n<meta property=\"og:type\" content=\"article\" \/>\n<meta property=\"og:title\" content=\"Ga over met StudyGo\" \/>\n<meta property=\"og:description\" content=\"Ga voor de beste hulp om over te gaan naar de volgende klas. Op StudyGo oefen je met toetsen, uitlegvideo&#039;s, online bijlessen \u00e9n meer.\" \/>\n<meta property=\"og:url\" content=\"https:\/\/studygo.com\/pl\/tikkie-ga-over\/\" \/>\n<meta property=\"og:site_name\" content=\"StudyGo\" \/>\n<meta property=\"article:publisher\" content=\"https:\/\/www.facebook.com\/studygoNL\/\" \/>\n<meta property=\"article:modified_time\" content=\"2024-06-13T12:28:08+00:00\" \/>\n<meta property=\"og:image\" content=\"https:\/\/www-media.studygo.com\/wp-content\/uploads\/2025\/02\/Listening-Test.png\" \/>\n\t<meta property=\"og:image:width\" content=\"1201\" \/>\n\t<meta property=\"og:image:height\" content=\"801\" \/>\n\t<meta property=\"og:image:type\" content=\"image\/png\" \/>\n<meta name=\"twitter:card\" content=\"summary_large_image\" \/>\n<script type=\"application\/ld+json\" class=\"yoast-schema-graph\">{\"@context\":\"https:\/\/schema.org\",\"@graph\":[{\"@type\":\"Article\",\"@id\":\"https:\/\/studygo.com\/tikkie-ga-over\/#article\",\"isPartOf\":{\"@id\":\"https:\/\/studygo.com\/tikkie-ga-over\/\"},\"author\":{\"name\":\"Tamiya\",\"@id\":\"https:\/\/studygo.com\/#\/schema\/person\/58f0ccc9019c74bb8982adcff0533420\"},\"headline\":\"Ga over met StudyGo &#8211; Tikkie actie\",\"datePublished\":\"2024-05-29T14:05:08+00:00\",\"dateModified\":\"2024-06-13T12:28:08+00:00\",\"mainEntityOfPage\":{\"@id\":\"https:\/\/studygo.com\/tikkie-ga-over\/\"},\"wordCount\":7,\"publisher\":{\"@id\":\"https:\/\/studygo.com\/#organization\"},\"inLanguage\":\"pl-PL\"},{\"@type\":\"WebPage\",\"@id\":\"https:\/\/studygo.com\/tikkie-ga-over\/\",\"url\":\"https:\/\/studygo.com\/tikkie-ga-over\/\",\"name\":\"Ga over met StudyGo\",\"isPartOf\":{\"@id\":\"https:\/\/studygo.com\/#website\"},\"datePublished\":\"2024-05-29T14:05:08+00:00\",\"dateModified\":\"2024-06-13T12:28:08+00:00\",\"description\":\"Ga voor de beste hulp om over te gaan naar de volgende klas. Op StudyGo oefen je met toetsen, uitlegvideo's, online bijlessen \u00e9n meer.\",\"breadcrumb\":{\"@id\":\"https:\/\/studygo.com\/tikkie-ga-over\/#breadcrumb\"},\"inLanguage\":\"pl-PL\",\"potentialAction\":[{\"@type\":\"ReadAction\",\"target\":[\"https:\/\/studygo.com\/tikkie-ga-over\/\"]}]},{\"@type\":\"BreadcrumbList\",\"@id\":\"https:\/\/studygo.com\/tikkie-ga-over\/#breadcrumb\",\"itemListElement\":[{\"@type\":\"ListItem\",\"position\":1,\"name\":\"Home\",\"item\":\"https:\/\/studygo.com\/\"},{\"@type\":\"ListItem\",\"position\":2,\"name\":\"Ga over met StudyGo &#8211; Tikkie actie\"}]},{\"@type\":\"WebSite\",\"@id\":\"https:\/\/studygo.com\/#website\",\"url\":\"https:\/\/studygo.com\/\",\"name\":\"StudyGo\",\"description\":\"\",\"publisher\":{\"@id\":\"https:\/\/studygo.com\/#organization\"},\"potentialAction\":[{\"@type\":\"SearchAction\",\"target\":{\"@type\":\"EntryPoint\",\"urlTemplate\":\"https:\/\/studygo.com\/?s={search_term_string}\"},\"query-input\":{\"@type\":\"PropertyValueSpecification\",\"valueRequired\":true,\"valueName\":\"search_term_string\"}}],\"inLanguage\":\"pl-PL\"},{\"@type\":\"Organization\",\"@id\":\"https:\/\/studygo.com\/#organization\",\"name\":\"StudyGo\",\"url\":\"https:\/\/studygo.com\/\",\"logo\":{\"@type\":\"ImageObject\",\"inLanguage\":\"pl-PL\",\"@id\":\"https:\/\/studygo.com\/#\/schema\/logo\/image\/\",\"url\":\"https:\/\/www-media.studygo.com\/wp-content\/uploads\/2025\/06\/studygo-logo.png\",\"contentUrl\":\"https:\/\/www-media.studygo.com\/wp-content\/uploads\/2025\/06\/studygo-logo.png\",\"width\":1244,\"height\":858,\"caption\":\"StudyGo\"},\"image\":{\"@id\":\"https:\/\/studygo.com\/#\/schema\/logo\/image\/\"},\"sameAs\":[\"https:\/\/www.facebook.com\/studygoNL\/\",\"https:\/\/www.youtube.com\/@StudyGoNL\/videos\",\"https:\/\/www.instagram.com\/studygonl\"]},{\"@type\":\"Person\",\"@id\":\"https:\/\/studygo.com\/#\/schema\/person\/58f0ccc9019c74bb8982adcff0533420\",\"name\":\"Tamiya\",\"image\":{\"@type\":\"ImageObject\",\"inLanguage\":\"pl-PL\",\"@id\":\"https:\/\/studygo.com\/#\/schema\/person\/image\/\",\"url\":\"https:\/\/secure.gravatar.com\/avatar\/c288ec284c11ebb4fb7362b76cbba86a9cc15acb5be44d92f9186032c8aafae1?s=96&d=mm&r=g\",\"contentUrl\":\"https:\/\/secure.gravatar.com\/avatar\/c288ec284c11ebb4fb7362b76cbba86a9cc15acb5be44d92f9186032c8aafae1?s=96&d=mm&r=g\",\"caption\":\"Tamiya\"},\"url\":\"https:\/\/studygo.com\/pl\/author\/tamiya\/\"}]}<\/script>\n<!-- \/ Yoast SEO plugin. -->","yoast_head_json":{"title":"Ga over met StudyGo","description":"Ga voor de beste hulp om over te gaan naar de volgende klas. Op StudyGo oefen je met toetsen, uitlegvideo's, online bijlessen \u00e9n meer.","robots":{"index":"index","follow":"follow","max-snippet":"max-snippet:-1","max-image-preview":"max-image-preview:large","max-video-preview":"max-video-preview:-1"},"canonical":"https:\/\/studygo.com\/pl\/tikkie-ga-over\/","og_locale":"pl_PL","og_type":"article","og_title":"Ga over met StudyGo","og_description":"Ga voor de beste hulp om over te gaan naar de volgende klas. Op StudyGo oefen je met toetsen, uitlegvideo's, online bijlessen \u00e9n meer.","og_url":"https:\/\/studygo.com\/pl\/tikkie-ga-over\/","og_site_name":"StudyGo","article_publisher":"https:\/\/www.facebook.com\/studygoNL\/","article_modified_time":"2024-06-13T12:28:08+00:00","og_image":[{"width":1201,"height":801,"url":"https:\/\/www-media.studygo.com\/wp-content\/uploads\/2025\/02\/Listening-Test.png","type":"image\/png"}],"twitter_card":"summary_large_image","schema":{"@context":"https:\/\/schema.org","@graph":[{"@type":"Article","@id":"https:\/\/studygo.com\/tikkie-ga-over\/#article","isPartOf":{"@id":"https:\/\/studygo.com\/tikkie-ga-over\/"},"author":{"name":"Tamiya","@id":"https:\/\/studygo.com\/#\/schema\/person\/58f0ccc9019c74bb8982adcff0533420"},"headline":"Ga over met StudyGo &#8211; Tikkie actie","datePublished":"2024-05-29T14:05:08+00:00","dateModified":"2024-06-13T12:28:08+00:00","mainEntityOfPage":{"@id":"https:\/\/studygo.com\/tikkie-ga-over\/"},"wordCount":7,"publisher":{"@id":"https:\/\/studygo.com\/#organization"},"inLanguage":"pl-PL"},{"@type":"WebPage","@id":"https:\/\/studygo.com\/tikkie-ga-over\/","url":"https:\/\/studygo.com\/tikkie-ga-over\/","name":"Ga over met StudyGo","isPartOf":{"@id":"https:\/\/studygo.com\/#website"},"datePublished":"2024-05-29T14:05:08+00:00","dateModified":"2024-06-13T12:28:08+00:00","description":"Ga voor de beste hulp om over te gaan naar de volgende klas. Op StudyGo oefen je met toetsen, uitlegvideo's, online bijlessen \u00e9n meer.","breadcrumb":{"@id":"https:\/\/studygo.com\/tikkie-ga-over\/#breadcrumb"},"inLanguage":"pl-PL","potentialAction":[{"@type":"ReadAction","target":["https:\/\/studygo.com\/tikkie-ga-over\/"]}]},{"@type":"BreadcrumbList","@id":"https:\/\/studygo.com\/tikkie-ga-over\/#breadcrumb","itemListElement":[{"@type":"ListItem","position":1,"name":"Home","item":"https:\/\/studygo.com\/"},{"@type":"ListItem","position":2,"name":"Ga over met StudyGo &#8211; Tikkie actie"}]},{"@type":"WebSite","@id":"https:\/\/studygo.com\/#website","url":"https:\/\/studygo.com\/","name":"StudyGo","description":"","publisher":{"@id":"https:\/\/studygo.com\/#organization"},"potentialAction":[{"@type":"SearchAction","target":{"@type":"EntryPoint","urlTemplate":"https:\/\/studygo.com\/?s={search_term_string}"},"query-input":{"@type":"PropertyValueSpecification","valueRequired":true,"valueName":"search_term_string"}}],"inLanguage":"pl-PL"},{"@type":"Organization","@id":"https:\/\/studygo.com\/#organization","name":"StudyGo","url":"https:\/\/studygo.com\/","logo":{"@type":"ImageObject","inLanguage":"pl-PL","@id":"https:\/\/studygo.com\/#\/schema\/logo\/image\/","url":"https:\/\/www-media.studygo.com\/wp-content\/uploads\/2025\/06\/studygo-logo.png","contentUrl":"https:\/\/www-media.studygo.com\/wp-content\/uploads\/2025\/06\/studygo-logo.png","width":1244,"height":858,"caption":"StudyGo"},"image":{"@id":"https:\/\/studygo.com\/#\/schema\/logo\/image\/"},"sameAs":["https:\/\/www.facebook.com\/studygoNL\/","https:\/\/www.youtube.com\/@StudyGoNL\/videos","https:\/\/www.instagram.com\/studygonl"]},{"@type":"Person","@id":"https:\/\/studygo.com\/#\/schema\/person\/58f0ccc9019c74bb8982adcff0533420","name":"Tamiya","image":{"@type":"ImageObject","inLanguage":"pl-PL","@id":"https:\/\/studygo.com\/#\/schema\/person\/image\/","url":"https:\/\/secure.gravatar.com\/avatar\/c288ec284c11ebb4fb7362b76cbba86a9cc15acb5be44d92f9186032c8aafae1?s=96&d=mm&r=g","contentUrl":"https:\/\/secure.gravatar.com\/avatar\/c288ec284c11ebb4fb7362b76cbba86a9cc15acb5be44d92f9186032c8aafae1?s=96&d=mm&r=g","caption":"Tamiya"},"url":"https:\/\/studygo.com\/pl\/author\/tamiya\/"}]}},"_links":{"self":[{"href":"https:\/\/studygo.com\/pl\/wp-json\/wp\/v2\/pages\/33123","targetHints":{"allow":["GET"]}}],"collection":[{"href":"https:\/\/studygo.com\/pl\/wp-json\/wp\/v2\/pages"}],"about":[{"href":"https:\/\/studygo.com\/pl\/wp-json\/wp\/v2\/types\/page"}],"author":[{"embeddable":true,"href":"https:\/\/studygo.com\/pl\/wp-json\/wp\/v2\/users\/18"}],"replies":[{"embeddable":true,"href":"https:\/\/studygo.com\/pl\/wp-json\/wp\/v2\/comments?post=33123"}],"version-history":[{"count":9,"href":"https:\/\/studygo.com\/pl\/wp-json\/wp\/v2\/pages\/33123\/revisions"}],"predecessor-version":[{"id":33488,"href":"https:\/\/studygo.com\/pl\/wp-json\/wp\/v2\/pages\/33123\/revisions\/33488"}],"wp:attachment":[{"href":"https:\/\/studygo.com\/pl\/wp-json\/wp\/v2\/media?parent=33123"}],"curies":[{"name":"wp","href":"https:\/\/api.w.org\/{rel}","templated":true}]}}