{"id":1024,"date":"2022-09-15T13:30:59","date_gmt":"2022-09-15T13:30:59","guid":{"rendered":"https:\/\/intl.wrts.dev\/?page_id=1024"},"modified":"2024-12-11T13:26:26","modified_gmt":"2024-12-11T13:26:26","slug":"press","status":"publish","type":"page","link":"https:\/\/studygo.com\/pt\/press\/","title":{"rendered":"Voor de pers (INT)"},"content":{"rendered":"<section class=\"header-block detail-header\" style=\"color: #ffffff\">\n        <div class=\"header-block-bg\" style=\"background-color: #652ea3;\">\n                    <\/div>\n        <div class=\"carrier\">\n            <div class=\"tier content-row\">\n                <div class=\"col m-6 m-offset-0 last-m header-img-col\" >\n                                                                <div class=\"header-img\">\n                                                                                                                            <img decoding=\"async\" class=\"img\" src=\"https:\/\/www-media.studygo.com\/wp-content\/uploads\/2022\/09\/Halfpipe-1-800x553.png\"\n                                    aria-hidden=\"true\">\n                                                    <\/div>\n                                    <\/div>\n                <div class=\"col m-6\">\n                    <div class=\"header-info\">\n                        <h1 class=\"page-title animated\">Para a imprensa<\/h1>                        <div class=\"section-desc animated\">\n                            <p class=\"section-desc\">\n                                    <p class=\"section-desc\">Voc\u00ea \u00e9 jornalista e tem uma pergunta relativamente a um comunicado de imprensa? Voc\u00ea est\u00e1 curioso sobre o StudyGo e quer saber mais? Se for o caso, entre em contato com:<br><br><strong>Lisa Potma<br><\/strong>lisa@studygo.com<br>020 846 9709<\/p>\n\n                            <\/p>\n                            <div class=\"knob-block-row\">\n                                                                                            <\/div>\n                        <\/div>\n                    <\/div>\n                <\/div>\n            <\/div>\n        <\/div>\n    <\/section><section class=\"title-block\"\n    >\n    <div class=\"carrier\">\n        <div class=\"tier center-xs\">\n            <div class=\"col s-10 l-8 animated\">\n                <h2 class=\"section-title\">O StudyGo colabora com<\/h2>\n                                    <p class=\"section-desc large\">Trabalhamos em conjunto com v\u00e1rias editoras reconhecidas e parceiros externos<\/p>\n                            <\/div>\n            <div class=\"col s-8 l-6 animated\">\n                \n                            <\/div>\n        <\/div>\n    <\/div>\n<\/section><section class=\"page-section links-block vertical large-size-web\">\n    <div class=\"carrier\">\n                    <div class=\"tier content-row center-m\">\n                                    <div class=\"col-flex m-4\">\n                        <a href=\"https:\/\/www.academiapress.be\/nl\"\n                           id=\"pers_links-1404_academia-press\"\n                           class=\"knob block-link\"\n                             target=\"_blank\">\n                            <div class=\"visual\">\n                                                                    <div class=\"image-wrap\">\n                                                                                <div class=\"img\" style=\"background-image:url('https:\/\/www-media.studygo.com\/wp-content\/uploads\/2022\/09\/academia-press.png')\"\n                                            aria-hidden=\"true\"><\/div>\n                                    <\/div>\n                                                                <div class=\"text-content\">\n                                    <div class=\"subtitle\">Academia Press                                        <span class=\"icon icon-arrow-thin-right\"><\/span><\/div>\n                                                                                                            <span class=\"simple-knob blue hide-xs hide-s\">Ver<\/span>\n                                                                                                        <\/div>\n                            <\/div>\n                        <\/a>\n                    <\/div>\n                                    <div class=\"col-flex m-4\">\n                        <a href=\"https:\/\/www.noordhoff.nl\/\"\n                           id=\"pers_links-1404_noordhoff\"\n                           class=\"knob block-link\"\n                             target=\"_blank\">\n                            <div class=\"visual\">\n                                                                    <div class=\"image-wrap\">\n                                                                                <div class=\"img\" style=\"background-image:url('https:\/\/www-media.studygo.com\/wp-content\/uploads\/2022\/09\/Logo_noordhoff3-800x279-1-360x126.png')\"\n                                            aria-hidden=\"true\"><\/div>\n                                    <\/div>\n                                                                <div class=\"text-content\">\n                                    <div class=\"subtitle\">Noordhoff                                        <span class=\"icon icon-arrow-thin-right\"><\/span><\/div>\n                                                                                                            <span class=\"simple-knob blue hide-xs hide-s\">Ver<\/span>\n                                                                                                        <\/div>\n                            <\/div>\n                        <\/a>\n                    <\/div>\n                                    <div class=\"col-flex m-4\">\n                        <a href=\"https:\/\/www.cambridge.org\/\"\n                           id=\"pers_links-1404_cambridge-university-press\"\n                           class=\"knob block-link\"\n                             target=\"_blank\">\n                            <div class=\"visual\">\n                                                                    <div class=\"image-wrap\">\n                                                                                <div class=\"img\" style=\"background-image:url('https:\/\/www-media.studygo.com\/wp-content\/uploads\/2022\/09\/cambridge-university-press-500x500-1-360x360.png')\"\n                                            aria-hidden=\"true\"><\/div>\n                                    <\/div>\n                                                                <div class=\"text-content\">\n                                    <div class=\"subtitle\">Cambridge University Press                                        <span class=\"icon icon-arrow-thin-right\"><\/span><\/div>\n                                                                                                            <span class=\"simple-knob blue hide-xs hide-s\">Ver<\/span>\n                                                                                                        <\/div>\n                            <\/div>\n                        <\/a>\n                    <\/div>\n                                    <div class=\"col-flex m-4\">\n                        <a href=\"https:\/\/www.pearson.com\/\"\n                           id=\"pers_links-1404_pearson\"\n                           class=\"knob block-link\"\n                             target=\"_blank\">\n                            <div class=\"visual\">\n                                                                    <div class=\"image-wrap\">\n                                                                                <div class=\"img\" style=\"background-image:url('https:\/\/www-media.studygo.com\/wp-content\/uploads\/2022\/09\/logo-360x109.png')\"\n                                            aria-hidden=\"true\"><\/div>\n                                    <\/div>\n                                                                <div class=\"text-content\">\n                                    <div class=\"subtitle\">Pearson                                        <span class=\"icon icon-arrow-thin-right\"><\/span><\/div>\n                                                                                                            <span class=\"simple-knob blue hide-xs hide-s\">Ver<\/span>\n                                                                                                        <\/div>\n                            <\/div>\n                        <\/a>\n                    <\/div>\n                                    <div class=\"col-flex m-4\">\n                        <a href=\"https:\/\/www.plantyn.com\/webshop\"\n                           id=\"pers_links-1404_plantyn\"\n                           class=\"knob block-link\"\n                             target=\"_blank\">\n                            <div class=\"visual\">\n                                                                    <div class=\"image-wrap\">\n                                                                                <div class=\"img\" style=\"background-image:url('https:\/\/www-media.studygo.com\/wp-content\/uploads\/2022\/10\/plantyn.png')\"\n                                            aria-hidden=\"true\"><\/div>\n                                    <\/div>\n                                                                <div class=\"text-content\">\n                                    <div class=\"subtitle\">Plantyn                                        <span class=\"icon icon-arrow-thin-right\"><\/span><\/div>\n                                                                                                            <span class=\"simple-knob blue hide-xs hide-s\">Ver<\/span>\n                                                                                                        <\/div>\n                            <\/div>\n                        <\/a>\n                    <\/div>\n                            <\/div>\n                    <\/div>\n<\/section>","protected":false},"excerpt":{"rendered":"","protected":false},"author":7,"featured_media":0,"parent":0,"menu_order":0,"comment_status":"closed","ping_status":"closed","template":"","meta":{"inline_featured_image":false,"footnotes":""},"class_list":["post-1024","page","type-page","status-publish","hentry"],"yoast_head":"<!-- This site is optimized with the Yoast SEO plugin v26.9 - https:\/\/yoast.com\/product\/yoast-seo-wordpress\/ -->\n<title>Voor de pers<\/title>\n<meta name=\"description\" content=\"Ben je journalist en heb je een vraag over een persbericht? Wil je meer weten over WRTS? Neem dan contact op via onderstaand telefoonnummer.\" \/>\n<meta name=\"robots\" content=\"index, follow, max-snippet:-1, max-image-preview:large, max-video-preview:-1\" \/>\n<link rel=\"canonical\" href=\"https:\/\/studygo.com\/pt\/press\/\" \/>\n<meta property=\"og:locale\" content=\"pt_BR\" \/>\n<meta property=\"og:type\" content=\"article\" \/>\n<meta property=\"og:title\" content=\"Voor de pers\" \/>\n<meta property=\"og:description\" content=\"Ben je journalist en heb je een vraag over een persbericht? Wil je meer weten over WRTS? Neem dan contact op via onderstaand telefoonnummer.\" \/>\n<meta property=\"og:url\" content=\"https:\/\/studygo.com\/pt\/press\/\" \/>\n<meta property=\"og:site_name\" content=\"StudyGo\" \/>\n<meta property=\"article:publisher\" content=\"https:\/\/www.facebook.com\/studygoNL\/\" \/>\n<meta property=\"article:modified_time\" content=\"2024-12-11T13:26:26+00:00\" \/>\n<meta property=\"og:image\" content=\"https:\/\/www-media.studygo.com\/wp-content\/uploads\/2025\/02\/Listening-Test.png\" \/>\n\t<meta property=\"og:image:width\" content=\"1201\" \/>\n\t<meta property=\"og:image:height\" content=\"801\" \/>\n\t<meta property=\"og:image:type\" content=\"image\/png\" \/>\n<meta name=\"twitter:card\" content=\"summary_large_image\" \/>\n<script type=\"application\/ld+json\" class=\"yoast-schema-graph\">{\"@context\":\"https:\/\/schema.org\",\"@graph\":[{\"@type\":\"Article\",\"@id\":\"https:\/\/studygo.com\/pers\/#article\",\"isPartOf\":{\"@id\":\"https:\/\/studygo.com\/pers\/\"},\"author\":{\"name\":\"kitty\",\"@id\":\"https:\/\/studygo.com\/#\/schema\/person\/91678521c25c40197aa94315b51e4d1e\"},\"headline\":\"Voor de pers (INT)\",\"datePublished\":\"2022-09-15T13:30:59+00:00\",\"dateModified\":\"2024-12-11T13:26:26+00:00\",\"mainEntityOfPage\":{\"@id\":\"https:\/\/studygo.com\/pers\/\"},\"wordCount\":4,\"publisher\":{\"@id\":\"https:\/\/studygo.com\/#organization\"},\"inLanguage\":\"pt-BR\"},{\"@type\":\"WebPage\",\"@id\":\"https:\/\/studygo.com\/pers\/\",\"url\":\"https:\/\/studygo.com\/pers\/\",\"name\":\"Voor de pers\",\"isPartOf\":{\"@id\":\"https:\/\/studygo.com\/#website\"},\"datePublished\":\"2022-09-15T13:30:59+00:00\",\"dateModified\":\"2024-12-11T13:26:26+00:00\",\"description\":\"Ben je journalist en heb je een vraag over een persbericht? Wil je meer weten over WRTS? Neem dan contact op via onderstaand telefoonnummer.\",\"breadcrumb\":{\"@id\":\"https:\/\/studygo.com\/pers\/#breadcrumb\"},\"inLanguage\":\"pt-BR\",\"potentialAction\":[{\"@type\":\"ReadAction\",\"target\":[\"https:\/\/studygo.com\/pers\/\"]}]},{\"@type\":\"BreadcrumbList\",\"@id\":\"https:\/\/studygo.com\/pers\/#breadcrumb\",\"itemListElement\":[{\"@type\":\"ListItem\",\"position\":1,\"name\":\"Home\",\"item\":\"https:\/\/studygo.com\/\"},{\"@type\":\"ListItem\",\"position\":2,\"name\":\"Voor de pers (INT)\"}]},{\"@type\":\"WebSite\",\"@id\":\"https:\/\/studygo.com\/#website\",\"url\":\"https:\/\/studygo.com\/\",\"name\":\"StudyGo\",\"description\":\"\",\"publisher\":{\"@id\":\"https:\/\/studygo.com\/#organization\"},\"potentialAction\":[{\"@type\":\"SearchAction\",\"target\":{\"@type\":\"EntryPoint\",\"urlTemplate\":\"https:\/\/studygo.com\/?s={search_term_string}\"},\"query-input\":{\"@type\":\"PropertyValueSpecification\",\"valueRequired\":true,\"valueName\":\"search_term_string\"}}],\"inLanguage\":\"pt-BR\"},{\"@type\":\"Organization\",\"@id\":\"https:\/\/studygo.com\/#organization\",\"name\":\"StudyGo\",\"url\":\"https:\/\/studygo.com\/\",\"logo\":{\"@type\":\"ImageObject\",\"inLanguage\":\"pt-BR\",\"@id\":\"https:\/\/studygo.com\/#\/schema\/logo\/image\/\",\"url\":\"https:\/\/www-media.studygo.com\/wp-content\/uploads\/2025\/06\/studygo-logo.png\",\"contentUrl\":\"https:\/\/www-media.studygo.com\/wp-content\/uploads\/2025\/06\/studygo-logo.png\",\"width\":1244,\"height\":858,\"caption\":\"StudyGo\"},\"image\":{\"@id\":\"https:\/\/studygo.com\/#\/schema\/logo\/image\/\"},\"sameAs\":[\"https:\/\/www.facebook.com\/studygoNL\/\",\"https:\/\/www.youtube.com\/@StudyGoNL\/videos\",\"https:\/\/www.instagram.com\/studygonl\"]},{\"@type\":\"Person\",\"@id\":\"https:\/\/studygo.com\/#\/schema\/person\/91678521c25c40197aa94315b51e4d1e\",\"name\":\"kitty\",\"image\":{\"@type\":\"ImageObject\",\"inLanguage\":\"pt-BR\",\"@id\":\"https:\/\/studygo.com\/#\/schema\/person\/image\/\",\"url\":\"https:\/\/secure.gravatar.com\/avatar\/95f50a5be5acd9fbb307bcd1f46ecfd6b4593c5aa1de03c3ac9ec36b068cf2b2?s=96&d=mm&r=g\",\"contentUrl\":\"https:\/\/secure.gravatar.com\/avatar\/95f50a5be5acd9fbb307bcd1f46ecfd6b4593c5aa1de03c3ac9ec36b068cf2b2?s=96&d=mm&r=g\",\"caption\":\"kitty\"},\"url\":\"https:\/\/studygo.com\/pt\/author\/kitty\/\"}]}<\/script>\n<!-- \/ Yoast SEO plugin. -->","yoast_head_json":{"title":"Para a imprensa","description":"Ben je journalist en heb je een vraag over een persbericht? Wil je meer weten over WRTS? Neem dan contact op via onderstaand telefoonnummer.","robots":{"index":"index","follow":"follow","max-snippet":"max-snippet:-1","max-image-preview":"max-image-preview:large","max-video-preview":"max-video-preview:-1"},"canonical":"https:\/\/studygo.com\/pt\/press\/","og_locale":"pt_BR","og_type":"article","og_title":"Voor de pers","og_description":"Ben je journalist en heb je een vraag over een persbericht? Wil je meer weten over WRTS? Neem dan contact op via onderstaand telefoonnummer.","og_url":"https:\/\/studygo.com\/pt\/press\/","og_site_name":"StudyGo","article_publisher":"https:\/\/www.facebook.com\/studygoNL\/","article_modified_time":"2024-12-11T13:26:26+00:00","og_image":[{"width":1201,"height":801,"url":"https:\/\/www-media.studygo.com\/wp-content\/uploads\/2025\/02\/Listening-Test.png","type":"image\/png"}],"twitter_card":"summary_large_image","schema":{"@context":"https:\/\/schema.org","@graph":[{"@type":"Article","@id":"https:\/\/studygo.com\/pers\/#article","isPartOf":{"@id":"https:\/\/studygo.com\/pers\/"},"author":{"name":"kitty","@id":"https:\/\/studygo.com\/#\/schema\/person\/91678521c25c40197aa94315b51e4d1e"},"headline":"Voor de pers (INT)","datePublished":"2022-09-15T13:30:59+00:00","dateModified":"2024-12-11T13:26:26+00:00","mainEntityOfPage":{"@id":"https:\/\/studygo.com\/pers\/"},"wordCount":4,"publisher":{"@id":"https:\/\/studygo.com\/#organization"},"inLanguage":"pt-BR"},{"@type":"WebPage","@id":"https:\/\/studygo.com\/pers\/","url":"https:\/\/studygo.com\/pers\/","name":"Para a imprensa","isPartOf":{"@id":"https:\/\/studygo.com\/#website"},"datePublished":"2022-09-15T13:30:59+00:00","dateModified":"2024-12-11T13:26:26+00:00","description":"Ben je journalist en heb je een vraag over een persbericht? Wil je meer weten over WRTS? Neem dan contact op via onderstaand telefoonnummer.","breadcrumb":{"@id":"https:\/\/studygo.com\/pers\/#breadcrumb"},"inLanguage":"pt-BR","potentialAction":[{"@type":"ReadAction","target":["https:\/\/studygo.com\/pers\/"]}]},{"@type":"BreadcrumbList","@id":"https:\/\/studygo.com\/pers\/#breadcrumb","itemListElement":[{"@type":"ListItem","position":1,"name":"Home","item":"https:\/\/studygo.com\/"},{"@type":"ListItem","position":2,"name":"Voor de pers (INT)"}]},{"@type":"WebSite","@id":"https:\/\/studygo.com\/#website","url":"https:\/\/studygo.com\/","name":"StudyGo","description":"","publisher":{"@id":"https:\/\/studygo.com\/#organization"},"potentialAction":[{"@type":"SearchAction","target":{"@type":"EntryPoint","urlTemplate":"https:\/\/studygo.com\/?s={search_term_string}"},"query-input":{"@type":"PropertyValueSpecification","valueRequired":true,"valueName":"search_term_string"}}],"inLanguage":"pt-BR"},{"@type":"Organization","@id":"https:\/\/studygo.com\/#organization","name":"StudyGo","url":"https:\/\/studygo.com\/","logo":{"@type":"ImageObject","inLanguage":"pt-BR","@id":"https:\/\/studygo.com\/#\/schema\/logo\/image\/","url":"https:\/\/www-media.studygo.com\/wp-content\/uploads\/2025\/06\/studygo-logo.png","contentUrl":"https:\/\/www-media.studygo.com\/wp-content\/uploads\/2025\/06\/studygo-logo.png","width":1244,"height":858,"caption":"StudyGo"},"image":{"@id":"https:\/\/studygo.com\/#\/schema\/logo\/image\/"},"sameAs":["https:\/\/www.facebook.com\/studygoNL\/","https:\/\/www.youtube.com\/@StudyGoNL\/videos","https:\/\/www.instagram.com\/studygonl"]},{"@type":"Person","@id":"https:\/\/studygo.com\/#\/schema\/person\/91678521c25c40197aa94315b51e4d1e","name":"kitty","image":{"@type":"ImageObject","inLanguage":"pt-BR","@id":"https:\/\/studygo.com\/#\/schema\/person\/image\/","url":"https:\/\/secure.gravatar.com\/avatar\/95f50a5be5acd9fbb307bcd1f46ecfd6b4593c5aa1de03c3ac9ec36b068cf2b2?s=96&d=mm&r=g","contentUrl":"https:\/\/secure.gravatar.com\/avatar\/95f50a5be5acd9fbb307bcd1f46ecfd6b4593c5aa1de03c3ac9ec36b068cf2b2?s=96&d=mm&r=g","caption":"kitty"},"url":"https:\/\/studygo.com\/pt\/author\/kitty\/"}]}},"_links":{"self":[{"href":"https:\/\/studygo.com\/pt\/wp-json\/wp\/v2\/pages\/1024","targetHints":{"allow":["GET"]}}],"collection":[{"href":"https:\/\/studygo.com\/pt\/wp-json\/wp\/v2\/pages"}],"about":[{"href":"https:\/\/studygo.com\/pt\/wp-json\/wp\/v2\/types\/page"}],"author":[{"embeddable":true,"href":"https:\/\/studygo.com\/pt\/wp-json\/wp\/v2\/users\/7"}],"replies":[{"embeddable":true,"href":"https:\/\/studygo.com\/pt\/wp-json\/wp\/v2\/comments?post=1024"}],"version-history":[{"count":43,"href":"https:\/\/studygo.com\/pt\/wp-json\/wp\/v2\/pages\/1024\/revisions"}],"predecessor-version":[{"id":35403,"href":"https:\/\/studygo.com\/pt\/wp-json\/wp\/v2\/pages\/1024\/revisions\/35403"}],"wp:attachment":[{"href":"https:\/\/studygo.com\/pt\/wp-json\/wp\/v2\/media?parent=1024"}],"curies":[{"name":"wp","href":"https:\/\/api.w.org\/{rel}","templated":true}]}}