{"id":742,"date":"2022-09-12T08:54:14","date_gmt":"2022-09-12T08:54:14","guid":{"rendered":"https:\/\/intl.wrts.dev\/?page_id=742"},"modified":"2025-03-25T17:01:07","modified_gmt":"2025-03-25T17:01:07","slug":"about-studygo","status":"publish","type":"page","link":"https:\/\/studygo.com\/pt\/about-studygo\/","title":{"rendered":"About"},"content":{"rendered":"<section class=\"header-block detail-header\" style=\"color: #ffffff\">\n        <div class=\"header-block-bg\" style=\"background-color: #652ea3;\">\n                    <\/div>\n        <div class=\"carrier\">\n            <div class=\"tier content-row\">\n                <div class=\"col m-6 m-offset-0 last-m header-img-col\" >\n                                                                <div class=\"header-img\">\n                                                                                                                            <img decoding=\"async\" class=\"img\" src=\"https:\/\/www-media.studygo.com\/wp-content\/uploads\/2022\/09\/Floating-Rectangular-800x800.png\"\n                                    aria-hidden=\"true\">\n                                                    <\/div>\n                                    <\/div>\n                <div class=\"col m-6\">\n                    <div class=\"header-info\">\n                        <h1 class=\"page-title animated\">About StudyGo<\/h1>                        <div class=\"section-desc animated\">\n                            <p class=\"section-desc\">\n                                    <p class=\"section-desc\">No StudyGo, voc\u00ea pode criar listas de termos de estudo e question\u00e1rios. Oferecemos uma variedade de modos de estudo para o preparar para seus exames.<\/p>\n\n                            <\/p>\n                            <div class=\"knob-block-row\">\n                                                        <div class=\"knob-block\">\n                <a href=\"https:\/\/studygo.com\/pt\/learn\/sign-up\/?last_page_slug=%252Fpt%252Fwp-json%252Fwp%252Fv2%252Fpages%252F742\"\n                   id=\"over-studygo_header-1212_order-button\"\n                   class=\"knob order-knob large\"\n                   aria-label=\"Registrar-se gratuitamente\"\n                     style=''>\n                    <span class=\"visual\">\n                        Registrar-se gratuitamente                    <\/span>\n                <\/a>\n                                                                <\/div>\n                                                                    <\/div>\n                        <\/div>\n                    <\/div>\n                <\/div>\n            <\/div>\n        <\/div>\n    <\/section><section class=\"page-section media-block white-section\"\n    >\n    <div class=\"carrier\">\n        <div class=\"tier middle-m content-row\">\n            <div class=\"col m-6 media-preview-col\">\n                                            <div class=\"media-preview img-fit\"\n                     style=\"background-image: url(https:\/\/www-media.studygo.com\/wp-content\/uploads\/2022\/09\/Skateboard-Cat-800x534.png)\"\n                     aria-hidden=\"true\">\n                                                        <\/div>\n                                        <\/div>\n            <div class=\"media-info-col col m-5 m-offset-1\">\n                <div class=\"media-info\">\n                                        <h2 class=\"section-title animated\">Miss\u00e3o StudyGo<\/h2>\n                    <div class=\"section-desc animated\">\n                            <p class=\"section-desc\">Toda crian\u00e7a precisa de educa\u00e7\u00e3o. Para entender o que est\u00e1 sendo ensinado na escola, as crian\u00e7as precisam fazer seus deveres de casa. Acreditamos que o tempo depois da escola tamb\u00e9m \u00e9 muito importante para que as crian\u00e7as se desenvolvam no esporte, na m\u00fasica e em n\u00edvel social. O StudyGo oferece \u00e0s crian\u00e7as a oportunidade de fazer seus deveres de casa de forma eficiente. Dessa forma, cada crian\u00e7a tem tempo para se desenvolver.<\/p>\n\n                                            <\/div>\n                <\/div>\n            <\/div>\n        <\/div>\n    <\/div>\n<\/section><section class=\"page-section media-block reverse\"\n    >\n    <div class=\"carrier\">\n        <div class=\"tier middle-m content-row\">\n            <div class=\"col m-6 media-preview-col\">\n                                            <div class=\"media-preview img-fit\"\n                     style=\"background-image: url(https:\/\/www-media.studygo.com\/wp-content\/uploads\/2022\/09\/Jetpack-800x713.png)\"\n                     aria-hidden=\"true\">\n                                                        <\/div>\n                                        <\/div>\n            <div class=\"media-info-col col m-5 m-offset-1\">\n                <div class=\"media-info\">\n                                        <h2 class=\"section-title animated\">As origens do StudyGo<\/h2>\n                    <div class=\"section-desc animated\">\n                            <p class=\"section-desc\">In 2005 was WRTS het eerste platform in Nederland waarmee je op een snelle en makkelijke manier online woordjes kon leren. En nog steeds geven 675.000 leerlingen en docenten dagelijks de voorkeur aan StudyGo (de nieuwe naam sinds juli 2023) als platform dat helpt bij het leren. Op StudyGo kun je oefenen voor al je vakken en het belangrijkst: StudyGo maakt schoolwerk makkelijker.<\/p>\n\n                                            <\/div>\n                <\/div>\n            <\/div>\n        <\/div>\n    <\/div>\n<\/section><section class=\"page-section media-block white-section\"\n    >\n    <div class=\"carrier\">\n        <div class=\"tier middle-m content-row\">\n            <div class=\"col m-6 media-preview-col\">\n                                            <div class=\"media-preview img-fit\"\n                     style=\"background-image: url(https:\/\/www-media.studygo.com\/wp-content\/uploads\/2022\/09\/Group-800x533.png)\"\n                     aria-hidden=\"true\">\n                                                        <\/div>\n                                        <\/div>\n            <div class=\"media-info-col col m-5 m-offset-1\">\n                <div class=\"media-info\">\n                                        <h2 class=\"section-title animated\">StudyGo voor alle leerlingen<\/h2>\n                    <div class=\"section-desc animated\">\n                            <p class=\"section-desc\">StudyGo wil dat alle leerlingen goed meekomen op school en tijd overhouden om zichzelf te ontwikkelen. Dit verdient iedere leerling, ook als die het thuis iets minder breed heeft. Via verschillende stichtingen kunnen leerlingen daarom gratis met\u00a0StudyGo Premium of Pro oefenen om zich voor te bereiden op toetsen.<\/p>\n\n                                    <div class=\"knob-block\">\n                <a href=\"https:\/\/studygo.com\/pt\/studygo-voor-iedereen\/\"\n                   id=\"over-studygo_text-media-1241_text-button\"\n                   class=\"simple-knob blue with-icon\"\n                   aria-label=\"StudyGo voor stichtingen\"\n                   >\n                    <span class=\"text\">StudyGo voor stichtingen<\/span>\n                    <span class=\"icon icon-arrow-large-right\"><\/span>\n                <\/a>\n            <\/div>\n                            <\/div>\n                <\/div>\n            <\/div>\n        <\/div>\n    <\/div>\n<\/section><section class=\"page-section links-block vertical large-size-web\">\n    <div class=\"carrier\">\n                    <div class=\"tier content-row center-m\">\n                                    <div class=\"col-flex m-4\">\n                        <a href=\"https:\/\/futurewhiz.recruitee.com\/\"\n                           id=\"over-studygo_links-1242_vacatures\"\n                           class=\"knob block-link full-img\"\n                             target=\"_blank\">\n                            <div class=\"visual\">\n                                                                    <div class=\"image-wrap\">\n                                                                                <div class=\"img\" style=\"background-image:url('https:\/\/www-media.studygo.com\/wp-content\/uploads\/2022\/09\/Kantoor-800x539-1.png')\"\n                                            aria-hidden=\"true\"><\/div>\n                                    <\/div>\n                                                                <div class=\"text-content\">\n                                    <div class=\"subtitle\">Ofertas de emprego                                        <span class=\"icon icon-arrow-thin-right\"><\/span><\/div>\n                                                                            <p class=\"section-desc\">Junte-se a n\u00f3s para construir a plataforma de aprendizado do futuro<\/p>\n                                                                                                            <span class=\"simple-knob blue hide-xs hide-s\">Visualizar mais<\/span>\n                                                                                                        <\/div>\n                            <\/div>\n                        <\/a>\n                    <\/div>\n                                    <div class=\"col-flex m-4\">\n                        <a href=\"https:\/\/www.futurewhiz.com\/team#Studygo\"\n                           id=\"over-studygo_links-1242_team\"\n                           class=\"knob block-link full-img\"\n                             target=\"_blank\">\n                            <div class=\"visual\">\n                                                                    <div class=\"image-wrap\">\n                                                                                <div class=\"img\" style=\"background-image:url('https:\/\/www-media.studygo.com\/wp-content\/uploads\/2022\/09\/Teamfoto.png')\"\n                                            aria-hidden=\"true\"><\/div>\n                                    <\/div>\n                                                                <div class=\"text-content\">\n                                    <div class=\"subtitle\">Team                                        <span class=\"icon icon-arrow-thin-right\"><\/span><\/div>\n                                                                            <p class=\"section-desc\">Curioso sobre as pessoas por tr\u00e1s do StudyGo?<\/p>\n                                                                                                            <span class=\"simple-knob blue hide-xs hide-s\">Visualizar mais<\/span>\n                                                                                                        <\/div>\n                            <\/div>\n                        <\/a>\n                    <\/div>\n                                    <div class=\"col-flex m-4\">\n                        <a href=\"https:\/\/studygo.com\/pt\/press\/\"\n                           id=\"over-studygo_links-1242_pers\"\n                           class=\"knob block-link full-img\"\n                            >\n                            <div class=\"visual\">\n                                                                    <div class=\"image-wrap\">\n                                                                                <div class=\"img\" style=\"background-image:url('https:\/\/www-media.studygo.com\/wp-content\/uploads\/2022\/09\/pers.png')\"\n                                            aria-hidden=\"true\"><\/div>\n                                    <\/div>\n                                                                <div class=\"text-content\">\n                                    <div class=\"subtitle\">Imprensa                                        <span class=\"icon icon-arrow-thin-right\"><\/span><\/div>\n                                                                            <p class=\"section-desc\">Voc\u00ea \u00e9 jornalista e tem uma pergunta sobre um comunicado de imprensa?<\/p>\n                                                                                                            <span class=\"simple-knob blue hide-xs hide-s\">Visualizar mais<\/span>\n                                                                                                        <\/div>\n                            <\/div>\n                        <\/a>\n                    <\/div>\n                            <\/div>\n                    <\/div>\n<\/section>","protected":false},"excerpt":{"rendered":"","protected":false},"author":7,"featured_media":0,"parent":0,"menu_order":0,"comment_status":"closed","ping_status":"closed","template":"","meta":{"inline_featured_image":false,"footnotes":""},"class_list":["post-742","page","type-page","status-publish","hentry"],"yoast_head":"<!-- This site is optimized with the Yoast SEO plugin v26.9 - https:\/\/yoast.com\/product\/yoast-seo-wordpress\/ -->\n<title>Over StudyGo \u2013 Jouw leerplatform voor succes | StudyGo<\/title>\n<meta name=\"description\" content=\"Leer alles over StudyGo en hoe we leerlingen helpen met bijles, oefenvragen en slimme studiemethodes. Haal betere resultaten met effectieve ondersteuning!\" \/>\n<meta name=\"robots\" content=\"index, follow, max-snippet:-1, max-image-preview:large, max-video-preview:-1\" \/>\n<link rel=\"canonical\" href=\"https:\/\/studygo.com\/pt\/about-studygo\/\" \/>\n<meta property=\"og:locale\" content=\"pt_BR\" \/>\n<meta property=\"og:type\" content=\"article\" \/>\n<meta property=\"og:title\" content=\"Over StudyGo \u2013 Jouw leerplatform voor succes | StudyGo\" \/>\n<meta property=\"og:description\" content=\"Leer alles over StudyGo en hoe we leerlingen helpen met bijles, oefenvragen en slimme studiemethodes. Haal betere resultaten met effectieve ondersteuning!\" \/>\n<meta property=\"og:url\" content=\"https:\/\/studygo.com\/pt\/about-studygo\/\" \/>\n<meta property=\"og:site_name\" content=\"StudyGo\" \/>\n<meta property=\"article:publisher\" content=\"https:\/\/www.facebook.com\/studygoNL\/\" \/>\n<meta property=\"article:modified_time\" content=\"2025-03-25T17:01:07+00:00\" \/>\n<meta property=\"og:image\" content=\"https:\/\/www-media.studygo.com\/wp-content\/uploads\/2025\/02\/Listening-Test.png\" \/>\n\t<meta property=\"og:image:width\" content=\"1201\" \/>\n\t<meta property=\"og:image:height\" content=\"801\" \/>\n\t<meta property=\"og:image:type\" content=\"image\/png\" \/>\n<meta name=\"twitter:card\" content=\"summary_large_image\" \/>\n<script type=\"application\/ld+json\" class=\"yoast-schema-graph\">{\"@context\":\"https:\/\/schema.org\",\"@graph\":[{\"@type\":\"Article\",\"@id\":\"https:\/\/studygo.com\/over-studygo\/#article\",\"isPartOf\":{\"@id\":\"https:\/\/studygo.com\/over-studygo\/\"},\"author\":{\"name\":\"kitty\",\"@id\":\"https:\/\/studygo.com\/#\/schema\/person\/91678521c25c40197aa94315b51e4d1e\"},\"headline\":\"About\",\"datePublished\":\"2022-09-12T08:54:14+00:00\",\"dateModified\":\"2025-03-25T17:01:07+00:00\",\"mainEntityOfPage\":{\"@id\":\"https:\/\/studygo.com\/over-studygo\/\"},\"wordCount\":1,\"publisher\":{\"@id\":\"https:\/\/studygo.com\/#organization\"},\"inLanguage\":\"pt-BR\"},{\"@type\":\"WebPage\",\"@id\":\"https:\/\/studygo.com\/over-studygo\/\",\"url\":\"https:\/\/studygo.com\/over-studygo\/\",\"name\":\"Over StudyGo \u2013 Jouw leerplatform voor succes | StudyGo\",\"isPartOf\":{\"@id\":\"https:\/\/studygo.com\/#website\"},\"datePublished\":\"2022-09-12T08:54:14+00:00\",\"dateModified\":\"2025-03-25T17:01:07+00:00\",\"description\":\"Leer alles over StudyGo en hoe we leerlingen helpen met bijles, oefenvragen en slimme studiemethodes. Haal betere resultaten met effectieve ondersteuning!\",\"breadcrumb\":{\"@id\":\"https:\/\/studygo.com\/over-studygo\/#breadcrumb\"},\"inLanguage\":\"pt-BR\",\"potentialAction\":[{\"@type\":\"ReadAction\",\"target\":[\"https:\/\/studygo.com\/over-studygo\/\"]}]},{\"@type\":\"BreadcrumbList\",\"@id\":\"https:\/\/studygo.com\/over-studygo\/#breadcrumb\",\"itemListElement\":[{\"@type\":\"ListItem\",\"position\":1,\"name\":\"Home\",\"item\":\"https:\/\/studygo.com\/\"},{\"@type\":\"ListItem\",\"position\":2,\"name\":\"About\"}]},{\"@type\":\"WebSite\",\"@id\":\"https:\/\/studygo.com\/#website\",\"url\":\"https:\/\/studygo.com\/\",\"name\":\"StudyGo\",\"description\":\"\",\"publisher\":{\"@id\":\"https:\/\/studygo.com\/#organization\"},\"potentialAction\":[{\"@type\":\"SearchAction\",\"target\":{\"@type\":\"EntryPoint\",\"urlTemplate\":\"https:\/\/studygo.com\/?s={search_term_string}\"},\"query-input\":{\"@type\":\"PropertyValueSpecification\",\"valueRequired\":true,\"valueName\":\"search_term_string\"}}],\"inLanguage\":\"pt-BR\"},{\"@type\":\"Organization\",\"@id\":\"https:\/\/studygo.com\/#organization\",\"name\":\"StudyGo\",\"url\":\"https:\/\/studygo.com\/\",\"logo\":{\"@type\":\"ImageObject\",\"inLanguage\":\"pt-BR\",\"@id\":\"https:\/\/studygo.com\/#\/schema\/logo\/image\/\",\"url\":\"https:\/\/www-media.studygo.com\/wp-content\/uploads\/2025\/06\/studygo-logo.png\",\"contentUrl\":\"https:\/\/www-media.studygo.com\/wp-content\/uploads\/2025\/06\/studygo-logo.png\",\"width\":1244,\"height\":858,\"caption\":\"StudyGo\"},\"image\":{\"@id\":\"https:\/\/studygo.com\/#\/schema\/logo\/image\/\"},\"sameAs\":[\"https:\/\/www.facebook.com\/studygoNL\/\",\"https:\/\/www.youtube.com\/@StudyGoNL\/videos\",\"https:\/\/www.instagram.com\/studygonl\"]},{\"@type\":\"Person\",\"@id\":\"https:\/\/studygo.com\/#\/schema\/person\/91678521c25c40197aa94315b51e4d1e\",\"name\":\"kitty\",\"image\":{\"@type\":\"ImageObject\",\"inLanguage\":\"pt-BR\",\"@id\":\"https:\/\/studygo.com\/#\/schema\/person\/image\/\",\"url\":\"https:\/\/secure.gravatar.com\/avatar\/95f50a5be5acd9fbb307bcd1f46ecfd6b4593c5aa1de03c3ac9ec36b068cf2b2?s=96&d=mm&r=g\",\"contentUrl\":\"https:\/\/secure.gravatar.com\/avatar\/95f50a5be5acd9fbb307bcd1f46ecfd6b4593c5aa1de03c3ac9ec36b068cf2b2?s=96&d=mm&r=g\",\"caption\":\"kitty\"},\"url\":\"https:\/\/studygo.com\/pt\/author\/kitty\/\"}]}<\/script>\n<!-- \/ Yoast SEO plugin. -->","yoast_head_json":{"title":"Over StudyGo \u2013 Jouw leerplatform voor succes | StudyGo","description":"Leer alles over StudyGo en hoe we leerlingen helpen met bijles, oefenvragen en slimme studiemethodes. Haal betere resultaten met effectieve ondersteuning!","robots":{"index":"index","follow":"follow","max-snippet":"max-snippet:-1","max-image-preview":"max-image-preview:large","max-video-preview":"max-video-preview:-1"},"canonical":"https:\/\/studygo.com\/pt\/about-studygo\/","og_locale":"pt_BR","og_type":"article","og_title":"Over StudyGo \u2013 Jouw leerplatform voor succes | StudyGo","og_description":"Leer alles over StudyGo en hoe we leerlingen helpen met bijles, oefenvragen en slimme studiemethodes. Haal betere resultaten met effectieve ondersteuning!","og_url":"https:\/\/studygo.com\/pt\/about-studygo\/","og_site_name":"StudyGo","article_publisher":"https:\/\/www.facebook.com\/studygoNL\/","article_modified_time":"2025-03-25T17:01:07+00:00","og_image":[{"width":1201,"height":801,"url":"https:\/\/www-media.studygo.com\/wp-content\/uploads\/2025\/02\/Listening-Test.png","type":"image\/png"}],"twitter_card":"summary_large_image","schema":{"@context":"https:\/\/schema.org","@graph":[{"@type":"Article","@id":"https:\/\/studygo.com\/over-studygo\/#article","isPartOf":{"@id":"https:\/\/studygo.com\/over-studygo\/"},"author":{"name":"kitty","@id":"https:\/\/studygo.com\/#\/schema\/person\/91678521c25c40197aa94315b51e4d1e"},"headline":"About","datePublished":"2022-09-12T08:54:14+00:00","dateModified":"2025-03-25T17:01:07+00:00","mainEntityOfPage":{"@id":"https:\/\/studygo.com\/over-studygo\/"},"wordCount":1,"publisher":{"@id":"https:\/\/studygo.com\/#organization"},"inLanguage":"pt-BR"},{"@type":"WebPage","@id":"https:\/\/studygo.com\/over-studygo\/","url":"https:\/\/studygo.com\/over-studygo\/","name":"Over StudyGo \u2013 Jouw leerplatform voor succes | StudyGo","isPartOf":{"@id":"https:\/\/studygo.com\/#website"},"datePublished":"2022-09-12T08:54:14+00:00","dateModified":"2025-03-25T17:01:07+00:00","description":"Leer alles over StudyGo en hoe we leerlingen helpen met bijles, oefenvragen en slimme studiemethodes. Haal betere resultaten met effectieve ondersteuning!","breadcrumb":{"@id":"https:\/\/studygo.com\/over-studygo\/#breadcrumb"},"inLanguage":"pt-BR","potentialAction":[{"@type":"ReadAction","target":["https:\/\/studygo.com\/over-studygo\/"]}]},{"@type":"BreadcrumbList","@id":"https:\/\/studygo.com\/over-studygo\/#breadcrumb","itemListElement":[{"@type":"ListItem","position":1,"name":"Home","item":"https:\/\/studygo.com\/"},{"@type":"ListItem","position":2,"name":"About"}]},{"@type":"WebSite","@id":"https:\/\/studygo.com\/#website","url":"https:\/\/studygo.com\/","name":"StudyGo","description":"","publisher":{"@id":"https:\/\/studygo.com\/#organization"},"potentialAction":[{"@type":"SearchAction","target":{"@type":"EntryPoint","urlTemplate":"https:\/\/studygo.com\/?s={search_term_string}"},"query-input":{"@type":"PropertyValueSpecification","valueRequired":true,"valueName":"search_term_string"}}],"inLanguage":"pt-BR"},{"@type":"Organization","@id":"https:\/\/studygo.com\/#organization","name":"StudyGo","url":"https:\/\/studygo.com\/","logo":{"@type":"ImageObject","inLanguage":"pt-BR","@id":"https:\/\/studygo.com\/#\/schema\/logo\/image\/","url":"https:\/\/www-media.studygo.com\/wp-content\/uploads\/2025\/06\/studygo-logo.png","contentUrl":"https:\/\/www-media.studygo.com\/wp-content\/uploads\/2025\/06\/studygo-logo.png","width":1244,"height":858,"caption":"StudyGo"},"image":{"@id":"https:\/\/studygo.com\/#\/schema\/logo\/image\/"},"sameAs":["https:\/\/www.facebook.com\/studygoNL\/","https:\/\/www.youtube.com\/@StudyGoNL\/videos","https:\/\/www.instagram.com\/studygonl"]},{"@type":"Person","@id":"https:\/\/studygo.com\/#\/schema\/person\/91678521c25c40197aa94315b51e4d1e","name":"kitty","image":{"@type":"ImageObject","inLanguage":"pt-BR","@id":"https:\/\/studygo.com\/#\/schema\/person\/image\/","url":"https:\/\/secure.gravatar.com\/avatar\/95f50a5be5acd9fbb307bcd1f46ecfd6b4593c5aa1de03c3ac9ec36b068cf2b2?s=96&d=mm&r=g","contentUrl":"https:\/\/secure.gravatar.com\/avatar\/95f50a5be5acd9fbb307bcd1f46ecfd6b4593c5aa1de03c3ac9ec36b068cf2b2?s=96&d=mm&r=g","caption":"kitty"},"url":"https:\/\/studygo.com\/pt\/author\/kitty\/"}]}},"_links":{"self":[{"href":"https:\/\/studygo.com\/pt\/wp-json\/wp\/v2\/pages\/742","targetHints":{"allow":["GET"]}}],"collection":[{"href":"https:\/\/studygo.com\/pt\/wp-json\/wp\/v2\/pages"}],"about":[{"href":"https:\/\/studygo.com\/pt\/wp-json\/wp\/v2\/types\/page"}],"author":[{"embeddable":true,"href":"https:\/\/studygo.com\/pt\/wp-json\/wp\/v2\/users\/7"}],"replies":[{"embeddable":true,"href":"https:\/\/studygo.com\/pt\/wp-json\/wp\/v2\/comments?post=742"}],"version-history":[{"count":42,"href":"https:\/\/studygo.com\/pt\/wp-json\/wp\/v2\/pages\/742\/revisions"}],"predecessor-version":[{"id":32216,"href":"https:\/\/studygo.com\/pt\/wp-json\/wp\/v2\/pages\/742\/revisions\/32216"}],"wp:attachment":[{"href":"https:\/\/studygo.com\/pt\/wp-json\/wp\/v2\/media?parent=742"}],"curies":[{"name":"wp","href":"https:\/\/api.w.org\/{rel}","templated":true}]}}