{"id":986,"date":"2022-09-15T11:55:04","date_gmt":"2022-09-15T11:55:04","guid":{"rendered":"https:\/\/intl.wrts.dev\/?page_id=986"},"modified":"2025-03-25T17:12:49","modified_gmt":"2025-03-25T17:12:49","slug":"portuguese-vocabulary","status":"publish","type":"page","link":"https:\/\/studygo.com\/pt\/portuguese-vocabulary\/","title":{"rendered":"Portugu\u00eas"},"content":{"rendered":"<section class=\"header-block detail-header\" style=\"color: #ffffff\">\n        <div class=\"header-block-bg\" style=\"background-color: #652ea3;\">\n                    <\/div>\n        <div class=\"carrier\">\n            <div class=\"tier content-row\">\n                <div class=\"col m-6 m-offset-0 last-m header-img-col\" >\n                                                                <div class=\"header-img\">\n                                                                                                                            <img decoding=\"async\" class=\"img\" src=\"https:\/\/www-media.studygo.com\/wp-content\/uploads\/2022\/09\/Red-Dot-800x533.png\"\n                                    aria-hidden=\"true\">\n                                                    <\/div>\n                                    <\/div>\n                <div class=\"col m-6\">\n                    <div class=\"header-info\">\n                        <h1 class=\"page-title animated\">Praticando portugu\u00eas<\/h1>                        <div class=\"section-desc animated\">\n                            <p class=\"section-desc\">\n                                    <p class=\"section-desc\">Obtenha notas mais altas a portugu\u00eas mais rapidamente com o StudyGo. Pratique portugu\u00eas com listas de termos de estudo e question\u00e1rios.<\/p>\n\n                            <\/p>\n                            <div class=\"knob-block-row\">\n                                                        <div class=\"knob-block\">\n                <a href=\"\/pt\/learn\/sign-up\/?last_page_slug=%252Fpt%252Fwp-json%252Fwp%252Fv2%252Fpages%252F986\"\n                   id=\"portuguese-vocabulary_header-1247_order-button\"\n                   class=\"knob order-knob large\"\n                   aria-label=\"Registrar-se gratuitamente\"\n                     style=''>\n                    <span class=\"visual\">\n                        Registrar-se gratuitamente                    <\/span>\n                <\/a>\n                                                                <\/div>\n                                                                    <\/div>\n                        <\/div>\n                    <\/div>\n                <\/div>\n            <\/div>\n        <\/div>\n    <\/section><section class=\"page-section media-block\"\n    >\n    <div class=\"carrier\">\n        <div class=\"tier middle-m content-row\">\n            <div class=\"col m-6 media-preview-col\">\n                                            <div class=\"media-preview img-fit\"\n                     style=\"background-image: url(https:\/\/www-media.studygo.com\/wp-content\/uploads\/2022\/09\/Typing-1-800x533.png)\"\n                     aria-hidden=\"true\">\n                                                        <\/div>\n                                        <\/div>\n            <div class=\"media-info-col col m-5 m-offset-1\">\n                <div class=\"media-info\">\n                                        <h2 class=\"section-title animated\">Choose your study mode<\/h2>\n                    <div class=\"section-desc animated\">\n                            <p class=\"section-desc\">Com nossos diferentes modos de estudo, voc\u00ea pode praticar o vocabul\u00e1rio portugu\u00eas extensivamente. Isso torna o aprendizado n\u00e3o s\u00f3 mais variado, mas tamb\u00e9m garante que voc\u00ea se lembrar\u00e1 melhor de tudo.<br><br>Test yourself on \u2018Spelling\u2019, practise with \u2018Dictation\u2019, \u2018Hints\u2019 or go straight to the \u2018Test\u2019. Dive even deeper with \u2018Multiple Choice\u2019 and \u2018In Your Mind\u2019 (Flashcards)!<\/p>\n\n                                    <div class=\"knob-block\">\n                <a href=\"https:\/\/studygo.com\/pt\/praticar\/funcoes\/learning-vocabulary\/\"\n                   id=\"portuguese-vocabulary_text-media-1248_text-button\"\n                   class=\"simple-knob blue with-icon\"\n                   aria-label=\"View all study modes\"\n                   >\n                    <span class=\"text\">View all study modes<\/span>\n                    <span class=\"icon icon-arrow-large-right\"><\/span>\n                <\/a>\n            <\/div>\n                            <\/div>\n                <\/div>\n            <\/div>\n        <\/div>\n    <\/div>\n<\/section><section class=\"page-section media-block reverse\"\n    >\n    <div class=\"carrier\">\n        <div class=\"tier middle-m content-row\">\n            <div class=\"col m-6 media-preview-col\">\n                                            <div class=\"media-preview img-fit\"\n                     style=\"background-image: url(https:\/\/www-media.studygo.com\/wp-content\/uploads\/2022\/09\/Searching-1-800x533.png)\"\n                     aria-hidden=\"true\">\n                                                        <\/div>\n                                        <\/div>\n            <div class=\"media-info-col col m-5 m-offset-1\">\n                <div class=\"media-info\">\n                                        <h2 class=\"section-title animated\">Fa\u00e7a suas pr\u00f3prias listas de termos de estudo ou use as pr\u00f3prias listas de termos de estudo de seus amigos<\/h2>\n                    <div class=\"section-desc animated\">\n                            <p class=\"section-desc\">Com o StudyGo, voc\u00ea pode aprender portugu\u00eas fazendo suas pr\u00f3prias listas de termos de estudo ou question\u00e1rios. Ou use exerc\u00edcios de seus colegas ou professores e depois pratique, pratique, pratique!<\/p>\n\n                                            <\/div>\n                <\/div>\n            <\/div>\n        <\/div>\n    <\/div>\n<\/section><section class=\"page-section media-block white-section\"\n    >\n    <div class=\"carrier\">\n        <div class=\"tier middle-m content-row\">\n            <div class=\"col m-6 media-preview-col\">\n                                            <div class=\"media-preview img-fit\"\n                     style=\"background-image: url(https:\/\/www-media.studygo.com\/wp-content\/uploads\/2022\/09\/Pointer-Test-Standing-800x533.png)\"\n                     aria-hidden=\"true\">\n                                                        <\/div>\n                                        <\/div>\n            <div class=\"media-info-col col m-5 m-offset-1\">\n                <div class=\"media-info\">\n                                        <h2 class=\"section-title animated\">Pratique com gram\u00e1tica portuguesa<\/h2>\n                    <div class=\"section-desc animated\">\n                            <p class=\"section-desc\">Muitos verbos em portugu\u00eas s\u00e3o \u2018regulares\u2019, mas alguns dos mais comuns s\u00e3o \u2018irregulares\u2019. Isso os torna bastante dif\u00edceis de serem memorizados! Crie ou encontre um question\u00e1rio para dominar suas habilidades gramaticais. Voc\u00ea nunca mais vai esquecer quando usar <em>vou<\/em>, <em>vai<\/em> or <em>vamos<\/em>!<\/p>\n\n                                            <\/div>\n                <\/div>\n            <\/div>\n        <\/div>\n    <\/div>\n<\/section><section class=\"page-section media-block reverse\"\n    >\n    <div class=\"carrier\">\n        <div class=\"tier middle-m content-row\">\n            <div class=\"col m-6 media-preview-col\">\n                                            <div class=\"media-preview img-fit\"\n                     style=\"background-image: url(https:\/\/www-media.studygo.com\/wp-content\/uploads\/2022\/09\/Floating-Rectangular-800x800.png)\"\n                     aria-hidden=\"true\">\n                                                        <\/div>\n                                        <\/div>\n            <div class=\"media-info-col col m-5 m-offset-1\">\n                <div class=\"media-info\">\n                                        <h2 class=\"section-title animated\">Acompanhe seu progresso<\/h2>\n                    <div class=\"section-desc animated\">\n                            <p class=\"section-desc\">Ap\u00f3s cada exerc\u00edcio, mostramos a voc\u00ea quantas perguntas voc\u00ea acertou, quais ainda tem que aprender e sua nota geral. Dessa forma, voc\u00ea estar\u00e1 sempre atualizado com o qu\u00e3o bem est\u00e1 preparado para um exame de portugu\u00eas.<\/p>\n\n                                            <\/div>\n                <\/div>\n            <\/div>\n        <\/div>\n    <\/div>\n<\/section><section class=\"title-block\"\n    >\n    <div class=\"carrier\">\n        <div class=\"tier center-xs\">\n            <div class=\"col s-10 l-8 animated\">\n                <h2 class=\"section-title\">Try StudyGo<\/h2>\n                            <\/div>\n            <div class=\"col s-8 l-6 animated\">\n                \n                            <\/div>\n        <\/div>\n    <\/div>\n<\/section><section class=\"page-section order-block\">\n    <div class=\"carrier\">\n                            <div class=\"tier\">\n                                    <div class=\"col m-6 l-4 m-offset-3 l-offset-4\">\n                        <div class=\"image-wrap\">\n                            <img decoding=\"async\" class=\"image\" src=\"https:\/\/www-media.studygo.com\/wp-content\/uploads\/2022\/09\/Jetpack-360x321.png\" alt=\"Main shop CTA\">\n                        <\/div>\n                    <\/div>\n                                <div class=\"col m-8 l-6 m-offset-2 l-offset-3\">\n                                            <p class=\"section-desc order-desc\">Learning vocabulary and definitions on StudyGo is free for everyone. If you want to try out the other packages, there is always a 7 day free trial.\u00a0<\/p>\n                                        <div class=\"knob-block\">\n                        <a href=\"\/pt\/learn\/sign-up\/?last_page_slug=%252Fpt%252Fwp-json%252Fwp%252Fv2%252Fpages%252F986\"\n                           id=\"portuguese-vocabulary_order-1252_order-button\"\n                           class=\"knob order-knob large\">\n                            <span class=\"visual\">Registrar-se gratuitamente<\/span>\n                        <\/a>\n                    <\/div>\n                                                                                <\/div>\n            <\/div>\n            <\/div>\n<\/section>","protected":false},"excerpt":{"rendered":"","protected":false},"author":7,"featured_media":0,"parent":0,"menu_order":0,"comment_status":"closed","ping_status":"closed","template":"","meta":{"inline_featured_image":false,"footnotes":""},"class_list":["post-986","page","type-page","status-publish","hentry"],"yoast_head":"<!-- This site is optimized with the Yoast SEO plugin v26.9 - https:\/\/yoast.com\/product\/yoast-seo-wordpress\/ -->\n<title>Portugese woordenschat \u2013 Leer nieuwe woorden! | StudyGo<\/title>\n<meta name=\"description\" content=\"Breid je Portugese woordenschat uit met handige oefeningen. Leer veelgebruikte woorden en zinnen voor dagelijks gebruik!\" \/>\n<meta name=\"robots\" content=\"index, follow, max-snippet:-1, max-image-preview:large, max-video-preview:-1\" \/>\n<link rel=\"canonical\" href=\"https:\/\/studygo.com\/pt\/portuguese-vocabulary\/\" \/>\n<meta property=\"og:locale\" content=\"pt_BR\" \/>\n<meta property=\"og:type\" content=\"article\" \/>\n<meta property=\"og:title\" content=\"Portugese woordenschat \u2013 Leer nieuwe woorden! | StudyGo\" \/>\n<meta property=\"og:description\" content=\"Breid je Portugese woordenschat uit met handige oefeningen. Leer veelgebruikte woorden en zinnen voor dagelijks gebruik!\" \/>\n<meta property=\"og:url\" content=\"https:\/\/studygo.com\/pt\/portuguese-vocabulary\/\" \/>\n<meta property=\"og:site_name\" content=\"StudyGo\" \/>\n<meta property=\"article:publisher\" content=\"https:\/\/www.facebook.com\/studygoNL\/\" \/>\n<meta property=\"article:modified_time\" content=\"2025-03-25T17:12:49+00:00\" \/>\n<meta property=\"og:image\" content=\"https:\/\/www-media.studygo.com\/wp-content\/uploads\/2025\/02\/Listening-Test.png\" \/>\n\t<meta property=\"og:image:width\" content=\"1201\" \/>\n\t<meta property=\"og:image:height\" content=\"801\" \/>\n\t<meta property=\"og:image:type\" content=\"image\/png\" \/>\n<meta name=\"twitter:card\" content=\"summary_large_image\" \/>\n<script type=\"application\/ld+json\" class=\"yoast-schema-graph\">{\"@context\":\"https:\/\/schema.org\",\"@graph\":[{\"@type\":\"Article\",\"@id\":\"https:\/\/studygo.com\/portuguese-vocabulary\/#article\",\"isPartOf\":{\"@id\":\"https:\/\/studygo.com\/portuguese-vocabulary\/\"},\"author\":{\"name\":\"kitty\",\"@id\":\"https:\/\/studygo.com\/#\/schema\/person\/91678521c25c40197aa94315b51e4d1e\"},\"headline\":\"Portuguese\",\"datePublished\":\"2022-09-15T11:55:04+00:00\",\"dateModified\":\"2025-03-25T17:12:49+00:00\",\"mainEntityOfPage\":{\"@id\":\"https:\/\/studygo.com\/portuguese-vocabulary\/\"},\"wordCount\":1,\"publisher\":{\"@id\":\"https:\/\/studygo.com\/#organization\"},\"inLanguage\":\"pt-BR\"},{\"@type\":\"WebPage\",\"@id\":\"https:\/\/studygo.com\/portuguese-vocabulary\/\",\"url\":\"https:\/\/studygo.com\/portuguese-vocabulary\/\",\"name\":\"Portugese woordenschat \u2013 Leer nieuwe woorden! | StudyGo\",\"isPartOf\":{\"@id\":\"https:\/\/studygo.com\/#website\"},\"datePublished\":\"2022-09-15T11:55:04+00:00\",\"dateModified\":\"2025-03-25T17:12:49+00:00\",\"description\":\"Breid je Portugese woordenschat uit met handige oefeningen. Leer veelgebruikte woorden en zinnen voor dagelijks gebruik!\",\"breadcrumb\":{\"@id\":\"https:\/\/studygo.com\/portuguese-vocabulary\/#breadcrumb\"},\"inLanguage\":\"pt-BR\",\"potentialAction\":[{\"@type\":\"ReadAction\",\"target\":[\"https:\/\/studygo.com\/portuguese-vocabulary\/\"]}]},{\"@type\":\"BreadcrumbList\",\"@id\":\"https:\/\/studygo.com\/portuguese-vocabulary\/#breadcrumb\",\"itemListElement\":[{\"@type\":\"ListItem\",\"position\":1,\"name\":\"Home\",\"item\":\"https:\/\/studygo.com\/\"},{\"@type\":\"ListItem\",\"position\":2,\"name\":\"Portuguese\"}]},{\"@type\":\"WebSite\",\"@id\":\"https:\/\/studygo.com\/#website\",\"url\":\"https:\/\/studygo.com\/\",\"name\":\"StudyGo\",\"description\":\"\",\"publisher\":{\"@id\":\"https:\/\/studygo.com\/#organization\"},\"potentialAction\":[{\"@type\":\"SearchAction\",\"target\":{\"@type\":\"EntryPoint\",\"urlTemplate\":\"https:\/\/studygo.com\/?s={search_term_string}\"},\"query-input\":{\"@type\":\"PropertyValueSpecification\",\"valueRequired\":true,\"valueName\":\"search_term_string\"}}],\"inLanguage\":\"pt-BR\"},{\"@type\":\"Organization\",\"@id\":\"https:\/\/studygo.com\/#organization\",\"name\":\"StudyGo\",\"url\":\"https:\/\/studygo.com\/\",\"logo\":{\"@type\":\"ImageObject\",\"inLanguage\":\"pt-BR\",\"@id\":\"https:\/\/studygo.com\/#\/schema\/logo\/image\/\",\"url\":\"https:\/\/www-media.studygo.com\/wp-content\/uploads\/2025\/06\/studygo-logo.png\",\"contentUrl\":\"https:\/\/www-media.studygo.com\/wp-content\/uploads\/2025\/06\/studygo-logo.png\",\"width\":1244,\"height\":858,\"caption\":\"StudyGo\"},\"image\":{\"@id\":\"https:\/\/studygo.com\/#\/schema\/logo\/image\/\"},\"sameAs\":[\"https:\/\/www.facebook.com\/studygoNL\/\",\"https:\/\/www.youtube.com\/@StudyGoNL\/videos\",\"https:\/\/www.instagram.com\/studygonl\"]},{\"@type\":\"Person\",\"@id\":\"https:\/\/studygo.com\/#\/schema\/person\/91678521c25c40197aa94315b51e4d1e\",\"name\":\"kitty\",\"image\":{\"@type\":\"ImageObject\",\"inLanguage\":\"pt-BR\",\"@id\":\"https:\/\/studygo.com\/#\/schema\/person\/image\/\",\"url\":\"https:\/\/secure.gravatar.com\/avatar\/95f50a5be5acd9fbb307bcd1f46ecfd6b4593c5aa1de03c3ac9ec36b068cf2b2?s=96&d=mm&r=g\",\"contentUrl\":\"https:\/\/secure.gravatar.com\/avatar\/95f50a5be5acd9fbb307bcd1f46ecfd6b4593c5aa1de03c3ac9ec36b068cf2b2?s=96&d=mm&r=g\",\"caption\":\"kitty\"},\"url\":\"https:\/\/studygo.com\/pt\/author\/kitty\/\"}]}<\/script>\n<!-- \/ Yoast SEO plugin. -->","yoast_head_json":{"title":"Portugese woordenschat \u2013 Leer nieuwe woorden! | StudyGo","description":"Breid je Portugese woordenschat uit met handige oefeningen. Leer veelgebruikte woorden en zinnen voor dagelijks gebruik!","robots":{"index":"index","follow":"follow","max-snippet":"max-snippet:-1","max-image-preview":"max-image-preview:large","max-video-preview":"max-video-preview:-1"},"canonical":"https:\/\/studygo.com\/pt\/portuguese-vocabulary\/","og_locale":"pt_BR","og_type":"article","og_title":"Portugese woordenschat \u2013 Leer nieuwe woorden! | StudyGo","og_description":"Breid je Portugese woordenschat uit met handige oefeningen. Leer veelgebruikte woorden en zinnen voor dagelijks gebruik!","og_url":"https:\/\/studygo.com\/pt\/portuguese-vocabulary\/","og_site_name":"StudyGo","article_publisher":"https:\/\/www.facebook.com\/studygoNL\/","article_modified_time":"2025-03-25T17:12:49+00:00","og_image":[{"width":1201,"height":801,"url":"https:\/\/www-media.studygo.com\/wp-content\/uploads\/2025\/02\/Listening-Test.png","type":"image\/png"}],"twitter_card":"summary_large_image","schema":{"@context":"https:\/\/schema.org","@graph":[{"@type":"Article","@id":"https:\/\/studygo.com\/portuguese-vocabulary\/#article","isPartOf":{"@id":"https:\/\/studygo.com\/portuguese-vocabulary\/"},"author":{"name":"kitty","@id":"https:\/\/studygo.com\/#\/schema\/person\/91678521c25c40197aa94315b51e4d1e"},"headline":"Portuguese","datePublished":"2022-09-15T11:55:04+00:00","dateModified":"2025-03-25T17:12:49+00:00","mainEntityOfPage":{"@id":"https:\/\/studygo.com\/portuguese-vocabulary\/"},"wordCount":1,"publisher":{"@id":"https:\/\/studygo.com\/#organization"},"inLanguage":"pt-BR"},{"@type":"WebPage","@id":"https:\/\/studygo.com\/portuguese-vocabulary\/","url":"https:\/\/studygo.com\/portuguese-vocabulary\/","name":"Portugese woordenschat \u2013 Leer nieuwe woorden! | StudyGo","isPartOf":{"@id":"https:\/\/studygo.com\/#website"},"datePublished":"2022-09-15T11:55:04+00:00","dateModified":"2025-03-25T17:12:49+00:00","description":"Breid je Portugese woordenschat uit met handige oefeningen. Leer veelgebruikte woorden en zinnen voor dagelijks gebruik!","breadcrumb":{"@id":"https:\/\/studygo.com\/portuguese-vocabulary\/#breadcrumb"},"inLanguage":"pt-BR","potentialAction":[{"@type":"ReadAction","target":["https:\/\/studygo.com\/portuguese-vocabulary\/"]}]},{"@type":"BreadcrumbList","@id":"https:\/\/studygo.com\/portuguese-vocabulary\/#breadcrumb","itemListElement":[{"@type":"ListItem","position":1,"name":"Home","item":"https:\/\/studygo.com\/"},{"@type":"ListItem","position":2,"name":"Portuguese"}]},{"@type":"WebSite","@id":"https:\/\/studygo.com\/#website","url":"https:\/\/studygo.com\/","name":"StudyGo","description":"","publisher":{"@id":"https:\/\/studygo.com\/#organization"},"potentialAction":[{"@type":"SearchAction","target":{"@type":"EntryPoint","urlTemplate":"https:\/\/studygo.com\/?s={search_term_string}"},"query-input":{"@type":"PropertyValueSpecification","valueRequired":true,"valueName":"search_term_string"}}],"inLanguage":"pt-BR"},{"@type":"Organization","@id":"https:\/\/studygo.com\/#organization","name":"StudyGo","url":"https:\/\/studygo.com\/","logo":{"@type":"ImageObject","inLanguage":"pt-BR","@id":"https:\/\/studygo.com\/#\/schema\/logo\/image\/","url":"https:\/\/www-media.studygo.com\/wp-content\/uploads\/2025\/06\/studygo-logo.png","contentUrl":"https:\/\/www-media.studygo.com\/wp-content\/uploads\/2025\/06\/studygo-logo.png","width":1244,"height":858,"caption":"StudyGo"},"image":{"@id":"https:\/\/studygo.com\/#\/schema\/logo\/image\/"},"sameAs":["https:\/\/www.facebook.com\/studygoNL\/","https:\/\/www.youtube.com\/@StudyGoNL\/videos","https:\/\/www.instagram.com\/studygonl"]},{"@type":"Person","@id":"https:\/\/studygo.com\/#\/schema\/person\/91678521c25c40197aa94315b51e4d1e","name":"kitty","image":{"@type":"ImageObject","inLanguage":"pt-BR","@id":"https:\/\/studygo.com\/#\/schema\/person\/image\/","url":"https:\/\/secure.gravatar.com\/avatar\/95f50a5be5acd9fbb307bcd1f46ecfd6b4593c5aa1de03c3ac9ec36b068cf2b2?s=96&d=mm&r=g","contentUrl":"https:\/\/secure.gravatar.com\/avatar\/95f50a5be5acd9fbb307bcd1f46ecfd6b4593c5aa1de03c3ac9ec36b068cf2b2?s=96&d=mm&r=g","caption":"kitty"},"url":"https:\/\/studygo.com\/pt\/author\/kitty\/"}]}},"_links":{"self":[{"href":"https:\/\/studygo.com\/pt\/wp-json\/wp\/v2\/pages\/986","targetHints":{"allow":["GET"]}}],"collection":[{"href":"https:\/\/studygo.com\/pt\/wp-json\/wp\/v2\/pages"}],"about":[{"href":"https:\/\/studygo.com\/pt\/wp-json\/wp\/v2\/types\/page"}],"author":[{"embeddable":true,"href":"https:\/\/studygo.com\/pt\/wp-json\/wp\/v2\/users\/7"}],"replies":[{"embeddable":true,"href":"https:\/\/studygo.com\/pt\/wp-json\/wp\/v2\/comments?post=986"}],"version-history":[{"count":27,"href":"https:\/\/studygo.com\/pt\/wp-json\/wp\/v2\/pages\/986\/revisions"}],"predecessor-version":[{"id":1921,"href":"https:\/\/studygo.com\/pt\/wp-json\/wp\/v2\/pages\/986\/revisions\/1921"}],"wp:attachment":[{"href":"https:\/\/studygo.com\/pt\/wp-json\/wp\/v2\/media?parent=986"}],"curies":[{"name":"wp","href":"https:\/\/api.w.org\/{rel}","templated":true}]}}